{"id":20,"date":"2022-06-07T10:53:23","date_gmt":"2022-06-07T10:53:23","guid":{"rendered":"https:\/\/stratocars.com\/tienda\/?page_id=20"},"modified":"2022-06-07T10:53:23","modified_gmt":"2022-06-07T10:53:23","slug":"wishlist","status":"publish","type":"page","link":"https:\/\/stratocars.com\/tienda\/wishlist\/","title":{"rendered":"Lista de deseos"},"content":{"rendered":"<div class=\"tinv-wishlist woocommerce tinv-wishlist-clear\">\n\t<div class=\"tinv-header\">\n\t<h2>Favoritos<\/h2>\n\t<\/div>\n\t\t<p class=\"cart-empty woocommerce-info\">\n\t\t\t\t\tTu lista de deseos est\u00e1 vac\u00eda.\t\t\t<\/p>\n\n\t\n\t<p class=\"return-to-shop\">\n\t\t<a class=\"button wc-backward\"\n\t\t   href=\"https:\/\/stratocars.com\/tienda\/parts\/\">Volver a la tienda<\/a>\n\t<\/p>\n<\/div>\n\n","protected":false},"excerpt":{"rendered":"","protected":false},"author":1,"featured_media":0,"parent":0,"menu_order":0,"comment_status":"closed","ping_status":"closed","template":"","meta":{"footnotes":""},"class_list":["post-20","page","type-page","status-publish","hentry"],"yoast_head":"<!-- This site is optimized with the Yoast SEO plugin v23.4 - https:\/\/yoast.com\/wordpress\/plugins\/seo\/ -->\n<title>Lista de deseos | STRATOCARS | Veh\u00edculos de Importaci\u00f3n y Recambios<\/title>\n<meta name=\"robots\" content=\"index, follow, max-snippet:-1, max-image-preview:large, max-video-preview:-1\" \/>\n<link rel=\"canonical\" href=\"https:\/\/stratocars.com\/tienda\/wishlist\/\" \/>\n<meta property=\"og:locale\" content=\"es_ES\" \/>\n<meta property=\"og:type\" content=\"article\" \/>\n<meta property=\"og:title\" content=\"Lista de deseos | STRATOCARS | Veh\u00edculos de Importaci\u00f3n y Recambios\" \/>\n<meta property=\"og:url\" content=\"https:\/\/stratocars.com\/tienda\/wishlist\/\" \/>\n<meta property=\"og:site_name\" content=\"STRATOCARS | Veh\u00edculos de Importaci\u00f3n y Recambios\" \/>\n<meta name=\"twitter:card\" content=\"summary_large_image\" \/>\n<script type=\"application\/ld+json\" class=\"yoast-schema-graph\">{\"@context\":\"https:\/\/schema.org\",\"@graph\":[{\"@type\":\"WebPage\",\"@id\":\"https:\/\/stratocars.com\/tienda\/wishlist\/\",\"url\":\"https:\/\/stratocars.com\/tienda\/wishlist\/\",\"name\":\"Lista de deseos | STRATOCARS | Veh\u00edculos de Importaci\u00f3n y Recambios\",\"isPartOf\":{\"@id\":\"https:\/\/stratocars.com\/tienda\/#website\"},\"datePublished\":\"2022-06-07T10:53:23+00:00\",\"dateModified\":\"2022-06-07T10:53:23+00:00\",\"breadcrumb\":{\"@id\":\"https:\/\/stratocars.com\/tienda\/wishlist\/#breadcrumb\"},\"inLanguage\":\"es\",\"potentialAction\":[{\"@type\":\"ReadAction\",\"target\":[\"https:\/\/stratocars.com\/tienda\/wishlist\/\"]}]},{\"@type\":\"BreadcrumbList\",\"@id\":\"https:\/\/stratocars.com\/tienda\/wishlist\/#breadcrumb\",\"itemListElement\":[{\"@type\":\"ListItem\",\"position\":1,\"name\":\"Portada\",\"item\":\"https:\/\/stratocars.com\/tienda\/\"},{\"@type\":\"ListItem\",\"position\":2,\"name\":\"Lista de deseos\"}]},{\"@type\":\"WebSite\",\"@id\":\"https:\/\/stratocars.com\/tienda\/#website\",\"url\":\"https:\/\/stratocars.com\/tienda\/\",\"name\":\"STRATOCARS | Veh\u00edculos de Importaci\u00f3n y Recambios\",\"description\":\"Veh\u00edculos de Importaci\u00f3n y Recambios al mejor precio\",\"publisher\":{\"@id\":\"https:\/\/stratocars.com\/tienda\/#organization\"},\"potentialAction\":[{\"@type\":\"SearchAction\",\"target\":{\"@type\":\"EntryPoint\",\"urlTemplate\":\"https:\/\/stratocars.com\/tienda\/?s={search_term_string}\"},\"query-input\":{\"@type\":\"PropertyValueSpecification\",\"valueRequired\":true,\"valueName\":\"search_term_string\"}}],\"inLanguage\":\"es\"},{\"@type\":\"Organization\",\"@id\":\"https:\/\/stratocars.com\/tienda\/#organization\",\"name\":\"StratoCars\",\"url\":\"https:\/\/stratocars.com\/tienda\/\",\"logo\":{\"@type\":\"ImageObject\",\"inLanguage\":\"es\",\"@id\":\"https:\/\/stratocars.com\/tienda\/#\/schema\/logo\/image\/\",\"url\":\"https:\/\/stratocars.com\/tienda\/wp-content\/uploads\/2022\/09\/web-logo-strato-cars.png\",\"contentUrl\":\"https:\/\/stratocars.com\/tienda\/wp-content\/uploads\/2022\/09\/web-logo-strato-cars.png\",\"width\":345,\"height\":113,\"caption\":\"StratoCars\"},\"image\":{\"@id\":\"https:\/\/stratocars.com\/tienda\/#\/schema\/logo\/image\/\"}}]}<\/script>\n<!-- \/ Yoast SEO plugin. -->","yoast_head_json":{"title":"Lista de deseos | STRATOCARS | Veh\u00edculos de Importaci\u00f3n y Recambios","robots":{"index":"index","follow":"follow","max-snippet":"max-snippet:-1","max-image-preview":"max-image-preview:large","max-video-preview":"max-video-preview:-1"},"canonical":"https:\/\/stratocars.com\/tienda\/wishlist\/","og_locale":"es_ES","og_type":"article","og_title":"Lista de deseos | STRATOCARS | Veh\u00edculos de Importaci\u00f3n y Recambios","og_url":"https:\/\/stratocars.com\/tienda\/wishlist\/","og_site_name":"STRATOCARS | Veh\u00edculos de Importaci\u00f3n y Recambios","twitter_card":"summary_large_image","schema":{"@context":"https:\/\/schema.org","@graph":[{"@type":"WebPage","@id":"https:\/\/stratocars.com\/tienda\/wishlist\/","url":"https:\/\/stratocars.com\/tienda\/wishlist\/","name":"Lista de deseos | STRATOCARS | Veh\u00edculos de Importaci\u00f3n y Recambios","isPartOf":{"@id":"https:\/\/stratocars.com\/tienda\/#website"},"datePublished":"2022-06-07T10:53:23+00:00","dateModified":"2022-06-07T10:53:23+00:00","breadcrumb":{"@id":"https:\/\/stratocars.com\/tienda\/wishlist\/#breadcrumb"},"inLanguage":"es","potentialAction":[{"@type":"ReadAction","target":["https:\/\/stratocars.com\/tienda\/wishlist\/"]}]},{"@type":"BreadcrumbList","@id":"https:\/\/stratocars.com\/tienda\/wishlist\/#breadcrumb","itemListElement":[{"@type":"ListItem","position":1,"name":"Portada","item":"https:\/\/stratocars.com\/tienda\/"},{"@type":"ListItem","position":2,"name":"Lista de deseos"}]},{"@type":"WebSite","@id":"https:\/\/stratocars.com\/tienda\/#website","url":"https:\/\/stratocars.com\/tienda\/","name":"STRATOCARS | Veh\u00edculos de Importaci\u00f3n y Recambios","description":"Veh\u00edculos de Importaci\u00f3n y Recambios al mejor precio","publisher":{"@id":"https:\/\/stratocars.com\/tienda\/#organization"},"potentialAction":[{"@type":"SearchAction","target":{"@type":"EntryPoint","urlTemplate":"https:\/\/stratocars.com\/tienda\/?s={search_term_string}"},"query-input":{"@type":"PropertyValueSpecification","valueRequired":true,"valueName":"search_term_string"}}],"inLanguage":"es"},{"@type":"Organization","@id":"https:\/\/stratocars.com\/tienda\/#organization","name":"StratoCars","url":"https:\/\/stratocars.com\/tienda\/","logo":{"@type":"ImageObject","inLanguage":"es","@id":"https:\/\/stratocars.com\/tienda\/#\/schema\/logo\/image\/","url":"https:\/\/stratocars.com\/tienda\/wp-content\/uploads\/2022\/09\/web-logo-strato-cars.png","contentUrl":"https:\/\/stratocars.com\/tienda\/wp-content\/uploads\/2022\/09\/web-logo-strato-cars.png","width":345,"height":113,"caption":"StratoCars"},"image":{"@id":"https:\/\/stratocars.com\/tienda\/#\/schema\/logo\/image\/"}}]}},"_links":{"self":[{"href":"https:\/\/stratocars.com\/tienda\/wp-json\/wp\/v2\/pages\/20"}],"collection":[{"href":"https:\/\/stratocars.com\/tienda\/wp-json\/wp\/v2\/pages"}],"about":[{"href":"https:\/\/stratocars.com\/tienda\/wp-json\/wp\/v2\/types\/page"}],"author":[{"embeddable":true,"href":"https:\/\/stratocars.com\/tienda\/wp-json\/wp\/v2\/users\/1"}],"replies":[{"embeddable":true,"href":"https:\/\/stratocars.com\/tienda\/wp-json\/wp\/v2\/comments?post=20"}],"version-history":[{"count":1,"href":"https:\/\/stratocars.com\/tienda\/wp-json\/wp\/v2\/pages\/20\/revisions"}],"predecessor-version":[{"id":21,"href":"https:\/\/stratocars.com\/tienda\/wp-json\/wp\/v2\/pages\/20\/revisions\/21"}],"wp:attachment":[{"href":"https:\/\/stratocars.com\/tienda\/wp-json\/wp\/v2\/media?parent=20"}],"curies":[{"name":"wp","href":"https:\/\/api.w.org\/{rel}","templated":true}]}}