{"id":3598,"date":"2023-04-17T18:31:33","date_gmt":"2023-04-17T18:31:33","guid":{"rendered":"https:\/\/stratocars.com\/tienda\/?page_id=3598"},"modified":"2023-05-17T09:13:35","modified_gmt":"2023-05-17T09:13:35","slug":"pagos-garantias","status":"publish","type":"page","link":"https:\/\/stratocars.com\/tienda\/pagos-garantias\/","title":{"rendered":"Pagos y Garant\u00edas"},"content":{"rendered":"<h4>M\u00c9TODOS DE PAGO<\/h4>\n<p>Nuestro website acepta los siguientes m\u00e9todos de pago:<\/p>\n<p>&#8211; Pago con Tarjeta: aceptamos tarjetas de cr\u00e9dito\/d\u00e9bito, a trav\u00e9s de la pasarela de pago 100% segura REDSYS, con la entidad bancaria CaixaBank.<br \/>\n<img decoding=\"async\" src=\"https:\/\/stratocars.com\/tienda\/wp-content\/uploads\/2023\/04\/caixabank-logo.jpg\" alt=\"\" width=\"331\" height=\"50\" \/><\/p>\n<p>&nbsp;<\/p>\n<h4>GARANTIAS<\/h4>\n<p>Ofrecemos garant\u00eda de <strong>dos a\u00f1os<\/strong> en todos los productos comercializados en esta p\u00e1gina web. En los casos en que Vd. considere que en el momento de la entrega el producto no se ajusta a lo estipulado en el Contrato, deber\u00e1 ponerse en contacto con nosotros de forma inmediata por medio de nuestro <a style=\"color: #008ec5;\" href=\"https:\/\/stratocars.com\/contacto\/\">formulario de contacto<\/a> facilitando los datos del producto as\u00ed como del da\u00f1o que sufre, o bien llamando por tel\u00e9fono a los n\u00fameros 633 646 592. Deber\u00e1 devolvernos el producto a la direcci\u00f3n indicada anteriormente. Procederemos a examinar detenidamente el producto devuelto y le comunicaremos por e-mail dentro de un plazo razonable si procede la devoluci\u00f3n o sustituci\u00f3n del mismo (en su caso). La devoluci\u00f3n del importe solo se realizar\u00e1 cuando no podamos sustituir el art\u00edculo por otro id\u00e9ntico en perfectas condiciones. Las cantidades pagadas por aquellos productos que sean devueltos a causa de alguna tara o defecto, cuando realmente exista, le ser\u00e1n reembolsadas \u00edntegramente, incluidos los gastos de entrega incurridos para entregarle el art\u00edculo y los costes en que Usted hubiera incurrido para<br \/>\ndevolv\u00e9rnoslo a nosotros. La devoluci\u00f3n se efectuar\u00e1 del mismo modo que se realiz\u00f3 el pago.<\/p>\n<p>&nbsp;<\/p>\n<p>&nbsp;<\/p>\n","protected":false},"excerpt":{"rendered":"<p>M\u00c9TODOS DE PAGO Nuestro website acepta los siguientes m\u00e9todos de pago: &#8211; Pago con Tarjeta: aceptamos tarjetas de cr\u00e9dito\/d\u00e9bito, a trav\u00e9s de la pasarela de pago 100% segura REDSYS, con la entidad bancaria CaixaBank. &nbsp; GARANTIAS Ofrecemos garant\u00eda de dos a\u00f1os en todos los productos comercializados en esta p\u00e1gina web. En los casos en que [&hellip;]<\/p>\n","protected":false},"author":1,"featured_media":0,"parent":0,"menu_order":98,"comment_status":"closed","ping_status":"closed","template":"","meta":{"footnotes":""},"class_list":["post-3598","page","type-page","status-publish","hentry"],"yoast_head":"<!-- This site is optimized with the Yoast SEO plugin v23.4 - https:\/\/yoast.com\/wordpress\/plugins\/seo\/ -->\n<title>Pagos y Garant\u00edas | STRATOCARS | Veh\u00edculos de Importaci\u00f3n y Recambios<\/title>\n<meta name=\"robots\" content=\"index, follow, max-snippet:-1, max-image-preview:large, max-video-preview:-1\" \/>\n<link rel=\"canonical\" href=\"https:\/\/stratocars.com\/tienda\/pagos-garantias\/\" \/>\n<meta property=\"og:locale\" content=\"es_ES\" \/>\n<meta property=\"og:type\" content=\"article\" \/>\n<meta property=\"og:title\" content=\"Pagos y Garant\u00edas | STRATOCARS | Veh\u00edculos de Importaci\u00f3n y Recambios\" \/>\n<meta property=\"og:description\" content=\"M\u00c9TODOS DE PAGO Nuestro website acepta los siguientes m\u00e9todos de pago: &#8211; Pago con Tarjeta: aceptamos tarjetas de cr\u00e9dito\/d\u00e9bito, a trav\u00e9s de la pasarela de pago 100% segura REDSYS, con la entidad bancaria CaixaBank. &nbsp; GARANTIAS Ofrecemos garant\u00eda de dos a\u00f1os en todos los productos comercializados en esta p\u00e1gina web. En los casos en que [&hellip;]\" \/>\n<meta property=\"og:url\" content=\"https:\/\/stratocars.com\/tienda\/pagos-garantias\/\" \/>\n<meta property=\"og:site_name\" content=\"STRATOCARS | Veh\u00edculos de Importaci\u00f3n y Recambios\" \/>\n<meta property=\"article:modified_time\" content=\"2023-05-17T09:13:35+00:00\" \/>\n<meta property=\"og:image\" content=\"https:\/\/stratocars.com\/tienda\/wp-content\/uploads\/2023\/04\/caixabank-logo.jpg\" \/>\n<meta name=\"twitter:card\" content=\"summary_large_image\" \/>\n<meta name=\"twitter:label1\" content=\"Tiempo de lectura\" \/>\n\t<meta name=\"twitter:data1\" content=\"2 minutos\" \/>\n<script type=\"application\/ld+json\" class=\"yoast-schema-graph\">{\"@context\":\"https:\/\/schema.org\",\"@graph\":[{\"@type\":\"WebPage\",\"@id\":\"https:\/\/stratocars.com\/tienda\/pagos-garantias\/\",\"url\":\"https:\/\/stratocars.com\/tienda\/pagos-garantias\/\",\"name\":\"Pagos y Garant\u00edas | STRATOCARS | Veh\u00edculos de Importaci\u00f3n y Recambios\",\"isPartOf\":{\"@id\":\"https:\/\/stratocars.com\/tienda\/#website\"},\"primaryImageOfPage\":{\"@id\":\"https:\/\/stratocars.com\/tienda\/pagos-garantias\/#primaryimage\"},\"image\":{\"@id\":\"https:\/\/stratocars.com\/tienda\/pagos-garantias\/#primaryimage\"},\"thumbnailUrl\":\"https:\/\/stratocars.com\/tienda\/wp-content\/uploads\/2023\/04\/caixabank-logo.jpg\",\"datePublished\":\"2023-04-17T18:31:33+00:00\",\"dateModified\":\"2023-05-17T09:13:35+00:00\",\"breadcrumb\":{\"@id\":\"https:\/\/stratocars.com\/tienda\/pagos-garantias\/#breadcrumb\"},\"inLanguage\":\"es\",\"potentialAction\":[{\"@type\":\"ReadAction\",\"target\":[\"https:\/\/stratocars.com\/tienda\/pagos-garantias\/\"]}]},{\"@type\":\"ImageObject\",\"inLanguage\":\"es\",\"@id\":\"https:\/\/stratocars.com\/tienda\/pagos-garantias\/#primaryimage\",\"url\":\"https:\/\/stratocars.com\/tienda\/wp-content\/uploads\/2023\/04\/caixabank-logo.jpg\",\"contentUrl\":\"https:\/\/stratocars.com\/tienda\/wp-content\/uploads\/2023\/04\/caixabank-logo.jpg\",\"width\":331,\"height\":50},{\"@type\":\"BreadcrumbList\",\"@id\":\"https:\/\/stratocars.com\/tienda\/pagos-garantias\/#breadcrumb\",\"itemListElement\":[{\"@type\":\"ListItem\",\"position\":1,\"name\":\"Portada\",\"item\":\"https:\/\/stratocars.com\/tienda\/\"},{\"@type\":\"ListItem\",\"position\":2,\"name\":\"Pagos y Garant\u00edas\"}]},{\"@type\":\"WebSite\",\"@id\":\"https:\/\/stratocars.com\/tienda\/#website\",\"url\":\"https:\/\/stratocars.com\/tienda\/\",\"name\":\"STRATOCARS | Veh\u00edculos de Importaci\u00f3n y Recambios\",\"description\":\"Veh\u00edculos de Importaci\u00f3n y Recambios al mejor precio\",\"publisher\":{\"@id\":\"https:\/\/stratocars.com\/tienda\/#organization\"},\"potentialAction\":[{\"@type\":\"SearchAction\",\"target\":{\"@type\":\"EntryPoint\",\"urlTemplate\":\"https:\/\/stratocars.com\/tienda\/?s={search_term_string}\"},\"query-input\":{\"@type\":\"PropertyValueSpecification\",\"valueRequired\":true,\"valueName\":\"search_term_string\"}}],\"inLanguage\":\"es\"},{\"@type\":\"Organization\",\"@id\":\"https:\/\/stratocars.com\/tienda\/#organization\",\"name\":\"StratoCars\",\"url\":\"https:\/\/stratocars.com\/tienda\/\",\"logo\":{\"@type\":\"ImageObject\",\"inLanguage\":\"es\",\"@id\":\"https:\/\/stratocars.com\/tienda\/#\/schema\/logo\/image\/\",\"url\":\"https:\/\/stratocars.com\/tienda\/wp-content\/uploads\/2022\/09\/web-logo-strato-cars.png\",\"contentUrl\":\"https:\/\/stratocars.com\/tienda\/wp-content\/uploads\/2022\/09\/web-logo-strato-cars.png\",\"width\":345,\"height\":113,\"caption\":\"StratoCars\"},\"image\":{\"@id\":\"https:\/\/stratocars.com\/tienda\/#\/schema\/logo\/image\/\"}}]}<\/script>\n<!-- \/ Yoast SEO plugin. -->","yoast_head_json":{"title":"Pagos y Garant\u00edas | STRATOCARS | Veh\u00edculos de Importaci\u00f3n y Recambios","robots":{"index":"index","follow":"follow","max-snippet":"max-snippet:-1","max-image-preview":"max-image-preview:large","max-video-preview":"max-video-preview:-1"},"canonical":"https:\/\/stratocars.com\/tienda\/pagos-garantias\/","og_locale":"es_ES","og_type":"article","og_title":"Pagos y Garant\u00edas | STRATOCARS | Veh\u00edculos de Importaci\u00f3n y Recambios","og_description":"M\u00c9TODOS DE PAGO Nuestro website acepta los siguientes m\u00e9todos de pago: &#8211; Pago con Tarjeta: aceptamos tarjetas de cr\u00e9dito\/d\u00e9bito, a trav\u00e9s de la pasarela de pago 100% segura REDSYS, con la entidad bancaria CaixaBank. &nbsp; GARANTIAS Ofrecemos garant\u00eda de dos a\u00f1os en todos los productos comercializados en esta p\u00e1gina web. En los casos en que [&hellip;]","og_url":"https:\/\/stratocars.com\/tienda\/pagos-garantias\/","og_site_name":"STRATOCARS | Veh\u00edculos de Importaci\u00f3n y Recambios","article_modified_time":"2023-05-17T09:13:35+00:00","og_image":[{"url":"https:\/\/stratocars.com\/tienda\/wp-content\/uploads\/2023\/04\/caixabank-logo.jpg"}],"twitter_card":"summary_large_image","twitter_misc":{"Tiempo de lectura":"2 minutos"},"schema":{"@context":"https:\/\/schema.org","@graph":[{"@type":"WebPage","@id":"https:\/\/stratocars.com\/tienda\/pagos-garantias\/","url":"https:\/\/stratocars.com\/tienda\/pagos-garantias\/","name":"Pagos y Garant\u00edas | STRATOCARS | Veh\u00edculos de Importaci\u00f3n y Recambios","isPartOf":{"@id":"https:\/\/stratocars.com\/tienda\/#website"},"primaryImageOfPage":{"@id":"https:\/\/stratocars.com\/tienda\/pagos-garantias\/#primaryimage"},"image":{"@id":"https:\/\/stratocars.com\/tienda\/pagos-garantias\/#primaryimage"},"thumbnailUrl":"https:\/\/stratocars.com\/tienda\/wp-content\/uploads\/2023\/04\/caixabank-logo.jpg","datePublished":"2023-04-17T18:31:33+00:00","dateModified":"2023-05-17T09:13:35+00:00","breadcrumb":{"@id":"https:\/\/stratocars.com\/tienda\/pagos-garantias\/#breadcrumb"},"inLanguage":"es","potentialAction":[{"@type":"ReadAction","target":["https:\/\/stratocars.com\/tienda\/pagos-garantias\/"]}]},{"@type":"ImageObject","inLanguage":"es","@id":"https:\/\/stratocars.com\/tienda\/pagos-garantias\/#primaryimage","url":"https:\/\/stratocars.com\/tienda\/wp-content\/uploads\/2023\/04\/caixabank-logo.jpg","contentUrl":"https:\/\/stratocars.com\/tienda\/wp-content\/uploads\/2023\/04\/caixabank-logo.jpg","width":331,"height":50},{"@type":"BreadcrumbList","@id":"https:\/\/stratocars.com\/tienda\/pagos-garantias\/#breadcrumb","itemListElement":[{"@type":"ListItem","position":1,"name":"Portada","item":"https:\/\/stratocars.com\/tienda\/"},{"@type":"ListItem","position":2,"name":"Pagos y Garant\u00edas"}]},{"@type":"WebSite","@id":"https:\/\/stratocars.com\/tienda\/#website","url":"https:\/\/stratocars.com\/tienda\/","name":"STRATOCARS | Veh\u00edculos de Importaci\u00f3n y Recambios","description":"Veh\u00edculos de Importaci\u00f3n y Recambios al mejor precio","publisher":{"@id":"https:\/\/stratocars.com\/tienda\/#organization"},"potentialAction":[{"@type":"SearchAction","target":{"@type":"EntryPoint","urlTemplate":"https:\/\/stratocars.com\/tienda\/?s={search_term_string}"},"query-input":{"@type":"PropertyValueSpecification","valueRequired":true,"valueName":"search_term_string"}}],"inLanguage":"es"},{"@type":"Organization","@id":"https:\/\/stratocars.com\/tienda\/#organization","name":"StratoCars","url":"https:\/\/stratocars.com\/tienda\/","logo":{"@type":"ImageObject","inLanguage":"es","@id":"https:\/\/stratocars.com\/tienda\/#\/schema\/logo\/image\/","url":"https:\/\/stratocars.com\/tienda\/wp-content\/uploads\/2022\/09\/web-logo-strato-cars.png","contentUrl":"https:\/\/stratocars.com\/tienda\/wp-content\/uploads\/2022\/09\/web-logo-strato-cars.png","width":345,"height":113,"caption":"StratoCars"},"image":{"@id":"https:\/\/stratocars.com\/tienda\/#\/schema\/logo\/image\/"}}]}},"_links":{"self":[{"href":"https:\/\/stratocars.com\/tienda\/wp-json\/wp\/v2\/pages\/3598"}],"collection":[{"href":"https:\/\/stratocars.com\/tienda\/wp-json\/wp\/v2\/pages"}],"about":[{"href":"https:\/\/stratocars.com\/tienda\/wp-json\/wp\/v2\/types\/page"}],"author":[{"embeddable":true,"href":"https:\/\/stratocars.com\/tienda\/wp-json\/wp\/v2\/users\/1"}],"replies":[{"embeddable":true,"href":"https:\/\/stratocars.com\/tienda\/wp-json\/wp\/v2\/comments?post=3598"}],"version-history":[{"count":6,"href":"https:\/\/stratocars.com\/tienda\/wp-json\/wp\/v2\/pages\/3598\/revisions"}],"predecessor-version":[{"id":3851,"href":"https:\/\/stratocars.com\/tienda\/wp-json\/wp\/v2\/pages\/3598\/revisions\/3851"}],"wp:attachment":[{"href":"https:\/\/stratocars.com\/tienda\/wp-json\/wp\/v2\/media?parent=3598"}],"curies":[{"name":"wp","href":"https:\/\/api.w.org\/{rel}","templated":true}]}}