{"id":2169,"date":"2022-11-29T16:46:45","date_gmt":"2022-11-29T16:46:45","guid":{"rendered":"https:\/\/stratocars.com\/tienda\/?post_type=product&#038;p=2169"},"modified":"2023-01-30T12:30:54","modified_gmt":"2023-01-30T12:30:54","slug":"suspension-roscada-kw-v3-clubsport-abarth-124-spider-348_-03-2016","status":"publish","type":"product","link":"https:\/\/stratocars.com\/tienda\/comprar\/suspension-roscada-kw-v3-clubsport-abarth-124-spider-348_-03-2016\/","title":{"rendered":"SUSPENSION ROSCADA KW V3 CLUBSPORT ABARTH 124 Spider (348_) 03\/2016-"},"content":{"rendered":"<p>SUSPENSION ROSCADA KW V3 CLUBSPORT ABARTH 124 Spider (348_) 03\/2016-<br \/>\nDescenso FA\/RA (mm)\u00a0:\u00a020-45\/20-45<br \/>\nVersi\u00f3n\u00a0:\u00a0V3 Clubsport<br \/>\nAjuste de amortiguaci\u00f3n\u00a0: amortiguaci\u00f3n\u00a0de rebote y compresi\u00f3n<br \/>\nMaterial\u00a0:\u00a0Aluminio<br \/>\nAjuste FA\/RA\u00a0:\u00a0Rosca\/Rosca<br \/>\nAprobaci\u00f3n\u00a0:\u00a0aprobaci\u00f3n parcial (\u00a719.3)<br \/>\ntipo de coche:\u00a0ABARTH 124 Spider (348_) 03\/2016- 1.4 (348) &#8211; 125kW &#8211; 1368ccm &#8211; 4 cil.\u00a0&#8211; Tracci\u00f3n trasera<br \/>\nSolo modelos<br \/>\nA\u00f1o: 06\/2016-<br \/>\nCarga por eje FA\/RA (kg): -695\/-665<br \/>\n<img fetchpriority=\"high\" decoding=\"async\" class=\"alignnone size-medium wp-image-2171\" src=\"https:\/\/stratocars.com\/tienda\/wp-content\/uploads\/2022\/11\/kw-v3-clusport-stratocars-300x300.jpg\" alt=\"\" width=\"300\" height=\"300\" srcset=\"https:\/\/stratocars.com\/tienda\/wp-content\/uploads\/2022\/11\/kw-v3-clusport-stratocars-300x300.jpg 300w, https:\/\/stratocars.com\/tienda\/wp-content\/uploads\/2022\/11\/kw-v3-clusport-stratocars-150x150.jpg 150w, https:\/\/stratocars.com\/tienda\/wp-content\/uploads\/2022\/11\/kw-v3-clusport-stratocars-60x60.jpg 60w, https:\/\/stratocars.com\/tienda\/wp-content\/uploads\/2022\/11\/kw-v3-clusport-stratocars-110x110.jpg 110w, https:\/\/stratocars.com\/tienda\/wp-content\/uploads\/2022\/11\/kw-v3-clusport-stratocars-85x85.jpg 85w, https:\/\/stratocars.com\/tienda\/wp-content\/uploads\/2022\/11\/kw-v3-clusport-stratocars-225x225.jpg 225w, https:\/\/stratocars.com\/tienda\/wp-content\/uploads\/2022\/11\/kw-v3-clusport-stratocars-90x90.jpg 90w, https:\/\/stratocars.com\/tienda\/wp-content\/uploads\/2022\/11\/kw-v3-clusport-stratocars-600x600.jpg 600w, https:\/\/stratocars.com\/tienda\/wp-content\/uploads\/2022\/11\/kw-v3-clusport-stratocars-100x100.jpg 100w, https:\/\/stratocars.com\/tienda\/wp-content\/uploads\/2022\/11\/kw-v3-clusport-stratocars.jpg 750w\" sizes=\"(max-width: 300px) 100vw, 300px\" \/><img decoding=\"async\" class=\"alignnone size-medium wp-image-2170\" src=\"https:\/\/stratocars.com\/tienda\/wp-content\/uploads\/2022\/11\/kw-suspension-300x300.jpg\" alt=\"\" width=\"300\" height=\"300\" srcset=\"https:\/\/stratocars.com\/tienda\/wp-content\/uploads\/2022\/11\/kw-suspension-300x300.jpg 300w, https:\/\/stratocars.com\/tienda\/wp-content\/uploads\/2022\/11\/kw-suspension-150x150.jpg 150w, https:\/\/stratocars.com\/tienda\/wp-content\/uploads\/2022\/11\/kw-suspension-60x60.jpg 60w, https:\/\/stratocars.com\/tienda\/wp-content\/uploads\/2022\/11\/kw-suspension-110x110.jpg 110w, https:\/\/stratocars.com\/tienda\/wp-content\/uploads\/2022\/11\/kw-suspension-85x85.jpg 85w, https:\/\/stratocars.com\/tienda\/wp-content\/uploads\/2022\/11\/kw-suspension-225x225.jpg 225w, https:\/\/stratocars.com\/tienda\/wp-content\/uploads\/2022\/11\/kw-suspension-90x90.jpg 90w, https:\/\/stratocars.com\/tienda\/wp-content\/uploads\/2022\/11\/kw-suspension-600x600.jpg 600w, https:\/\/stratocars.com\/tienda\/wp-content\/uploads\/2022\/11\/kw-suspension-100x100.jpg 100w, https:\/\/stratocars.com\/tienda\/wp-content\/uploads\/2022\/11\/kw-suspension.jpg 750w\" sizes=\"(max-width: 300px) 100vw, 300px\" \/><\/p>\n","protected":false},"excerpt":{"rendered":"<p>KW V3 CLUBSPORT ABARTH 124 Spider<\/p>\n","protected":false},"featured_media":2193,"template":"","meta":[],"make_fuel_type":[],"make_model":[188],"make_brand":[52],"make_year":[181,182,183,184,185,186],"product_cat":[49,112,134],"product_tag":[864],"class_list":{"0":"post-2169","1":"product","2":"type-product","3":"status-publish","4":"has-post-thumbnail","6":"make_engine-1-4-170cv","7":"make_model-188","8":"make_brand-abarth-fiat","9":"make_year-181","10":"make_year-182","11":"make_year-183","12":"make_year-184","13":"make_year-185","14":"make_year-186","15":"product_cat-chasis","16":"product_cat-suspension","17":"product_cat-suspension-roscada","18":"product_tag-entrega-1-4-semanas","20":"first","21":"instock","22":"sale","23":"sold-individually","24":"taxable","25":"shipping-taxable","26":"purchasable","27":"product-type-simple"},"exclude_global_add_ons":[],"addons":[],"yoast_head":"<!-- This site is optimized with the Yoast SEO plugin v23.4 - https:\/\/yoast.com\/wordpress\/plugins\/seo\/ -->\n<title>KW V3 CLUBSPORT ABARTH 124 Spider<\/title>\n<meta name=\"description\" content=\"SUSPENSION ROSCADA KW V3 CLUBSPORT ABARTH 124 Spider kw espa\u00f1a oferta kw suspension kw variante 3 kw v1 kw v2 kw v3 kv clubsport\" \/>\n<meta name=\"robots\" content=\"index, follow, max-snippet:-1, max-image-preview:large, max-video-preview:-1\" \/>\n<link rel=\"canonical\" href=\"https:\/\/stratocars.com\/tienda\/comprar\/suspension-roscada-kw-v3-clubsport-abarth-124-spider-348_-03-2016\/\" \/>\n<meta property=\"og:locale\" content=\"es_ES\" \/>\n<meta property=\"og:type\" content=\"article\" \/>\n<meta property=\"og:title\" content=\"KW V3 CLUBSPORT ABARTH 124 Spider\" \/>\n<meta property=\"og:description\" content=\"SUSPENSION ROSCADA KW V3 CLUBSPORT ABARTH 124 Spider kw espa\u00f1a oferta kw suspension kw variante 3 kw v1 kw v2 kw v3 kv clubsport\" \/>\n<meta property=\"og:url\" content=\"https:\/\/stratocars.com\/tienda\/comprar\/suspension-roscada-kw-v3-clubsport-abarth-124-spider-348_-03-2016\/\" \/>\n<meta property=\"og:site_name\" content=\"STRATOCARS | Veh\u00edculos de Importaci\u00f3n y Recambios\" \/>\n<meta property=\"article:modified_time\" content=\"2023-01-30T12:30:54+00:00\" \/>\n<meta property=\"og:image\" content=\"https:\/\/stratocars.com\/tienda\/wp-content\/uploads\/2022\/11\/kw-v3-clusport-1.jpg\" \/>\n\t<meta property=\"og:image:width\" content=\"750\" \/>\n\t<meta property=\"og:image:height\" content=\"750\" \/>\n\t<meta property=\"og:image:type\" content=\"image\/jpeg\" \/>\n<meta name=\"twitter:card\" content=\"summary_large_image\" \/>\n<meta name=\"twitter:label1\" content=\"Tiempo de lectura\" \/>\n\t<meta name=\"twitter:data1\" content=\"1 minuto\" \/>\n<script type=\"application\/ld+json\" class=\"yoast-schema-graph\">{\"@context\":\"https:\/\/schema.org\",\"@graph\":[{\"@type\":\"WebPage\",\"@id\":\"https:\/\/stratocars.com\/tienda\/comprar\/suspension-roscada-kw-v3-clubsport-abarth-124-spider-348_-03-2016\/\",\"url\":\"https:\/\/stratocars.com\/tienda\/comprar\/suspension-roscada-kw-v3-clubsport-abarth-124-spider-348_-03-2016\/\",\"name\":\"KW V3 CLUBSPORT ABARTH 124 Spider\",\"isPartOf\":{\"@id\":\"https:\/\/stratocars.com\/tienda\/#website\"},\"primaryImageOfPage\":{\"@id\":\"https:\/\/stratocars.com\/tienda\/comprar\/suspension-roscada-kw-v3-clubsport-abarth-124-spider-348_-03-2016\/#primaryimage\"},\"image\":{\"@id\":\"https:\/\/stratocars.com\/tienda\/comprar\/suspension-roscada-kw-v3-clubsport-abarth-124-spider-348_-03-2016\/#primaryimage\"},\"thumbnailUrl\":\"https:\/\/stratocars.com\/tienda\/wp-content\/uploads\/2022\/11\/kw-v3-clusport-1.jpg\",\"datePublished\":\"2022-11-29T16:46:45+00:00\",\"dateModified\":\"2023-01-30T12:30:54+00:00\",\"description\":\"SUSPENSION ROSCADA KW V3 CLUBSPORT ABARTH 124 Spider kw espa\u00f1a oferta kw suspension kw variante 3 kw v1 kw v2 kw v3 kv clubsport\",\"breadcrumb\":{\"@id\":\"https:\/\/stratocars.com\/tienda\/comprar\/suspension-roscada-kw-v3-clubsport-abarth-124-spider-348_-03-2016\/#breadcrumb\"},\"inLanguage\":\"es\",\"potentialAction\":[{\"@type\":\"ReadAction\",\"target\":[\"https:\/\/stratocars.com\/tienda\/comprar\/suspension-roscada-kw-v3-clubsport-abarth-124-spider-348_-03-2016\/\"]}]},{\"@type\":\"ImageObject\",\"inLanguage\":\"es\",\"@id\":\"https:\/\/stratocars.com\/tienda\/comprar\/suspension-roscada-kw-v3-clubsport-abarth-124-spider-348_-03-2016\/#primaryimage\",\"url\":\"https:\/\/stratocars.com\/tienda\/wp-content\/uploads\/2022\/11\/kw-v3-clusport-1.jpg\",\"contentUrl\":\"https:\/\/stratocars.com\/tienda\/wp-content\/uploads\/2022\/11\/kw-v3-clusport-1.jpg\",\"width\":750,\"height\":750},{\"@type\":\"BreadcrumbList\",\"@id\":\"https:\/\/stratocars.com\/tienda\/comprar\/suspension-roscada-kw-v3-clubsport-abarth-124-spider-348_-03-2016\/#breadcrumb\",\"itemListElement\":[{\"@type\":\"ListItem\",\"position\":1,\"name\":\"Portada\",\"item\":\"https:\/\/stratocars.com\/tienda\/\"},{\"@type\":\"ListItem\",\"position\":2,\"name\":\"Parts\",\"item\":\"https:\/\/stratocars.com\/tienda\/parts\/\"},{\"@type\":\"ListItem\",\"position\":3,\"name\":\"SUSPENSION ROSCADA KW V3 CLUBSPORT ABARTH 124 Spider (348_) 03\/2016-\"}]},{\"@type\":\"WebSite\",\"@id\":\"https:\/\/stratocars.com\/tienda\/#website\",\"url\":\"https:\/\/stratocars.com\/tienda\/\",\"name\":\"STRATOCARS | Veh\u00edculos de Importaci\u00f3n y Recambios\",\"description\":\"Veh\u00edculos de Importaci\u00f3n y Recambios al mejor precio\",\"publisher\":{\"@id\":\"https:\/\/stratocars.com\/tienda\/#organization\"},\"potentialAction\":[{\"@type\":\"SearchAction\",\"target\":{\"@type\":\"EntryPoint\",\"urlTemplate\":\"https:\/\/stratocars.com\/tienda\/?s={search_term_string}\"},\"query-input\":{\"@type\":\"PropertyValueSpecification\",\"valueRequired\":true,\"valueName\":\"search_term_string\"}}],\"inLanguage\":\"es\"},{\"@type\":\"Organization\",\"@id\":\"https:\/\/stratocars.com\/tienda\/#organization\",\"name\":\"StratoCars\",\"url\":\"https:\/\/stratocars.com\/tienda\/\",\"logo\":{\"@type\":\"ImageObject\",\"inLanguage\":\"es\",\"@id\":\"https:\/\/stratocars.com\/tienda\/#\/schema\/logo\/image\/\",\"url\":\"https:\/\/stratocars.com\/tienda\/wp-content\/uploads\/2022\/09\/web-logo-strato-cars.png\",\"contentUrl\":\"https:\/\/stratocars.com\/tienda\/wp-content\/uploads\/2022\/09\/web-logo-strato-cars.png\",\"width\":345,\"height\":113,\"caption\":\"StratoCars\"},\"image\":{\"@id\":\"https:\/\/stratocars.com\/tienda\/#\/schema\/logo\/image\/\"}}]}<\/script>\n<!-- \/ Yoast SEO plugin. -->","yoast_head_json":{"title":"KW V3 CLUBSPORT ABARTH 124 Spider","description":"SUSPENSION ROSCADA KW V3 CLUBSPORT ABARTH 124 Spider kw espa\u00f1a oferta kw suspension kw variante 3 kw v1 kw v2 kw v3 kv clubsport","robots":{"index":"index","follow":"follow","max-snippet":"max-snippet:-1","max-image-preview":"max-image-preview:large","max-video-preview":"max-video-preview:-1"},"canonical":"https:\/\/stratocars.com\/tienda\/comprar\/suspension-roscada-kw-v3-clubsport-abarth-124-spider-348_-03-2016\/","og_locale":"es_ES","og_type":"article","og_title":"KW V3 CLUBSPORT ABARTH 124 Spider","og_description":"SUSPENSION ROSCADA KW V3 CLUBSPORT ABARTH 124 Spider kw espa\u00f1a oferta kw suspension kw variante 3 kw v1 kw v2 kw v3 kv clubsport","og_url":"https:\/\/stratocars.com\/tienda\/comprar\/suspension-roscada-kw-v3-clubsport-abarth-124-spider-348_-03-2016\/","og_site_name":"STRATOCARS | Veh\u00edculos de Importaci\u00f3n y Recambios","article_modified_time":"2023-01-30T12:30:54+00:00","og_image":[{"width":750,"height":750,"url":"https:\/\/stratocars.com\/tienda\/wp-content\/uploads\/2022\/11\/kw-v3-clusport-1.jpg","type":"image\/jpeg"}],"twitter_card":"summary_large_image","twitter_misc":{"Tiempo de lectura":"1 minuto"},"schema":{"@context":"https:\/\/schema.org","@graph":[{"@type":"WebPage","@id":"https:\/\/stratocars.com\/tienda\/comprar\/suspension-roscada-kw-v3-clubsport-abarth-124-spider-348_-03-2016\/","url":"https:\/\/stratocars.com\/tienda\/comprar\/suspension-roscada-kw-v3-clubsport-abarth-124-spider-348_-03-2016\/","name":"KW V3 CLUBSPORT ABARTH 124 Spider","isPartOf":{"@id":"https:\/\/stratocars.com\/tienda\/#website"},"primaryImageOfPage":{"@id":"https:\/\/stratocars.com\/tienda\/comprar\/suspension-roscada-kw-v3-clubsport-abarth-124-spider-348_-03-2016\/#primaryimage"},"image":{"@id":"https:\/\/stratocars.com\/tienda\/comprar\/suspension-roscada-kw-v3-clubsport-abarth-124-spider-348_-03-2016\/#primaryimage"},"thumbnailUrl":"https:\/\/stratocars.com\/tienda\/wp-content\/uploads\/2022\/11\/kw-v3-clusport-1.jpg","datePublished":"2022-11-29T16:46:45+00:00","dateModified":"2023-01-30T12:30:54+00:00","description":"SUSPENSION ROSCADA KW V3 CLUBSPORT ABARTH 124 Spider kw espa\u00f1a oferta kw suspension kw variante 3 kw v1 kw v2 kw v3 kv clubsport","breadcrumb":{"@id":"https:\/\/stratocars.com\/tienda\/comprar\/suspension-roscada-kw-v3-clubsport-abarth-124-spider-348_-03-2016\/#breadcrumb"},"inLanguage":"es","potentialAction":[{"@type":"ReadAction","target":["https:\/\/stratocars.com\/tienda\/comprar\/suspension-roscada-kw-v3-clubsport-abarth-124-spider-348_-03-2016\/"]}]},{"@type":"ImageObject","inLanguage":"es","@id":"https:\/\/stratocars.com\/tienda\/comprar\/suspension-roscada-kw-v3-clubsport-abarth-124-spider-348_-03-2016\/#primaryimage","url":"https:\/\/stratocars.com\/tienda\/wp-content\/uploads\/2022\/11\/kw-v3-clusport-1.jpg","contentUrl":"https:\/\/stratocars.com\/tienda\/wp-content\/uploads\/2022\/11\/kw-v3-clusport-1.jpg","width":750,"height":750},{"@type":"BreadcrumbList","@id":"https:\/\/stratocars.com\/tienda\/comprar\/suspension-roscada-kw-v3-clubsport-abarth-124-spider-348_-03-2016\/#breadcrumb","itemListElement":[{"@type":"ListItem","position":1,"name":"Portada","item":"https:\/\/stratocars.com\/tienda\/"},{"@type":"ListItem","position":2,"name":"Parts","item":"https:\/\/stratocars.com\/tienda\/parts\/"},{"@type":"ListItem","position":3,"name":"SUSPENSION ROSCADA KW V3 CLUBSPORT ABARTH 124 Spider (348_) 03\/2016-"}]},{"@type":"WebSite","@id":"https:\/\/stratocars.com\/tienda\/#website","url":"https:\/\/stratocars.com\/tienda\/","name":"STRATOCARS | Veh\u00edculos de Importaci\u00f3n y Recambios","description":"Veh\u00edculos de Importaci\u00f3n y Recambios al mejor precio","publisher":{"@id":"https:\/\/stratocars.com\/tienda\/#organization"},"potentialAction":[{"@type":"SearchAction","target":{"@type":"EntryPoint","urlTemplate":"https:\/\/stratocars.com\/tienda\/?s={search_term_string}"},"query-input":{"@type":"PropertyValueSpecification","valueRequired":true,"valueName":"search_term_string"}}],"inLanguage":"es"},{"@type":"Organization","@id":"https:\/\/stratocars.com\/tienda\/#organization","name":"StratoCars","url":"https:\/\/stratocars.com\/tienda\/","logo":{"@type":"ImageObject","inLanguage":"es","@id":"https:\/\/stratocars.com\/tienda\/#\/schema\/logo\/image\/","url":"https:\/\/stratocars.com\/tienda\/wp-content\/uploads\/2022\/09\/web-logo-strato-cars.png","contentUrl":"https:\/\/stratocars.com\/tienda\/wp-content\/uploads\/2022\/09\/web-logo-strato-cars.png","width":345,"height":113,"caption":"StratoCars"},"image":{"@id":"https:\/\/stratocars.com\/tienda\/#\/schema\/logo\/image\/"}}]}},"_links":{"self":[{"href":"https:\/\/stratocars.com\/tienda\/wp-json\/wp\/v2\/product\/2169"}],"collection":[{"href":"https:\/\/stratocars.com\/tienda\/wp-json\/wp\/v2\/product"}],"about":[{"href":"https:\/\/stratocars.com\/tienda\/wp-json\/wp\/v2\/types\/product"}],"wp:featuredmedia":[{"embeddable":true,"href":"https:\/\/stratocars.com\/tienda\/wp-json\/wp\/v2\/media\/2193"}],"wp:attachment":[{"href":"https:\/\/stratocars.com\/tienda\/wp-json\/wp\/v2\/media?parent=2169"}],"wp:term":[{"taxonomy":"make_fuel_type","embeddable":true,"href":"https:\/\/stratocars.com\/tienda\/wp-json\/wp\/v2\/make_fuel_type?post=2169"},{"taxonomy":"make_model","embeddable":true,"href":"https:\/\/stratocars.com\/tienda\/wp-json\/wp\/v2\/make_model?post=2169"},{"taxonomy":"make_brand","embeddable":true,"href":"https:\/\/stratocars.com\/tienda\/wp-json\/wp\/v2\/make_brand?post=2169"},{"taxonomy":"make_year","embeddable":true,"href":"https:\/\/stratocars.com\/tienda\/wp-json\/wp\/v2\/make_year?post=2169"},{"taxonomy":"product_cat","embeddable":true,"href":"https:\/\/stratocars.com\/tienda\/wp-json\/wp\/v2\/product_cat?post=2169"},{"taxonomy":"product_tag","embeddable":true,"href":"https:\/\/stratocars.com\/tienda\/wp-json\/wp\/v2\/product_tag?post=2169"}],"curies":[{"name":"wp","href":"https:\/\/api.w.org\/{rel}","templated":true}]}}