{"id":2196,"date":"2022-11-30T19:00:08","date_gmt":"2022-11-30T19:00:08","guid":{"rendered":"https:\/\/stratocars.com\/tienda\/?post_type=product&#038;p=2196"},"modified":"2023-01-30T19:44:49","modified_gmt":"2023-01-30T19:44:49","slug":"suspension-roscada-kw-v3-clubsport-audi-a1","status":"publish","type":"product","link":"https:\/\/stratocars.com\/tienda\/comprar\/suspension-roscada-kw-v3-clubsport-audi-a1\/","title":{"rendered":"Suspensi\u00f3n Roscada KW V3 Clubsport Audi A1"},"content":{"rendered":"<p>Suspensi\u00f3n Roscada KW V3 Clubsport Audi A1<\/p>\n<p>Descenso FA\/RA (mm) : \/<br \/>\nVersi\u00f3n : Clubsport V3<br \/>\nAjuste de amortiguaci\u00f3n : amortiguaci\u00f3n Amortiguaci\u00f3n de compresi\u00f3n y rebote<br \/>\nMaterial : Acero inoxidable<br \/>\nAjuste FA\/RA : Hilo\/Hilo<br \/>\nAprobaci\u00f3n : aprobaci\u00f3n parcial (\u00a719.3)<br \/>\ntipo de coche: AUDI A1 (8X1, 8XK) 05\/2010-10\/2018<br \/>\nSolo modelos A\u00f1o: 08\/2010- Carga por eje FA\/RA (kg): -960\/-840<\/p>\n<p><img decoding=\"async\" class=\"alignnone size-medium wp-image-2186\" src=\"https:\/\/stratocars.com\/tienda\/wp-content\/uploads\/2022\/11\/kw_inox-line-300x117.png\" alt=\"\" width=\"300\" height=\"117\" srcset=\"https:\/\/stratocars.com\/tienda\/wp-content\/uploads\/2022\/11\/kw_inox-line-300x117.png 300w, https:\/\/stratocars.com\/tienda\/wp-content\/uploads\/2022\/11\/kw_inox-line.png 490w\" sizes=\"(max-width: 300px) 100vw, 300px\" \/> <img decoding=\"async\" class=\"alignnone size-medium wp-image-2185\" src=\"https:\/\/stratocars.com\/tienda\/wp-content\/uploads\/2022\/11\/kw_gama_suspension-300x117.png\" alt=\"\" width=\"300\" height=\"117\" srcset=\"https:\/\/stratocars.com\/tienda\/wp-content\/uploads\/2022\/11\/kw_gama_suspension-300x117.png 300w, https:\/\/stratocars.com\/tienda\/wp-content\/uploads\/2022\/11\/kw_gama_suspension.png 490w\" sizes=\"(max-width: 300px) 100vw, 300px\" \/> <img decoding=\"async\" class=\"alignnone size-medium wp-image-2184\" src=\"https:\/\/stratocars.com\/tienda\/wp-content\/uploads\/2022\/11\/kw_amortiguador-300x117.png\" alt=\"\" width=\"300\" height=\"117\" srcset=\"https:\/\/stratocars.com\/tienda\/wp-content\/uploads\/2022\/11\/kw_amortiguador-300x117.png 300w, https:\/\/stratocars.com\/tienda\/wp-content\/uploads\/2022\/11\/kw_amortiguador.png 490w\" sizes=\"(max-width: 300px) 100vw, 300px\" \/><\/p>\n","protected":false},"excerpt":{"rendered":"<p>Suspensi\u00f3n Roscada KW V3 Clubsport Audi A1<\/p>\n","protected":false},"featured_media":2193,"template":"","meta":[],"make_fuel_type":[],"make_model":[195],"make_brand":[57],"make_year":[175,176,177,178,179,180,181,182,183],"product_cat":[49,112,134],"product_tag":[864],"class_list":{"0":"post-2196","1":"product","2":"type-product","3":"status-publish","4":"has-post-thumbnail","6":"make_engine-todas-las-motorizaciones","7":"make_model-a1-8x","8":"make_brand-audi","9":"make_year-175","10":"make_year-176","11":"make_year-177","12":"make_year-178","13":"make_year-179","14":"make_year-180","15":"make_year-181","16":"make_year-182","17":"make_year-183","18":"product_cat-chasis","19":"product_cat-suspension","20":"product_cat-suspension-roscada","21":"product_tag-entrega-1-4-semanas","23":"first","24":"instock","25":"sale","26":"sold-individually","27":"taxable","28":"shipping-taxable","29":"purchasable","30":"product-type-simple"},"exclude_global_add_ons":[],"addons":[],"yoast_head":"<!-- This site is optimized with the Yoast SEO plugin v23.4 - https:\/\/yoast.com\/wordpress\/plugins\/seo\/ -->\n<title>Suspensi\u00f3n Roscada KW V3 Clubsport Audi A1<\/title>\n<meta name=\"description\" content=\"Suspensi\u00f3n Roscada KW V3 Clubsport Audi S1 kw v4 clubsport kw v1 kw v2 kw v3 kw v3 variante descuento kw coilover racing ohlins nitron trackday\" \/>\n<meta name=\"robots\" content=\"index, follow, max-snippet:-1, max-image-preview:large, max-video-preview:-1\" \/>\n<link rel=\"canonical\" href=\"https:\/\/stratocars.com\/tienda\/comprar\/suspension-roscada-kw-v3-clubsport-audi-a1\/\" \/>\n<meta property=\"og:locale\" content=\"es_ES\" \/>\n<meta property=\"og:type\" content=\"article\" \/>\n<meta property=\"og:title\" content=\"Suspensi\u00f3n Roscada KW V3 Clubsport Audi A1\" \/>\n<meta property=\"og:description\" content=\"Suspensi\u00f3n Roscada KW V3 Clubsport Audi S1 kw v4 clubsport kw v1 kw v2 kw v3 kw v3 variante descuento kw coilover racing ohlins nitron trackday\" \/>\n<meta property=\"og:url\" content=\"https:\/\/stratocars.com\/tienda\/comprar\/suspension-roscada-kw-v3-clubsport-audi-a1\/\" \/>\n<meta property=\"og:site_name\" content=\"STRATOCARS | Veh\u00edculos de Importaci\u00f3n y Recambios\" \/>\n<meta property=\"article:modified_time\" content=\"2023-01-30T19:44:49+00:00\" \/>\n<meta property=\"og:image\" content=\"https:\/\/stratocars.com\/tienda\/wp-content\/uploads\/2022\/11\/kw-v3-clusport-1.jpg\" \/>\n\t<meta property=\"og:image:width\" content=\"750\" \/>\n\t<meta property=\"og:image:height\" content=\"750\" \/>\n\t<meta property=\"og:image:type\" content=\"image\/jpeg\" \/>\n<meta name=\"twitter:card\" content=\"summary_large_image\" \/>\n<meta name=\"twitter:label1\" content=\"Tiempo de lectura\" \/>\n\t<meta name=\"twitter:data1\" content=\"1 minuto\" \/>\n<script type=\"application\/ld+json\" class=\"yoast-schema-graph\">{\"@context\":\"https:\/\/schema.org\",\"@graph\":[{\"@type\":\"WebPage\",\"@id\":\"https:\/\/stratocars.com\/tienda\/comprar\/suspension-roscada-kw-v3-clubsport-audi-a1\/\",\"url\":\"https:\/\/stratocars.com\/tienda\/comprar\/suspension-roscada-kw-v3-clubsport-audi-a1\/\",\"name\":\"Suspensi\u00f3n Roscada KW V3 Clubsport Audi A1\",\"isPartOf\":{\"@id\":\"https:\/\/stratocars.com\/tienda\/#website\"},\"primaryImageOfPage\":{\"@id\":\"https:\/\/stratocars.com\/tienda\/comprar\/suspension-roscada-kw-v3-clubsport-audi-a1\/#primaryimage\"},\"image\":{\"@id\":\"https:\/\/stratocars.com\/tienda\/comprar\/suspension-roscada-kw-v3-clubsport-audi-a1\/#primaryimage\"},\"thumbnailUrl\":\"https:\/\/stratocars.com\/tienda\/wp-content\/uploads\/2022\/11\/kw-v3-clusport-1.jpg\",\"datePublished\":\"2022-11-30T19:00:08+00:00\",\"dateModified\":\"2023-01-30T19:44:49+00:00\",\"description\":\"Suspensi\u00f3n Roscada KW V3 Clubsport Audi S1 kw v4 clubsport kw v1 kw v2 kw v3 kw v3 variante descuento kw coilover racing ohlins nitron trackday\",\"breadcrumb\":{\"@id\":\"https:\/\/stratocars.com\/tienda\/comprar\/suspension-roscada-kw-v3-clubsport-audi-a1\/#breadcrumb\"},\"inLanguage\":\"es\",\"potentialAction\":[{\"@type\":\"ReadAction\",\"target\":[\"https:\/\/stratocars.com\/tienda\/comprar\/suspension-roscada-kw-v3-clubsport-audi-a1\/\"]}]},{\"@type\":\"ImageObject\",\"inLanguage\":\"es\",\"@id\":\"https:\/\/stratocars.com\/tienda\/comprar\/suspension-roscada-kw-v3-clubsport-audi-a1\/#primaryimage\",\"url\":\"https:\/\/stratocars.com\/tienda\/wp-content\/uploads\/2022\/11\/kw-v3-clusport-1.jpg\",\"contentUrl\":\"https:\/\/stratocars.com\/tienda\/wp-content\/uploads\/2022\/11\/kw-v3-clusport-1.jpg\",\"width\":750,\"height\":750},{\"@type\":\"BreadcrumbList\",\"@id\":\"https:\/\/stratocars.com\/tienda\/comprar\/suspension-roscada-kw-v3-clubsport-audi-a1\/#breadcrumb\",\"itemListElement\":[{\"@type\":\"ListItem\",\"position\":1,\"name\":\"Portada\",\"item\":\"https:\/\/stratocars.com\/tienda\/\"},{\"@type\":\"ListItem\",\"position\":2,\"name\":\"Parts\",\"item\":\"https:\/\/stratocars.com\/tienda\/parts\/\"},{\"@type\":\"ListItem\",\"position\":3,\"name\":\"Suspensi\u00f3n Roscada KW V3 Clubsport Audi A1\"}]},{\"@type\":\"WebSite\",\"@id\":\"https:\/\/stratocars.com\/tienda\/#website\",\"url\":\"https:\/\/stratocars.com\/tienda\/\",\"name\":\"STRATOCARS | Veh\u00edculos de Importaci\u00f3n y Recambios\",\"description\":\"Veh\u00edculos de Importaci\u00f3n y Recambios al mejor precio\",\"publisher\":{\"@id\":\"https:\/\/stratocars.com\/tienda\/#organization\"},\"potentialAction\":[{\"@type\":\"SearchAction\",\"target\":{\"@type\":\"EntryPoint\",\"urlTemplate\":\"https:\/\/stratocars.com\/tienda\/?s={search_term_string}\"},\"query-input\":{\"@type\":\"PropertyValueSpecification\",\"valueRequired\":true,\"valueName\":\"search_term_string\"}}],\"inLanguage\":\"es\"},{\"@type\":\"Organization\",\"@id\":\"https:\/\/stratocars.com\/tienda\/#organization\",\"name\":\"StratoCars\",\"url\":\"https:\/\/stratocars.com\/tienda\/\",\"logo\":{\"@type\":\"ImageObject\",\"inLanguage\":\"es\",\"@id\":\"https:\/\/stratocars.com\/tienda\/#\/schema\/logo\/image\/\",\"url\":\"https:\/\/stratocars.com\/tienda\/wp-content\/uploads\/2022\/09\/web-logo-strato-cars.png\",\"contentUrl\":\"https:\/\/stratocars.com\/tienda\/wp-content\/uploads\/2022\/09\/web-logo-strato-cars.png\",\"width\":345,\"height\":113,\"caption\":\"StratoCars\"},\"image\":{\"@id\":\"https:\/\/stratocars.com\/tienda\/#\/schema\/logo\/image\/\"}}]}<\/script>\n<!-- \/ Yoast SEO plugin. -->","yoast_head_json":{"title":"Suspensi\u00f3n Roscada KW V3 Clubsport Audi A1","description":"Suspensi\u00f3n Roscada KW V3 Clubsport Audi S1 kw v4 clubsport kw v1 kw v2 kw v3 kw v3 variante descuento kw coilover racing ohlins nitron trackday","robots":{"index":"index","follow":"follow","max-snippet":"max-snippet:-1","max-image-preview":"max-image-preview:large","max-video-preview":"max-video-preview:-1"},"canonical":"https:\/\/stratocars.com\/tienda\/comprar\/suspension-roscada-kw-v3-clubsport-audi-a1\/","og_locale":"es_ES","og_type":"article","og_title":"Suspensi\u00f3n Roscada KW V3 Clubsport Audi A1","og_description":"Suspensi\u00f3n Roscada KW V3 Clubsport Audi S1 kw v4 clubsport kw v1 kw v2 kw v3 kw v3 variante descuento kw coilover racing ohlins nitron trackday","og_url":"https:\/\/stratocars.com\/tienda\/comprar\/suspension-roscada-kw-v3-clubsport-audi-a1\/","og_site_name":"STRATOCARS | Veh\u00edculos de Importaci\u00f3n y Recambios","article_modified_time":"2023-01-30T19:44:49+00:00","og_image":[{"width":750,"height":750,"url":"https:\/\/stratocars.com\/tienda\/wp-content\/uploads\/2022\/11\/kw-v3-clusport-1.jpg","type":"image\/jpeg"}],"twitter_card":"summary_large_image","twitter_misc":{"Tiempo de lectura":"1 minuto"},"schema":{"@context":"https:\/\/schema.org","@graph":[{"@type":"WebPage","@id":"https:\/\/stratocars.com\/tienda\/comprar\/suspension-roscada-kw-v3-clubsport-audi-a1\/","url":"https:\/\/stratocars.com\/tienda\/comprar\/suspension-roscada-kw-v3-clubsport-audi-a1\/","name":"Suspensi\u00f3n Roscada KW V3 Clubsport Audi A1","isPartOf":{"@id":"https:\/\/stratocars.com\/tienda\/#website"},"primaryImageOfPage":{"@id":"https:\/\/stratocars.com\/tienda\/comprar\/suspension-roscada-kw-v3-clubsport-audi-a1\/#primaryimage"},"image":{"@id":"https:\/\/stratocars.com\/tienda\/comprar\/suspension-roscada-kw-v3-clubsport-audi-a1\/#primaryimage"},"thumbnailUrl":"https:\/\/stratocars.com\/tienda\/wp-content\/uploads\/2022\/11\/kw-v3-clusport-1.jpg","datePublished":"2022-11-30T19:00:08+00:00","dateModified":"2023-01-30T19:44:49+00:00","description":"Suspensi\u00f3n Roscada KW V3 Clubsport Audi S1 kw v4 clubsport kw v1 kw v2 kw v3 kw v3 variante descuento kw coilover racing ohlins nitron trackday","breadcrumb":{"@id":"https:\/\/stratocars.com\/tienda\/comprar\/suspension-roscada-kw-v3-clubsport-audi-a1\/#breadcrumb"},"inLanguage":"es","potentialAction":[{"@type":"ReadAction","target":["https:\/\/stratocars.com\/tienda\/comprar\/suspension-roscada-kw-v3-clubsport-audi-a1\/"]}]},{"@type":"ImageObject","inLanguage":"es","@id":"https:\/\/stratocars.com\/tienda\/comprar\/suspension-roscada-kw-v3-clubsport-audi-a1\/#primaryimage","url":"https:\/\/stratocars.com\/tienda\/wp-content\/uploads\/2022\/11\/kw-v3-clusport-1.jpg","contentUrl":"https:\/\/stratocars.com\/tienda\/wp-content\/uploads\/2022\/11\/kw-v3-clusport-1.jpg","width":750,"height":750},{"@type":"BreadcrumbList","@id":"https:\/\/stratocars.com\/tienda\/comprar\/suspension-roscada-kw-v3-clubsport-audi-a1\/#breadcrumb","itemListElement":[{"@type":"ListItem","position":1,"name":"Portada","item":"https:\/\/stratocars.com\/tienda\/"},{"@type":"ListItem","position":2,"name":"Parts","item":"https:\/\/stratocars.com\/tienda\/parts\/"},{"@type":"ListItem","position":3,"name":"Suspensi\u00f3n Roscada KW V3 Clubsport Audi A1"}]},{"@type":"WebSite","@id":"https:\/\/stratocars.com\/tienda\/#website","url":"https:\/\/stratocars.com\/tienda\/","name":"STRATOCARS | Veh\u00edculos de Importaci\u00f3n y Recambios","description":"Veh\u00edculos de Importaci\u00f3n y Recambios al mejor precio","publisher":{"@id":"https:\/\/stratocars.com\/tienda\/#organization"},"potentialAction":[{"@type":"SearchAction","target":{"@type":"EntryPoint","urlTemplate":"https:\/\/stratocars.com\/tienda\/?s={search_term_string}"},"query-input":{"@type":"PropertyValueSpecification","valueRequired":true,"valueName":"search_term_string"}}],"inLanguage":"es"},{"@type":"Organization","@id":"https:\/\/stratocars.com\/tienda\/#organization","name":"StratoCars","url":"https:\/\/stratocars.com\/tienda\/","logo":{"@type":"ImageObject","inLanguage":"es","@id":"https:\/\/stratocars.com\/tienda\/#\/schema\/logo\/image\/","url":"https:\/\/stratocars.com\/tienda\/wp-content\/uploads\/2022\/09\/web-logo-strato-cars.png","contentUrl":"https:\/\/stratocars.com\/tienda\/wp-content\/uploads\/2022\/09\/web-logo-strato-cars.png","width":345,"height":113,"caption":"StratoCars"},"image":{"@id":"https:\/\/stratocars.com\/tienda\/#\/schema\/logo\/image\/"}}]}},"_links":{"self":[{"href":"https:\/\/stratocars.com\/tienda\/wp-json\/wp\/v2\/product\/2196"}],"collection":[{"href":"https:\/\/stratocars.com\/tienda\/wp-json\/wp\/v2\/product"}],"about":[{"href":"https:\/\/stratocars.com\/tienda\/wp-json\/wp\/v2\/types\/product"}],"wp:featuredmedia":[{"embeddable":true,"href":"https:\/\/stratocars.com\/tienda\/wp-json\/wp\/v2\/media\/2193"}],"wp:attachment":[{"href":"https:\/\/stratocars.com\/tienda\/wp-json\/wp\/v2\/media?parent=2196"}],"wp:term":[{"taxonomy":"make_fuel_type","embeddable":true,"href":"https:\/\/stratocars.com\/tienda\/wp-json\/wp\/v2\/make_fuel_type?post=2196"},{"taxonomy":"make_model","embeddable":true,"href":"https:\/\/stratocars.com\/tienda\/wp-json\/wp\/v2\/make_model?post=2196"},{"taxonomy":"make_brand","embeddable":true,"href":"https:\/\/stratocars.com\/tienda\/wp-json\/wp\/v2\/make_brand?post=2196"},{"taxonomy":"make_year","embeddable":true,"href":"https:\/\/stratocars.com\/tienda\/wp-json\/wp\/v2\/make_year?post=2196"},{"taxonomy":"product_cat","embeddable":true,"href":"https:\/\/stratocars.com\/tienda\/wp-json\/wp\/v2\/product_cat?post=2196"},{"taxonomy":"product_tag","embeddable":true,"href":"https:\/\/stratocars.com\/tienda\/wp-json\/wp\/v2\/product_tag?post=2196"}],"curies":[{"name":"wp","href":"https:\/\/api.w.org\/{rel}","templated":true}]}}