{"id":2214,"date":"2022-12-01T15:56:07","date_gmt":"2022-12-01T15:56:07","guid":{"rendered":"https:\/\/stratocars.com\/tienda\/?post_type=product&#038;p=2214"},"modified":"2023-01-30T12:33:08","modified_gmt":"2023-01-30T12:33:08","slug":"suspension-roscada-kw-v4-clubsport-audi-s3-8p-3-vias","status":"publish","type":"product","link":"https:\/\/stratocars.com\/tienda\/comprar\/suspension-roscada-kw-v4-clubsport-audi-s3-8p-3-vias\/","title":{"rendered":"Suspension Roscada KW V4 Clubsport Audi S3 8p 3 Vias"},"content":{"rendered":"<p>Suspension Roscada KW V4 Clubsport Audi S3 8p 3 Vias<br \/>\nKW suspension Clubsport con copelas 3- vias<br \/>\nMarca:AUDI<br \/>\nModelo:RS3; (8P)<br \/>\nObservaciones:Quattro \/ Sportback; 4WD<br \/>\nA\u00f1o:03\/11-<br \/>\nPeso eje delantero:-1150<br \/>\nPeso eje trasero:-1100<br \/>\nPotencia KW: 250<br \/>\nRebaje delante en mm:5-35<br \/>\nRebaje trasero en mm:0-25<br \/>\nNotas:2),57),67),97)<br \/>\nReferencia:3971020C<br \/>\nDescripcion:<br \/>\nKW Clubsport de 3 v\u00edas<br \/>\nCarga por eje FA\/RA (kg): -695\/-665<br \/>\n<img fetchpriority=\"high\" decoding=\"async\" class=\"alignnone size-medium wp-image-2171\" src=\"https:\/\/stratocars.com\/tienda\/wp-content\/uploads\/2022\/11\/kw-v3-clusport-stratocars-300x300.jpg\" alt=\"\" width=\"300\" height=\"300\" srcset=\"https:\/\/stratocars.com\/tienda\/wp-content\/uploads\/2022\/11\/kw-v3-clusport-stratocars-300x300.jpg 300w, https:\/\/stratocars.com\/tienda\/wp-content\/uploads\/2022\/11\/kw-v3-clusport-stratocars-150x150.jpg 150w, https:\/\/stratocars.com\/tienda\/wp-content\/uploads\/2022\/11\/kw-v3-clusport-stratocars-60x60.jpg 60w, https:\/\/stratocars.com\/tienda\/wp-content\/uploads\/2022\/11\/kw-v3-clusport-stratocars-110x110.jpg 110w, https:\/\/stratocars.com\/tienda\/wp-content\/uploads\/2022\/11\/kw-v3-clusport-stratocars-85x85.jpg 85w, https:\/\/stratocars.com\/tienda\/wp-content\/uploads\/2022\/11\/kw-v3-clusport-stratocars-225x225.jpg 225w, https:\/\/stratocars.com\/tienda\/wp-content\/uploads\/2022\/11\/kw-v3-clusport-stratocars-90x90.jpg 90w, https:\/\/stratocars.com\/tienda\/wp-content\/uploads\/2022\/11\/kw-v3-clusport-stratocars-600x600.jpg 600w, https:\/\/stratocars.com\/tienda\/wp-content\/uploads\/2022\/11\/kw-v3-clusport-stratocars-100x100.jpg 100w, https:\/\/stratocars.com\/tienda\/wp-content\/uploads\/2022\/11\/kw-v3-clusport-stratocars.jpg 750w\" sizes=\"(max-width: 300px) 100vw, 300px\" \/><img decoding=\"async\" class=\"alignnone size-medium wp-image-2170\" src=\"https:\/\/stratocars.com\/tienda\/wp-content\/uploads\/2022\/11\/kw-suspension-300x300.jpg\" alt=\"\" width=\"300\" height=\"300\" srcset=\"https:\/\/stratocars.com\/tienda\/wp-content\/uploads\/2022\/11\/kw-suspension-300x300.jpg 300w, https:\/\/stratocars.com\/tienda\/wp-content\/uploads\/2022\/11\/kw-suspension-150x150.jpg 150w, https:\/\/stratocars.com\/tienda\/wp-content\/uploads\/2022\/11\/kw-suspension-60x60.jpg 60w, https:\/\/stratocars.com\/tienda\/wp-content\/uploads\/2022\/11\/kw-suspension-110x110.jpg 110w, https:\/\/stratocars.com\/tienda\/wp-content\/uploads\/2022\/11\/kw-suspension-85x85.jpg 85w, https:\/\/stratocars.com\/tienda\/wp-content\/uploads\/2022\/11\/kw-suspension-225x225.jpg 225w, https:\/\/stratocars.com\/tienda\/wp-content\/uploads\/2022\/11\/kw-suspension-90x90.jpg 90w, https:\/\/stratocars.com\/tienda\/wp-content\/uploads\/2022\/11\/kw-suspension-600x600.jpg 600w, https:\/\/stratocars.com\/tienda\/wp-content\/uploads\/2022\/11\/kw-suspension-100x100.jpg 100w, https:\/\/stratocars.com\/tienda\/wp-content\/uploads\/2022\/11\/kw-suspension.jpg 750w\" sizes=\"(max-width: 300px) 100vw, 300px\" \/><\/p>\n","protected":false},"excerpt":{"rendered":"<p>Suspension Roscada KW V4 Clubsport Audi S3 8p 3 Vias<\/p>\n","protected":false},"featured_media":2210,"template":"","meta":[],"make_fuel_type":[],"make_model":[451],"make_brand":[57],"make_year":[172,173,174,175,176],"product_cat":[49,112,134],"product_tag":[864],"class_list":{"0":"post-2214","1":"product","2":"type-product","3":"status-publish","4":"has-post-thumbnail","6":"make_engine-2-0-t","7":"make_model-s3-8p","8":"make_brand-audi","9":"make_year-172","10":"make_year-173","11":"make_year-174","12":"make_year-175","13":"make_year-176","14":"product_cat-chasis","15":"product_cat-suspension","16":"product_cat-suspension-roscada","17":"product_tag-entrega-1-4-semanas","19":"first","20":"instock","21":"sale","22":"sold-individually","23":"taxable","24":"shipping-taxable","25":"purchasable","26":"product-type-simple"},"exclude_global_add_ons":[],"addons":[],"yoast_head":"<!-- This site is optimized with the Yoast SEO plugin v23.4 - https:\/\/yoast.com\/wordpress\/plugins\/seo\/ -->\n<title>Suspension Roscada KW V4 Clubsport Audi S3 8p 3 Vias<\/title>\n<meta name=\"description\" content=\"Suspension Roscada KW V4 Clubsport Audi S3 8p 3 Vias kw v4 clubsport kw v1 kw v2 kw v3 kw v3 variante descuento kw coilover racing ohlins nitron trackday\" \/>\n<meta name=\"robots\" content=\"index, follow, max-snippet:-1, max-image-preview:large, max-video-preview:-1\" \/>\n<link rel=\"canonical\" href=\"https:\/\/stratocars.com\/tienda\/comprar\/suspension-roscada-kw-v4-clubsport-audi-s3-8p-3-vias\/\" \/>\n<meta property=\"og:locale\" content=\"es_ES\" \/>\n<meta property=\"og:type\" content=\"article\" \/>\n<meta property=\"og:title\" content=\"Suspension Roscada KW V4 Clubsport Audi S3 8p 3 Vias\" \/>\n<meta property=\"og:description\" content=\"Suspension Roscada KW V4 Clubsport Audi S3 8p 3 Vias kw v4 clubsport kw v1 kw v2 kw v3 kw v3 variante descuento kw coilover racing ohlins nitron trackday\" \/>\n<meta property=\"og:url\" content=\"https:\/\/stratocars.com\/tienda\/comprar\/suspension-roscada-kw-v4-clubsport-audi-s3-8p-3-vias\/\" \/>\n<meta property=\"og:site_name\" content=\"STRATOCARS | Veh\u00edculos de Importaci\u00f3n y Recambios\" \/>\n<meta property=\"article:modified_time\" content=\"2023-01-30T12:33:08+00:00\" \/>\n<meta property=\"og:image\" content=\"https:\/\/stratocars.com\/tienda\/wp-content\/uploads\/2022\/12\/kw-v4-clubsport.jpg\" \/>\n\t<meta property=\"og:image:width\" content=\"750\" \/>\n\t<meta property=\"og:image:height\" content=\"750\" \/>\n\t<meta property=\"og:image:type\" content=\"image\/jpeg\" \/>\n<meta name=\"twitter:card\" content=\"summary_large_image\" \/>\n<meta name=\"twitter:label1\" content=\"Tiempo de lectura\" \/>\n\t<meta name=\"twitter:data1\" content=\"1 minuto\" \/>\n<script type=\"application\/ld+json\" class=\"yoast-schema-graph\">{\"@context\":\"https:\/\/schema.org\",\"@graph\":[{\"@type\":\"WebPage\",\"@id\":\"https:\/\/stratocars.com\/tienda\/comprar\/suspension-roscada-kw-v4-clubsport-audi-s3-8p-3-vias\/\",\"url\":\"https:\/\/stratocars.com\/tienda\/comprar\/suspension-roscada-kw-v4-clubsport-audi-s3-8p-3-vias\/\",\"name\":\"Suspension Roscada KW V4 Clubsport Audi S3 8p 3 Vias\",\"isPartOf\":{\"@id\":\"https:\/\/stratocars.com\/tienda\/#website\"},\"primaryImageOfPage\":{\"@id\":\"https:\/\/stratocars.com\/tienda\/comprar\/suspension-roscada-kw-v4-clubsport-audi-s3-8p-3-vias\/#primaryimage\"},\"image\":{\"@id\":\"https:\/\/stratocars.com\/tienda\/comprar\/suspension-roscada-kw-v4-clubsport-audi-s3-8p-3-vias\/#primaryimage\"},\"thumbnailUrl\":\"https:\/\/stratocars.com\/tienda\/wp-content\/uploads\/2022\/12\/kw-v4-clubsport.jpg\",\"datePublished\":\"2022-12-01T15:56:07+00:00\",\"dateModified\":\"2023-01-30T12:33:08+00:00\",\"description\":\"Suspension Roscada KW V4 Clubsport Audi S3 8p 3 Vias kw v4 clubsport kw v1 kw v2 kw v3 kw v3 variante descuento kw coilover racing ohlins nitron trackday\",\"breadcrumb\":{\"@id\":\"https:\/\/stratocars.com\/tienda\/comprar\/suspension-roscada-kw-v4-clubsport-audi-s3-8p-3-vias\/#breadcrumb\"},\"inLanguage\":\"es\",\"potentialAction\":[{\"@type\":\"ReadAction\",\"target\":[\"https:\/\/stratocars.com\/tienda\/comprar\/suspension-roscada-kw-v4-clubsport-audi-s3-8p-3-vias\/\"]}]},{\"@type\":\"ImageObject\",\"inLanguage\":\"es\",\"@id\":\"https:\/\/stratocars.com\/tienda\/comprar\/suspension-roscada-kw-v4-clubsport-audi-s3-8p-3-vias\/#primaryimage\",\"url\":\"https:\/\/stratocars.com\/tienda\/wp-content\/uploads\/2022\/12\/kw-v4-clubsport.jpg\",\"contentUrl\":\"https:\/\/stratocars.com\/tienda\/wp-content\/uploads\/2022\/12\/kw-v4-clubsport.jpg\",\"width\":750,\"height\":750},{\"@type\":\"BreadcrumbList\",\"@id\":\"https:\/\/stratocars.com\/tienda\/comprar\/suspension-roscada-kw-v4-clubsport-audi-s3-8p-3-vias\/#breadcrumb\",\"itemListElement\":[{\"@type\":\"ListItem\",\"position\":1,\"name\":\"Portada\",\"item\":\"https:\/\/stratocars.com\/tienda\/\"},{\"@type\":\"ListItem\",\"position\":2,\"name\":\"Parts\",\"item\":\"https:\/\/stratocars.com\/tienda\/parts\/\"},{\"@type\":\"ListItem\",\"position\":3,\"name\":\"Suspension Roscada KW V4 Clubsport Audi S3 8p 3 Vias\"}]},{\"@type\":\"WebSite\",\"@id\":\"https:\/\/stratocars.com\/tienda\/#website\",\"url\":\"https:\/\/stratocars.com\/tienda\/\",\"name\":\"STRATOCARS | Veh\u00edculos de Importaci\u00f3n y Recambios\",\"description\":\"Veh\u00edculos de Importaci\u00f3n y Recambios al mejor precio\",\"publisher\":{\"@id\":\"https:\/\/stratocars.com\/tienda\/#organization\"},\"potentialAction\":[{\"@type\":\"SearchAction\",\"target\":{\"@type\":\"EntryPoint\",\"urlTemplate\":\"https:\/\/stratocars.com\/tienda\/?s={search_term_string}\"},\"query-input\":{\"@type\":\"PropertyValueSpecification\",\"valueRequired\":true,\"valueName\":\"search_term_string\"}}],\"inLanguage\":\"es\"},{\"@type\":\"Organization\",\"@id\":\"https:\/\/stratocars.com\/tienda\/#organization\",\"name\":\"StratoCars\",\"url\":\"https:\/\/stratocars.com\/tienda\/\",\"logo\":{\"@type\":\"ImageObject\",\"inLanguage\":\"es\",\"@id\":\"https:\/\/stratocars.com\/tienda\/#\/schema\/logo\/image\/\",\"url\":\"https:\/\/stratocars.com\/tienda\/wp-content\/uploads\/2022\/09\/web-logo-strato-cars.png\",\"contentUrl\":\"https:\/\/stratocars.com\/tienda\/wp-content\/uploads\/2022\/09\/web-logo-strato-cars.png\",\"width\":345,\"height\":113,\"caption\":\"StratoCars\"},\"image\":{\"@id\":\"https:\/\/stratocars.com\/tienda\/#\/schema\/logo\/image\/\"}}]}<\/script>\n<!-- \/ Yoast SEO plugin. -->","yoast_head_json":{"title":"Suspension Roscada KW V4 Clubsport Audi S3 8p 3 Vias","description":"Suspension Roscada KW V4 Clubsport Audi S3 8p 3 Vias kw v4 clubsport kw v1 kw v2 kw v3 kw v3 variante descuento kw coilover racing ohlins nitron trackday","robots":{"index":"index","follow":"follow","max-snippet":"max-snippet:-1","max-image-preview":"max-image-preview:large","max-video-preview":"max-video-preview:-1"},"canonical":"https:\/\/stratocars.com\/tienda\/comprar\/suspension-roscada-kw-v4-clubsport-audi-s3-8p-3-vias\/","og_locale":"es_ES","og_type":"article","og_title":"Suspension Roscada KW V4 Clubsport Audi S3 8p 3 Vias","og_description":"Suspension Roscada KW V4 Clubsport Audi S3 8p 3 Vias kw v4 clubsport kw v1 kw v2 kw v3 kw v3 variante descuento kw coilover racing ohlins nitron trackday","og_url":"https:\/\/stratocars.com\/tienda\/comprar\/suspension-roscada-kw-v4-clubsport-audi-s3-8p-3-vias\/","og_site_name":"STRATOCARS | Veh\u00edculos de Importaci\u00f3n y Recambios","article_modified_time":"2023-01-30T12:33:08+00:00","og_image":[{"width":750,"height":750,"url":"https:\/\/stratocars.com\/tienda\/wp-content\/uploads\/2022\/12\/kw-v4-clubsport.jpg","type":"image\/jpeg"}],"twitter_card":"summary_large_image","twitter_misc":{"Tiempo de lectura":"1 minuto"},"schema":{"@context":"https:\/\/schema.org","@graph":[{"@type":"WebPage","@id":"https:\/\/stratocars.com\/tienda\/comprar\/suspension-roscada-kw-v4-clubsport-audi-s3-8p-3-vias\/","url":"https:\/\/stratocars.com\/tienda\/comprar\/suspension-roscada-kw-v4-clubsport-audi-s3-8p-3-vias\/","name":"Suspension Roscada KW V4 Clubsport Audi S3 8p 3 Vias","isPartOf":{"@id":"https:\/\/stratocars.com\/tienda\/#website"},"primaryImageOfPage":{"@id":"https:\/\/stratocars.com\/tienda\/comprar\/suspension-roscada-kw-v4-clubsport-audi-s3-8p-3-vias\/#primaryimage"},"image":{"@id":"https:\/\/stratocars.com\/tienda\/comprar\/suspension-roscada-kw-v4-clubsport-audi-s3-8p-3-vias\/#primaryimage"},"thumbnailUrl":"https:\/\/stratocars.com\/tienda\/wp-content\/uploads\/2022\/12\/kw-v4-clubsport.jpg","datePublished":"2022-12-01T15:56:07+00:00","dateModified":"2023-01-30T12:33:08+00:00","description":"Suspension Roscada KW V4 Clubsport Audi S3 8p 3 Vias kw v4 clubsport kw v1 kw v2 kw v3 kw v3 variante descuento kw coilover racing ohlins nitron trackday","breadcrumb":{"@id":"https:\/\/stratocars.com\/tienda\/comprar\/suspension-roscada-kw-v4-clubsport-audi-s3-8p-3-vias\/#breadcrumb"},"inLanguage":"es","potentialAction":[{"@type":"ReadAction","target":["https:\/\/stratocars.com\/tienda\/comprar\/suspension-roscada-kw-v4-clubsport-audi-s3-8p-3-vias\/"]}]},{"@type":"ImageObject","inLanguage":"es","@id":"https:\/\/stratocars.com\/tienda\/comprar\/suspension-roscada-kw-v4-clubsport-audi-s3-8p-3-vias\/#primaryimage","url":"https:\/\/stratocars.com\/tienda\/wp-content\/uploads\/2022\/12\/kw-v4-clubsport.jpg","contentUrl":"https:\/\/stratocars.com\/tienda\/wp-content\/uploads\/2022\/12\/kw-v4-clubsport.jpg","width":750,"height":750},{"@type":"BreadcrumbList","@id":"https:\/\/stratocars.com\/tienda\/comprar\/suspension-roscada-kw-v4-clubsport-audi-s3-8p-3-vias\/#breadcrumb","itemListElement":[{"@type":"ListItem","position":1,"name":"Portada","item":"https:\/\/stratocars.com\/tienda\/"},{"@type":"ListItem","position":2,"name":"Parts","item":"https:\/\/stratocars.com\/tienda\/parts\/"},{"@type":"ListItem","position":3,"name":"Suspension Roscada KW V4 Clubsport Audi S3 8p 3 Vias"}]},{"@type":"WebSite","@id":"https:\/\/stratocars.com\/tienda\/#website","url":"https:\/\/stratocars.com\/tienda\/","name":"STRATOCARS | Veh\u00edculos de Importaci\u00f3n y Recambios","description":"Veh\u00edculos de Importaci\u00f3n y Recambios al mejor precio","publisher":{"@id":"https:\/\/stratocars.com\/tienda\/#organization"},"potentialAction":[{"@type":"SearchAction","target":{"@type":"EntryPoint","urlTemplate":"https:\/\/stratocars.com\/tienda\/?s={search_term_string}"},"query-input":{"@type":"PropertyValueSpecification","valueRequired":true,"valueName":"search_term_string"}}],"inLanguage":"es"},{"@type":"Organization","@id":"https:\/\/stratocars.com\/tienda\/#organization","name":"StratoCars","url":"https:\/\/stratocars.com\/tienda\/","logo":{"@type":"ImageObject","inLanguage":"es","@id":"https:\/\/stratocars.com\/tienda\/#\/schema\/logo\/image\/","url":"https:\/\/stratocars.com\/tienda\/wp-content\/uploads\/2022\/09\/web-logo-strato-cars.png","contentUrl":"https:\/\/stratocars.com\/tienda\/wp-content\/uploads\/2022\/09\/web-logo-strato-cars.png","width":345,"height":113,"caption":"StratoCars"},"image":{"@id":"https:\/\/stratocars.com\/tienda\/#\/schema\/logo\/image\/"}}]}},"_links":{"self":[{"href":"https:\/\/stratocars.com\/tienda\/wp-json\/wp\/v2\/product\/2214"}],"collection":[{"href":"https:\/\/stratocars.com\/tienda\/wp-json\/wp\/v2\/product"}],"about":[{"href":"https:\/\/stratocars.com\/tienda\/wp-json\/wp\/v2\/types\/product"}],"wp:featuredmedia":[{"embeddable":true,"href":"https:\/\/stratocars.com\/tienda\/wp-json\/wp\/v2\/media\/2210"}],"wp:attachment":[{"href":"https:\/\/stratocars.com\/tienda\/wp-json\/wp\/v2\/media?parent=2214"}],"wp:term":[{"taxonomy":"make_fuel_type","embeddable":true,"href":"https:\/\/stratocars.com\/tienda\/wp-json\/wp\/v2\/make_fuel_type?post=2214"},{"taxonomy":"make_model","embeddable":true,"href":"https:\/\/stratocars.com\/tienda\/wp-json\/wp\/v2\/make_model?post=2214"},{"taxonomy":"make_brand","embeddable":true,"href":"https:\/\/stratocars.com\/tienda\/wp-json\/wp\/v2\/make_brand?post=2214"},{"taxonomy":"make_year","embeddable":true,"href":"https:\/\/stratocars.com\/tienda\/wp-json\/wp\/v2\/make_year?post=2214"},{"taxonomy":"product_cat","embeddable":true,"href":"https:\/\/stratocars.com\/tienda\/wp-json\/wp\/v2\/product_cat?post=2214"},{"taxonomy":"product_tag","embeddable":true,"href":"https:\/\/stratocars.com\/tienda\/wp-json\/wp\/v2\/product_tag?post=2214"}],"curies":[{"name":"wp","href":"https:\/\/api.w.org\/{rel}","templated":true}]}}