{"id":2222,"date":"2022-12-01T17:41:01","date_gmt":"2022-12-01T17:41:01","guid":{"rendered":"https:\/\/stratocars.com\/tienda\/?post_type=product&#038;p=2222"},"modified":"2023-02-01T11:49:50","modified_gmt":"2023-02-01T11:49:50","slug":"suspension-roscada-kw-v4-clubsport-dodge-challenger-srt-hellcat-ano-mod-15","status":"publish","type":"product","link":"https:\/\/stratocars.com\/tienda\/comprar\/suspension-roscada-kw-v4-clubsport-dodge-challenger-srt-hellcat-ano-mod-15\/","title":{"rendered":"Suspension Roscada KW V4 Clubsport  DODGE CHALLENGER SRT HELLCAT"},"content":{"rendered":"<p>Suspension Roscada KW V4 Clubsport DODGE CHALLENGER SRT HELLCAT<\/p>\n<div class=\"product__common-attributes\" style=\"font-size: 0.85rem;color: #545454;font-family: 'Open Sans', 'Helvetica Neue', Helvetica, Arial, sans-serif;font-style: normal;font-weight: 400;letter-spacing: normal;text-align: left;text-indent: 0px;text-transform: none;background-color: #ffffff\" data-bind=\"fadeVisible: Object.keys(commonAttributes()).length &gt; 0\">\n<ul data-bind=\"foreach: {data: attributes_to_show(), as: '_propkey'}\">\n<li class=\"product-attributes\"><strong>Reducci\u00f3n de FA\/RA (mm):\u00a05-30\/10-30\u00a0<i class=\"fa fa-info-circle\"><\/i><\/strong><\/li>\n<li class=\"product-attributes\"><strong>Versi\u00f3n:\u00a0V4<\/strong><\/li>\n<li class=\"product-attributes\"><strong>Ajuste de amortiguaci\u00f3n:\u00a0amortiguaci\u00f3n de rebote y compresi\u00f3n<\/strong><\/li>\n<li class=\"product-attributes\"><strong>Material:\u00a0Acero inoxidable<\/strong><\/li>\n<li class=\"product-attributes\"><strong>Ajuste FA\/RA:\u00a0Rosca\/Rosca<\/strong><\/li>\n<li class=\"product-attributes\"><strong>Homologaci\u00f3n:\u00a0certificados de piezas (\u00a719.3)<\/strong><\/li>\n<\/ul>\n<\/div>\n<div class=\"product__car-data\">\n<div class=\"product__car-short-text\" data-bind=\"if: selectedCar()\">tipo de coche:\u00a0DODGE CHARGER 01\/2011- CARGADOR 01\/2011- CARGADOR 01\/2011-\u00a0CARGADOR 01\/2011- 6.2 SRT Hellcat &#8211; 527kW &#8211; 6166ccm &#8211; 8 cyl. &#8211; Tracci\u00f3n trasera<\/div>\n<div class=\"product__car-hint\" data-bind=\"if: getCarConstructionYear() || getAxleLoad()\">\n<div><i class=\"fa fa-exclamation-triangle color-red\"><\/i>\u00a0S\u00f3lo modelos<\/div>\n<div class=\"construction-year\"><span data-bind=\"text: getCarConstructionYear()\">A\u00f1o: Mod. 15-<\/span><span data-bind=\"text: getAxleLoad()\">Carga por eje FA\/RA (kg): -1293\/-1275<\/span><\/div>\n<\/div>\n<\/div>\n<p><img decoding=\"async\" class=\"alignnone size-medium wp-image-2184\" src=\"https:\/\/stratocars.com\/tienda\/wp-content\/uploads\/2022\/11\/kw_amortiguador-300x117.png\" alt=\"\" width=\"300\" height=\"117\" srcset=\"https:\/\/stratocars.com\/tienda\/wp-content\/uploads\/2022\/11\/kw_amortiguador-300x117.png 300w, https:\/\/stratocars.com\/tienda\/wp-content\/uploads\/2022\/11\/kw_amortiguador.png 490w\" sizes=\"(max-width: 300px) 100vw, 300px\" \/><img decoding=\"async\" class=\"alignnone size-medium wp-image-2185\" src=\"https:\/\/stratocars.com\/tienda\/wp-content\/uploads\/2022\/11\/kw_gama_suspension-300x117.png\" alt=\"\" width=\"300\" height=\"117\" srcset=\"https:\/\/stratocars.com\/tienda\/wp-content\/uploads\/2022\/11\/kw_gama_suspension-300x117.png 300w, https:\/\/stratocars.com\/tienda\/wp-content\/uploads\/2022\/11\/kw_gama_suspension.png 490w\" sizes=\"(max-width: 300px) 100vw, 300px\" \/><\/p>\n","protected":false},"excerpt":{"rendered":"<p>Suspension Roscada KW V4 Clubsport DODGE CHALLENGER SRT HELLCAT A\u00d1O: MOD. 15-<\/p>\n","protected":false},"featured_media":2210,"template":"","meta":[],"make_fuel_type":[],"make_model":[344],"make_brand":[321],"make_year":[176,177,178,179,180,181,182,183,184,185],"product_cat":[49,112,134],"product_tag":[864],"class_list":{"0":"post-2222","1":"product","2":"type-product","3":"status-publish","4":"has-post-thumbnail","6":"make_engine-todas-las-motorizaciones","7":"make_model-challenger","8":"make_brand-dodge","9":"make_year-176","10":"make_year-177","11":"make_year-178","12":"make_year-179","13":"make_year-180","14":"make_year-181","15":"make_year-182","16":"make_year-183","17":"make_year-184","18":"make_year-185","19":"product_cat-chasis","20":"product_cat-suspension","21":"product_cat-suspension-roscada","22":"product_tag-entrega-1-4-semanas","24":"first","25":"instock","26":"sale","27":"sold-individually","28":"taxable","29":"shipping-taxable","30":"purchasable","31":"product-type-simple"},"exclude_global_add_ons":[],"addons":[],"yoast_head":"<!-- This site is optimized with the Yoast SEO plugin v23.4 - https:\/\/yoast.com\/wordpress\/plugins\/seo\/ -->\n<title>Suspension KW V4 Clubsport DODGE CHALLENGER SRT<\/title>\n<meta name=\"description\" content=\"Suspension Roscada KW V4 Clubsport DODGE SRT HELLCAT kw v4 clubsport kw v1 kw v2 kw v3 kw v3 variante descuento kw coilover racing ohlins nitron trackday\" \/>\n<meta name=\"robots\" content=\"index, follow, max-snippet:-1, max-image-preview:large, max-video-preview:-1\" \/>\n<link rel=\"canonical\" href=\"https:\/\/stratocars.com\/tienda\/comprar\/suspension-roscada-kw-v4-clubsport-dodge-challenger-srt-hellcat-ano-mod-15\/\" \/>\n<meta property=\"og:locale\" content=\"es_ES\" \/>\n<meta property=\"og:type\" content=\"article\" \/>\n<meta property=\"og:title\" content=\"Suspension KW V4 Clubsport DODGE CHALLENGER SRT\" \/>\n<meta property=\"og:description\" content=\"Suspension Roscada KW V4 Clubsport DODGE SRT HELLCAT kw v4 clubsport kw v1 kw v2 kw v3 kw v3 variante descuento kw coilover racing ohlins nitron trackday\" \/>\n<meta property=\"og:url\" content=\"https:\/\/stratocars.com\/tienda\/comprar\/suspension-roscada-kw-v4-clubsport-dodge-challenger-srt-hellcat-ano-mod-15\/\" \/>\n<meta property=\"og:site_name\" content=\"STRATOCARS | Veh\u00edculos de Importaci\u00f3n y Recambios\" \/>\n<meta property=\"article:modified_time\" content=\"2023-02-01T11:49:50+00:00\" \/>\n<meta property=\"og:image\" content=\"https:\/\/stratocars.com\/tienda\/wp-content\/uploads\/2022\/12\/kw-v4-clubsport.jpg\" \/>\n\t<meta property=\"og:image:width\" content=\"750\" \/>\n\t<meta property=\"og:image:height\" content=\"750\" \/>\n\t<meta property=\"og:image:type\" content=\"image\/jpeg\" \/>\n<meta name=\"twitter:card\" content=\"summary_large_image\" \/>\n<meta name=\"twitter:label1\" content=\"Tiempo de lectura\" \/>\n\t<meta name=\"twitter:data1\" content=\"1 minuto\" \/>\n<script type=\"application\/ld+json\" class=\"yoast-schema-graph\">{\"@context\":\"https:\/\/schema.org\",\"@graph\":[{\"@type\":\"WebPage\",\"@id\":\"https:\/\/stratocars.com\/tienda\/comprar\/suspension-roscada-kw-v4-clubsport-dodge-challenger-srt-hellcat-ano-mod-15\/\",\"url\":\"https:\/\/stratocars.com\/tienda\/comprar\/suspension-roscada-kw-v4-clubsport-dodge-challenger-srt-hellcat-ano-mod-15\/\",\"name\":\"Suspension KW V4 Clubsport DODGE CHALLENGER SRT\",\"isPartOf\":{\"@id\":\"https:\/\/stratocars.com\/tienda\/#website\"},\"primaryImageOfPage\":{\"@id\":\"https:\/\/stratocars.com\/tienda\/comprar\/suspension-roscada-kw-v4-clubsport-dodge-challenger-srt-hellcat-ano-mod-15\/#primaryimage\"},\"image\":{\"@id\":\"https:\/\/stratocars.com\/tienda\/comprar\/suspension-roscada-kw-v4-clubsport-dodge-challenger-srt-hellcat-ano-mod-15\/#primaryimage\"},\"thumbnailUrl\":\"https:\/\/stratocars.com\/tienda\/wp-content\/uploads\/2022\/12\/kw-v4-clubsport.jpg\",\"datePublished\":\"2022-12-01T17:41:01+00:00\",\"dateModified\":\"2023-02-01T11:49:50+00:00\",\"description\":\"Suspension Roscada KW V4 Clubsport DODGE SRT HELLCAT kw v4 clubsport kw v1 kw v2 kw v3 kw v3 variante descuento kw coilover racing ohlins nitron trackday\",\"breadcrumb\":{\"@id\":\"https:\/\/stratocars.com\/tienda\/comprar\/suspension-roscada-kw-v4-clubsport-dodge-challenger-srt-hellcat-ano-mod-15\/#breadcrumb\"},\"inLanguage\":\"es\",\"potentialAction\":[{\"@type\":\"ReadAction\",\"target\":[\"https:\/\/stratocars.com\/tienda\/comprar\/suspension-roscada-kw-v4-clubsport-dodge-challenger-srt-hellcat-ano-mod-15\/\"]}]},{\"@type\":\"ImageObject\",\"inLanguage\":\"es\",\"@id\":\"https:\/\/stratocars.com\/tienda\/comprar\/suspension-roscada-kw-v4-clubsport-dodge-challenger-srt-hellcat-ano-mod-15\/#primaryimage\",\"url\":\"https:\/\/stratocars.com\/tienda\/wp-content\/uploads\/2022\/12\/kw-v4-clubsport.jpg\",\"contentUrl\":\"https:\/\/stratocars.com\/tienda\/wp-content\/uploads\/2022\/12\/kw-v4-clubsport.jpg\",\"width\":750,\"height\":750},{\"@type\":\"BreadcrumbList\",\"@id\":\"https:\/\/stratocars.com\/tienda\/comprar\/suspension-roscada-kw-v4-clubsport-dodge-challenger-srt-hellcat-ano-mod-15\/#breadcrumb\",\"itemListElement\":[{\"@type\":\"ListItem\",\"position\":1,\"name\":\"Portada\",\"item\":\"https:\/\/stratocars.com\/tienda\/\"},{\"@type\":\"ListItem\",\"position\":2,\"name\":\"Parts\",\"item\":\"https:\/\/stratocars.com\/tienda\/parts\/\"},{\"@type\":\"ListItem\",\"position\":3,\"name\":\"Suspension Roscada KW V4 Clubsport DODGE CHALLENGER SRT HELLCAT\"}]},{\"@type\":\"WebSite\",\"@id\":\"https:\/\/stratocars.com\/tienda\/#website\",\"url\":\"https:\/\/stratocars.com\/tienda\/\",\"name\":\"STRATOCARS | Veh\u00edculos de Importaci\u00f3n y Recambios\",\"description\":\"Veh\u00edculos de Importaci\u00f3n y Recambios al mejor precio\",\"publisher\":{\"@id\":\"https:\/\/stratocars.com\/tienda\/#organization\"},\"potentialAction\":[{\"@type\":\"SearchAction\",\"target\":{\"@type\":\"EntryPoint\",\"urlTemplate\":\"https:\/\/stratocars.com\/tienda\/?s={search_term_string}\"},\"query-input\":{\"@type\":\"PropertyValueSpecification\",\"valueRequired\":true,\"valueName\":\"search_term_string\"}}],\"inLanguage\":\"es\"},{\"@type\":\"Organization\",\"@id\":\"https:\/\/stratocars.com\/tienda\/#organization\",\"name\":\"StratoCars\",\"url\":\"https:\/\/stratocars.com\/tienda\/\",\"logo\":{\"@type\":\"ImageObject\",\"inLanguage\":\"es\",\"@id\":\"https:\/\/stratocars.com\/tienda\/#\/schema\/logo\/image\/\",\"url\":\"https:\/\/stratocars.com\/tienda\/wp-content\/uploads\/2022\/09\/web-logo-strato-cars.png\",\"contentUrl\":\"https:\/\/stratocars.com\/tienda\/wp-content\/uploads\/2022\/09\/web-logo-strato-cars.png\",\"width\":345,\"height\":113,\"caption\":\"StratoCars\"},\"image\":{\"@id\":\"https:\/\/stratocars.com\/tienda\/#\/schema\/logo\/image\/\"}}]}<\/script>\n<!-- \/ Yoast SEO plugin. -->","yoast_head_json":{"title":"Suspension KW V4 Clubsport DODGE CHALLENGER SRT","description":"Suspension Roscada KW V4 Clubsport DODGE SRT HELLCAT kw v4 clubsport kw v1 kw v2 kw v3 kw v3 variante descuento kw coilover racing ohlins nitron trackday","robots":{"index":"index","follow":"follow","max-snippet":"max-snippet:-1","max-image-preview":"max-image-preview:large","max-video-preview":"max-video-preview:-1"},"canonical":"https:\/\/stratocars.com\/tienda\/comprar\/suspension-roscada-kw-v4-clubsport-dodge-challenger-srt-hellcat-ano-mod-15\/","og_locale":"es_ES","og_type":"article","og_title":"Suspension KW V4 Clubsport DODGE CHALLENGER SRT","og_description":"Suspension Roscada KW V4 Clubsport DODGE SRT HELLCAT kw v4 clubsport kw v1 kw v2 kw v3 kw v3 variante descuento kw coilover racing ohlins nitron trackday","og_url":"https:\/\/stratocars.com\/tienda\/comprar\/suspension-roscada-kw-v4-clubsport-dodge-challenger-srt-hellcat-ano-mod-15\/","og_site_name":"STRATOCARS | Veh\u00edculos de Importaci\u00f3n y Recambios","article_modified_time":"2023-02-01T11:49:50+00:00","og_image":[{"width":750,"height":750,"url":"https:\/\/stratocars.com\/tienda\/wp-content\/uploads\/2022\/12\/kw-v4-clubsport.jpg","type":"image\/jpeg"}],"twitter_card":"summary_large_image","twitter_misc":{"Tiempo de lectura":"1 minuto"},"schema":{"@context":"https:\/\/schema.org","@graph":[{"@type":"WebPage","@id":"https:\/\/stratocars.com\/tienda\/comprar\/suspension-roscada-kw-v4-clubsport-dodge-challenger-srt-hellcat-ano-mod-15\/","url":"https:\/\/stratocars.com\/tienda\/comprar\/suspension-roscada-kw-v4-clubsport-dodge-challenger-srt-hellcat-ano-mod-15\/","name":"Suspension KW V4 Clubsport DODGE CHALLENGER SRT","isPartOf":{"@id":"https:\/\/stratocars.com\/tienda\/#website"},"primaryImageOfPage":{"@id":"https:\/\/stratocars.com\/tienda\/comprar\/suspension-roscada-kw-v4-clubsport-dodge-challenger-srt-hellcat-ano-mod-15\/#primaryimage"},"image":{"@id":"https:\/\/stratocars.com\/tienda\/comprar\/suspension-roscada-kw-v4-clubsport-dodge-challenger-srt-hellcat-ano-mod-15\/#primaryimage"},"thumbnailUrl":"https:\/\/stratocars.com\/tienda\/wp-content\/uploads\/2022\/12\/kw-v4-clubsport.jpg","datePublished":"2022-12-01T17:41:01+00:00","dateModified":"2023-02-01T11:49:50+00:00","description":"Suspension Roscada KW V4 Clubsport DODGE SRT HELLCAT kw v4 clubsport kw v1 kw v2 kw v3 kw v3 variante descuento kw coilover racing ohlins nitron trackday","breadcrumb":{"@id":"https:\/\/stratocars.com\/tienda\/comprar\/suspension-roscada-kw-v4-clubsport-dodge-challenger-srt-hellcat-ano-mod-15\/#breadcrumb"},"inLanguage":"es","potentialAction":[{"@type":"ReadAction","target":["https:\/\/stratocars.com\/tienda\/comprar\/suspension-roscada-kw-v4-clubsport-dodge-challenger-srt-hellcat-ano-mod-15\/"]}]},{"@type":"ImageObject","inLanguage":"es","@id":"https:\/\/stratocars.com\/tienda\/comprar\/suspension-roscada-kw-v4-clubsport-dodge-challenger-srt-hellcat-ano-mod-15\/#primaryimage","url":"https:\/\/stratocars.com\/tienda\/wp-content\/uploads\/2022\/12\/kw-v4-clubsport.jpg","contentUrl":"https:\/\/stratocars.com\/tienda\/wp-content\/uploads\/2022\/12\/kw-v4-clubsport.jpg","width":750,"height":750},{"@type":"BreadcrumbList","@id":"https:\/\/stratocars.com\/tienda\/comprar\/suspension-roscada-kw-v4-clubsport-dodge-challenger-srt-hellcat-ano-mod-15\/#breadcrumb","itemListElement":[{"@type":"ListItem","position":1,"name":"Portada","item":"https:\/\/stratocars.com\/tienda\/"},{"@type":"ListItem","position":2,"name":"Parts","item":"https:\/\/stratocars.com\/tienda\/parts\/"},{"@type":"ListItem","position":3,"name":"Suspension Roscada KW V4 Clubsport DODGE CHALLENGER SRT HELLCAT"}]},{"@type":"WebSite","@id":"https:\/\/stratocars.com\/tienda\/#website","url":"https:\/\/stratocars.com\/tienda\/","name":"STRATOCARS | Veh\u00edculos de Importaci\u00f3n y Recambios","description":"Veh\u00edculos de Importaci\u00f3n y Recambios al mejor precio","publisher":{"@id":"https:\/\/stratocars.com\/tienda\/#organization"},"potentialAction":[{"@type":"SearchAction","target":{"@type":"EntryPoint","urlTemplate":"https:\/\/stratocars.com\/tienda\/?s={search_term_string}"},"query-input":{"@type":"PropertyValueSpecification","valueRequired":true,"valueName":"search_term_string"}}],"inLanguage":"es"},{"@type":"Organization","@id":"https:\/\/stratocars.com\/tienda\/#organization","name":"StratoCars","url":"https:\/\/stratocars.com\/tienda\/","logo":{"@type":"ImageObject","inLanguage":"es","@id":"https:\/\/stratocars.com\/tienda\/#\/schema\/logo\/image\/","url":"https:\/\/stratocars.com\/tienda\/wp-content\/uploads\/2022\/09\/web-logo-strato-cars.png","contentUrl":"https:\/\/stratocars.com\/tienda\/wp-content\/uploads\/2022\/09\/web-logo-strato-cars.png","width":345,"height":113,"caption":"StratoCars"},"image":{"@id":"https:\/\/stratocars.com\/tienda\/#\/schema\/logo\/image\/"}}]}},"_links":{"self":[{"href":"https:\/\/stratocars.com\/tienda\/wp-json\/wp\/v2\/product\/2222"}],"collection":[{"href":"https:\/\/stratocars.com\/tienda\/wp-json\/wp\/v2\/product"}],"about":[{"href":"https:\/\/stratocars.com\/tienda\/wp-json\/wp\/v2\/types\/product"}],"wp:featuredmedia":[{"embeddable":true,"href":"https:\/\/stratocars.com\/tienda\/wp-json\/wp\/v2\/media\/2210"}],"wp:attachment":[{"href":"https:\/\/stratocars.com\/tienda\/wp-json\/wp\/v2\/media?parent=2222"}],"wp:term":[{"taxonomy":"make_fuel_type","embeddable":true,"href":"https:\/\/stratocars.com\/tienda\/wp-json\/wp\/v2\/make_fuel_type?post=2222"},{"taxonomy":"make_model","embeddable":true,"href":"https:\/\/stratocars.com\/tienda\/wp-json\/wp\/v2\/make_model?post=2222"},{"taxonomy":"make_brand","embeddable":true,"href":"https:\/\/stratocars.com\/tienda\/wp-json\/wp\/v2\/make_brand?post=2222"},{"taxonomy":"make_year","embeddable":true,"href":"https:\/\/stratocars.com\/tienda\/wp-json\/wp\/v2\/make_year?post=2222"},{"taxonomy":"product_cat","embeddable":true,"href":"https:\/\/stratocars.com\/tienda\/wp-json\/wp\/v2\/product_cat?post=2222"},{"taxonomy":"product_tag","embeddable":true,"href":"https:\/\/stratocars.com\/tienda\/wp-json\/wp\/v2\/product_tag?post=2222"}],"curies":[{"name":"wp","href":"https:\/\/api.w.org\/{rel}","templated":true}]}}