{"id":2283,"date":"2022-12-15T18:12:56","date_gmt":"2022-12-15T18:12:56","guid":{"rendered":"https:\/\/stratocars.com\/tienda\/?post_type=product&#038;p=2283"},"modified":"2024-04-10T10:54:23","modified_gmt":"2024-04-10T10:54:23","slug":"bc-racing-br-rs-serie-5-4x4-50mm-mangueta","status":"publish","type":"product","link":"https:\/\/stratocars.com\/tienda\/comprar\/bc-racing-br-rs-serie-5-4x4-50mm-mangueta\/","title":{"rendered":"Bc Racing BR RS Bmw Serie 5 E60 (4&#215;4 50mm mangueta)"},"content":{"rendered":"<p>Bc Racing BR RS Bmw Serie 5 E60 (4&#215;4 50mm mangueta)<\/p>\n<p>&nbsp;<\/p>\n<p>Soporte superior Pillowball<\/p>\n<p>* Soportes superiores ajustables Camber<\/p>\n<p>Placas superiores de aluminio<\/p>\n<p>Amortiguaci\u00f3n ajustable de 30 clicks<\/p>\n<p>Plataforma de resorte ajustable<\/p>\n<p>Ajuste de altura mediante montaje inferior para conservar el recorrido total del amortiguador<\/p>\n<p>Plataforma de resorte delantero superior montada en el rodamiento<\/p>\n<p>Reten antipolvo para proteger los sellos del amortiguador<\/p>\n<p>* Algunas caracter\u00edsticas dependen del modelo<\/p>\n<p>&nbsp;<\/p>\n<p><img decoding=\"async\" class=\"alignnone size-medium wp-image-2246\" src=\"https:\/\/stratocars.com\/tienda\/wp-content\/uploads\/2022\/12\/bc-racing-stratocars-300x150.jpg\" alt=\"\" width=\"300\" height=\"150\" srcset=\"https:\/\/stratocars.com\/tienda\/wp-content\/uploads\/2022\/12\/bc-racing-stratocars-300x150.jpg 300w, https:\/\/stratocars.com\/tienda\/wp-content\/uploads\/2022\/12\/bc-racing-stratocars-1024x512.jpg 1024w, https:\/\/stratocars.com\/tienda\/wp-content\/uploads\/2022\/12\/bc-racing-stratocars-768x384.jpg 768w, https:\/\/stratocars.com\/tienda\/wp-content\/uploads\/2022\/12\/bc-racing-stratocars-1536x768.jpg 1536w, https:\/\/stratocars.com\/tienda\/wp-content\/uploads\/2022\/12\/bc-racing-stratocars-2048x1024.jpg 2048w, https:\/\/stratocars.com\/tienda\/wp-content\/uploads\/2022\/12\/bc-racing-stratocars-600x300.jpg 600w\" sizes=\"(max-width: 300px) 100vw, 300px\" \/><img decoding=\"async\" class=\"alignnone size-medium wp-image-2249\" src=\"https:\/\/stratocars.com\/tienda\/wp-content\/uploads\/2022\/12\/bc-racing-tipos-300x150.jpg\" alt=\"\" width=\"300\" height=\"150\" srcset=\"https:\/\/stratocars.com\/tienda\/wp-content\/uploads\/2022\/12\/bc-racing-tipos-300x150.jpg 300w, https:\/\/stratocars.com\/tienda\/wp-content\/uploads\/2022\/12\/bc-racing-tipos-1024x512.jpg 1024w, https:\/\/stratocars.com\/tienda\/wp-content\/uploads\/2022\/12\/bc-racing-tipos-768x384.jpg 768w, https:\/\/stratocars.com\/tienda\/wp-content\/uploads\/2022\/12\/bc-racing-tipos-600x300.jpg 600w, https:\/\/stratocars.com\/tienda\/wp-content\/uploads\/2022\/12\/bc-racing-tipos.jpg 1400w\" sizes=\"(max-width: 300px) 100vw, 300px\" \/><\/p>\n","protected":false},"excerpt":{"rendered":"<p>Bc Racing Br RS Bmw Serie 5 E60 (4&#215;4 50mm mangueta)<\/p>\n","protected":false},"featured_media":2240,"template":"","meta":[],"make_fuel_type":[],"make_model":[523],"make_brand":[65],"make_year":[34,35,36,171,172,173,174,175],"product_cat":[49,112,134],"product_tag":[],"class_list":{"0":"post-2283","1":"product","2":"type-product","3":"status-publish","4":"has-post-thumbnail","6":"make_engine-20d","7":"make_engine-20i","8":"make_engine-23i","9":"make_engine-25d","10":"make_engine-28i","11":"make_engine-30d","12":"make_engine-30i","13":"make_engine-35d","14":"make_engine-35i","15":"make_engine-45i","16":"make_engine-50i","17":"make_model-5-e60","18":"make_brand-bmw","19":"make_year-34","20":"make_year-35","21":"make_year-36","22":"make_year-171","23":"make_year-172","24":"make_year-173","25":"make_year-174","26":"make_year-175","27":"product_cat-chasis","28":"product_cat-suspension","29":"product_cat-suspension-roscada","31":"first","32":"instock","33":"sale","34":"taxable","35":"shipping-taxable","36":"purchasable","37":"product-type-simple"},"exclude_global_add_ons":[],"addons":[],"yoast_head":"<!-- This site is optimized with the Yoast SEO plugin v23.4 - https:\/\/yoast.com\/wordpress\/plugins\/seo\/ -->\n<title>Bc Racing BR RS Bmw Serie 5 E60 (4x4 50mm mangueta)<\/title>\n<meta name=\"description\" content=\"Bc Racing CG RS roscada R32 GTR\/GTS-4track suspension civic ek eg6 ej1 serie 5 e60 4x4 coilover Bc Racing BR RS Bmw Serie 5 E60 (4x4 50mm mangueta)\" \/>\n<meta name=\"robots\" content=\"index, follow, max-snippet:-1, max-image-preview:large, max-video-preview:-1\" \/>\n<link rel=\"canonical\" href=\"https:\/\/stratocars.com\/tienda\/comprar\/bc-racing-br-rs-serie-5-4x4-50mm-mangueta\/\" \/>\n<meta property=\"og:locale\" content=\"es_ES\" \/>\n<meta property=\"og:type\" content=\"article\" \/>\n<meta property=\"og:title\" content=\"Bc Racing BR RS Bmw Serie 5 E60 (4x4 50mm mangueta)\" \/>\n<meta property=\"og:description\" content=\"Bc Racing CG RS roscada R32 GTR\/GTS-4track suspension civic ek eg6 ej1 serie 5 e60 4x4 coilover Bc Racing BR RS Bmw Serie 5 E60 (4x4 50mm mangueta)\" \/>\n<meta property=\"og:url\" content=\"https:\/\/stratocars.com\/tienda\/comprar\/bc-racing-br-rs-serie-5-4x4-50mm-mangueta\/\" \/>\n<meta property=\"og:site_name\" content=\"STRATOCARS | Veh\u00edculos de Importaci\u00f3n y Recambios\" \/>\n<meta property=\"article:modified_time\" content=\"2024-04-10T10:54:23+00:00\" \/>\n<meta property=\"og:image\" content=\"https:\/\/stratocars.com\/tienda\/wp-content\/uploads\/2022\/12\/bc-racing-br.jpg\" \/>\n\t<meta property=\"og:image:width\" content=\"750\" \/>\n\t<meta property=\"og:image:height\" content=\"750\" \/>\n\t<meta property=\"og:image:type\" content=\"image\/jpeg\" \/>\n<meta name=\"twitter:card\" content=\"summary_large_image\" \/>\n<meta name=\"twitter:label1\" content=\"Tiempo de lectura\" \/>\n\t<meta name=\"twitter:data1\" content=\"1 minuto\" \/>\n<script type=\"application\/ld+json\" class=\"yoast-schema-graph\">{\"@context\":\"https:\/\/schema.org\",\"@graph\":[{\"@type\":\"WebPage\",\"@id\":\"https:\/\/stratocars.com\/tienda\/comprar\/bc-racing-br-rs-serie-5-4x4-50mm-mangueta\/\",\"url\":\"https:\/\/stratocars.com\/tienda\/comprar\/bc-racing-br-rs-serie-5-4x4-50mm-mangueta\/\",\"name\":\"Bc Racing BR RS Bmw Serie 5 E60 (4x4 50mm mangueta)\",\"isPartOf\":{\"@id\":\"https:\/\/stratocars.com\/tienda\/#website\"},\"primaryImageOfPage\":{\"@id\":\"https:\/\/stratocars.com\/tienda\/comprar\/bc-racing-br-rs-serie-5-4x4-50mm-mangueta\/#primaryimage\"},\"image\":{\"@id\":\"https:\/\/stratocars.com\/tienda\/comprar\/bc-racing-br-rs-serie-5-4x4-50mm-mangueta\/#primaryimage\"},\"thumbnailUrl\":\"https:\/\/stratocars.com\/tienda\/wp-content\/uploads\/2022\/12\/bc-racing-br.jpg\",\"datePublished\":\"2022-12-15T18:12:56+00:00\",\"dateModified\":\"2024-04-10T10:54:23+00:00\",\"description\":\"Bc Racing CG RS roscada R32 GTR\/GTS-4track suspension civic ek eg6 ej1 serie 5 e60 4x4 coilover Bc Racing BR RS Bmw Serie 5 E60 (4x4 50mm mangueta)\",\"breadcrumb\":{\"@id\":\"https:\/\/stratocars.com\/tienda\/comprar\/bc-racing-br-rs-serie-5-4x4-50mm-mangueta\/#breadcrumb\"},\"inLanguage\":\"es\",\"potentialAction\":[{\"@type\":\"ReadAction\",\"target\":[\"https:\/\/stratocars.com\/tienda\/comprar\/bc-racing-br-rs-serie-5-4x4-50mm-mangueta\/\"]}]},{\"@type\":\"ImageObject\",\"inLanguage\":\"es\",\"@id\":\"https:\/\/stratocars.com\/tienda\/comprar\/bc-racing-br-rs-serie-5-4x4-50mm-mangueta\/#primaryimage\",\"url\":\"https:\/\/stratocars.com\/tienda\/wp-content\/uploads\/2022\/12\/bc-racing-br.jpg\",\"contentUrl\":\"https:\/\/stratocars.com\/tienda\/wp-content\/uploads\/2022\/12\/bc-racing-br.jpg\",\"width\":750,\"height\":750},{\"@type\":\"BreadcrumbList\",\"@id\":\"https:\/\/stratocars.com\/tienda\/comprar\/bc-racing-br-rs-serie-5-4x4-50mm-mangueta\/#breadcrumb\",\"itemListElement\":[{\"@type\":\"ListItem\",\"position\":1,\"name\":\"Portada\",\"item\":\"https:\/\/stratocars.com\/tienda\/\"},{\"@type\":\"ListItem\",\"position\":2,\"name\":\"Parts\",\"item\":\"https:\/\/stratocars.com\/tienda\/parts\/\"},{\"@type\":\"ListItem\",\"position\":3,\"name\":\"Bc Racing BR RS Bmw Serie 5 E60 (4&#215;4 50mm mangueta)\"}]},{\"@type\":\"WebSite\",\"@id\":\"https:\/\/stratocars.com\/tienda\/#website\",\"url\":\"https:\/\/stratocars.com\/tienda\/\",\"name\":\"STRATOCARS | Veh\u00edculos de Importaci\u00f3n y Recambios\",\"description\":\"Veh\u00edculos de Importaci\u00f3n y Recambios al mejor precio\",\"publisher\":{\"@id\":\"https:\/\/stratocars.com\/tienda\/#organization\"},\"potentialAction\":[{\"@type\":\"SearchAction\",\"target\":{\"@type\":\"EntryPoint\",\"urlTemplate\":\"https:\/\/stratocars.com\/tienda\/?s={search_term_string}\"},\"query-input\":{\"@type\":\"PropertyValueSpecification\",\"valueRequired\":true,\"valueName\":\"search_term_string\"}}],\"inLanguage\":\"es\"},{\"@type\":\"Organization\",\"@id\":\"https:\/\/stratocars.com\/tienda\/#organization\",\"name\":\"StratoCars\",\"url\":\"https:\/\/stratocars.com\/tienda\/\",\"logo\":{\"@type\":\"ImageObject\",\"inLanguage\":\"es\",\"@id\":\"https:\/\/stratocars.com\/tienda\/#\/schema\/logo\/image\/\",\"url\":\"https:\/\/stratocars.com\/tienda\/wp-content\/uploads\/2022\/09\/web-logo-strato-cars.png\",\"contentUrl\":\"https:\/\/stratocars.com\/tienda\/wp-content\/uploads\/2022\/09\/web-logo-strato-cars.png\",\"width\":345,\"height\":113,\"caption\":\"StratoCars\"},\"image\":{\"@id\":\"https:\/\/stratocars.com\/tienda\/#\/schema\/logo\/image\/\"}}]}<\/script>\n<!-- \/ Yoast SEO plugin. -->","yoast_head_json":{"title":"Bc Racing BR RS Bmw Serie 5 E60 (4x4 50mm mangueta)","description":"Bc Racing CG RS roscada R32 GTR\/GTS-4track suspension civic ek eg6 ej1 serie 5 e60 4x4 coilover Bc Racing BR RS Bmw Serie 5 E60 (4x4 50mm mangueta)","robots":{"index":"index","follow":"follow","max-snippet":"max-snippet:-1","max-image-preview":"max-image-preview:large","max-video-preview":"max-video-preview:-1"},"canonical":"https:\/\/stratocars.com\/tienda\/comprar\/bc-racing-br-rs-serie-5-4x4-50mm-mangueta\/","og_locale":"es_ES","og_type":"article","og_title":"Bc Racing BR RS Bmw Serie 5 E60 (4x4 50mm mangueta)","og_description":"Bc Racing CG RS roscada R32 GTR\/GTS-4track suspension civic ek eg6 ej1 serie 5 e60 4x4 coilover Bc Racing BR RS Bmw Serie 5 E60 (4x4 50mm mangueta)","og_url":"https:\/\/stratocars.com\/tienda\/comprar\/bc-racing-br-rs-serie-5-4x4-50mm-mangueta\/","og_site_name":"STRATOCARS | Veh\u00edculos de Importaci\u00f3n y Recambios","article_modified_time":"2024-04-10T10:54:23+00:00","og_image":[{"width":750,"height":750,"url":"https:\/\/stratocars.com\/tienda\/wp-content\/uploads\/2022\/12\/bc-racing-br.jpg","type":"image\/jpeg"}],"twitter_card":"summary_large_image","twitter_misc":{"Tiempo de lectura":"1 minuto"},"schema":{"@context":"https:\/\/schema.org","@graph":[{"@type":"WebPage","@id":"https:\/\/stratocars.com\/tienda\/comprar\/bc-racing-br-rs-serie-5-4x4-50mm-mangueta\/","url":"https:\/\/stratocars.com\/tienda\/comprar\/bc-racing-br-rs-serie-5-4x4-50mm-mangueta\/","name":"Bc Racing BR RS Bmw Serie 5 E60 (4x4 50mm mangueta)","isPartOf":{"@id":"https:\/\/stratocars.com\/tienda\/#website"},"primaryImageOfPage":{"@id":"https:\/\/stratocars.com\/tienda\/comprar\/bc-racing-br-rs-serie-5-4x4-50mm-mangueta\/#primaryimage"},"image":{"@id":"https:\/\/stratocars.com\/tienda\/comprar\/bc-racing-br-rs-serie-5-4x4-50mm-mangueta\/#primaryimage"},"thumbnailUrl":"https:\/\/stratocars.com\/tienda\/wp-content\/uploads\/2022\/12\/bc-racing-br.jpg","datePublished":"2022-12-15T18:12:56+00:00","dateModified":"2024-04-10T10:54:23+00:00","description":"Bc Racing CG RS roscada R32 GTR\/GTS-4track suspension civic ek eg6 ej1 serie 5 e60 4x4 coilover Bc Racing BR RS Bmw Serie 5 E60 (4x4 50mm mangueta)","breadcrumb":{"@id":"https:\/\/stratocars.com\/tienda\/comprar\/bc-racing-br-rs-serie-5-4x4-50mm-mangueta\/#breadcrumb"},"inLanguage":"es","potentialAction":[{"@type":"ReadAction","target":["https:\/\/stratocars.com\/tienda\/comprar\/bc-racing-br-rs-serie-5-4x4-50mm-mangueta\/"]}]},{"@type":"ImageObject","inLanguage":"es","@id":"https:\/\/stratocars.com\/tienda\/comprar\/bc-racing-br-rs-serie-5-4x4-50mm-mangueta\/#primaryimage","url":"https:\/\/stratocars.com\/tienda\/wp-content\/uploads\/2022\/12\/bc-racing-br.jpg","contentUrl":"https:\/\/stratocars.com\/tienda\/wp-content\/uploads\/2022\/12\/bc-racing-br.jpg","width":750,"height":750},{"@type":"BreadcrumbList","@id":"https:\/\/stratocars.com\/tienda\/comprar\/bc-racing-br-rs-serie-5-4x4-50mm-mangueta\/#breadcrumb","itemListElement":[{"@type":"ListItem","position":1,"name":"Portada","item":"https:\/\/stratocars.com\/tienda\/"},{"@type":"ListItem","position":2,"name":"Parts","item":"https:\/\/stratocars.com\/tienda\/parts\/"},{"@type":"ListItem","position":3,"name":"Bc Racing BR RS Bmw Serie 5 E60 (4&#215;4 50mm mangueta)"}]},{"@type":"WebSite","@id":"https:\/\/stratocars.com\/tienda\/#website","url":"https:\/\/stratocars.com\/tienda\/","name":"STRATOCARS | Veh\u00edculos de Importaci\u00f3n y Recambios","description":"Veh\u00edculos de Importaci\u00f3n y Recambios al mejor precio","publisher":{"@id":"https:\/\/stratocars.com\/tienda\/#organization"},"potentialAction":[{"@type":"SearchAction","target":{"@type":"EntryPoint","urlTemplate":"https:\/\/stratocars.com\/tienda\/?s={search_term_string}"},"query-input":{"@type":"PropertyValueSpecification","valueRequired":true,"valueName":"search_term_string"}}],"inLanguage":"es"},{"@type":"Organization","@id":"https:\/\/stratocars.com\/tienda\/#organization","name":"StratoCars","url":"https:\/\/stratocars.com\/tienda\/","logo":{"@type":"ImageObject","inLanguage":"es","@id":"https:\/\/stratocars.com\/tienda\/#\/schema\/logo\/image\/","url":"https:\/\/stratocars.com\/tienda\/wp-content\/uploads\/2022\/09\/web-logo-strato-cars.png","contentUrl":"https:\/\/stratocars.com\/tienda\/wp-content\/uploads\/2022\/09\/web-logo-strato-cars.png","width":345,"height":113,"caption":"StratoCars"},"image":{"@id":"https:\/\/stratocars.com\/tienda\/#\/schema\/logo\/image\/"}}]}},"_links":{"self":[{"href":"https:\/\/stratocars.com\/tienda\/wp-json\/wp\/v2\/product\/2283"}],"collection":[{"href":"https:\/\/stratocars.com\/tienda\/wp-json\/wp\/v2\/product"}],"about":[{"href":"https:\/\/stratocars.com\/tienda\/wp-json\/wp\/v2\/types\/product"}],"wp:featuredmedia":[{"embeddable":true,"href":"https:\/\/stratocars.com\/tienda\/wp-json\/wp\/v2\/media\/2240"}],"wp:attachment":[{"href":"https:\/\/stratocars.com\/tienda\/wp-json\/wp\/v2\/media?parent=2283"}],"wp:term":[{"taxonomy":"make_fuel_type","embeddable":true,"href":"https:\/\/stratocars.com\/tienda\/wp-json\/wp\/v2\/make_fuel_type?post=2283"},{"taxonomy":"make_model","embeddable":true,"href":"https:\/\/stratocars.com\/tienda\/wp-json\/wp\/v2\/make_model?post=2283"},{"taxonomy":"make_brand","embeddable":true,"href":"https:\/\/stratocars.com\/tienda\/wp-json\/wp\/v2\/make_brand?post=2283"},{"taxonomy":"make_year","embeddable":true,"href":"https:\/\/stratocars.com\/tienda\/wp-json\/wp\/v2\/make_year?post=2283"},{"taxonomy":"product_cat","embeddable":true,"href":"https:\/\/stratocars.com\/tienda\/wp-json\/wp\/v2\/product_cat?post=2283"},{"taxonomy":"product_tag","embeddable":true,"href":"https:\/\/stratocars.com\/tienda\/wp-json\/wp\/v2\/product_tag?post=2283"}],"curies":[{"name":"wp","href":"https:\/\/api.w.org\/{rel}","templated":true}]}}