{"id":2457,"date":"2022-12-21T09:02:37","date_gmt":"2022-12-21T09:02:37","guid":{"rendered":"https:\/\/stratocars.com\/tienda\/?post_type=product&#038;p=2457"},"modified":"2024-04-10T10:56:09","modified_gmt":"2024-04-10T10:56:09","slug":"bc-racing-br-ra-audi-a3-8v-tt-8s-golf-vii-mangueta-54-5mm-copia","status":"publish","type":"product","link":"https:\/\/stratocars.com\/tienda\/comprar\/bc-racing-br-ra-audi-a3-8v-tt-8s-golf-vii-mangueta-54-5mm-copia\/","title":{"rendered":"Bc Racing BR RA Audi A3 8V, TT 8S &amp; GOLF VII (Mangueta 54.5mm)"},"content":{"rendered":"<p>Bc Racing BR RA A3 8V, TT 8S &amp; GOLF VII (Mangueta 54.5mm)<br \/>\n&nbsp;<\/p>\n<p>Soporte superior Pillowball<\/p>\n<p>* Soportes superiores ajustables Camber<\/p>\n<p>Placas superiores de aluminio<\/p>\n<p>Amortiguaci\u00f3n ajustable de 30 clicks<\/p>\n<p>Plataforma de resorte ajustable<\/p>\n<p>Ajuste de altura mediante montaje inferior para conservar el recorrido total del amortiguador<\/p>\n<p>Plataforma de resorte delantero superior montada en el rodamiento<\/p>\n<p>Reten antipolvo para proteger los sellos del amortiguador<\/p>\n<p>* Algunas caracter\u00edsticas dependen del modelo<\/p>\n<p>&nbsp;<\/p>\n<p><img decoding=\"async\" class=\"alignnone size-medium wp-image-2246\" src=\"https:\/\/stratocars.com\/tienda\/wp-content\/uploads\/2022\/12\/bc-racing-stratocars-300x150.jpg\" alt=\"\" width=\"300\" height=\"150\" srcset=\"https:\/\/stratocars.com\/tienda\/wp-content\/uploads\/2022\/12\/bc-racing-stratocars-300x150.jpg 300w, https:\/\/stratocars.com\/tienda\/wp-content\/uploads\/2022\/12\/bc-racing-stratocars-1024x512.jpg 1024w, https:\/\/stratocars.com\/tienda\/wp-content\/uploads\/2022\/12\/bc-racing-stratocars-768x384.jpg 768w, https:\/\/stratocars.com\/tienda\/wp-content\/uploads\/2022\/12\/bc-racing-stratocars-1536x768.jpg 1536w, https:\/\/stratocars.com\/tienda\/wp-content\/uploads\/2022\/12\/bc-racing-stratocars-2048x1024.jpg 2048w, https:\/\/stratocars.com\/tienda\/wp-content\/uploads\/2022\/12\/bc-racing-stratocars-600x300.jpg 600w\" sizes=\"(max-width: 300px) 100vw, 300px\" \/><img decoding=\"async\" class=\"alignnone size-medium wp-image-2249\" src=\"https:\/\/stratocars.com\/tienda\/wp-content\/uploads\/2022\/12\/bc-racing-tipos-300x150.jpg\" alt=\"\" width=\"300\" height=\"150\" srcset=\"https:\/\/stratocars.com\/tienda\/wp-content\/uploads\/2022\/12\/bc-racing-tipos-300x150.jpg 300w, https:\/\/stratocars.com\/tienda\/wp-content\/uploads\/2022\/12\/bc-racing-tipos-1024x512.jpg 1024w, https:\/\/stratocars.com\/tienda\/wp-content\/uploads\/2022\/12\/bc-racing-tipos-768x384.jpg 768w, https:\/\/stratocars.com\/tienda\/wp-content\/uploads\/2022\/12\/bc-racing-tipos-600x300.jpg 600w, https:\/\/stratocars.com\/tienda\/wp-content\/uploads\/2022\/12\/bc-racing-tipos.jpg 1400w\" sizes=\"(max-width: 300px) 100vw, 300px\" \/><\/p>\n","protected":false},"excerpt":{"rendered":"<p>Bc Racing BR RA Audi A3 8V, TT 8S &amp; GOLF VII (Mangueta 54.5mm) <\/p>\n","protected":false},"featured_media":2240,"template":"","meta":[],"make_fuel_type":[],"make_model":[200,410,414,417,210],"make_brand":[57,100],"make_year":[179,180,181,182,183,184,185],"product_cat":[49,112,134],"product_tag":[],"class_list":{"0":"post-2457","1":"product","2":"type-product","3":"status-publish","4":"has-post-thumbnail","6":"make_engine-1-0-tfsi","7":"make_engine-1-2","8":"make_engine-1-4-170cv","9":"make_engine-1-5-tsi-150cv","10":"make_engine-1-6-tdi","11":"make_engine-1-8-t","12":"make_engine-2-0-t","13":"make_engine-2-0-tdi","14":"make_model-a3-8v-mk3","15":"make_model-golf-vii","16":"make_model-golf-vii-gti","17":"make_model-golf-vii-r","18":"make_model-tt-8s-mk3","19":"make_brand-audi","20":"make_brand-volkswagen","21":"make_year-179","22":"make_year-180","23":"make_year-181","24":"make_year-182","25":"make_year-183","26":"make_year-184","27":"make_year-185","28":"product_cat-chasis","29":"product_cat-suspension","30":"product_cat-suspension-roscada","32":"first","33":"instock","34":"sale","35":"taxable","36":"shipping-taxable","37":"purchasable","38":"product-type-simple"},"exclude_global_add_ons":[],"addons":[],"yoast_head":"<!-- This site is optimized with the Yoast SEO plugin v23.4 - https:\/\/yoast.com\/wordpress\/plugins\/seo\/ -->\n<title>Bc Racing Br RA A3 8V TT 8S GOLF VII 54.5<\/title>\n<meta name=\"description\" content=\"Bc Racing oferta roscada suspension almeria golf vii coilover br RA espa\u00f1a Bmw Slk M3 G80 Audi A3 8P TT 8J Bc Racing Br RA A3 8V TT 8S GOLF VII 54.5\" \/>\n<meta name=\"robots\" content=\"index, follow, max-snippet:-1, max-image-preview:large, max-video-preview:-1\" \/>\n<link rel=\"canonical\" href=\"https:\/\/stratocars.com\/tienda\/comprar\/bc-racing-br-ra-audi-a3-8v-tt-8s-golf-vii-mangueta-54-5mm-copia\/\" \/>\n<meta property=\"og:locale\" content=\"es_ES\" \/>\n<meta property=\"og:type\" content=\"article\" \/>\n<meta property=\"og:title\" content=\"Bc Racing Br RA A3 8V TT 8S GOLF VII 54.5\" \/>\n<meta property=\"og:description\" content=\"Bc Racing oferta roscada suspension almeria golf vii coilover br RA espa\u00f1a Bmw Slk M3 G80 Audi A3 8P TT 8J Bc Racing Br RA A3 8V TT 8S GOLF VII 54.5\" \/>\n<meta property=\"og:url\" content=\"https:\/\/stratocars.com\/tienda\/comprar\/bc-racing-br-ra-audi-a3-8v-tt-8s-golf-vii-mangueta-54-5mm-copia\/\" \/>\n<meta property=\"og:site_name\" content=\"STRATOCARS | Veh\u00edculos de Importaci\u00f3n y Recambios\" \/>\n<meta property=\"article:modified_time\" content=\"2024-04-10T10:56:09+00:00\" \/>\n<meta property=\"og:image\" content=\"https:\/\/stratocars.com\/tienda\/wp-content\/uploads\/2022\/12\/bc-racing-br.jpg\" \/>\n\t<meta property=\"og:image:width\" content=\"750\" \/>\n\t<meta property=\"og:image:height\" content=\"750\" \/>\n\t<meta property=\"og:image:type\" content=\"image\/jpeg\" \/>\n<meta name=\"twitter:card\" content=\"summary_large_image\" \/>\n<meta name=\"twitter:label1\" content=\"Tiempo de lectura\" \/>\n\t<meta name=\"twitter:data1\" content=\"1 minuto\" \/>\n<script type=\"application\/ld+json\" class=\"yoast-schema-graph\">{\"@context\":\"https:\/\/schema.org\",\"@graph\":[{\"@type\":\"WebPage\",\"@id\":\"https:\/\/stratocars.com\/tienda\/comprar\/bc-racing-br-ra-audi-a3-8v-tt-8s-golf-vii-mangueta-54-5mm-copia\/\",\"url\":\"https:\/\/stratocars.com\/tienda\/comprar\/bc-racing-br-ra-audi-a3-8v-tt-8s-golf-vii-mangueta-54-5mm-copia\/\",\"name\":\"Bc Racing Br RA A3 8V TT 8S GOLF VII 54.5\",\"isPartOf\":{\"@id\":\"https:\/\/stratocars.com\/tienda\/#website\"},\"primaryImageOfPage\":{\"@id\":\"https:\/\/stratocars.com\/tienda\/comprar\/bc-racing-br-ra-audi-a3-8v-tt-8s-golf-vii-mangueta-54-5mm-copia\/#primaryimage\"},\"image\":{\"@id\":\"https:\/\/stratocars.com\/tienda\/comprar\/bc-racing-br-ra-audi-a3-8v-tt-8s-golf-vii-mangueta-54-5mm-copia\/#primaryimage\"},\"thumbnailUrl\":\"https:\/\/stratocars.com\/tienda\/wp-content\/uploads\/2022\/12\/bc-racing-br.jpg\",\"datePublished\":\"2022-12-21T09:02:37+00:00\",\"dateModified\":\"2024-04-10T10:56:09+00:00\",\"description\":\"Bc Racing oferta roscada suspension almeria golf vii coilover br RA espa\u00f1a Bmw Slk M3 G80 Audi A3 8P TT 8J Bc Racing Br RA A3 8V TT 8S GOLF VII 54.5\",\"breadcrumb\":{\"@id\":\"https:\/\/stratocars.com\/tienda\/comprar\/bc-racing-br-ra-audi-a3-8v-tt-8s-golf-vii-mangueta-54-5mm-copia\/#breadcrumb\"},\"inLanguage\":\"es\",\"potentialAction\":[{\"@type\":\"ReadAction\",\"target\":[\"https:\/\/stratocars.com\/tienda\/comprar\/bc-racing-br-ra-audi-a3-8v-tt-8s-golf-vii-mangueta-54-5mm-copia\/\"]}]},{\"@type\":\"ImageObject\",\"inLanguage\":\"es\",\"@id\":\"https:\/\/stratocars.com\/tienda\/comprar\/bc-racing-br-ra-audi-a3-8v-tt-8s-golf-vii-mangueta-54-5mm-copia\/#primaryimage\",\"url\":\"https:\/\/stratocars.com\/tienda\/wp-content\/uploads\/2022\/12\/bc-racing-br.jpg\",\"contentUrl\":\"https:\/\/stratocars.com\/tienda\/wp-content\/uploads\/2022\/12\/bc-racing-br.jpg\",\"width\":750,\"height\":750},{\"@type\":\"BreadcrumbList\",\"@id\":\"https:\/\/stratocars.com\/tienda\/comprar\/bc-racing-br-ra-audi-a3-8v-tt-8s-golf-vii-mangueta-54-5mm-copia\/#breadcrumb\",\"itemListElement\":[{\"@type\":\"ListItem\",\"position\":1,\"name\":\"Portada\",\"item\":\"https:\/\/stratocars.com\/tienda\/\"},{\"@type\":\"ListItem\",\"position\":2,\"name\":\"Parts\",\"item\":\"https:\/\/stratocars.com\/tienda\/parts\/\"},{\"@type\":\"ListItem\",\"position\":3,\"name\":\"Bc Racing BR RA Audi A3 8V, TT 8S &amp; GOLF VII (Mangueta 54.5mm)\"}]},{\"@type\":\"WebSite\",\"@id\":\"https:\/\/stratocars.com\/tienda\/#website\",\"url\":\"https:\/\/stratocars.com\/tienda\/\",\"name\":\"STRATOCARS | Veh\u00edculos de Importaci\u00f3n y Recambios\",\"description\":\"Veh\u00edculos de Importaci\u00f3n y Recambios al mejor precio\",\"publisher\":{\"@id\":\"https:\/\/stratocars.com\/tienda\/#organization\"},\"potentialAction\":[{\"@type\":\"SearchAction\",\"target\":{\"@type\":\"EntryPoint\",\"urlTemplate\":\"https:\/\/stratocars.com\/tienda\/?s={search_term_string}\"},\"query-input\":{\"@type\":\"PropertyValueSpecification\",\"valueRequired\":true,\"valueName\":\"search_term_string\"}}],\"inLanguage\":\"es\"},{\"@type\":\"Organization\",\"@id\":\"https:\/\/stratocars.com\/tienda\/#organization\",\"name\":\"StratoCars\",\"url\":\"https:\/\/stratocars.com\/tienda\/\",\"logo\":{\"@type\":\"ImageObject\",\"inLanguage\":\"es\",\"@id\":\"https:\/\/stratocars.com\/tienda\/#\/schema\/logo\/image\/\",\"url\":\"https:\/\/stratocars.com\/tienda\/wp-content\/uploads\/2022\/09\/web-logo-strato-cars.png\",\"contentUrl\":\"https:\/\/stratocars.com\/tienda\/wp-content\/uploads\/2022\/09\/web-logo-strato-cars.png\",\"width\":345,\"height\":113,\"caption\":\"StratoCars\"},\"image\":{\"@id\":\"https:\/\/stratocars.com\/tienda\/#\/schema\/logo\/image\/\"}}]}<\/script>\n<!-- \/ Yoast SEO plugin. -->","yoast_head_json":{"title":"Bc Racing Br RA A3 8V TT 8S GOLF VII 54.5","description":"Bc Racing oferta roscada suspension almeria golf vii coilover br RA espa\u00f1a Bmw Slk M3 G80 Audi A3 8P TT 8J Bc Racing Br RA A3 8V TT 8S GOLF VII 54.5","robots":{"index":"index","follow":"follow","max-snippet":"max-snippet:-1","max-image-preview":"max-image-preview:large","max-video-preview":"max-video-preview:-1"},"canonical":"https:\/\/stratocars.com\/tienda\/comprar\/bc-racing-br-ra-audi-a3-8v-tt-8s-golf-vii-mangueta-54-5mm-copia\/","og_locale":"es_ES","og_type":"article","og_title":"Bc Racing Br RA A3 8V TT 8S GOLF VII 54.5","og_description":"Bc Racing oferta roscada suspension almeria golf vii coilover br RA espa\u00f1a Bmw Slk M3 G80 Audi A3 8P TT 8J Bc Racing Br RA A3 8V TT 8S GOLF VII 54.5","og_url":"https:\/\/stratocars.com\/tienda\/comprar\/bc-racing-br-ra-audi-a3-8v-tt-8s-golf-vii-mangueta-54-5mm-copia\/","og_site_name":"STRATOCARS | Veh\u00edculos de Importaci\u00f3n y Recambios","article_modified_time":"2024-04-10T10:56:09+00:00","og_image":[{"width":750,"height":750,"url":"https:\/\/stratocars.com\/tienda\/wp-content\/uploads\/2022\/12\/bc-racing-br.jpg","type":"image\/jpeg"}],"twitter_card":"summary_large_image","twitter_misc":{"Tiempo de lectura":"1 minuto"},"schema":{"@context":"https:\/\/schema.org","@graph":[{"@type":"WebPage","@id":"https:\/\/stratocars.com\/tienda\/comprar\/bc-racing-br-ra-audi-a3-8v-tt-8s-golf-vii-mangueta-54-5mm-copia\/","url":"https:\/\/stratocars.com\/tienda\/comprar\/bc-racing-br-ra-audi-a3-8v-tt-8s-golf-vii-mangueta-54-5mm-copia\/","name":"Bc Racing Br RA A3 8V TT 8S GOLF VII 54.5","isPartOf":{"@id":"https:\/\/stratocars.com\/tienda\/#website"},"primaryImageOfPage":{"@id":"https:\/\/stratocars.com\/tienda\/comprar\/bc-racing-br-ra-audi-a3-8v-tt-8s-golf-vii-mangueta-54-5mm-copia\/#primaryimage"},"image":{"@id":"https:\/\/stratocars.com\/tienda\/comprar\/bc-racing-br-ra-audi-a3-8v-tt-8s-golf-vii-mangueta-54-5mm-copia\/#primaryimage"},"thumbnailUrl":"https:\/\/stratocars.com\/tienda\/wp-content\/uploads\/2022\/12\/bc-racing-br.jpg","datePublished":"2022-12-21T09:02:37+00:00","dateModified":"2024-04-10T10:56:09+00:00","description":"Bc Racing oferta roscada suspension almeria golf vii coilover br RA espa\u00f1a Bmw Slk M3 G80 Audi A3 8P TT 8J Bc Racing Br RA A3 8V TT 8S GOLF VII 54.5","breadcrumb":{"@id":"https:\/\/stratocars.com\/tienda\/comprar\/bc-racing-br-ra-audi-a3-8v-tt-8s-golf-vii-mangueta-54-5mm-copia\/#breadcrumb"},"inLanguage":"es","potentialAction":[{"@type":"ReadAction","target":["https:\/\/stratocars.com\/tienda\/comprar\/bc-racing-br-ra-audi-a3-8v-tt-8s-golf-vii-mangueta-54-5mm-copia\/"]}]},{"@type":"ImageObject","inLanguage":"es","@id":"https:\/\/stratocars.com\/tienda\/comprar\/bc-racing-br-ra-audi-a3-8v-tt-8s-golf-vii-mangueta-54-5mm-copia\/#primaryimage","url":"https:\/\/stratocars.com\/tienda\/wp-content\/uploads\/2022\/12\/bc-racing-br.jpg","contentUrl":"https:\/\/stratocars.com\/tienda\/wp-content\/uploads\/2022\/12\/bc-racing-br.jpg","width":750,"height":750},{"@type":"BreadcrumbList","@id":"https:\/\/stratocars.com\/tienda\/comprar\/bc-racing-br-ra-audi-a3-8v-tt-8s-golf-vii-mangueta-54-5mm-copia\/#breadcrumb","itemListElement":[{"@type":"ListItem","position":1,"name":"Portada","item":"https:\/\/stratocars.com\/tienda\/"},{"@type":"ListItem","position":2,"name":"Parts","item":"https:\/\/stratocars.com\/tienda\/parts\/"},{"@type":"ListItem","position":3,"name":"Bc Racing BR RA Audi A3 8V, TT 8S &amp; GOLF VII (Mangueta 54.5mm)"}]},{"@type":"WebSite","@id":"https:\/\/stratocars.com\/tienda\/#website","url":"https:\/\/stratocars.com\/tienda\/","name":"STRATOCARS | Veh\u00edculos de Importaci\u00f3n y Recambios","description":"Veh\u00edculos de Importaci\u00f3n y Recambios al mejor precio","publisher":{"@id":"https:\/\/stratocars.com\/tienda\/#organization"},"potentialAction":[{"@type":"SearchAction","target":{"@type":"EntryPoint","urlTemplate":"https:\/\/stratocars.com\/tienda\/?s={search_term_string}"},"query-input":{"@type":"PropertyValueSpecification","valueRequired":true,"valueName":"search_term_string"}}],"inLanguage":"es"},{"@type":"Organization","@id":"https:\/\/stratocars.com\/tienda\/#organization","name":"StratoCars","url":"https:\/\/stratocars.com\/tienda\/","logo":{"@type":"ImageObject","inLanguage":"es","@id":"https:\/\/stratocars.com\/tienda\/#\/schema\/logo\/image\/","url":"https:\/\/stratocars.com\/tienda\/wp-content\/uploads\/2022\/09\/web-logo-strato-cars.png","contentUrl":"https:\/\/stratocars.com\/tienda\/wp-content\/uploads\/2022\/09\/web-logo-strato-cars.png","width":345,"height":113,"caption":"StratoCars"},"image":{"@id":"https:\/\/stratocars.com\/tienda\/#\/schema\/logo\/image\/"}}]}},"_links":{"self":[{"href":"https:\/\/stratocars.com\/tienda\/wp-json\/wp\/v2\/product\/2457"}],"collection":[{"href":"https:\/\/stratocars.com\/tienda\/wp-json\/wp\/v2\/product"}],"about":[{"href":"https:\/\/stratocars.com\/tienda\/wp-json\/wp\/v2\/types\/product"}],"wp:featuredmedia":[{"embeddable":true,"href":"https:\/\/stratocars.com\/tienda\/wp-json\/wp\/v2\/media\/2240"}],"wp:attachment":[{"href":"https:\/\/stratocars.com\/tienda\/wp-json\/wp\/v2\/media?parent=2457"}],"wp:term":[{"taxonomy":"make_fuel_type","embeddable":true,"href":"https:\/\/stratocars.com\/tienda\/wp-json\/wp\/v2\/make_fuel_type?post=2457"},{"taxonomy":"make_model","embeddable":true,"href":"https:\/\/stratocars.com\/tienda\/wp-json\/wp\/v2\/make_model?post=2457"},{"taxonomy":"make_brand","embeddable":true,"href":"https:\/\/stratocars.com\/tienda\/wp-json\/wp\/v2\/make_brand?post=2457"},{"taxonomy":"make_year","embeddable":true,"href":"https:\/\/stratocars.com\/tienda\/wp-json\/wp\/v2\/make_year?post=2457"},{"taxonomy":"product_cat","embeddable":true,"href":"https:\/\/stratocars.com\/tienda\/wp-json\/wp\/v2\/product_cat?post=2457"},{"taxonomy":"product_tag","embeddable":true,"href":"https:\/\/stratocars.com\/tienda\/wp-json\/wp\/v2\/product_tag?post=2457"}],"curies":[{"name":"wp","href":"https:\/\/api.w.org\/{rel}","templated":true}]}}