{"id":2516,"date":"2022-12-21T11:45:28","date_gmt":"2022-12-21T11:45:28","guid":{"rendered":"https:\/\/stratocars.com\/tienda\/?post_type=product&#038;p=2516"},"modified":"2024-04-10T10:57:01","modified_gmt":"2024-04-10T10:57:01","slug":"bc-racing-br-rn-fiat-grande-punto","status":"publish","type":"product","link":"https:\/\/stratocars.com\/tienda\/comprar\/bc-racing-br-rn-fiat-grande-punto\/","title":{"rendered":"Bc Racing BR RN Fiat Grande Punto"},"content":{"rendered":"<p>Bc Racing BR RN Fiat Grande Punto<\/p>\n<p>Soporte superior Pillowball<\/p>\n<p>* Soportes superiores ajustables Camber<\/p>\n<p>Placas superiores de aluminio<\/p>\n<p>Amortiguaci\u00f3n ajustable de 30 clicks<\/p>\n<p>Plataforma de resorte ajustable<\/p>\n<p>Ajuste de altura mediante montaje inferior para conservar el recorrido total del amortiguador<\/p>\n<p>Plataforma de resorte delantero superior montada en el rodamiento<\/p>\n<p>Reten antipolvo para proteger los sellos del amortiguador<\/p>\n<p>* Algunas caracter\u00edsticas dependen del modelo<\/p>\n<p>&nbsp;<\/p>\n<p><img decoding=\"async\" class=\"alignnone size-medium wp-image-2246\" src=\"https:\/\/stratocars.com\/tienda\/wp-content\/uploads\/2022\/12\/bc-racing-stratocars-300x150.jpg\" alt=\"\" width=\"300\" height=\"150\" srcset=\"https:\/\/stratocars.com\/tienda\/wp-content\/uploads\/2022\/12\/bc-racing-stratocars-300x150.jpg 300w, https:\/\/stratocars.com\/tienda\/wp-content\/uploads\/2022\/12\/bc-racing-stratocars-1024x512.jpg 1024w, https:\/\/stratocars.com\/tienda\/wp-content\/uploads\/2022\/12\/bc-racing-stratocars-768x384.jpg 768w, https:\/\/stratocars.com\/tienda\/wp-content\/uploads\/2022\/12\/bc-racing-stratocars-1536x768.jpg 1536w, https:\/\/stratocars.com\/tienda\/wp-content\/uploads\/2022\/12\/bc-racing-stratocars-2048x1024.jpg 2048w, https:\/\/stratocars.com\/tienda\/wp-content\/uploads\/2022\/12\/bc-racing-stratocars-600x300.jpg 600w\" sizes=\"(max-width: 300px) 100vw, 300px\" \/><img decoding=\"async\" class=\"alignnone size-medium wp-image-2249\" src=\"https:\/\/stratocars.com\/tienda\/wp-content\/uploads\/2022\/12\/bc-racing-tipos-300x150.jpg\" alt=\"\" width=\"300\" height=\"150\" srcset=\"https:\/\/stratocars.com\/tienda\/wp-content\/uploads\/2022\/12\/bc-racing-tipos-300x150.jpg 300w, https:\/\/stratocars.com\/tienda\/wp-content\/uploads\/2022\/12\/bc-racing-tipos-1024x512.jpg 1024w, https:\/\/stratocars.com\/tienda\/wp-content\/uploads\/2022\/12\/bc-racing-tipos-768x384.jpg 768w, https:\/\/stratocars.com\/tienda\/wp-content\/uploads\/2022\/12\/bc-racing-tipos-600x300.jpg 600w, https:\/\/stratocars.com\/tienda\/wp-content\/uploads\/2022\/12\/bc-racing-tipos.jpg 1400w\" sizes=\"(max-width: 300px) 100vw, 300px\" \/><\/p>\n","protected":false},"excerpt":{"rendered":"<p>Bc Racing BR RN Fiat Grande Punto<\/p>\n","protected":false},"featured_media":2240,"template":"","meta":[],"make_fuel_type":[],"make_model":[192],"make_brand":[52],"make_year":[36,171,172,173,174,175,176,177,178,179,181,182,183,184],"product_cat":[49,112,134],"product_tag":[],"class_list":{"0":"post-2516","1":"product","2":"type-product","3":"status-publish","4":"has-post-thumbnail","6":"make_engine-todas-las-motorizaciones","7":"make_model-punto","8":"make_brand-abarth-fiat","9":"make_year-36","10":"make_year-171","11":"make_year-172","12":"make_year-173","13":"make_year-174","14":"make_year-175","15":"make_year-176","16":"make_year-177","17":"make_year-178","18":"make_year-179","19":"make_year-181","20":"make_year-182","21":"make_year-183","22":"make_year-184","23":"product_cat-chasis","24":"product_cat-suspension","25":"product_cat-suspension-roscada","27":"first","28":"instock","29":"sale","30":"taxable","31":"shipping-taxable","32":"purchasable","33":"product-type-simple"},"exclude_global_add_ons":[],"addons":[],"yoast_head":"<!-- This site is optimized with the Yoast SEO plugin v23.4 - https:\/\/yoast.com\/wordpress\/plugins\/seo\/ -->\n<title>Bc Racing BR RN Fiat Grande Punto | STRATOCARS | Veh\u00edculos de Importaci\u00f3n y Recambios<\/title>\n<meta name=\"description\" content=\"Bc Racing oferta roscada suspension almeria golf vii coilover br RN espa\u00f1a RN Bmw X4 Porsche Macan Fiat 500 Fiat Grande Punto Lotus Elise \/ Exige S1\" \/>\n<meta name=\"robots\" content=\"index, follow, max-snippet:-1, max-image-preview:large, max-video-preview:-1\" \/>\n<link rel=\"canonical\" href=\"https:\/\/stratocars.com\/tienda\/comprar\/bc-racing-br-rn-fiat-grande-punto\/\" \/>\n<meta property=\"og:locale\" content=\"es_ES\" \/>\n<meta property=\"og:type\" content=\"article\" \/>\n<meta property=\"og:title\" content=\"Bc Racing BR RN Fiat Grande Punto | STRATOCARS | Veh\u00edculos de Importaci\u00f3n y Recambios\" \/>\n<meta property=\"og:description\" content=\"Bc Racing oferta roscada suspension almeria golf vii coilover br RN espa\u00f1a RN Bmw X4 Porsche Macan Fiat 500 Fiat Grande Punto Lotus Elise \/ Exige S1\" \/>\n<meta property=\"og:url\" content=\"https:\/\/stratocars.com\/tienda\/comprar\/bc-racing-br-rn-fiat-grande-punto\/\" \/>\n<meta property=\"og:site_name\" content=\"STRATOCARS | Veh\u00edculos de Importaci\u00f3n y Recambios\" \/>\n<meta property=\"article:modified_time\" content=\"2024-04-10T10:57:01+00:00\" \/>\n<meta property=\"og:image\" content=\"https:\/\/stratocars.com\/tienda\/wp-content\/uploads\/2022\/12\/bc-racing-br.jpg\" \/>\n\t<meta property=\"og:image:width\" content=\"750\" \/>\n\t<meta property=\"og:image:height\" content=\"750\" \/>\n\t<meta property=\"og:image:type\" content=\"image\/jpeg\" \/>\n<meta name=\"twitter:card\" content=\"summary_large_image\" \/>\n<meta name=\"twitter:label1\" content=\"Tiempo de lectura\" \/>\n\t<meta name=\"twitter:data1\" content=\"1 minuto\" \/>\n<script type=\"application\/ld+json\" class=\"yoast-schema-graph\">{\"@context\":\"https:\/\/schema.org\",\"@graph\":[{\"@type\":\"WebPage\",\"@id\":\"https:\/\/stratocars.com\/tienda\/comprar\/bc-racing-br-rn-fiat-grande-punto\/\",\"url\":\"https:\/\/stratocars.com\/tienda\/comprar\/bc-racing-br-rn-fiat-grande-punto\/\",\"name\":\"Bc Racing BR RN Fiat Grande Punto | STRATOCARS | Veh\u00edculos de Importaci\u00f3n y Recambios\",\"isPartOf\":{\"@id\":\"https:\/\/stratocars.com\/tienda\/#website\"},\"primaryImageOfPage\":{\"@id\":\"https:\/\/stratocars.com\/tienda\/comprar\/bc-racing-br-rn-fiat-grande-punto\/#primaryimage\"},\"image\":{\"@id\":\"https:\/\/stratocars.com\/tienda\/comprar\/bc-racing-br-rn-fiat-grande-punto\/#primaryimage\"},\"thumbnailUrl\":\"https:\/\/stratocars.com\/tienda\/wp-content\/uploads\/2022\/12\/bc-racing-br.jpg\",\"datePublished\":\"2022-12-21T11:45:28+00:00\",\"dateModified\":\"2024-04-10T10:57:01+00:00\",\"description\":\"Bc Racing oferta roscada suspension almeria golf vii coilover br RN espa\u00f1a RN Bmw X4 Porsche Macan Fiat 500 Fiat Grande Punto Lotus Elise \/ Exige S1\",\"breadcrumb\":{\"@id\":\"https:\/\/stratocars.com\/tienda\/comprar\/bc-racing-br-rn-fiat-grande-punto\/#breadcrumb\"},\"inLanguage\":\"es\",\"potentialAction\":[{\"@type\":\"ReadAction\",\"target\":[\"https:\/\/stratocars.com\/tienda\/comprar\/bc-racing-br-rn-fiat-grande-punto\/\"]}]},{\"@type\":\"ImageObject\",\"inLanguage\":\"es\",\"@id\":\"https:\/\/stratocars.com\/tienda\/comprar\/bc-racing-br-rn-fiat-grande-punto\/#primaryimage\",\"url\":\"https:\/\/stratocars.com\/tienda\/wp-content\/uploads\/2022\/12\/bc-racing-br.jpg\",\"contentUrl\":\"https:\/\/stratocars.com\/tienda\/wp-content\/uploads\/2022\/12\/bc-racing-br.jpg\",\"width\":750,\"height\":750},{\"@type\":\"BreadcrumbList\",\"@id\":\"https:\/\/stratocars.com\/tienda\/comprar\/bc-racing-br-rn-fiat-grande-punto\/#breadcrumb\",\"itemListElement\":[{\"@type\":\"ListItem\",\"position\":1,\"name\":\"Portada\",\"item\":\"https:\/\/stratocars.com\/tienda\/\"},{\"@type\":\"ListItem\",\"position\":2,\"name\":\"Parts\",\"item\":\"https:\/\/stratocars.com\/tienda\/parts\/\"},{\"@type\":\"ListItem\",\"position\":3,\"name\":\"Bc Racing BR RN Fiat Grande Punto\"}]},{\"@type\":\"WebSite\",\"@id\":\"https:\/\/stratocars.com\/tienda\/#website\",\"url\":\"https:\/\/stratocars.com\/tienda\/\",\"name\":\"STRATOCARS | Veh\u00edculos de Importaci\u00f3n y Recambios\",\"description\":\"Veh\u00edculos de Importaci\u00f3n y Recambios al mejor precio\",\"publisher\":{\"@id\":\"https:\/\/stratocars.com\/tienda\/#organization\"},\"potentialAction\":[{\"@type\":\"SearchAction\",\"target\":{\"@type\":\"EntryPoint\",\"urlTemplate\":\"https:\/\/stratocars.com\/tienda\/?s={search_term_string}\"},\"query-input\":{\"@type\":\"PropertyValueSpecification\",\"valueRequired\":true,\"valueName\":\"search_term_string\"}}],\"inLanguage\":\"es\"},{\"@type\":\"Organization\",\"@id\":\"https:\/\/stratocars.com\/tienda\/#organization\",\"name\":\"StratoCars\",\"url\":\"https:\/\/stratocars.com\/tienda\/\",\"logo\":{\"@type\":\"ImageObject\",\"inLanguage\":\"es\",\"@id\":\"https:\/\/stratocars.com\/tienda\/#\/schema\/logo\/image\/\",\"url\":\"https:\/\/stratocars.com\/tienda\/wp-content\/uploads\/2022\/09\/web-logo-strato-cars.png\",\"contentUrl\":\"https:\/\/stratocars.com\/tienda\/wp-content\/uploads\/2022\/09\/web-logo-strato-cars.png\",\"width\":345,\"height\":113,\"caption\":\"StratoCars\"},\"image\":{\"@id\":\"https:\/\/stratocars.com\/tienda\/#\/schema\/logo\/image\/\"}}]}<\/script>\n<!-- \/ Yoast SEO plugin. -->","yoast_head_json":{"title":"Bc Racing BR RN Fiat Grande Punto | STRATOCARS | Veh\u00edculos de Importaci\u00f3n y Recambios","description":"Bc Racing oferta roscada suspension almeria golf vii coilover br RN espa\u00f1a RN Bmw X4 Porsche Macan Fiat 500 Fiat Grande Punto Lotus Elise \/ Exige S1","robots":{"index":"index","follow":"follow","max-snippet":"max-snippet:-1","max-image-preview":"max-image-preview:large","max-video-preview":"max-video-preview:-1"},"canonical":"https:\/\/stratocars.com\/tienda\/comprar\/bc-racing-br-rn-fiat-grande-punto\/","og_locale":"es_ES","og_type":"article","og_title":"Bc Racing BR RN Fiat Grande Punto | STRATOCARS | Veh\u00edculos de Importaci\u00f3n y Recambios","og_description":"Bc Racing oferta roscada suspension almeria golf vii coilover br RN espa\u00f1a RN Bmw X4 Porsche Macan Fiat 500 Fiat Grande Punto Lotus Elise \/ Exige S1","og_url":"https:\/\/stratocars.com\/tienda\/comprar\/bc-racing-br-rn-fiat-grande-punto\/","og_site_name":"STRATOCARS | Veh\u00edculos de Importaci\u00f3n y Recambios","article_modified_time":"2024-04-10T10:57:01+00:00","og_image":[{"width":750,"height":750,"url":"https:\/\/stratocars.com\/tienda\/wp-content\/uploads\/2022\/12\/bc-racing-br.jpg","type":"image\/jpeg"}],"twitter_card":"summary_large_image","twitter_misc":{"Tiempo de lectura":"1 minuto"},"schema":{"@context":"https:\/\/schema.org","@graph":[{"@type":"WebPage","@id":"https:\/\/stratocars.com\/tienda\/comprar\/bc-racing-br-rn-fiat-grande-punto\/","url":"https:\/\/stratocars.com\/tienda\/comprar\/bc-racing-br-rn-fiat-grande-punto\/","name":"Bc Racing BR RN Fiat Grande Punto | STRATOCARS | Veh\u00edculos de Importaci\u00f3n y Recambios","isPartOf":{"@id":"https:\/\/stratocars.com\/tienda\/#website"},"primaryImageOfPage":{"@id":"https:\/\/stratocars.com\/tienda\/comprar\/bc-racing-br-rn-fiat-grande-punto\/#primaryimage"},"image":{"@id":"https:\/\/stratocars.com\/tienda\/comprar\/bc-racing-br-rn-fiat-grande-punto\/#primaryimage"},"thumbnailUrl":"https:\/\/stratocars.com\/tienda\/wp-content\/uploads\/2022\/12\/bc-racing-br.jpg","datePublished":"2022-12-21T11:45:28+00:00","dateModified":"2024-04-10T10:57:01+00:00","description":"Bc Racing oferta roscada suspension almeria golf vii coilover br RN espa\u00f1a RN Bmw X4 Porsche Macan Fiat 500 Fiat Grande Punto Lotus Elise \/ Exige S1","breadcrumb":{"@id":"https:\/\/stratocars.com\/tienda\/comprar\/bc-racing-br-rn-fiat-grande-punto\/#breadcrumb"},"inLanguage":"es","potentialAction":[{"@type":"ReadAction","target":["https:\/\/stratocars.com\/tienda\/comprar\/bc-racing-br-rn-fiat-grande-punto\/"]}]},{"@type":"ImageObject","inLanguage":"es","@id":"https:\/\/stratocars.com\/tienda\/comprar\/bc-racing-br-rn-fiat-grande-punto\/#primaryimage","url":"https:\/\/stratocars.com\/tienda\/wp-content\/uploads\/2022\/12\/bc-racing-br.jpg","contentUrl":"https:\/\/stratocars.com\/tienda\/wp-content\/uploads\/2022\/12\/bc-racing-br.jpg","width":750,"height":750},{"@type":"BreadcrumbList","@id":"https:\/\/stratocars.com\/tienda\/comprar\/bc-racing-br-rn-fiat-grande-punto\/#breadcrumb","itemListElement":[{"@type":"ListItem","position":1,"name":"Portada","item":"https:\/\/stratocars.com\/tienda\/"},{"@type":"ListItem","position":2,"name":"Parts","item":"https:\/\/stratocars.com\/tienda\/parts\/"},{"@type":"ListItem","position":3,"name":"Bc Racing BR RN Fiat Grande Punto"}]},{"@type":"WebSite","@id":"https:\/\/stratocars.com\/tienda\/#website","url":"https:\/\/stratocars.com\/tienda\/","name":"STRATOCARS | Veh\u00edculos de Importaci\u00f3n y Recambios","description":"Veh\u00edculos de Importaci\u00f3n y Recambios al mejor precio","publisher":{"@id":"https:\/\/stratocars.com\/tienda\/#organization"},"potentialAction":[{"@type":"SearchAction","target":{"@type":"EntryPoint","urlTemplate":"https:\/\/stratocars.com\/tienda\/?s={search_term_string}"},"query-input":{"@type":"PropertyValueSpecification","valueRequired":true,"valueName":"search_term_string"}}],"inLanguage":"es"},{"@type":"Organization","@id":"https:\/\/stratocars.com\/tienda\/#organization","name":"StratoCars","url":"https:\/\/stratocars.com\/tienda\/","logo":{"@type":"ImageObject","inLanguage":"es","@id":"https:\/\/stratocars.com\/tienda\/#\/schema\/logo\/image\/","url":"https:\/\/stratocars.com\/tienda\/wp-content\/uploads\/2022\/09\/web-logo-strato-cars.png","contentUrl":"https:\/\/stratocars.com\/tienda\/wp-content\/uploads\/2022\/09\/web-logo-strato-cars.png","width":345,"height":113,"caption":"StratoCars"},"image":{"@id":"https:\/\/stratocars.com\/tienda\/#\/schema\/logo\/image\/"}}]}},"_links":{"self":[{"href":"https:\/\/stratocars.com\/tienda\/wp-json\/wp\/v2\/product\/2516"}],"collection":[{"href":"https:\/\/stratocars.com\/tienda\/wp-json\/wp\/v2\/product"}],"about":[{"href":"https:\/\/stratocars.com\/tienda\/wp-json\/wp\/v2\/types\/product"}],"wp:featuredmedia":[{"embeddable":true,"href":"https:\/\/stratocars.com\/tienda\/wp-json\/wp\/v2\/media\/2240"}],"wp:attachment":[{"href":"https:\/\/stratocars.com\/tienda\/wp-json\/wp\/v2\/media?parent=2516"}],"wp:term":[{"taxonomy":"make_fuel_type","embeddable":true,"href":"https:\/\/stratocars.com\/tienda\/wp-json\/wp\/v2\/make_fuel_type?post=2516"},{"taxonomy":"make_model","embeddable":true,"href":"https:\/\/stratocars.com\/tienda\/wp-json\/wp\/v2\/make_model?post=2516"},{"taxonomy":"make_brand","embeddable":true,"href":"https:\/\/stratocars.com\/tienda\/wp-json\/wp\/v2\/make_brand?post=2516"},{"taxonomy":"make_year","embeddable":true,"href":"https:\/\/stratocars.com\/tienda\/wp-json\/wp\/v2\/make_year?post=2516"},{"taxonomy":"product_cat","embeddable":true,"href":"https:\/\/stratocars.com\/tienda\/wp-json\/wp\/v2\/product_cat?post=2516"},{"taxonomy":"product_tag","embeddable":true,"href":"https:\/\/stratocars.com\/tienda\/wp-json\/wp\/v2\/product_tag?post=2516"}],"curies":[{"name":"wp","href":"https:\/\/api.w.org\/{rel}","templated":true}]}}