{"id":2621,"date":"2022-12-21T18:02:27","date_gmt":"2022-12-21T18:02:27","guid":{"rendered":"https:\/\/stratocars.com\/tienda\/?post_type=product&#038;p=2621"},"modified":"2024-04-10T10:58:28","modified_gmt":"2024-04-10T10:58:28","slug":"bc-racing-er-bmw-serie-3-coupe-e92-e93","status":"publish","type":"product","link":"https:\/\/stratocars.com\/tienda\/comprar\/bc-racing-er-bmw-serie-3-coupe-e92-e93\/","title":{"rendered":"Bc Racing ER Bmw Serie 3 M3 Coupe E92 E93"},"content":{"rendered":"<p>Bc Racing ER Bmw Serie 3 M3 Coupe E92 E93<\/p>\n<p>Caracter\u00edsticas principales<\/p>\n<p>&#8211; <strong>Ajuste separado de la compresi\u00f3n y la amortiguaci\u00f3n de rebote<\/strong><br \/>\n&#8211; Soportes superiores ajustables Camber<br \/>\n&#8211; Placas superiores de aluminio<br \/>\n&#8211; Amortiguaci\u00f3n ajustable de 30 v\u00edas<br \/>\n&#8211; Plataforma de muelle ajustable<br \/>\n&#8211; Ajuste de altura a trav\u00e9s del montaje inferior para mantener el recorrido<br \/>\ncompleto del amortiguador<br \/>\n&#8211; Plataforma de muelle frontal superior montada en rodamiento<br \/>\n&#8211; Bota antipolvo para proteger los sellos del amortiguador<\/p>\n<p>* Algunas caracter\u00edsticas dependen del modelo<\/p>\n<p>&nbsp;<\/p>\n<p><img decoding=\"async\" class=\"alignnone size-medium wp-image-2246\" src=\"https:\/\/stratocars.com\/tienda\/wp-content\/uploads\/2022\/12\/bc-racing-stratocars-300x150.jpg\" alt=\"\" width=\"300\" height=\"150\" srcset=\"https:\/\/stratocars.com\/tienda\/wp-content\/uploads\/2022\/12\/bc-racing-stratocars-300x150.jpg 300w, https:\/\/stratocars.com\/tienda\/wp-content\/uploads\/2022\/12\/bc-racing-stratocars-1024x512.jpg 1024w, https:\/\/stratocars.com\/tienda\/wp-content\/uploads\/2022\/12\/bc-racing-stratocars-768x384.jpg 768w, https:\/\/stratocars.com\/tienda\/wp-content\/uploads\/2022\/12\/bc-racing-stratocars-1536x768.jpg 1536w, https:\/\/stratocars.com\/tienda\/wp-content\/uploads\/2022\/12\/bc-racing-stratocars-2048x1024.jpg 2048w, https:\/\/stratocars.com\/tienda\/wp-content\/uploads\/2022\/12\/bc-racing-stratocars-600x300.jpg 600w\" sizes=\"(max-width: 300px) 100vw, 300px\" \/><img decoding=\"async\" class=\"alignnone size-medium wp-image-2249\" src=\"https:\/\/stratocars.com\/tienda\/wp-content\/uploads\/2022\/12\/bc-racing-tipos-300x150.jpg\" alt=\"\" width=\"300\" height=\"150\" srcset=\"https:\/\/stratocars.com\/tienda\/wp-content\/uploads\/2022\/12\/bc-racing-tipos-300x150.jpg 300w, https:\/\/stratocars.com\/tienda\/wp-content\/uploads\/2022\/12\/bc-racing-tipos-1024x512.jpg 1024w, https:\/\/stratocars.com\/tienda\/wp-content\/uploads\/2022\/12\/bc-racing-tipos-768x384.jpg 768w, https:\/\/stratocars.com\/tienda\/wp-content\/uploads\/2022\/12\/bc-racing-tipos-600x300.jpg 600w, https:\/\/stratocars.com\/tienda\/wp-content\/uploads\/2022\/12\/bc-racing-tipos.jpg 1400w\" sizes=\"(max-width: 300px) 100vw, 300px\" \/><\/p>\n","protected":false},"excerpt":{"rendered":"<p>Bc Racing ER Bmw Serie 3 M3 Coupe E92 E93<\/p>\n","protected":false},"featured_media":2243,"template":"","meta":[],"make_fuel_type":[],"make_model":[335],"make_brand":[65],"make_year":[171,172,173,174,175,176,177,178],"product_cat":[49,112,134],"product_tag":[],"class_list":{"0":"post-2621","1":"product","2":"type-product","3":"status-publish","4":"has-post-thumbnail","6":"make_engine-4-2","7":"make_model-m3-e90-e93","8":"make_brand-bmw","9":"make_year-171","10":"make_year-172","11":"make_year-173","12":"make_year-174","13":"make_year-175","14":"make_year-176","15":"make_year-177","16":"make_year-178","17":"product_cat-chasis","18":"product_cat-suspension","19":"product_cat-suspension-roscada","21":"first","22":"instock","23":"sale","24":"taxable","25":"shipping-taxable","26":"purchasable","27":"product-type-simple"},"exclude_global_add_ons":[],"addons":[],"yoast_head":"<!-- This site is optimized with the Yoast SEO plugin v23.4 - https:\/\/yoast.com\/wordpress\/plugins\/seo\/ -->\n<title>Bc Racing ER Bmw Serie 3 M3 Coupe E92 E93 | STRATOCARS | Veh\u00edculos de Importaci\u00f3n y Recambios<\/title>\n<meta name=\"description\" content=\"Bc Racing RM MA roscada track suspension coilover rally Amortiguador Audi TT Bmw Serie 3 E36 E46 M3 E92 Golf VI R STI F ER Civic Ep3 CIRCUITO 3 Coupe E92 E93\" \/>\n<meta name=\"robots\" content=\"index, follow, max-snippet:-1, max-image-preview:large, max-video-preview:-1\" \/>\n<link rel=\"canonical\" href=\"https:\/\/stratocars.com\/tienda\/comprar\/bc-racing-er-bmw-serie-3-coupe-e92-e93\/\" \/>\n<meta property=\"og:locale\" content=\"es_ES\" \/>\n<meta property=\"og:type\" content=\"article\" \/>\n<meta property=\"og:title\" content=\"Bc Racing ER Bmw Serie 3 M3 Coupe E92 E93 | STRATOCARS | Veh\u00edculos de Importaci\u00f3n y Recambios\" \/>\n<meta property=\"og:description\" content=\"Bc Racing RM MA roscada track suspension coilover rally Amortiguador Audi TT Bmw Serie 3 E36 E46 M3 E92 Golf VI R STI F ER Civic Ep3 CIRCUITO 3 Coupe E92 E93\" \/>\n<meta property=\"og:url\" content=\"https:\/\/stratocars.com\/tienda\/comprar\/bc-racing-er-bmw-serie-3-coupe-e92-e93\/\" \/>\n<meta property=\"og:site_name\" content=\"STRATOCARS | Veh\u00edculos de Importaci\u00f3n y Recambios\" \/>\n<meta property=\"article:modified_time\" content=\"2024-04-10T10:58:28+00:00\" \/>\n<meta property=\"og:image\" content=\"https:\/\/stratocars.com\/tienda\/wp-content\/uploads\/2022\/12\/bc-racing-er.jpg\" \/>\n\t<meta property=\"og:image:width\" content=\"750\" \/>\n\t<meta property=\"og:image:height\" content=\"750\" \/>\n\t<meta property=\"og:image:type\" content=\"image\/jpeg\" \/>\n<meta name=\"twitter:card\" content=\"summary_large_image\" \/>\n<meta name=\"twitter:label1\" content=\"Tiempo de lectura\" \/>\n\t<meta name=\"twitter:data1\" content=\"1 minuto\" \/>\n<script type=\"application\/ld+json\" class=\"yoast-schema-graph\">{\"@context\":\"https:\/\/schema.org\",\"@graph\":[{\"@type\":\"WebPage\",\"@id\":\"https:\/\/stratocars.com\/tienda\/comprar\/bc-racing-er-bmw-serie-3-coupe-e92-e93\/\",\"url\":\"https:\/\/stratocars.com\/tienda\/comprar\/bc-racing-er-bmw-serie-3-coupe-e92-e93\/\",\"name\":\"Bc Racing ER Bmw Serie 3 M3 Coupe E92 E93 | STRATOCARS | Veh\u00edculos de Importaci\u00f3n y Recambios\",\"isPartOf\":{\"@id\":\"https:\/\/stratocars.com\/tienda\/#website\"},\"primaryImageOfPage\":{\"@id\":\"https:\/\/stratocars.com\/tienda\/comprar\/bc-racing-er-bmw-serie-3-coupe-e92-e93\/#primaryimage\"},\"image\":{\"@id\":\"https:\/\/stratocars.com\/tienda\/comprar\/bc-racing-er-bmw-serie-3-coupe-e92-e93\/#primaryimage\"},\"thumbnailUrl\":\"https:\/\/stratocars.com\/tienda\/wp-content\/uploads\/2022\/12\/bc-racing-er.jpg\",\"datePublished\":\"2022-12-21T18:02:27+00:00\",\"dateModified\":\"2024-04-10T10:58:28+00:00\",\"description\":\"Bc Racing RM MA roscada track suspension coilover rally Amortiguador Audi TT Bmw Serie 3 E36 E46 M3 E92 Golf VI R STI F ER Civic Ep3 CIRCUITO 3 Coupe E92 E93\",\"breadcrumb\":{\"@id\":\"https:\/\/stratocars.com\/tienda\/comprar\/bc-racing-er-bmw-serie-3-coupe-e92-e93\/#breadcrumb\"},\"inLanguage\":\"es\",\"potentialAction\":[{\"@type\":\"ReadAction\",\"target\":[\"https:\/\/stratocars.com\/tienda\/comprar\/bc-racing-er-bmw-serie-3-coupe-e92-e93\/\"]}]},{\"@type\":\"ImageObject\",\"inLanguage\":\"es\",\"@id\":\"https:\/\/stratocars.com\/tienda\/comprar\/bc-racing-er-bmw-serie-3-coupe-e92-e93\/#primaryimage\",\"url\":\"https:\/\/stratocars.com\/tienda\/wp-content\/uploads\/2022\/12\/bc-racing-er.jpg\",\"contentUrl\":\"https:\/\/stratocars.com\/tienda\/wp-content\/uploads\/2022\/12\/bc-racing-er.jpg\",\"width\":750,\"height\":750},{\"@type\":\"BreadcrumbList\",\"@id\":\"https:\/\/stratocars.com\/tienda\/comprar\/bc-racing-er-bmw-serie-3-coupe-e92-e93\/#breadcrumb\",\"itemListElement\":[{\"@type\":\"ListItem\",\"position\":1,\"name\":\"Portada\",\"item\":\"https:\/\/stratocars.com\/tienda\/\"},{\"@type\":\"ListItem\",\"position\":2,\"name\":\"Parts\",\"item\":\"https:\/\/stratocars.com\/tienda\/parts\/\"},{\"@type\":\"ListItem\",\"position\":3,\"name\":\"Bc Racing ER Bmw Serie 3 M3 Coupe E92 E93\"}]},{\"@type\":\"WebSite\",\"@id\":\"https:\/\/stratocars.com\/tienda\/#website\",\"url\":\"https:\/\/stratocars.com\/tienda\/\",\"name\":\"STRATOCARS | Veh\u00edculos de Importaci\u00f3n y Recambios\",\"description\":\"Veh\u00edculos de Importaci\u00f3n y Recambios al mejor precio\",\"publisher\":{\"@id\":\"https:\/\/stratocars.com\/tienda\/#organization\"},\"potentialAction\":[{\"@type\":\"SearchAction\",\"target\":{\"@type\":\"EntryPoint\",\"urlTemplate\":\"https:\/\/stratocars.com\/tienda\/?s={search_term_string}\"},\"query-input\":{\"@type\":\"PropertyValueSpecification\",\"valueRequired\":true,\"valueName\":\"search_term_string\"}}],\"inLanguage\":\"es\"},{\"@type\":\"Organization\",\"@id\":\"https:\/\/stratocars.com\/tienda\/#organization\",\"name\":\"StratoCars\",\"url\":\"https:\/\/stratocars.com\/tienda\/\",\"logo\":{\"@type\":\"ImageObject\",\"inLanguage\":\"es\",\"@id\":\"https:\/\/stratocars.com\/tienda\/#\/schema\/logo\/image\/\",\"url\":\"https:\/\/stratocars.com\/tienda\/wp-content\/uploads\/2022\/09\/web-logo-strato-cars.png\",\"contentUrl\":\"https:\/\/stratocars.com\/tienda\/wp-content\/uploads\/2022\/09\/web-logo-strato-cars.png\",\"width\":345,\"height\":113,\"caption\":\"StratoCars\"},\"image\":{\"@id\":\"https:\/\/stratocars.com\/tienda\/#\/schema\/logo\/image\/\"}}]}<\/script>\n<!-- \/ Yoast SEO plugin. -->","yoast_head_json":{"title":"Bc Racing ER Bmw Serie 3 M3 Coupe E92 E93 | STRATOCARS | Veh\u00edculos de Importaci\u00f3n y Recambios","description":"Bc Racing RM MA roscada track suspension coilover rally Amortiguador Audi TT Bmw Serie 3 E36 E46 M3 E92 Golf VI R STI F ER Civic Ep3 CIRCUITO 3 Coupe E92 E93","robots":{"index":"index","follow":"follow","max-snippet":"max-snippet:-1","max-image-preview":"max-image-preview:large","max-video-preview":"max-video-preview:-1"},"canonical":"https:\/\/stratocars.com\/tienda\/comprar\/bc-racing-er-bmw-serie-3-coupe-e92-e93\/","og_locale":"es_ES","og_type":"article","og_title":"Bc Racing ER Bmw Serie 3 M3 Coupe E92 E93 | STRATOCARS | Veh\u00edculos de Importaci\u00f3n y Recambios","og_description":"Bc Racing RM MA roscada track suspension coilover rally Amortiguador Audi TT Bmw Serie 3 E36 E46 M3 E92 Golf VI R STI F ER Civic Ep3 CIRCUITO 3 Coupe E92 E93","og_url":"https:\/\/stratocars.com\/tienda\/comprar\/bc-racing-er-bmw-serie-3-coupe-e92-e93\/","og_site_name":"STRATOCARS | Veh\u00edculos de Importaci\u00f3n y Recambios","article_modified_time":"2024-04-10T10:58:28+00:00","og_image":[{"width":750,"height":750,"url":"https:\/\/stratocars.com\/tienda\/wp-content\/uploads\/2022\/12\/bc-racing-er.jpg","type":"image\/jpeg"}],"twitter_card":"summary_large_image","twitter_misc":{"Tiempo de lectura":"1 minuto"},"schema":{"@context":"https:\/\/schema.org","@graph":[{"@type":"WebPage","@id":"https:\/\/stratocars.com\/tienda\/comprar\/bc-racing-er-bmw-serie-3-coupe-e92-e93\/","url":"https:\/\/stratocars.com\/tienda\/comprar\/bc-racing-er-bmw-serie-3-coupe-e92-e93\/","name":"Bc Racing ER Bmw Serie 3 M3 Coupe E92 E93 | STRATOCARS | Veh\u00edculos de Importaci\u00f3n y Recambios","isPartOf":{"@id":"https:\/\/stratocars.com\/tienda\/#website"},"primaryImageOfPage":{"@id":"https:\/\/stratocars.com\/tienda\/comprar\/bc-racing-er-bmw-serie-3-coupe-e92-e93\/#primaryimage"},"image":{"@id":"https:\/\/stratocars.com\/tienda\/comprar\/bc-racing-er-bmw-serie-3-coupe-e92-e93\/#primaryimage"},"thumbnailUrl":"https:\/\/stratocars.com\/tienda\/wp-content\/uploads\/2022\/12\/bc-racing-er.jpg","datePublished":"2022-12-21T18:02:27+00:00","dateModified":"2024-04-10T10:58:28+00:00","description":"Bc Racing RM MA roscada track suspension coilover rally Amortiguador Audi TT Bmw Serie 3 E36 E46 M3 E92 Golf VI R STI F ER Civic Ep3 CIRCUITO 3 Coupe E92 E93","breadcrumb":{"@id":"https:\/\/stratocars.com\/tienda\/comprar\/bc-racing-er-bmw-serie-3-coupe-e92-e93\/#breadcrumb"},"inLanguage":"es","potentialAction":[{"@type":"ReadAction","target":["https:\/\/stratocars.com\/tienda\/comprar\/bc-racing-er-bmw-serie-3-coupe-e92-e93\/"]}]},{"@type":"ImageObject","inLanguage":"es","@id":"https:\/\/stratocars.com\/tienda\/comprar\/bc-racing-er-bmw-serie-3-coupe-e92-e93\/#primaryimage","url":"https:\/\/stratocars.com\/tienda\/wp-content\/uploads\/2022\/12\/bc-racing-er.jpg","contentUrl":"https:\/\/stratocars.com\/tienda\/wp-content\/uploads\/2022\/12\/bc-racing-er.jpg","width":750,"height":750},{"@type":"BreadcrumbList","@id":"https:\/\/stratocars.com\/tienda\/comprar\/bc-racing-er-bmw-serie-3-coupe-e92-e93\/#breadcrumb","itemListElement":[{"@type":"ListItem","position":1,"name":"Portada","item":"https:\/\/stratocars.com\/tienda\/"},{"@type":"ListItem","position":2,"name":"Parts","item":"https:\/\/stratocars.com\/tienda\/parts\/"},{"@type":"ListItem","position":3,"name":"Bc Racing ER Bmw Serie 3 M3 Coupe E92 E93"}]},{"@type":"WebSite","@id":"https:\/\/stratocars.com\/tienda\/#website","url":"https:\/\/stratocars.com\/tienda\/","name":"STRATOCARS | Veh\u00edculos de Importaci\u00f3n y Recambios","description":"Veh\u00edculos de Importaci\u00f3n y Recambios al mejor precio","publisher":{"@id":"https:\/\/stratocars.com\/tienda\/#organization"},"potentialAction":[{"@type":"SearchAction","target":{"@type":"EntryPoint","urlTemplate":"https:\/\/stratocars.com\/tienda\/?s={search_term_string}"},"query-input":{"@type":"PropertyValueSpecification","valueRequired":true,"valueName":"search_term_string"}}],"inLanguage":"es"},{"@type":"Organization","@id":"https:\/\/stratocars.com\/tienda\/#organization","name":"StratoCars","url":"https:\/\/stratocars.com\/tienda\/","logo":{"@type":"ImageObject","inLanguage":"es","@id":"https:\/\/stratocars.com\/tienda\/#\/schema\/logo\/image\/","url":"https:\/\/stratocars.com\/tienda\/wp-content\/uploads\/2022\/09\/web-logo-strato-cars.png","contentUrl":"https:\/\/stratocars.com\/tienda\/wp-content\/uploads\/2022\/09\/web-logo-strato-cars.png","width":345,"height":113,"caption":"StratoCars"},"image":{"@id":"https:\/\/stratocars.com\/tienda\/#\/schema\/logo\/image\/"}}]}},"_links":{"self":[{"href":"https:\/\/stratocars.com\/tienda\/wp-json\/wp\/v2\/product\/2621"}],"collection":[{"href":"https:\/\/stratocars.com\/tienda\/wp-json\/wp\/v2\/product"}],"about":[{"href":"https:\/\/stratocars.com\/tienda\/wp-json\/wp\/v2\/types\/product"}],"wp:featuredmedia":[{"embeddable":true,"href":"https:\/\/stratocars.com\/tienda\/wp-json\/wp\/v2\/media\/2243"}],"wp:attachment":[{"href":"https:\/\/stratocars.com\/tienda\/wp-json\/wp\/v2\/media?parent=2621"}],"wp:term":[{"taxonomy":"make_fuel_type","embeddable":true,"href":"https:\/\/stratocars.com\/tienda\/wp-json\/wp\/v2\/make_fuel_type?post=2621"},{"taxonomy":"make_model","embeddable":true,"href":"https:\/\/stratocars.com\/tienda\/wp-json\/wp\/v2\/make_model?post=2621"},{"taxonomy":"make_brand","embeddable":true,"href":"https:\/\/stratocars.com\/tienda\/wp-json\/wp\/v2\/make_brand?post=2621"},{"taxonomy":"make_year","embeddable":true,"href":"https:\/\/stratocars.com\/tienda\/wp-json\/wp\/v2\/make_year?post=2621"},{"taxonomy":"product_cat","embeddable":true,"href":"https:\/\/stratocars.com\/tienda\/wp-json\/wp\/v2\/product_cat?post=2621"},{"taxonomy":"product_tag","embeddable":true,"href":"https:\/\/stratocars.com\/tienda\/wp-json\/wp\/v2\/product_tag?post=2621"}],"curies":[{"name":"wp","href":"https:\/\/api.w.org\/{rel}","templated":true}]}}