{"id":2637,"date":"2022-12-21T18:45:38","date_gmt":"2022-12-21T18:45:38","guid":{"rendered":"https:\/\/stratocars.com\/tienda\/?post_type=product&#038;p=2637"},"modified":"2024-04-10T10:58:39","modified_gmt":"2024-04-10T10:58:39","slug":"bc-racing-hm-honda-civic-fb","status":"publish","type":"product","link":"https:\/\/stratocars.com\/tienda\/comprar\/bc-racing-hm-honda-civic-fb\/","title":{"rendered":"Bc Racing HM Honda Civic FK"},"content":{"rendered":"<p>Bc Racing HM Honda Civic FK<\/p>\n<p>Caracter\u00edsticas principales<\/p>\n<p>&#8211; <strong>Ajuste separado de la compresi\u00f3n y la amortiguaci\u00f3n de rebote<\/strong><br \/>\n&#8211; amortiguador monotubo invertido<br \/>\n&#8211; Soportes superiores ajustables Camber<br \/>\n&#8211; Placas superiores de aluminio<br \/>\n&#8211; Amortiguaci\u00f3n ajustable de 30 v\u00edas<br \/>\n&#8211; Plataforma de muelle ajustable<br \/>\n&#8211; Ajuste de altura a trav\u00e9s del montaje inferior para mantener el recorrido<br \/>\ncompleto del amortiguador<br \/>\n&#8211; Plataforma de muelle frontal superior montada en rodamiento<br \/>\n&#8211; Bota antipolvo para proteger los sellos del amortiguador<\/p>\n<p>* Algunas caracter\u00edsticas dependen del modelo<\/p>\n<p>Tipos de la serie RM<\/p>\n<p>RM-MA | Frente = Almohada de c\u00e1mara de choque invertida | de montaje superior Parte trasera = Inc Montaje superior de goma o sin montaje superior<\/p>\n<p>RM-MH | Parte delantera = Amortiguador invertido con | de montaje superior de Pillowball Parte trasera = Amortiguador invertido con soporte superior de almohada<\/p>\n<p>&nbsp;<\/p>\n<p><img decoding=\"async\" class=\"alignnone size-medium wp-image-2246\" src=\"https:\/\/stratocars.com\/tienda\/wp-content\/uploads\/2022\/12\/bc-racing-stratocars-300x150.jpg\" alt=\"\" width=\"300\" height=\"150\" srcset=\"https:\/\/stratocars.com\/tienda\/wp-content\/uploads\/2022\/12\/bc-racing-stratocars-300x150.jpg 300w, https:\/\/stratocars.com\/tienda\/wp-content\/uploads\/2022\/12\/bc-racing-stratocars-1024x512.jpg 1024w, https:\/\/stratocars.com\/tienda\/wp-content\/uploads\/2022\/12\/bc-racing-stratocars-768x384.jpg 768w, https:\/\/stratocars.com\/tienda\/wp-content\/uploads\/2022\/12\/bc-racing-stratocars-1536x768.jpg 1536w, https:\/\/stratocars.com\/tienda\/wp-content\/uploads\/2022\/12\/bc-racing-stratocars-2048x1024.jpg 2048w, https:\/\/stratocars.com\/tienda\/wp-content\/uploads\/2022\/12\/bc-racing-stratocars-600x300.jpg 600w\" sizes=\"(max-width: 300px) 100vw, 300px\" \/><img decoding=\"async\" class=\"alignnone size-medium wp-image-2249\" src=\"https:\/\/stratocars.com\/tienda\/wp-content\/uploads\/2022\/12\/bc-racing-tipos-300x150.jpg\" alt=\"\" width=\"300\" height=\"150\" srcset=\"https:\/\/stratocars.com\/tienda\/wp-content\/uploads\/2022\/12\/bc-racing-tipos-300x150.jpg 300w, https:\/\/stratocars.com\/tienda\/wp-content\/uploads\/2022\/12\/bc-racing-tipos-1024x512.jpg 1024w, https:\/\/stratocars.com\/tienda\/wp-content\/uploads\/2022\/12\/bc-racing-tipos-768x384.jpg 768w, https:\/\/stratocars.com\/tienda\/wp-content\/uploads\/2022\/12\/bc-racing-tipos-600x300.jpg 600w, https:\/\/stratocars.com\/tienda\/wp-content\/uploads\/2022\/12\/bc-racing-tipos.jpg 1400w\" sizes=\"(max-width: 300px) 100vw, 300px\" \/><\/p>\n","protected":false},"excerpt":{"rendered":"<p>Bc Racing HM Honda Civic FK<\/p>\n","protected":false},"featured_media":2242,"template":"","meta":[],"make_fuel_type":[],"make_model":[355],"make_brand":[76],"make_year":[177,178,179,180],"product_cat":[49,112,134],"product_tag":[],"class_list":{"0":"post-2637","1":"product","2":"type-product","3":"status-publish","4":"has-post-thumbnail","6":"make_engine-todas-las-motorizaciones","7":"make_model-civic-fk2","8":"make_brand-honda","9":"make_year-177","10":"make_year-178","11":"make_year-179","12":"make_year-180","13":"product_cat-chasis","14":"product_cat-suspension","15":"product_cat-suspension-roscada","17":"first","18":"instock","19":"sale","20":"taxable","21":"shipping-taxable","22":"purchasable","23":"product-type-simple"},"exclude_global_add_ons":[],"addons":[],"yoast_head":"<!-- This site is optimized with the Yoast SEO plugin v23.4 - https:\/\/yoast.com\/wordpress\/plugins\/seo\/ -->\n<title>Bc Racing HM Honda Civic FK | STRATOCARS | Veh\u00edculos de Importaci\u00f3n y Recambios<\/title>\n<meta name=\"description\" content=\"Bc Racing HM CG RS roscada clio track suspension civic ek eg6 ej1 clio 182 br ra clio coilover Civic Civic br RA Honda Civic EM2 ES1 ES2 EP1 EP2 EP3 FB\" \/>\n<meta name=\"robots\" content=\"index, follow, max-snippet:-1, max-image-preview:large, max-video-preview:-1\" \/>\n<link rel=\"canonical\" href=\"https:\/\/stratocars.com\/tienda\/comprar\/bc-racing-hm-honda-civic-fb\/\" \/>\n<meta property=\"og:locale\" content=\"es_ES\" \/>\n<meta property=\"og:type\" content=\"article\" \/>\n<meta property=\"og:title\" content=\"Bc Racing HM Honda Civic FK | STRATOCARS | Veh\u00edculos de Importaci\u00f3n y Recambios\" \/>\n<meta property=\"og:description\" content=\"Bc Racing HM CG RS roscada clio track suspension civic ek eg6 ej1 clio 182 br ra clio coilover Civic Civic br RA Honda Civic EM2 ES1 ES2 EP1 EP2 EP3 FB\" \/>\n<meta property=\"og:url\" content=\"https:\/\/stratocars.com\/tienda\/comprar\/bc-racing-hm-honda-civic-fb\/\" \/>\n<meta property=\"og:site_name\" content=\"STRATOCARS | Veh\u00edculos de Importaci\u00f3n y Recambios\" \/>\n<meta property=\"article:modified_time\" content=\"2024-04-10T10:58:39+00:00\" \/>\n<meta property=\"og:image\" content=\"https:\/\/stratocars.com\/tienda\/wp-content\/uploads\/2022\/12\/bc-racing-em.jpg\" \/>\n\t<meta property=\"og:image:width\" content=\"750\" \/>\n\t<meta property=\"og:image:height\" content=\"750\" \/>\n\t<meta property=\"og:image:type\" content=\"image\/jpeg\" \/>\n<meta name=\"twitter:card\" content=\"summary_large_image\" \/>\n<meta name=\"twitter:label1\" content=\"Tiempo de lectura\" \/>\n\t<meta name=\"twitter:data1\" content=\"1 minuto\" \/>\n<script type=\"application\/ld+json\" class=\"yoast-schema-graph\">{\"@context\":\"https:\/\/schema.org\",\"@graph\":[{\"@type\":\"WebPage\",\"@id\":\"https:\/\/stratocars.com\/tienda\/comprar\/bc-racing-hm-honda-civic-fb\/\",\"url\":\"https:\/\/stratocars.com\/tienda\/comprar\/bc-racing-hm-honda-civic-fb\/\",\"name\":\"Bc Racing HM Honda Civic FK | STRATOCARS | Veh\u00edculos de Importaci\u00f3n y Recambios\",\"isPartOf\":{\"@id\":\"https:\/\/stratocars.com\/tienda\/#website\"},\"primaryImageOfPage\":{\"@id\":\"https:\/\/stratocars.com\/tienda\/comprar\/bc-racing-hm-honda-civic-fb\/#primaryimage\"},\"image\":{\"@id\":\"https:\/\/stratocars.com\/tienda\/comprar\/bc-racing-hm-honda-civic-fb\/#primaryimage\"},\"thumbnailUrl\":\"https:\/\/stratocars.com\/tienda\/wp-content\/uploads\/2022\/12\/bc-racing-em.jpg\",\"datePublished\":\"2022-12-21T18:45:38+00:00\",\"dateModified\":\"2024-04-10T10:58:39+00:00\",\"description\":\"Bc Racing HM CG RS roscada clio track suspension civic ek eg6 ej1 clio 182 br ra clio coilover Civic Civic br RA Honda Civic EM2 ES1 ES2 EP1 EP2 EP3 FB\",\"breadcrumb\":{\"@id\":\"https:\/\/stratocars.com\/tienda\/comprar\/bc-racing-hm-honda-civic-fb\/#breadcrumb\"},\"inLanguage\":\"es\",\"potentialAction\":[{\"@type\":\"ReadAction\",\"target\":[\"https:\/\/stratocars.com\/tienda\/comprar\/bc-racing-hm-honda-civic-fb\/\"]}]},{\"@type\":\"ImageObject\",\"inLanguage\":\"es\",\"@id\":\"https:\/\/stratocars.com\/tienda\/comprar\/bc-racing-hm-honda-civic-fb\/#primaryimage\",\"url\":\"https:\/\/stratocars.com\/tienda\/wp-content\/uploads\/2022\/12\/bc-racing-em.jpg\",\"contentUrl\":\"https:\/\/stratocars.com\/tienda\/wp-content\/uploads\/2022\/12\/bc-racing-em.jpg\",\"width\":750,\"height\":750},{\"@type\":\"BreadcrumbList\",\"@id\":\"https:\/\/stratocars.com\/tienda\/comprar\/bc-racing-hm-honda-civic-fb\/#breadcrumb\",\"itemListElement\":[{\"@type\":\"ListItem\",\"position\":1,\"name\":\"Portada\",\"item\":\"https:\/\/stratocars.com\/tienda\/\"},{\"@type\":\"ListItem\",\"position\":2,\"name\":\"Parts\",\"item\":\"https:\/\/stratocars.com\/tienda\/parts\/\"},{\"@type\":\"ListItem\",\"position\":3,\"name\":\"Bc Racing HM Honda Civic FK\"}]},{\"@type\":\"WebSite\",\"@id\":\"https:\/\/stratocars.com\/tienda\/#website\",\"url\":\"https:\/\/stratocars.com\/tienda\/\",\"name\":\"STRATOCARS | Veh\u00edculos de Importaci\u00f3n y Recambios\",\"description\":\"Veh\u00edculos de Importaci\u00f3n y Recambios al mejor precio\",\"publisher\":{\"@id\":\"https:\/\/stratocars.com\/tienda\/#organization\"},\"potentialAction\":[{\"@type\":\"SearchAction\",\"target\":{\"@type\":\"EntryPoint\",\"urlTemplate\":\"https:\/\/stratocars.com\/tienda\/?s={search_term_string}\"},\"query-input\":{\"@type\":\"PropertyValueSpecification\",\"valueRequired\":true,\"valueName\":\"search_term_string\"}}],\"inLanguage\":\"es\"},{\"@type\":\"Organization\",\"@id\":\"https:\/\/stratocars.com\/tienda\/#organization\",\"name\":\"StratoCars\",\"url\":\"https:\/\/stratocars.com\/tienda\/\",\"logo\":{\"@type\":\"ImageObject\",\"inLanguage\":\"es\",\"@id\":\"https:\/\/stratocars.com\/tienda\/#\/schema\/logo\/image\/\",\"url\":\"https:\/\/stratocars.com\/tienda\/wp-content\/uploads\/2022\/09\/web-logo-strato-cars.png\",\"contentUrl\":\"https:\/\/stratocars.com\/tienda\/wp-content\/uploads\/2022\/09\/web-logo-strato-cars.png\",\"width\":345,\"height\":113,\"caption\":\"StratoCars\"},\"image\":{\"@id\":\"https:\/\/stratocars.com\/tienda\/#\/schema\/logo\/image\/\"}}]}<\/script>\n<!-- \/ Yoast SEO plugin. -->","yoast_head_json":{"title":"Bc Racing HM Honda Civic FK | STRATOCARS | Veh\u00edculos de Importaci\u00f3n y Recambios","description":"Bc Racing HM CG RS roscada clio track suspension civic ek eg6 ej1 clio 182 br ra clio coilover Civic Civic br RA Honda Civic EM2 ES1 ES2 EP1 EP2 EP3 FB","robots":{"index":"index","follow":"follow","max-snippet":"max-snippet:-1","max-image-preview":"max-image-preview:large","max-video-preview":"max-video-preview:-1"},"canonical":"https:\/\/stratocars.com\/tienda\/comprar\/bc-racing-hm-honda-civic-fb\/","og_locale":"es_ES","og_type":"article","og_title":"Bc Racing HM Honda Civic FK | STRATOCARS | Veh\u00edculos de Importaci\u00f3n y Recambios","og_description":"Bc Racing HM CG RS roscada clio track suspension civic ek eg6 ej1 clio 182 br ra clio coilover Civic Civic br RA Honda Civic EM2 ES1 ES2 EP1 EP2 EP3 FB","og_url":"https:\/\/stratocars.com\/tienda\/comprar\/bc-racing-hm-honda-civic-fb\/","og_site_name":"STRATOCARS | Veh\u00edculos de Importaci\u00f3n y Recambios","article_modified_time":"2024-04-10T10:58:39+00:00","og_image":[{"width":750,"height":750,"url":"https:\/\/stratocars.com\/tienda\/wp-content\/uploads\/2022\/12\/bc-racing-em.jpg","type":"image\/jpeg"}],"twitter_card":"summary_large_image","twitter_misc":{"Tiempo de lectura":"1 minuto"},"schema":{"@context":"https:\/\/schema.org","@graph":[{"@type":"WebPage","@id":"https:\/\/stratocars.com\/tienda\/comprar\/bc-racing-hm-honda-civic-fb\/","url":"https:\/\/stratocars.com\/tienda\/comprar\/bc-racing-hm-honda-civic-fb\/","name":"Bc Racing HM Honda Civic FK | STRATOCARS | Veh\u00edculos de Importaci\u00f3n y Recambios","isPartOf":{"@id":"https:\/\/stratocars.com\/tienda\/#website"},"primaryImageOfPage":{"@id":"https:\/\/stratocars.com\/tienda\/comprar\/bc-racing-hm-honda-civic-fb\/#primaryimage"},"image":{"@id":"https:\/\/stratocars.com\/tienda\/comprar\/bc-racing-hm-honda-civic-fb\/#primaryimage"},"thumbnailUrl":"https:\/\/stratocars.com\/tienda\/wp-content\/uploads\/2022\/12\/bc-racing-em.jpg","datePublished":"2022-12-21T18:45:38+00:00","dateModified":"2024-04-10T10:58:39+00:00","description":"Bc Racing HM CG RS roscada clio track suspension civic ek eg6 ej1 clio 182 br ra clio coilover Civic Civic br RA Honda Civic EM2 ES1 ES2 EP1 EP2 EP3 FB","breadcrumb":{"@id":"https:\/\/stratocars.com\/tienda\/comprar\/bc-racing-hm-honda-civic-fb\/#breadcrumb"},"inLanguage":"es","potentialAction":[{"@type":"ReadAction","target":["https:\/\/stratocars.com\/tienda\/comprar\/bc-racing-hm-honda-civic-fb\/"]}]},{"@type":"ImageObject","inLanguage":"es","@id":"https:\/\/stratocars.com\/tienda\/comprar\/bc-racing-hm-honda-civic-fb\/#primaryimage","url":"https:\/\/stratocars.com\/tienda\/wp-content\/uploads\/2022\/12\/bc-racing-em.jpg","contentUrl":"https:\/\/stratocars.com\/tienda\/wp-content\/uploads\/2022\/12\/bc-racing-em.jpg","width":750,"height":750},{"@type":"BreadcrumbList","@id":"https:\/\/stratocars.com\/tienda\/comprar\/bc-racing-hm-honda-civic-fb\/#breadcrumb","itemListElement":[{"@type":"ListItem","position":1,"name":"Portada","item":"https:\/\/stratocars.com\/tienda\/"},{"@type":"ListItem","position":2,"name":"Parts","item":"https:\/\/stratocars.com\/tienda\/parts\/"},{"@type":"ListItem","position":3,"name":"Bc Racing HM Honda Civic FK"}]},{"@type":"WebSite","@id":"https:\/\/stratocars.com\/tienda\/#website","url":"https:\/\/stratocars.com\/tienda\/","name":"STRATOCARS | Veh\u00edculos de Importaci\u00f3n y Recambios","description":"Veh\u00edculos de Importaci\u00f3n y Recambios al mejor precio","publisher":{"@id":"https:\/\/stratocars.com\/tienda\/#organization"},"potentialAction":[{"@type":"SearchAction","target":{"@type":"EntryPoint","urlTemplate":"https:\/\/stratocars.com\/tienda\/?s={search_term_string}"},"query-input":{"@type":"PropertyValueSpecification","valueRequired":true,"valueName":"search_term_string"}}],"inLanguage":"es"},{"@type":"Organization","@id":"https:\/\/stratocars.com\/tienda\/#organization","name":"StratoCars","url":"https:\/\/stratocars.com\/tienda\/","logo":{"@type":"ImageObject","inLanguage":"es","@id":"https:\/\/stratocars.com\/tienda\/#\/schema\/logo\/image\/","url":"https:\/\/stratocars.com\/tienda\/wp-content\/uploads\/2022\/09\/web-logo-strato-cars.png","contentUrl":"https:\/\/stratocars.com\/tienda\/wp-content\/uploads\/2022\/09\/web-logo-strato-cars.png","width":345,"height":113,"caption":"StratoCars"},"image":{"@id":"https:\/\/stratocars.com\/tienda\/#\/schema\/logo\/image\/"}}]}},"_links":{"self":[{"href":"https:\/\/stratocars.com\/tienda\/wp-json\/wp\/v2\/product\/2637"}],"collection":[{"href":"https:\/\/stratocars.com\/tienda\/wp-json\/wp\/v2\/product"}],"about":[{"href":"https:\/\/stratocars.com\/tienda\/wp-json\/wp\/v2\/types\/product"}],"wp:featuredmedia":[{"embeddable":true,"href":"https:\/\/stratocars.com\/tienda\/wp-json\/wp\/v2\/media\/2242"}],"wp:attachment":[{"href":"https:\/\/stratocars.com\/tienda\/wp-json\/wp\/v2\/media?parent=2637"}],"wp:term":[{"taxonomy":"make_fuel_type","embeddable":true,"href":"https:\/\/stratocars.com\/tienda\/wp-json\/wp\/v2\/make_fuel_type?post=2637"},{"taxonomy":"make_model","embeddable":true,"href":"https:\/\/stratocars.com\/tienda\/wp-json\/wp\/v2\/make_model?post=2637"},{"taxonomy":"make_brand","embeddable":true,"href":"https:\/\/stratocars.com\/tienda\/wp-json\/wp\/v2\/make_brand?post=2637"},{"taxonomy":"make_year","embeddable":true,"href":"https:\/\/stratocars.com\/tienda\/wp-json\/wp\/v2\/make_year?post=2637"},{"taxonomy":"product_cat","embeddable":true,"href":"https:\/\/stratocars.com\/tienda\/wp-json\/wp\/v2\/product_cat?post=2637"},{"taxonomy":"product_tag","embeddable":true,"href":"https:\/\/stratocars.com\/tienda\/wp-json\/wp\/v2\/product_tag?post=2637"}],"curies":[{"name":"wp","href":"https:\/\/api.w.org\/{rel}","templated":true}]}}