{"id":2685,"date":"2022-12-22T12:50:44","date_gmt":"2022-12-22T12:50:44","guid":{"rendered":"https:\/\/stratocars.com\/tienda\/?post_type=product&#038;p=2685"},"modified":"2023-01-30T19:11:07","modified_gmt":"2023-01-30T19:11:07","slug":"pbs-pro-race-8541pr-delanteras-punto-abarth-1-4-brembo","status":"publish","type":"product","link":"https:\/\/stratocars.com\/tienda\/comprar\/pbs-pro-race-8541pr-delanteras-punto-abarth-1-4-brembo\/","title":{"rendered":"PBS Pro Race Delanteras Punto Abarth 1.4 Brembo"},"content":{"rendered":"<p>PBS Pro Race Delanteras Punto Abarth 1.4 Brembo<\/p>\n<p>&nbsp;<\/p>\n<p>El compuesto Pro Race es un material de grafito cer\u00e1mico que tiene una gran mordida inicial, excelente control y sensaci\u00f3n con un poderoso poder de frenado de 0,36 a 0,58 mu. Este compuesto se usa en muchas series de carreras con excelentes resultados, incluidas victorias en carreras y campeonatos generales. Tambi\u00e9n es el compuesto de elecci\u00f3n para muchos usuarios de track day.<\/p>\n<p>Temperatura de trabajo 0-800 grados<\/p>\n","protected":false},"excerpt":{"rendered":"<p>PBS Pro Race Delanteras Punto Abarth 1.4 Brembo<\/p>\n","protected":false},"featured_media":2681,"template":"","meta":[],"make_fuel_type":[],"make_model":[645,192],"make_brand":[52],"make_year":[172,173,174,175,176,177],"product_cat":[49,111,116],"product_tag":[874],"class_list":{"0":"post-2685","1":"product","2":"type-product","3":"status-publish","4":"has-post-thumbnail","6":"make_engine-1-4-170cv","7":"make_model-grande-punto","8":"make_model-punto","9":"make_brand-abarth-fiat","10":"make_year-172","11":"make_year-173","12":"make_year-174","13":"make_year-175","14":"make_year-176","15":"make_year-177","16":"product_cat-chasis","17":"product_cat-frenada","18":"product_cat-pastillas-de-freno","19":"product_tag-entrega-1-7-dias","21":"first","22":"instock","23":"sale","24":"taxable","25":"shipping-taxable","26":"purchasable","27":"product-type-simple"},"exclude_global_add_ons":[],"addons":[],"yoast_head":"<!-- This site is optimized with the Yoast SEO plugin v23.4 - https:\/\/yoast.com\/wordpress\/plugins\/seo\/ -->\n<title>PBS Pro Race Delanteras Punto Abarth 1.4 Brembo<\/title>\n<meta name=\"description\" content=\"PBS Pro Race 8541PR Delanteras Abarth 124 Spider Brembo patillas de freno pbs protrack pro track tarckday tandas circuito PBS ESPA\u00d1A OFERTA\" \/>\n<meta name=\"robots\" content=\"index, follow, max-snippet:-1, max-image-preview:large, max-video-preview:-1\" \/>\n<link rel=\"canonical\" href=\"https:\/\/stratocars.com\/tienda\/comprar\/pbs-pro-race-8541pr-delanteras-punto-abarth-1-4-brembo\/\" \/>\n<meta property=\"og:locale\" content=\"es_ES\" \/>\n<meta property=\"og:type\" content=\"article\" \/>\n<meta property=\"og:title\" content=\"PBS Pro Race Delanteras Punto Abarth 1.4 Brembo\" \/>\n<meta property=\"og:description\" content=\"PBS Pro Race 8541PR Delanteras Abarth 124 Spider Brembo patillas de freno pbs protrack pro track tarckday tandas circuito PBS ESPA\u00d1A OFERTA\" \/>\n<meta property=\"og:url\" content=\"https:\/\/stratocars.com\/tienda\/comprar\/pbs-pro-race-8541pr-delanteras-punto-abarth-1-4-brembo\/\" \/>\n<meta property=\"og:site_name\" content=\"STRATOCARS | Veh\u00edculos de Importaci\u00f3n y Recambios\" \/>\n<meta property=\"article:modified_time\" content=\"2023-01-30T19:11:07+00:00\" \/>\n<meta property=\"og:image\" content=\"https:\/\/stratocars.com\/tienda\/wp-content\/uploads\/2022\/12\/8541PR.jpg\" \/>\n\t<meta property=\"og:image:width\" content=\"750\" \/>\n\t<meta property=\"og:image:height\" content=\"750\" \/>\n\t<meta property=\"og:image:type\" content=\"image\/jpeg\" \/>\n<meta name=\"twitter:card\" content=\"summary_large_image\" \/>\n<meta name=\"twitter:label1\" content=\"Tiempo de lectura\" \/>\n\t<meta name=\"twitter:data1\" content=\"1 minuto\" \/>\n<script type=\"application\/ld+json\" class=\"yoast-schema-graph\">{\"@context\":\"https:\/\/schema.org\",\"@graph\":[{\"@type\":\"WebPage\",\"@id\":\"https:\/\/stratocars.com\/tienda\/comprar\/pbs-pro-race-8541pr-delanteras-punto-abarth-1-4-brembo\/\",\"url\":\"https:\/\/stratocars.com\/tienda\/comprar\/pbs-pro-race-8541pr-delanteras-punto-abarth-1-4-brembo\/\",\"name\":\"PBS Pro Race Delanteras Punto Abarth 1.4 Brembo\",\"isPartOf\":{\"@id\":\"https:\/\/stratocars.com\/tienda\/#website\"},\"primaryImageOfPage\":{\"@id\":\"https:\/\/stratocars.com\/tienda\/comprar\/pbs-pro-race-8541pr-delanteras-punto-abarth-1-4-brembo\/#primaryimage\"},\"image\":{\"@id\":\"https:\/\/stratocars.com\/tienda\/comprar\/pbs-pro-race-8541pr-delanteras-punto-abarth-1-4-brembo\/#primaryimage\"},\"thumbnailUrl\":\"https:\/\/stratocars.com\/tienda\/wp-content\/uploads\/2022\/12\/8541PR.jpg\",\"datePublished\":\"2022-12-22T12:50:44+00:00\",\"dateModified\":\"2023-01-30T19:11:07+00:00\",\"description\":\"PBS Pro Race 8541PR Delanteras Abarth 124 Spider Brembo patillas de freno pbs protrack pro track tarckday tandas circuito PBS ESPA\u00d1A OFERTA\",\"breadcrumb\":{\"@id\":\"https:\/\/stratocars.com\/tienda\/comprar\/pbs-pro-race-8541pr-delanteras-punto-abarth-1-4-brembo\/#breadcrumb\"},\"inLanguage\":\"es\",\"potentialAction\":[{\"@type\":\"ReadAction\",\"target\":[\"https:\/\/stratocars.com\/tienda\/comprar\/pbs-pro-race-8541pr-delanteras-punto-abarth-1-4-brembo\/\"]}]},{\"@type\":\"ImageObject\",\"inLanguage\":\"es\",\"@id\":\"https:\/\/stratocars.com\/tienda\/comprar\/pbs-pro-race-8541pr-delanteras-punto-abarth-1-4-brembo\/#primaryimage\",\"url\":\"https:\/\/stratocars.com\/tienda\/wp-content\/uploads\/2022\/12\/8541PR.jpg\",\"contentUrl\":\"https:\/\/stratocars.com\/tienda\/wp-content\/uploads\/2022\/12\/8541PR.jpg\",\"width\":750,\"height\":750},{\"@type\":\"BreadcrumbList\",\"@id\":\"https:\/\/stratocars.com\/tienda\/comprar\/pbs-pro-race-8541pr-delanteras-punto-abarth-1-4-brembo\/#breadcrumb\",\"itemListElement\":[{\"@type\":\"ListItem\",\"position\":1,\"name\":\"Portada\",\"item\":\"https:\/\/stratocars.com\/tienda\/\"},{\"@type\":\"ListItem\",\"position\":2,\"name\":\"Parts\",\"item\":\"https:\/\/stratocars.com\/tienda\/parts\/\"},{\"@type\":\"ListItem\",\"position\":3,\"name\":\"PBS Pro Race Delanteras Punto Abarth 1.4 Brembo\"}]},{\"@type\":\"WebSite\",\"@id\":\"https:\/\/stratocars.com\/tienda\/#website\",\"url\":\"https:\/\/stratocars.com\/tienda\/\",\"name\":\"STRATOCARS | Veh\u00edculos de Importaci\u00f3n y Recambios\",\"description\":\"Veh\u00edculos de Importaci\u00f3n y Recambios al mejor precio\",\"publisher\":{\"@id\":\"https:\/\/stratocars.com\/tienda\/#organization\"},\"potentialAction\":[{\"@type\":\"SearchAction\",\"target\":{\"@type\":\"EntryPoint\",\"urlTemplate\":\"https:\/\/stratocars.com\/tienda\/?s={search_term_string}\"},\"query-input\":{\"@type\":\"PropertyValueSpecification\",\"valueRequired\":true,\"valueName\":\"search_term_string\"}}],\"inLanguage\":\"es\"},{\"@type\":\"Organization\",\"@id\":\"https:\/\/stratocars.com\/tienda\/#organization\",\"name\":\"StratoCars\",\"url\":\"https:\/\/stratocars.com\/tienda\/\",\"logo\":{\"@type\":\"ImageObject\",\"inLanguage\":\"es\",\"@id\":\"https:\/\/stratocars.com\/tienda\/#\/schema\/logo\/image\/\",\"url\":\"https:\/\/stratocars.com\/tienda\/wp-content\/uploads\/2022\/09\/web-logo-strato-cars.png\",\"contentUrl\":\"https:\/\/stratocars.com\/tienda\/wp-content\/uploads\/2022\/09\/web-logo-strato-cars.png\",\"width\":345,\"height\":113,\"caption\":\"StratoCars\"},\"image\":{\"@id\":\"https:\/\/stratocars.com\/tienda\/#\/schema\/logo\/image\/\"}}]}<\/script>\n<!-- \/ Yoast SEO plugin. -->","yoast_head_json":{"title":"PBS Pro Race Delanteras Punto Abarth 1.4 Brembo","description":"PBS Pro Race 8541PR Delanteras Abarth 124 Spider Brembo patillas de freno pbs protrack pro track tarckday tandas circuito PBS ESPA\u00d1A OFERTA","robots":{"index":"index","follow":"follow","max-snippet":"max-snippet:-1","max-image-preview":"max-image-preview:large","max-video-preview":"max-video-preview:-1"},"canonical":"https:\/\/stratocars.com\/tienda\/comprar\/pbs-pro-race-8541pr-delanteras-punto-abarth-1-4-brembo\/","og_locale":"es_ES","og_type":"article","og_title":"PBS Pro Race Delanteras Punto Abarth 1.4 Brembo","og_description":"PBS Pro Race 8541PR Delanteras Abarth 124 Spider Brembo patillas de freno pbs protrack pro track tarckday tandas circuito PBS ESPA\u00d1A OFERTA","og_url":"https:\/\/stratocars.com\/tienda\/comprar\/pbs-pro-race-8541pr-delanteras-punto-abarth-1-4-brembo\/","og_site_name":"STRATOCARS | Veh\u00edculos de Importaci\u00f3n y Recambios","article_modified_time":"2023-01-30T19:11:07+00:00","og_image":[{"width":750,"height":750,"url":"https:\/\/stratocars.com\/tienda\/wp-content\/uploads\/2022\/12\/8541PR.jpg","type":"image\/jpeg"}],"twitter_card":"summary_large_image","twitter_misc":{"Tiempo de lectura":"1 minuto"},"schema":{"@context":"https:\/\/schema.org","@graph":[{"@type":"WebPage","@id":"https:\/\/stratocars.com\/tienda\/comprar\/pbs-pro-race-8541pr-delanteras-punto-abarth-1-4-brembo\/","url":"https:\/\/stratocars.com\/tienda\/comprar\/pbs-pro-race-8541pr-delanteras-punto-abarth-1-4-brembo\/","name":"PBS Pro Race Delanteras Punto Abarth 1.4 Brembo","isPartOf":{"@id":"https:\/\/stratocars.com\/tienda\/#website"},"primaryImageOfPage":{"@id":"https:\/\/stratocars.com\/tienda\/comprar\/pbs-pro-race-8541pr-delanteras-punto-abarth-1-4-brembo\/#primaryimage"},"image":{"@id":"https:\/\/stratocars.com\/tienda\/comprar\/pbs-pro-race-8541pr-delanteras-punto-abarth-1-4-brembo\/#primaryimage"},"thumbnailUrl":"https:\/\/stratocars.com\/tienda\/wp-content\/uploads\/2022\/12\/8541PR.jpg","datePublished":"2022-12-22T12:50:44+00:00","dateModified":"2023-01-30T19:11:07+00:00","description":"PBS Pro Race 8541PR Delanteras Abarth 124 Spider Brembo patillas de freno pbs protrack pro track tarckday tandas circuito PBS ESPA\u00d1A OFERTA","breadcrumb":{"@id":"https:\/\/stratocars.com\/tienda\/comprar\/pbs-pro-race-8541pr-delanteras-punto-abarth-1-4-brembo\/#breadcrumb"},"inLanguage":"es","potentialAction":[{"@type":"ReadAction","target":["https:\/\/stratocars.com\/tienda\/comprar\/pbs-pro-race-8541pr-delanteras-punto-abarth-1-4-brembo\/"]}]},{"@type":"ImageObject","inLanguage":"es","@id":"https:\/\/stratocars.com\/tienda\/comprar\/pbs-pro-race-8541pr-delanteras-punto-abarth-1-4-brembo\/#primaryimage","url":"https:\/\/stratocars.com\/tienda\/wp-content\/uploads\/2022\/12\/8541PR.jpg","contentUrl":"https:\/\/stratocars.com\/tienda\/wp-content\/uploads\/2022\/12\/8541PR.jpg","width":750,"height":750},{"@type":"BreadcrumbList","@id":"https:\/\/stratocars.com\/tienda\/comprar\/pbs-pro-race-8541pr-delanteras-punto-abarth-1-4-brembo\/#breadcrumb","itemListElement":[{"@type":"ListItem","position":1,"name":"Portada","item":"https:\/\/stratocars.com\/tienda\/"},{"@type":"ListItem","position":2,"name":"Parts","item":"https:\/\/stratocars.com\/tienda\/parts\/"},{"@type":"ListItem","position":3,"name":"PBS Pro Race Delanteras Punto Abarth 1.4 Brembo"}]},{"@type":"WebSite","@id":"https:\/\/stratocars.com\/tienda\/#website","url":"https:\/\/stratocars.com\/tienda\/","name":"STRATOCARS | Veh\u00edculos de Importaci\u00f3n y Recambios","description":"Veh\u00edculos de Importaci\u00f3n y Recambios al mejor precio","publisher":{"@id":"https:\/\/stratocars.com\/tienda\/#organization"},"potentialAction":[{"@type":"SearchAction","target":{"@type":"EntryPoint","urlTemplate":"https:\/\/stratocars.com\/tienda\/?s={search_term_string}"},"query-input":{"@type":"PropertyValueSpecification","valueRequired":true,"valueName":"search_term_string"}}],"inLanguage":"es"},{"@type":"Organization","@id":"https:\/\/stratocars.com\/tienda\/#organization","name":"StratoCars","url":"https:\/\/stratocars.com\/tienda\/","logo":{"@type":"ImageObject","inLanguage":"es","@id":"https:\/\/stratocars.com\/tienda\/#\/schema\/logo\/image\/","url":"https:\/\/stratocars.com\/tienda\/wp-content\/uploads\/2022\/09\/web-logo-strato-cars.png","contentUrl":"https:\/\/stratocars.com\/tienda\/wp-content\/uploads\/2022\/09\/web-logo-strato-cars.png","width":345,"height":113,"caption":"StratoCars"},"image":{"@id":"https:\/\/stratocars.com\/tienda\/#\/schema\/logo\/image\/"}}]}},"_links":{"self":[{"href":"https:\/\/stratocars.com\/tienda\/wp-json\/wp\/v2\/product\/2685"}],"collection":[{"href":"https:\/\/stratocars.com\/tienda\/wp-json\/wp\/v2\/product"}],"about":[{"href":"https:\/\/stratocars.com\/tienda\/wp-json\/wp\/v2\/types\/product"}],"wp:featuredmedia":[{"embeddable":true,"href":"https:\/\/stratocars.com\/tienda\/wp-json\/wp\/v2\/media\/2681"}],"wp:attachment":[{"href":"https:\/\/stratocars.com\/tienda\/wp-json\/wp\/v2\/media?parent=2685"}],"wp:term":[{"taxonomy":"make_fuel_type","embeddable":true,"href":"https:\/\/stratocars.com\/tienda\/wp-json\/wp\/v2\/make_fuel_type?post=2685"},{"taxonomy":"make_model","embeddable":true,"href":"https:\/\/stratocars.com\/tienda\/wp-json\/wp\/v2\/make_model?post=2685"},{"taxonomy":"make_brand","embeddable":true,"href":"https:\/\/stratocars.com\/tienda\/wp-json\/wp\/v2\/make_brand?post=2685"},{"taxonomy":"make_year","embeddable":true,"href":"https:\/\/stratocars.com\/tienda\/wp-json\/wp\/v2\/make_year?post=2685"},{"taxonomy":"product_cat","embeddable":true,"href":"https:\/\/stratocars.com\/tienda\/wp-json\/wp\/v2\/product_cat?post=2685"},{"taxonomy":"product_tag","embeddable":true,"href":"https:\/\/stratocars.com\/tienda\/wp-json\/wp\/v2\/product_tag?post=2685"}],"curies":[{"name":"wp","href":"https:\/\/api.w.org\/{rel}","templated":true}]}}