{"id":2702,"date":"2022-12-22T18:03:43","date_gmt":"2022-12-22T18:03:43","guid":{"rendered":"https:\/\/stratocars.com\/tienda\/?post_type=product&#038;p=2702"},"modified":"2023-01-30T19:18:21","modified_gmt":"2023-01-30T19:18:21","slug":"pbs-pro-race-8572pr-delanteras-audi-s5-disc-o-345-mm","status":"publish","type":"product","link":"https:\/\/stratocars.com\/tienda\/comprar\/pbs-pro-race-8572pr-delanteras-audi-s5-disc-o-345-mm\/","title":{"rendered":"PBS Pro Race Delanteras Audi S5 (disc \u00d8 345 mm)"},"content":{"rendered":"<p>PBS Pro Race Delanteras Audi S5 (disc \u00d8 345 mm)<\/p>\n<p>&nbsp;<\/p>\n<p>El compuesto Pro Race es un material de grafito cer\u00e1mico que tiene una gran mordida inicial, excelente control y sensaci\u00f3n con un poderoso poder de frenado de 0,36 a 0,58 mu. Este compuesto se usa en muchas series de carreras con excelentes resultados, incluidas victorias en carreras y campeonatos generales. Tambi\u00e9n es el compuesto de elecci\u00f3n para muchos usuarios de track day.<\/p>\n<p>Temperatura de trabajo 0-800 grados<\/p>\n","protected":false},"excerpt":{"rendered":"<p>PBS Pro Race Delanteras Audi S5 (disc \u00d8 345 mm)<\/p>\n","protected":false},"featured_media":2701,"template":"","meta":[],"make_fuel_type":[],"make_model":[666,667],"make_brand":[57],"make_year":[172,173,174,175,176,177,178,179,180,181,182],"product_cat":[49,111,116],"product_tag":[874],"class_list":{"0":"post-2702","1":"product","2":"type-product","3":"status-publish","4":"has-post-thumbnail","6":"make_engine-3-0-tfsi","7":"make_model-s5-b8","8":"make_model-s5-f5","9":"make_brand-audi","10":"make_year-172","11":"make_year-173","12":"make_year-174","13":"make_year-175","14":"make_year-176","15":"make_year-177","16":"make_year-178","17":"make_year-179","18":"make_year-180","19":"make_year-181","20":"make_year-182","21":"product_cat-chasis","22":"product_cat-frenada","23":"product_cat-pastillas-de-freno","24":"product_tag-entrega-1-7-dias","26":"first","27":"instock","28":"sale","29":"taxable","30":"shipping-taxable","31":"purchasable","32":"product-type-simple"},"exclude_global_add_ons":[],"addons":[],"yoast_head":"<!-- This site is optimized with the Yoast SEO plugin v23.4 - https:\/\/yoast.com\/wordpress\/plugins\/seo\/ -->\n<title>PBS Pro Race Delanteras Audi S5 (disc \u00d8 345 mm)<\/title>\n<meta name=\"description\" content=\"PBS Pro Race 8572PR Delanteras Ford Brembo patillas de freno pbs protrack pro track tarckday tandas circuito ESPA\u00d1A OFERTA Audi S5 (disc \u00d8 345 mm)\" \/>\n<meta name=\"robots\" content=\"index, follow, max-snippet:-1, max-image-preview:large, max-video-preview:-1\" \/>\n<link rel=\"canonical\" href=\"https:\/\/stratocars.com\/tienda\/comprar\/pbs-pro-race-8572pr-delanteras-audi-s5-disc-o-345-mm\/\" \/>\n<meta property=\"og:locale\" content=\"es_ES\" \/>\n<meta property=\"og:type\" content=\"article\" \/>\n<meta property=\"og:title\" content=\"PBS Pro Race Delanteras Audi S5 (disc \u00d8 345 mm)\" \/>\n<meta property=\"og:description\" content=\"PBS Pro Race 8572PR Delanteras Ford Brembo patillas de freno pbs protrack pro track tarckday tandas circuito ESPA\u00d1A OFERTA Audi S5 (disc \u00d8 345 mm)\" \/>\n<meta property=\"og:url\" content=\"https:\/\/stratocars.com\/tienda\/comprar\/pbs-pro-race-8572pr-delanteras-audi-s5-disc-o-345-mm\/\" \/>\n<meta property=\"og:site_name\" content=\"STRATOCARS | Veh\u00edculos de Importaci\u00f3n y Recambios\" \/>\n<meta property=\"article:modified_time\" content=\"2023-01-30T19:18:21+00:00\" \/>\n<meta property=\"og:image\" content=\"https:\/\/stratocars.com\/tienda\/wp-content\/uploads\/2022\/12\/8572.jpg\" \/>\n\t<meta property=\"og:image:width\" content=\"750\" \/>\n\t<meta property=\"og:image:height\" content=\"750\" \/>\n\t<meta property=\"og:image:type\" content=\"image\/jpeg\" \/>\n<meta name=\"twitter:card\" content=\"summary_large_image\" \/>\n<meta name=\"twitter:label1\" content=\"Tiempo de lectura\" \/>\n\t<meta name=\"twitter:data1\" content=\"1 minuto\" \/>\n<script type=\"application\/ld+json\" class=\"yoast-schema-graph\">{\"@context\":\"https:\/\/schema.org\",\"@graph\":[{\"@type\":\"WebPage\",\"@id\":\"https:\/\/stratocars.com\/tienda\/comprar\/pbs-pro-race-8572pr-delanteras-audi-s5-disc-o-345-mm\/\",\"url\":\"https:\/\/stratocars.com\/tienda\/comprar\/pbs-pro-race-8572pr-delanteras-audi-s5-disc-o-345-mm\/\",\"name\":\"PBS Pro Race Delanteras Audi S5 (disc \u00d8 345 mm)\",\"isPartOf\":{\"@id\":\"https:\/\/stratocars.com\/tienda\/#website\"},\"primaryImageOfPage\":{\"@id\":\"https:\/\/stratocars.com\/tienda\/comprar\/pbs-pro-race-8572pr-delanteras-audi-s5-disc-o-345-mm\/#primaryimage\"},\"image\":{\"@id\":\"https:\/\/stratocars.com\/tienda\/comprar\/pbs-pro-race-8572pr-delanteras-audi-s5-disc-o-345-mm\/#primaryimage\"},\"thumbnailUrl\":\"https:\/\/stratocars.com\/tienda\/wp-content\/uploads\/2022\/12\/8572.jpg\",\"datePublished\":\"2022-12-22T18:03:43+00:00\",\"dateModified\":\"2023-01-30T19:18:21+00:00\",\"description\":\"PBS Pro Race 8572PR Delanteras Ford Brembo patillas de freno pbs protrack pro track tarckday tandas circuito ESPA\u00d1A OFERTA Audi S5 (disc \u00d8 345 mm)\",\"breadcrumb\":{\"@id\":\"https:\/\/stratocars.com\/tienda\/comprar\/pbs-pro-race-8572pr-delanteras-audi-s5-disc-o-345-mm\/#breadcrumb\"},\"inLanguage\":\"es\",\"potentialAction\":[{\"@type\":\"ReadAction\",\"target\":[\"https:\/\/stratocars.com\/tienda\/comprar\/pbs-pro-race-8572pr-delanteras-audi-s5-disc-o-345-mm\/\"]}]},{\"@type\":\"ImageObject\",\"inLanguage\":\"es\",\"@id\":\"https:\/\/stratocars.com\/tienda\/comprar\/pbs-pro-race-8572pr-delanteras-audi-s5-disc-o-345-mm\/#primaryimage\",\"url\":\"https:\/\/stratocars.com\/tienda\/wp-content\/uploads\/2022\/12\/8572.jpg\",\"contentUrl\":\"https:\/\/stratocars.com\/tienda\/wp-content\/uploads\/2022\/12\/8572.jpg\",\"width\":750,\"height\":750},{\"@type\":\"BreadcrumbList\",\"@id\":\"https:\/\/stratocars.com\/tienda\/comprar\/pbs-pro-race-8572pr-delanteras-audi-s5-disc-o-345-mm\/#breadcrumb\",\"itemListElement\":[{\"@type\":\"ListItem\",\"position\":1,\"name\":\"Portada\",\"item\":\"https:\/\/stratocars.com\/tienda\/\"},{\"@type\":\"ListItem\",\"position\":2,\"name\":\"Parts\",\"item\":\"https:\/\/stratocars.com\/tienda\/parts\/\"},{\"@type\":\"ListItem\",\"position\":3,\"name\":\"PBS Pro Race Delanteras Audi S5 (disc \u00d8 345 mm)\"}]},{\"@type\":\"WebSite\",\"@id\":\"https:\/\/stratocars.com\/tienda\/#website\",\"url\":\"https:\/\/stratocars.com\/tienda\/\",\"name\":\"STRATOCARS | Veh\u00edculos de Importaci\u00f3n y Recambios\",\"description\":\"Veh\u00edculos de Importaci\u00f3n y Recambios al mejor precio\",\"publisher\":{\"@id\":\"https:\/\/stratocars.com\/tienda\/#organization\"},\"potentialAction\":[{\"@type\":\"SearchAction\",\"target\":{\"@type\":\"EntryPoint\",\"urlTemplate\":\"https:\/\/stratocars.com\/tienda\/?s={search_term_string}\"},\"query-input\":{\"@type\":\"PropertyValueSpecification\",\"valueRequired\":true,\"valueName\":\"search_term_string\"}}],\"inLanguage\":\"es\"},{\"@type\":\"Organization\",\"@id\":\"https:\/\/stratocars.com\/tienda\/#organization\",\"name\":\"StratoCars\",\"url\":\"https:\/\/stratocars.com\/tienda\/\",\"logo\":{\"@type\":\"ImageObject\",\"inLanguage\":\"es\",\"@id\":\"https:\/\/stratocars.com\/tienda\/#\/schema\/logo\/image\/\",\"url\":\"https:\/\/stratocars.com\/tienda\/wp-content\/uploads\/2022\/09\/web-logo-strato-cars.png\",\"contentUrl\":\"https:\/\/stratocars.com\/tienda\/wp-content\/uploads\/2022\/09\/web-logo-strato-cars.png\",\"width\":345,\"height\":113,\"caption\":\"StratoCars\"},\"image\":{\"@id\":\"https:\/\/stratocars.com\/tienda\/#\/schema\/logo\/image\/\"}}]}<\/script>\n<!-- \/ Yoast SEO plugin. -->","yoast_head_json":{"title":"PBS Pro Race Delanteras Audi S5 (disc \u00d8 345 mm)","description":"PBS Pro Race 8572PR Delanteras Ford Brembo patillas de freno pbs protrack pro track tarckday tandas circuito ESPA\u00d1A OFERTA Audi S5 (disc \u00d8 345 mm)","robots":{"index":"index","follow":"follow","max-snippet":"max-snippet:-1","max-image-preview":"max-image-preview:large","max-video-preview":"max-video-preview:-1"},"canonical":"https:\/\/stratocars.com\/tienda\/comprar\/pbs-pro-race-8572pr-delanteras-audi-s5-disc-o-345-mm\/","og_locale":"es_ES","og_type":"article","og_title":"PBS Pro Race Delanteras Audi S5 (disc \u00d8 345 mm)","og_description":"PBS Pro Race 8572PR Delanteras Ford Brembo patillas de freno pbs protrack pro track tarckday tandas circuito ESPA\u00d1A OFERTA Audi S5 (disc \u00d8 345 mm)","og_url":"https:\/\/stratocars.com\/tienda\/comprar\/pbs-pro-race-8572pr-delanteras-audi-s5-disc-o-345-mm\/","og_site_name":"STRATOCARS | Veh\u00edculos de Importaci\u00f3n y Recambios","article_modified_time":"2023-01-30T19:18:21+00:00","og_image":[{"width":750,"height":750,"url":"https:\/\/stratocars.com\/tienda\/wp-content\/uploads\/2022\/12\/8572.jpg","type":"image\/jpeg"}],"twitter_card":"summary_large_image","twitter_misc":{"Tiempo de lectura":"1 minuto"},"schema":{"@context":"https:\/\/schema.org","@graph":[{"@type":"WebPage","@id":"https:\/\/stratocars.com\/tienda\/comprar\/pbs-pro-race-8572pr-delanteras-audi-s5-disc-o-345-mm\/","url":"https:\/\/stratocars.com\/tienda\/comprar\/pbs-pro-race-8572pr-delanteras-audi-s5-disc-o-345-mm\/","name":"PBS Pro Race Delanteras Audi S5 (disc \u00d8 345 mm)","isPartOf":{"@id":"https:\/\/stratocars.com\/tienda\/#website"},"primaryImageOfPage":{"@id":"https:\/\/stratocars.com\/tienda\/comprar\/pbs-pro-race-8572pr-delanteras-audi-s5-disc-o-345-mm\/#primaryimage"},"image":{"@id":"https:\/\/stratocars.com\/tienda\/comprar\/pbs-pro-race-8572pr-delanteras-audi-s5-disc-o-345-mm\/#primaryimage"},"thumbnailUrl":"https:\/\/stratocars.com\/tienda\/wp-content\/uploads\/2022\/12\/8572.jpg","datePublished":"2022-12-22T18:03:43+00:00","dateModified":"2023-01-30T19:18:21+00:00","description":"PBS Pro Race 8572PR Delanteras Ford Brembo patillas de freno pbs protrack pro track tarckday tandas circuito ESPA\u00d1A OFERTA Audi S5 (disc \u00d8 345 mm)","breadcrumb":{"@id":"https:\/\/stratocars.com\/tienda\/comprar\/pbs-pro-race-8572pr-delanteras-audi-s5-disc-o-345-mm\/#breadcrumb"},"inLanguage":"es","potentialAction":[{"@type":"ReadAction","target":["https:\/\/stratocars.com\/tienda\/comprar\/pbs-pro-race-8572pr-delanteras-audi-s5-disc-o-345-mm\/"]}]},{"@type":"ImageObject","inLanguage":"es","@id":"https:\/\/stratocars.com\/tienda\/comprar\/pbs-pro-race-8572pr-delanteras-audi-s5-disc-o-345-mm\/#primaryimage","url":"https:\/\/stratocars.com\/tienda\/wp-content\/uploads\/2022\/12\/8572.jpg","contentUrl":"https:\/\/stratocars.com\/tienda\/wp-content\/uploads\/2022\/12\/8572.jpg","width":750,"height":750},{"@type":"BreadcrumbList","@id":"https:\/\/stratocars.com\/tienda\/comprar\/pbs-pro-race-8572pr-delanteras-audi-s5-disc-o-345-mm\/#breadcrumb","itemListElement":[{"@type":"ListItem","position":1,"name":"Portada","item":"https:\/\/stratocars.com\/tienda\/"},{"@type":"ListItem","position":2,"name":"Parts","item":"https:\/\/stratocars.com\/tienda\/parts\/"},{"@type":"ListItem","position":3,"name":"PBS Pro Race Delanteras Audi S5 (disc \u00d8 345 mm)"}]},{"@type":"WebSite","@id":"https:\/\/stratocars.com\/tienda\/#website","url":"https:\/\/stratocars.com\/tienda\/","name":"STRATOCARS | Veh\u00edculos de Importaci\u00f3n y Recambios","description":"Veh\u00edculos de Importaci\u00f3n y Recambios al mejor precio","publisher":{"@id":"https:\/\/stratocars.com\/tienda\/#organization"},"potentialAction":[{"@type":"SearchAction","target":{"@type":"EntryPoint","urlTemplate":"https:\/\/stratocars.com\/tienda\/?s={search_term_string}"},"query-input":{"@type":"PropertyValueSpecification","valueRequired":true,"valueName":"search_term_string"}}],"inLanguage":"es"},{"@type":"Organization","@id":"https:\/\/stratocars.com\/tienda\/#organization","name":"StratoCars","url":"https:\/\/stratocars.com\/tienda\/","logo":{"@type":"ImageObject","inLanguage":"es","@id":"https:\/\/stratocars.com\/tienda\/#\/schema\/logo\/image\/","url":"https:\/\/stratocars.com\/tienda\/wp-content\/uploads\/2022\/09\/web-logo-strato-cars.png","contentUrl":"https:\/\/stratocars.com\/tienda\/wp-content\/uploads\/2022\/09\/web-logo-strato-cars.png","width":345,"height":113,"caption":"StratoCars"},"image":{"@id":"https:\/\/stratocars.com\/tienda\/#\/schema\/logo\/image\/"}}]}},"_links":{"self":[{"href":"https:\/\/stratocars.com\/tienda\/wp-json\/wp\/v2\/product\/2702"}],"collection":[{"href":"https:\/\/stratocars.com\/tienda\/wp-json\/wp\/v2\/product"}],"about":[{"href":"https:\/\/stratocars.com\/tienda\/wp-json\/wp\/v2\/types\/product"}],"wp:featuredmedia":[{"embeddable":true,"href":"https:\/\/stratocars.com\/tienda\/wp-json\/wp\/v2\/media\/2701"}],"wp:attachment":[{"href":"https:\/\/stratocars.com\/tienda\/wp-json\/wp\/v2\/media?parent=2702"}],"wp:term":[{"taxonomy":"make_fuel_type","embeddable":true,"href":"https:\/\/stratocars.com\/tienda\/wp-json\/wp\/v2\/make_fuel_type?post=2702"},{"taxonomy":"make_model","embeddable":true,"href":"https:\/\/stratocars.com\/tienda\/wp-json\/wp\/v2\/make_model?post=2702"},{"taxonomy":"make_brand","embeddable":true,"href":"https:\/\/stratocars.com\/tienda\/wp-json\/wp\/v2\/make_brand?post=2702"},{"taxonomy":"make_year","embeddable":true,"href":"https:\/\/stratocars.com\/tienda\/wp-json\/wp\/v2\/make_year?post=2702"},{"taxonomy":"product_cat","embeddable":true,"href":"https:\/\/stratocars.com\/tienda\/wp-json\/wp\/v2\/product_cat?post=2702"},{"taxonomy":"product_tag","embeddable":true,"href":"https:\/\/stratocars.com\/tienda\/wp-json\/wp\/v2\/product_tag?post=2702"}],"curies":[{"name":"wp","href":"https:\/\/api.w.org\/{rel}","templated":true}]}}