{"id":2709,"date":"2022-12-22T18:47:15","date_gmt":"2022-12-22T18:47:15","guid":{"rendered":"https:\/\/stratocars.com\/tienda\/?post_type=product&#038;p=2709"},"modified":"2023-01-30T19:23:35","modified_gmt":"2023-01-30T19:23:35","slug":"pastillas-delanteras-pagid-rsl19-ford-focus-mkii-2-5rs","status":"publish","type":"product","link":"https:\/\/stratocars.com\/tienda\/comprar\/pastillas-delanteras-pagid-rsl19-ford-focus-mkii-2-5rs\/","title":{"rendered":"Pastillas Delanteras Pagid RSL19 Ford Focus MKII 2.5RS"},"content":{"rendered":"<p>Pastillas de Freno Pagid RSL19<\/p>\n<p>&#8211; Ford Focus MKII 2.5RS<\/p>\n<p>&nbsp;<\/p>\n<p>RSL 19 es un material adherido con baja resina met\u00e1lica que contiene fibras de acero y aramida. Mantiene un nivel de fricci\u00f3n constante en un amplio rango de temperaturas. El material presenta muy buenas caracter\u00edsticas de modulaci\u00f3n y liberaci\u00f3n.<\/p>\n","protected":false},"excerpt":{"rendered":"<p>Pastillas Delanteras Pagid RSL19 Ford Focus MKII 2.5RS<\/p>\n","protected":false},"featured_media":2705,"template":"","meta":[],"make_fuel_type":[],"make_model":[347],"make_brand":[296],"make_year":[174,175,176,177],"product_cat":[49,111,116],"product_tag":[],"class_list":{"0":"post-2709","1":"product","2":"type-product","3":"status-publish","4":"has-post-thumbnail","6":"make_engine-2-5-tfsi","7":"make_model-focus-mk2-rs","8":"make_brand-ford","9":"make_year-174","10":"make_year-175","11":"make_year-176","12":"make_year-177","13":"product_cat-chasis","14":"product_cat-frenada","15":"product_cat-pastillas-de-freno","17":"first","18":"instock","19":"sale","20":"taxable","21":"shipping-taxable","22":"purchasable","23":"product-type-simple"},"exclude_global_add_ons":[],"addons":[],"yoast_head":"<!-- This site is optimized with the Yoast SEO plugin v23.4 - https:\/\/yoast.com\/wordpress\/plugins\/seo\/ -->\n<title>Pastillas Delanteras Pagid RSL19 Ford Focus MKII 2.5RS<\/title>\n<meta name=\"description\" content=\"Pastillas Delanteras Pagid RSL19 Ford Focus MKII 2.5RS Brembo patillas de freno pbs protrack pro track tarckday tandas circuito ESPA\u00d1A OFERTA Hyundai I30 N\" \/>\n<meta name=\"robots\" content=\"index, follow, max-snippet:-1, max-image-preview:large, max-video-preview:-1\" \/>\n<link rel=\"canonical\" href=\"https:\/\/stratocars.com\/tienda\/comprar\/pastillas-delanteras-pagid-rsl19-ford-focus-mkii-2-5rs\/\" \/>\n<meta property=\"og:locale\" content=\"es_ES\" \/>\n<meta property=\"og:type\" content=\"article\" \/>\n<meta property=\"og:title\" content=\"Pastillas Delanteras Pagid RSL19 Ford Focus MKII 2.5RS\" \/>\n<meta property=\"og:description\" content=\"Pastillas Delanteras Pagid RSL19 Ford Focus MKII 2.5RS Brembo patillas de freno pbs protrack pro track tarckday tandas circuito ESPA\u00d1A OFERTA Hyundai I30 N\" \/>\n<meta property=\"og:url\" content=\"https:\/\/stratocars.com\/tienda\/comprar\/pastillas-delanteras-pagid-rsl19-ford-focus-mkii-2-5rs\/\" \/>\n<meta property=\"og:site_name\" content=\"STRATOCARS | Veh\u00edculos de Importaci\u00f3n y Recambios\" \/>\n<meta property=\"article:modified_time\" content=\"2023-01-30T19:23:35+00:00\" \/>\n<meta property=\"og:image\" content=\"https:\/\/stratocars.com\/tienda\/wp-content\/uploads\/2022\/12\/8714.jpg\" \/>\n\t<meta property=\"og:image:width\" content=\"750\" \/>\n\t<meta property=\"og:image:height\" content=\"750\" \/>\n\t<meta property=\"og:image:type\" content=\"image\/jpeg\" \/>\n<meta name=\"twitter:card\" content=\"summary_large_image\" \/>\n<meta name=\"twitter:label1\" content=\"Tiempo de lectura\" \/>\n\t<meta name=\"twitter:data1\" content=\"1 minuto\" \/>\n<script type=\"application\/ld+json\" class=\"yoast-schema-graph\">{\"@context\":\"https:\/\/schema.org\",\"@graph\":[{\"@type\":\"WebPage\",\"@id\":\"https:\/\/stratocars.com\/tienda\/comprar\/pastillas-delanteras-pagid-rsl19-ford-focus-mkii-2-5rs\/\",\"url\":\"https:\/\/stratocars.com\/tienda\/comprar\/pastillas-delanteras-pagid-rsl19-ford-focus-mkii-2-5rs\/\",\"name\":\"Pastillas Delanteras Pagid RSL19 Ford Focus MKII 2.5RS\",\"isPartOf\":{\"@id\":\"https:\/\/stratocars.com\/tienda\/#website\"},\"primaryImageOfPage\":{\"@id\":\"https:\/\/stratocars.com\/tienda\/comprar\/pastillas-delanteras-pagid-rsl19-ford-focus-mkii-2-5rs\/#primaryimage\"},\"image\":{\"@id\":\"https:\/\/stratocars.com\/tienda\/comprar\/pastillas-delanteras-pagid-rsl19-ford-focus-mkii-2-5rs\/#primaryimage\"},\"thumbnailUrl\":\"https:\/\/stratocars.com\/tienda\/wp-content\/uploads\/2022\/12\/8714.jpg\",\"datePublished\":\"2022-12-22T18:47:15+00:00\",\"dateModified\":\"2023-01-30T19:23:35+00:00\",\"description\":\"Pastillas Delanteras Pagid RSL19 Ford Focus MKII 2.5RS Brembo patillas de freno pbs protrack pro track tarckday tandas circuito ESPA\u00d1A OFERTA Hyundai I30 N\",\"breadcrumb\":{\"@id\":\"https:\/\/stratocars.com\/tienda\/comprar\/pastillas-delanteras-pagid-rsl19-ford-focus-mkii-2-5rs\/#breadcrumb\"},\"inLanguage\":\"es\",\"potentialAction\":[{\"@type\":\"ReadAction\",\"target\":[\"https:\/\/stratocars.com\/tienda\/comprar\/pastillas-delanteras-pagid-rsl19-ford-focus-mkii-2-5rs\/\"]}]},{\"@type\":\"ImageObject\",\"inLanguage\":\"es\",\"@id\":\"https:\/\/stratocars.com\/tienda\/comprar\/pastillas-delanteras-pagid-rsl19-ford-focus-mkii-2-5rs\/#primaryimage\",\"url\":\"https:\/\/stratocars.com\/tienda\/wp-content\/uploads\/2022\/12\/8714.jpg\",\"contentUrl\":\"https:\/\/stratocars.com\/tienda\/wp-content\/uploads\/2022\/12\/8714.jpg\",\"width\":750,\"height\":750},{\"@type\":\"BreadcrumbList\",\"@id\":\"https:\/\/stratocars.com\/tienda\/comprar\/pastillas-delanteras-pagid-rsl19-ford-focus-mkii-2-5rs\/#breadcrumb\",\"itemListElement\":[{\"@type\":\"ListItem\",\"position\":1,\"name\":\"Portada\",\"item\":\"https:\/\/stratocars.com\/tienda\/\"},{\"@type\":\"ListItem\",\"position\":2,\"name\":\"Parts\",\"item\":\"https:\/\/stratocars.com\/tienda\/parts\/\"},{\"@type\":\"ListItem\",\"position\":3,\"name\":\"Pastillas Delanteras Pagid RSL19 Ford Focus MKII 2.5RS\"}]},{\"@type\":\"WebSite\",\"@id\":\"https:\/\/stratocars.com\/tienda\/#website\",\"url\":\"https:\/\/stratocars.com\/tienda\/\",\"name\":\"STRATOCARS | Veh\u00edculos de Importaci\u00f3n y Recambios\",\"description\":\"Veh\u00edculos de Importaci\u00f3n y Recambios al mejor precio\",\"publisher\":{\"@id\":\"https:\/\/stratocars.com\/tienda\/#organization\"},\"potentialAction\":[{\"@type\":\"SearchAction\",\"target\":{\"@type\":\"EntryPoint\",\"urlTemplate\":\"https:\/\/stratocars.com\/tienda\/?s={search_term_string}\"},\"query-input\":{\"@type\":\"PropertyValueSpecification\",\"valueRequired\":true,\"valueName\":\"search_term_string\"}}],\"inLanguage\":\"es\"},{\"@type\":\"Organization\",\"@id\":\"https:\/\/stratocars.com\/tienda\/#organization\",\"name\":\"StratoCars\",\"url\":\"https:\/\/stratocars.com\/tienda\/\",\"logo\":{\"@type\":\"ImageObject\",\"inLanguage\":\"es\",\"@id\":\"https:\/\/stratocars.com\/tienda\/#\/schema\/logo\/image\/\",\"url\":\"https:\/\/stratocars.com\/tienda\/wp-content\/uploads\/2022\/09\/web-logo-strato-cars.png\",\"contentUrl\":\"https:\/\/stratocars.com\/tienda\/wp-content\/uploads\/2022\/09\/web-logo-strato-cars.png\",\"width\":345,\"height\":113,\"caption\":\"StratoCars\"},\"image\":{\"@id\":\"https:\/\/stratocars.com\/tienda\/#\/schema\/logo\/image\/\"}}]}<\/script>\n<!-- \/ Yoast SEO plugin. -->","yoast_head_json":{"title":"Pastillas Delanteras Pagid RSL19 Ford Focus MKII 2.5RS","description":"Pastillas Delanteras Pagid RSL19 Ford Focus MKII 2.5RS Brembo patillas de freno pbs protrack pro track tarckday tandas circuito ESPA\u00d1A OFERTA Hyundai I30 N","robots":{"index":"index","follow":"follow","max-snippet":"max-snippet:-1","max-image-preview":"max-image-preview:large","max-video-preview":"max-video-preview:-1"},"canonical":"https:\/\/stratocars.com\/tienda\/comprar\/pastillas-delanteras-pagid-rsl19-ford-focus-mkii-2-5rs\/","og_locale":"es_ES","og_type":"article","og_title":"Pastillas Delanteras Pagid RSL19 Ford Focus MKII 2.5RS","og_description":"Pastillas Delanteras Pagid RSL19 Ford Focus MKII 2.5RS Brembo patillas de freno pbs protrack pro track tarckday tandas circuito ESPA\u00d1A OFERTA Hyundai I30 N","og_url":"https:\/\/stratocars.com\/tienda\/comprar\/pastillas-delanteras-pagid-rsl19-ford-focus-mkii-2-5rs\/","og_site_name":"STRATOCARS | Veh\u00edculos de Importaci\u00f3n y Recambios","article_modified_time":"2023-01-30T19:23:35+00:00","og_image":[{"width":750,"height":750,"url":"https:\/\/stratocars.com\/tienda\/wp-content\/uploads\/2022\/12\/8714.jpg","type":"image\/jpeg"}],"twitter_card":"summary_large_image","twitter_misc":{"Tiempo de lectura":"1 minuto"},"schema":{"@context":"https:\/\/schema.org","@graph":[{"@type":"WebPage","@id":"https:\/\/stratocars.com\/tienda\/comprar\/pastillas-delanteras-pagid-rsl19-ford-focus-mkii-2-5rs\/","url":"https:\/\/stratocars.com\/tienda\/comprar\/pastillas-delanteras-pagid-rsl19-ford-focus-mkii-2-5rs\/","name":"Pastillas Delanteras Pagid RSL19 Ford Focus MKII 2.5RS","isPartOf":{"@id":"https:\/\/stratocars.com\/tienda\/#website"},"primaryImageOfPage":{"@id":"https:\/\/stratocars.com\/tienda\/comprar\/pastillas-delanteras-pagid-rsl19-ford-focus-mkii-2-5rs\/#primaryimage"},"image":{"@id":"https:\/\/stratocars.com\/tienda\/comprar\/pastillas-delanteras-pagid-rsl19-ford-focus-mkii-2-5rs\/#primaryimage"},"thumbnailUrl":"https:\/\/stratocars.com\/tienda\/wp-content\/uploads\/2022\/12\/8714.jpg","datePublished":"2022-12-22T18:47:15+00:00","dateModified":"2023-01-30T19:23:35+00:00","description":"Pastillas Delanteras Pagid RSL19 Ford Focus MKII 2.5RS Brembo patillas de freno pbs protrack pro track tarckday tandas circuito ESPA\u00d1A OFERTA Hyundai I30 N","breadcrumb":{"@id":"https:\/\/stratocars.com\/tienda\/comprar\/pastillas-delanteras-pagid-rsl19-ford-focus-mkii-2-5rs\/#breadcrumb"},"inLanguage":"es","potentialAction":[{"@type":"ReadAction","target":["https:\/\/stratocars.com\/tienda\/comprar\/pastillas-delanteras-pagid-rsl19-ford-focus-mkii-2-5rs\/"]}]},{"@type":"ImageObject","inLanguage":"es","@id":"https:\/\/stratocars.com\/tienda\/comprar\/pastillas-delanteras-pagid-rsl19-ford-focus-mkii-2-5rs\/#primaryimage","url":"https:\/\/stratocars.com\/tienda\/wp-content\/uploads\/2022\/12\/8714.jpg","contentUrl":"https:\/\/stratocars.com\/tienda\/wp-content\/uploads\/2022\/12\/8714.jpg","width":750,"height":750},{"@type":"BreadcrumbList","@id":"https:\/\/stratocars.com\/tienda\/comprar\/pastillas-delanteras-pagid-rsl19-ford-focus-mkii-2-5rs\/#breadcrumb","itemListElement":[{"@type":"ListItem","position":1,"name":"Portada","item":"https:\/\/stratocars.com\/tienda\/"},{"@type":"ListItem","position":2,"name":"Parts","item":"https:\/\/stratocars.com\/tienda\/parts\/"},{"@type":"ListItem","position":3,"name":"Pastillas Delanteras Pagid RSL19 Ford Focus MKII 2.5RS"}]},{"@type":"WebSite","@id":"https:\/\/stratocars.com\/tienda\/#website","url":"https:\/\/stratocars.com\/tienda\/","name":"STRATOCARS | Veh\u00edculos de Importaci\u00f3n y Recambios","description":"Veh\u00edculos de Importaci\u00f3n y Recambios al mejor precio","publisher":{"@id":"https:\/\/stratocars.com\/tienda\/#organization"},"potentialAction":[{"@type":"SearchAction","target":{"@type":"EntryPoint","urlTemplate":"https:\/\/stratocars.com\/tienda\/?s={search_term_string}"},"query-input":{"@type":"PropertyValueSpecification","valueRequired":true,"valueName":"search_term_string"}}],"inLanguage":"es"},{"@type":"Organization","@id":"https:\/\/stratocars.com\/tienda\/#organization","name":"StratoCars","url":"https:\/\/stratocars.com\/tienda\/","logo":{"@type":"ImageObject","inLanguage":"es","@id":"https:\/\/stratocars.com\/tienda\/#\/schema\/logo\/image\/","url":"https:\/\/stratocars.com\/tienda\/wp-content\/uploads\/2022\/09\/web-logo-strato-cars.png","contentUrl":"https:\/\/stratocars.com\/tienda\/wp-content\/uploads\/2022\/09\/web-logo-strato-cars.png","width":345,"height":113,"caption":"StratoCars"},"image":{"@id":"https:\/\/stratocars.com\/tienda\/#\/schema\/logo\/image\/"}}]}},"_links":{"self":[{"href":"https:\/\/stratocars.com\/tienda\/wp-json\/wp\/v2\/product\/2709"}],"collection":[{"href":"https:\/\/stratocars.com\/tienda\/wp-json\/wp\/v2\/product"}],"about":[{"href":"https:\/\/stratocars.com\/tienda\/wp-json\/wp\/v2\/types\/product"}],"wp:featuredmedia":[{"embeddable":true,"href":"https:\/\/stratocars.com\/tienda\/wp-json\/wp\/v2\/media\/2705"}],"wp:attachment":[{"href":"https:\/\/stratocars.com\/tienda\/wp-json\/wp\/v2\/media?parent=2709"}],"wp:term":[{"taxonomy":"make_fuel_type","embeddable":true,"href":"https:\/\/stratocars.com\/tienda\/wp-json\/wp\/v2\/make_fuel_type?post=2709"},{"taxonomy":"make_model","embeddable":true,"href":"https:\/\/stratocars.com\/tienda\/wp-json\/wp\/v2\/make_model?post=2709"},{"taxonomy":"make_brand","embeddable":true,"href":"https:\/\/stratocars.com\/tienda\/wp-json\/wp\/v2\/make_brand?post=2709"},{"taxonomy":"make_year","embeddable":true,"href":"https:\/\/stratocars.com\/tienda\/wp-json\/wp\/v2\/make_year?post=2709"},{"taxonomy":"product_cat","embeddable":true,"href":"https:\/\/stratocars.com\/tienda\/wp-json\/wp\/v2\/product_cat?post=2709"},{"taxonomy":"product_tag","embeddable":true,"href":"https:\/\/stratocars.com\/tienda\/wp-json\/wp\/v2\/product_tag?post=2709"}],"curies":[{"name":"wp","href":"https:\/\/api.w.org\/{rel}","templated":true}]}}