{"id":2776,"date":"2023-01-09T11:43:33","date_gmt":"2023-01-09T11:43:33","guid":{"rendered":"https:\/\/stratocars.com\/tienda\/?post_type=product&#038;p=2776"},"modified":"2023-01-30T12:35:27","modified_gmt":"2023-01-30T12:35:27","slug":"suspension-st-x-abarth-124","status":"publish","type":"product","link":"https:\/\/stratocars.com\/tienda\/comprar\/suspension-st-x-abarth-124\/","title":{"rendered":"Suspension ST X Abarth 124"},"content":{"rendered":"<p>Suspension ST X Abarth 124<\/p>\n<p>El sistema de suspensi\u00f3n ST X es la combinaci\u00f3n ideal de deportividad y simplicidad sin dejar de mantener cierta comodidad en la calle. El amplio rango de ajuste de altura es ideal para cualquier tipo de usuario.<\/p>\n<p>Gama suspensiones ST:<\/p>\n<p>ST X  : Ajuste altura<br \/>\nST XA : Ajuste altura y Amortiguaci\u00f3n<br \/>\nST XTA: Ajuste altura, Amortiguaci\u00f3n y Copelas Unibal<\/p>\n<p><img decoding=\"async\" class=\"alignnone size-medium wp-image-2777\" src=\"https:\/\/stratocars.com\/tienda\/wp-content\/uploads\/2023\/01\/st-x-tx-300x85.png\" alt=\"\" width=\"300\" height=\"85\" srcset=\"https:\/\/stratocars.com\/tienda\/wp-content\/uploads\/2023\/01\/st-x-tx-300x85.png 300w, https:\/\/stratocars.com\/tienda\/wp-content\/uploads\/2023\/01\/st-x-tx.png 524w\" sizes=\"(max-width: 300px) 100vw, 300px\" \/><\/p>\n<p>&nbsp;<\/p>\n","protected":false},"excerpt":{"rendered":"<p>Suspension ST X Abarth 124<\/p>\n","protected":false},"featured_media":2780,"template":"","meta":[],"make_fuel_type":[],"make_model":[188],"make_brand":[52],"make_year":[181,182,183,184,185,186,187,481],"product_cat":[49,112,134],"product_tag":[864],"class_list":{"0":"post-2776","1":"product","2":"type-product","3":"status-publish","4":"has-post-thumbnail","6":"make_engine-1-4-170cv","7":"make_model-188","8":"make_brand-abarth-fiat","9":"make_year-181","10":"make_year-182","11":"make_year-183","12":"make_year-184","13":"make_year-185","14":"make_year-186","15":"make_year-187","16":"make_year-481","17":"product_cat-chasis","18":"product_cat-suspension","19":"product_cat-suspension-roscada","20":"product_tag-entrega-1-4-semanas","22":"first","23":"instock","24":"sale","25":"taxable","26":"shipping-taxable","27":"purchasable","28":"product-type-simple"},"exclude_global_add_ons":[],"addons":[],"yoast_head":"<!-- This site is optimized with the Yoast SEO plugin v23.4 - https:\/\/yoast.com\/wordpress\/plugins\/seo\/ -->\n<title>Suspension roscada ST X Abarth 124<\/title>\n<meta name=\"description\" content=\"Suspension ST X Abarth 124 suspension deportiva roscada coilover kw oferta st suspension espa\u00f1a suspension racing amortiguadores\" \/>\n<meta name=\"robots\" content=\"index, follow, max-snippet:-1, max-image-preview:large, max-video-preview:-1\" \/>\n<link rel=\"canonical\" href=\"https:\/\/stratocars.com\/tienda\/comprar\/suspension-st-x-abarth-124\/\" \/>\n<meta property=\"og:locale\" content=\"es_ES\" \/>\n<meta property=\"og:type\" content=\"article\" \/>\n<meta property=\"og:title\" content=\"Suspension roscada ST X Abarth 124\" \/>\n<meta property=\"og:description\" content=\"Suspension ST X Abarth 124 suspension deportiva roscada coilover kw oferta st suspension espa\u00f1a suspension racing amortiguadores\" \/>\n<meta property=\"og:url\" content=\"https:\/\/stratocars.com\/tienda\/comprar\/suspension-st-x-abarth-124\/\" \/>\n<meta property=\"og:site_name\" content=\"STRATOCARS | Veh\u00edculos de Importaci\u00f3n y Recambios\" \/>\n<meta property=\"article:modified_time\" content=\"2023-01-30T12:35:27+00:00\" \/>\n<meta property=\"og:image\" content=\"https:\/\/stratocars.com\/tienda\/wp-content\/uploads\/2023\/01\/st-x.jpg\" \/>\n\t<meta property=\"og:image:width\" content=\"750\" \/>\n\t<meta property=\"og:image:height\" content=\"750\" \/>\n\t<meta property=\"og:image:type\" content=\"image\/jpeg\" \/>\n<meta name=\"twitter:card\" content=\"summary_large_image\" \/>\n<meta name=\"twitter:label1\" content=\"Tiempo de lectura\" \/>\n\t<meta name=\"twitter:data1\" content=\"1 minuto\" \/>\n<script type=\"application\/ld+json\" class=\"yoast-schema-graph\">{\"@context\":\"https:\/\/schema.org\",\"@graph\":[{\"@type\":\"WebPage\",\"@id\":\"https:\/\/stratocars.com\/tienda\/comprar\/suspension-st-x-abarth-124\/\",\"url\":\"https:\/\/stratocars.com\/tienda\/comprar\/suspension-st-x-abarth-124\/\",\"name\":\"Suspension roscada ST X Abarth 124\",\"isPartOf\":{\"@id\":\"https:\/\/stratocars.com\/tienda\/#website\"},\"primaryImageOfPage\":{\"@id\":\"https:\/\/stratocars.com\/tienda\/comprar\/suspension-st-x-abarth-124\/#primaryimage\"},\"image\":{\"@id\":\"https:\/\/stratocars.com\/tienda\/comprar\/suspension-st-x-abarth-124\/#primaryimage\"},\"thumbnailUrl\":\"https:\/\/stratocars.com\/tienda\/wp-content\/uploads\/2023\/01\/st-x.jpg\",\"datePublished\":\"2023-01-09T11:43:33+00:00\",\"dateModified\":\"2023-01-30T12:35:27+00:00\",\"description\":\"Suspension ST X Abarth 124 suspension deportiva roscada coilover kw oferta st suspension espa\u00f1a suspension racing amortiguadores\",\"breadcrumb\":{\"@id\":\"https:\/\/stratocars.com\/tienda\/comprar\/suspension-st-x-abarth-124\/#breadcrumb\"},\"inLanguage\":\"es\",\"potentialAction\":[{\"@type\":\"ReadAction\",\"target\":[\"https:\/\/stratocars.com\/tienda\/comprar\/suspension-st-x-abarth-124\/\"]}]},{\"@type\":\"ImageObject\",\"inLanguage\":\"es\",\"@id\":\"https:\/\/stratocars.com\/tienda\/comprar\/suspension-st-x-abarth-124\/#primaryimage\",\"url\":\"https:\/\/stratocars.com\/tienda\/wp-content\/uploads\/2023\/01\/st-x.jpg\",\"contentUrl\":\"https:\/\/stratocars.com\/tienda\/wp-content\/uploads\/2023\/01\/st-x.jpg\",\"width\":750,\"height\":750},{\"@type\":\"BreadcrumbList\",\"@id\":\"https:\/\/stratocars.com\/tienda\/comprar\/suspension-st-x-abarth-124\/#breadcrumb\",\"itemListElement\":[{\"@type\":\"ListItem\",\"position\":1,\"name\":\"Portada\",\"item\":\"https:\/\/stratocars.com\/tienda\/\"},{\"@type\":\"ListItem\",\"position\":2,\"name\":\"Parts\",\"item\":\"https:\/\/stratocars.com\/tienda\/parts\/\"},{\"@type\":\"ListItem\",\"position\":3,\"name\":\"Suspension ST X Abarth 124\"}]},{\"@type\":\"WebSite\",\"@id\":\"https:\/\/stratocars.com\/tienda\/#website\",\"url\":\"https:\/\/stratocars.com\/tienda\/\",\"name\":\"STRATOCARS | Veh\u00edculos de Importaci\u00f3n y Recambios\",\"description\":\"Veh\u00edculos de Importaci\u00f3n y Recambios al mejor precio\",\"publisher\":{\"@id\":\"https:\/\/stratocars.com\/tienda\/#organization\"},\"potentialAction\":[{\"@type\":\"SearchAction\",\"target\":{\"@type\":\"EntryPoint\",\"urlTemplate\":\"https:\/\/stratocars.com\/tienda\/?s={search_term_string}\"},\"query-input\":{\"@type\":\"PropertyValueSpecification\",\"valueRequired\":true,\"valueName\":\"search_term_string\"}}],\"inLanguage\":\"es\"},{\"@type\":\"Organization\",\"@id\":\"https:\/\/stratocars.com\/tienda\/#organization\",\"name\":\"StratoCars\",\"url\":\"https:\/\/stratocars.com\/tienda\/\",\"logo\":{\"@type\":\"ImageObject\",\"inLanguage\":\"es\",\"@id\":\"https:\/\/stratocars.com\/tienda\/#\/schema\/logo\/image\/\",\"url\":\"https:\/\/stratocars.com\/tienda\/wp-content\/uploads\/2022\/09\/web-logo-strato-cars.png\",\"contentUrl\":\"https:\/\/stratocars.com\/tienda\/wp-content\/uploads\/2022\/09\/web-logo-strato-cars.png\",\"width\":345,\"height\":113,\"caption\":\"StratoCars\"},\"image\":{\"@id\":\"https:\/\/stratocars.com\/tienda\/#\/schema\/logo\/image\/\"}}]}<\/script>\n<!-- \/ Yoast SEO plugin. -->","yoast_head_json":{"title":"Suspension roscada ST X Abarth 124","description":"Suspension ST X Abarth 124 suspension deportiva roscada coilover kw oferta st suspension espa\u00f1a suspension racing amortiguadores","robots":{"index":"index","follow":"follow","max-snippet":"max-snippet:-1","max-image-preview":"max-image-preview:large","max-video-preview":"max-video-preview:-1"},"canonical":"https:\/\/stratocars.com\/tienda\/comprar\/suspension-st-x-abarth-124\/","og_locale":"es_ES","og_type":"article","og_title":"Suspension roscada ST X Abarth 124","og_description":"Suspension ST X Abarth 124 suspension deportiva roscada coilover kw oferta st suspension espa\u00f1a suspension racing amortiguadores","og_url":"https:\/\/stratocars.com\/tienda\/comprar\/suspension-st-x-abarth-124\/","og_site_name":"STRATOCARS | Veh\u00edculos de Importaci\u00f3n y Recambios","article_modified_time":"2023-01-30T12:35:27+00:00","og_image":[{"width":750,"height":750,"url":"https:\/\/stratocars.com\/tienda\/wp-content\/uploads\/2023\/01\/st-x.jpg","type":"image\/jpeg"}],"twitter_card":"summary_large_image","twitter_misc":{"Tiempo de lectura":"1 minuto"},"schema":{"@context":"https:\/\/schema.org","@graph":[{"@type":"WebPage","@id":"https:\/\/stratocars.com\/tienda\/comprar\/suspension-st-x-abarth-124\/","url":"https:\/\/stratocars.com\/tienda\/comprar\/suspension-st-x-abarth-124\/","name":"Suspension roscada ST X Abarth 124","isPartOf":{"@id":"https:\/\/stratocars.com\/tienda\/#website"},"primaryImageOfPage":{"@id":"https:\/\/stratocars.com\/tienda\/comprar\/suspension-st-x-abarth-124\/#primaryimage"},"image":{"@id":"https:\/\/stratocars.com\/tienda\/comprar\/suspension-st-x-abarth-124\/#primaryimage"},"thumbnailUrl":"https:\/\/stratocars.com\/tienda\/wp-content\/uploads\/2023\/01\/st-x.jpg","datePublished":"2023-01-09T11:43:33+00:00","dateModified":"2023-01-30T12:35:27+00:00","description":"Suspension ST X Abarth 124 suspension deportiva roscada coilover kw oferta st suspension espa\u00f1a suspension racing amortiguadores","breadcrumb":{"@id":"https:\/\/stratocars.com\/tienda\/comprar\/suspension-st-x-abarth-124\/#breadcrumb"},"inLanguage":"es","potentialAction":[{"@type":"ReadAction","target":["https:\/\/stratocars.com\/tienda\/comprar\/suspension-st-x-abarth-124\/"]}]},{"@type":"ImageObject","inLanguage":"es","@id":"https:\/\/stratocars.com\/tienda\/comprar\/suspension-st-x-abarth-124\/#primaryimage","url":"https:\/\/stratocars.com\/tienda\/wp-content\/uploads\/2023\/01\/st-x.jpg","contentUrl":"https:\/\/stratocars.com\/tienda\/wp-content\/uploads\/2023\/01\/st-x.jpg","width":750,"height":750},{"@type":"BreadcrumbList","@id":"https:\/\/stratocars.com\/tienda\/comprar\/suspension-st-x-abarth-124\/#breadcrumb","itemListElement":[{"@type":"ListItem","position":1,"name":"Portada","item":"https:\/\/stratocars.com\/tienda\/"},{"@type":"ListItem","position":2,"name":"Parts","item":"https:\/\/stratocars.com\/tienda\/parts\/"},{"@type":"ListItem","position":3,"name":"Suspension ST X Abarth 124"}]},{"@type":"WebSite","@id":"https:\/\/stratocars.com\/tienda\/#website","url":"https:\/\/stratocars.com\/tienda\/","name":"STRATOCARS | Veh\u00edculos de Importaci\u00f3n y Recambios","description":"Veh\u00edculos de Importaci\u00f3n y Recambios al mejor precio","publisher":{"@id":"https:\/\/stratocars.com\/tienda\/#organization"},"potentialAction":[{"@type":"SearchAction","target":{"@type":"EntryPoint","urlTemplate":"https:\/\/stratocars.com\/tienda\/?s={search_term_string}"},"query-input":{"@type":"PropertyValueSpecification","valueRequired":true,"valueName":"search_term_string"}}],"inLanguage":"es"},{"@type":"Organization","@id":"https:\/\/stratocars.com\/tienda\/#organization","name":"StratoCars","url":"https:\/\/stratocars.com\/tienda\/","logo":{"@type":"ImageObject","inLanguage":"es","@id":"https:\/\/stratocars.com\/tienda\/#\/schema\/logo\/image\/","url":"https:\/\/stratocars.com\/tienda\/wp-content\/uploads\/2022\/09\/web-logo-strato-cars.png","contentUrl":"https:\/\/stratocars.com\/tienda\/wp-content\/uploads\/2022\/09\/web-logo-strato-cars.png","width":345,"height":113,"caption":"StratoCars"},"image":{"@id":"https:\/\/stratocars.com\/tienda\/#\/schema\/logo\/image\/"}}]}},"_links":{"self":[{"href":"https:\/\/stratocars.com\/tienda\/wp-json\/wp\/v2\/product\/2776"}],"collection":[{"href":"https:\/\/stratocars.com\/tienda\/wp-json\/wp\/v2\/product"}],"about":[{"href":"https:\/\/stratocars.com\/tienda\/wp-json\/wp\/v2\/types\/product"}],"wp:featuredmedia":[{"embeddable":true,"href":"https:\/\/stratocars.com\/tienda\/wp-json\/wp\/v2\/media\/2780"}],"wp:attachment":[{"href":"https:\/\/stratocars.com\/tienda\/wp-json\/wp\/v2\/media?parent=2776"}],"wp:term":[{"taxonomy":"make_fuel_type","embeddable":true,"href":"https:\/\/stratocars.com\/tienda\/wp-json\/wp\/v2\/make_fuel_type?post=2776"},{"taxonomy":"make_model","embeddable":true,"href":"https:\/\/stratocars.com\/tienda\/wp-json\/wp\/v2\/make_model?post=2776"},{"taxonomy":"make_brand","embeddable":true,"href":"https:\/\/stratocars.com\/tienda\/wp-json\/wp\/v2\/make_brand?post=2776"},{"taxonomy":"make_year","embeddable":true,"href":"https:\/\/stratocars.com\/tienda\/wp-json\/wp\/v2\/make_year?post=2776"},{"taxonomy":"product_cat","embeddable":true,"href":"https:\/\/stratocars.com\/tienda\/wp-json\/wp\/v2\/product_cat?post=2776"},{"taxonomy":"product_tag","embeddable":true,"href":"https:\/\/stratocars.com\/tienda\/wp-json\/wp\/v2\/product_tag?post=2776"}],"curies":[{"name":"wp","href":"https:\/\/api.w.org\/{rel}","templated":true}]}}