{"id":2783,"date":"2023-01-09T12:30:05","date_gmt":"2023-01-09T12:30:05","guid":{"rendered":"https:\/\/stratocars.com\/tienda\/?post_type=product&#038;p=2783"},"modified":"2023-01-30T12:37:36","modified_gmt":"2023-01-30T12:37:36","slug":"suspension-st-x-abarth-punto","status":"publish","type":"product","link":"https:\/\/stratocars.com\/tienda\/comprar\/suspension-st-x-abarth-punto\/","title":{"rendered":"Suspension Roscada ST X Abarth Punto"},"content":{"rendered":"<p>Suspension ST X Abarth Punto<\/p>\n<p>El sistema de suspensi\u00f3n ST X es la combinaci\u00f3n ideal de deportividad y simplicidad sin dejar de mantener cierta comodidad en la calle. El amplio rango de ajuste de altura es ideal para cualquier tipo de usuario.<\/p>\n<p>Gama suspensiones ST:<\/p>\n<p>ST X  : Ajuste altura<br \/>\nST XA : Ajuste altura y Amortiguaci\u00f3n<br \/>\nST XTA: Ajuste altura, Amortiguaci\u00f3n y Copelas Unibal<\/p>\n<p><img decoding=\"async\" class=\"alignnone size-medium wp-image-2777\" src=\"https:\/\/stratocars.com\/tienda\/wp-content\/uploads\/2023\/01\/st-x-tx-300x85.png\" alt=\"\" width=\"300\" height=\"85\" srcset=\"https:\/\/stratocars.com\/tienda\/wp-content\/uploads\/2023\/01\/st-x-tx-300x85.png 300w, https:\/\/stratocars.com\/tienda\/wp-content\/uploads\/2023\/01\/st-x-tx.png 524w\" sizes=\"(max-width: 300px) 100vw, 300px\" \/><\/p>\n<p>&nbsp;<\/p>\n","protected":false},"excerpt":{"rendered":"<p>Suspension ST X Abarth Punto<\/p>\n","protected":false},"featured_media":2780,"template":"","meta":[],"make_fuel_type":[],"make_model":[192],"make_brand":[52],"make_year":[36,171,172,173,174,175,176,177,178,179,180,181,182,183],"product_cat":[49,112,134],"product_tag":[864],"class_list":{"0":"post-2783","1":"product","2":"type-product","3":"status-publish","4":"has-post-thumbnail","6":"make_engine-todas-las-motorizaciones","7":"make_model-punto","8":"make_brand-abarth-fiat","9":"make_year-36","10":"make_year-171","11":"make_year-172","12":"make_year-173","13":"make_year-174","14":"make_year-175","15":"make_year-176","16":"make_year-177","17":"make_year-178","18":"make_year-179","19":"make_year-180","20":"make_year-181","21":"make_year-182","22":"make_year-183","23":"product_cat-chasis","24":"product_cat-suspension","25":"product_cat-suspension-roscada","26":"product_tag-entrega-1-4-semanas","28":"first","29":"instock","30":"sale","31":"taxable","32":"shipping-taxable","33":"purchasable","34":"product-type-simple"},"exclude_global_add_ons":[],"addons":[],"yoast_head":"<!-- This site is optimized with the Yoast SEO plugin v23.4 - https:\/\/yoast.com\/wordpress\/plugins\/seo\/ -->\n<title>Suspension Roscada ST X Abarth Punto<\/title>\n<meta name=\"description\" content=\"Suspension ST X Abarth Punto suspension deportiva roscada coilover kw oferta st suspension espa\u00f1a suspension racing amortiguadores\" \/>\n<meta name=\"robots\" content=\"index, follow, max-snippet:-1, max-image-preview:large, max-video-preview:-1\" \/>\n<link rel=\"canonical\" href=\"https:\/\/stratocars.com\/tienda\/comprar\/suspension-st-x-abarth-punto\/\" \/>\n<meta property=\"og:locale\" content=\"es_ES\" \/>\n<meta property=\"og:type\" content=\"article\" \/>\n<meta property=\"og:title\" content=\"Suspension Roscada ST X Abarth Punto\" \/>\n<meta property=\"og:description\" content=\"Suspension ST X Abarth Punto suspension deportiva roscada coilover kw oferta st suspension espa\u00f1a suspension racing amortiguadores\" \/>\n<meta property=\"og:url\" content=\"https:\/\/stratocars.com\/tienda\/comprar\/suspension-st-x-abarth-punto\/\" \/>\n<meta property=\"og:site_name\" content=\"STRATOCARS | Veh\u00edculos de Importaci\u00f3n y Recambios\" \/>\n<meta property=\"article:modified_time\" content=\"2023-01-30T12:37:36+00:00\" \/>\n<meta property=\"og:image\" content=\"https:\/\/stratocars.com\/tienda\/wp-content\/uploads\/2023\/01\/st-x.jpg\" \/>\n\t<meta property=\"og:image:width\" content=\"750\" \/>\n\t<meta property=\"og:image:height\" content=\"750\" \/>\n\t<meta property=\"og:image:type\" content=\"image\/jpeg\" \/>\n<meta name=\"twitter:card\" content=\"summary_large_image\" \/>\n<meta name=\"twitter:label1\" content=\"Tiempo de lectura\" \/>\n\t<meta name=\"twitter:data1\" content=\"1 minuto\" \/>\n<script type=\"application\/ld+json\" class=\"yoast-schema-graph\">{\"@context\":\"https:\/\/schema.org\",\"@graph\":[{\"@type\":\"WebPage\",\"@id\":\"https:\/\/stratocars.com\/tienda\/comprar\/suspension-st-x-abarth-punto\/\",\"url\":\"https:\/\/stratocars.com\/tienda\/comprar\/suspension-st-x-abarth-punto\/\",\"name\":\"Suspension Roscada ST X Abarth Punto\",\"isPartOf\":{\"@id\":\"https:\/\/stratocars.com\/tienda\/#website\"},\"primaryImageOfPage\":{\"@id\":\"https:\/\/stratocars.com\/tienda\/comprar\/suspension-st-x-abarth-punto\/#primaryimage\"},\"image\":{\"@id\":\"https:\/\/stratocars.com\/tienda\/comprar\/suspension-st-x-abarth-punto\/#primaryimage\"},\"thumbnailUrl\":\"https:\/\/stratocars.com\/tienda\/wp-content\/uploads\/2023\/01\/st-x.jpg\",\"datePublished\":\"2023-01-09T12:30:05+00:00\",\"dateModified\":\"2023-01-30T12:37:36+00:00\",\"description\":\"Suspension ST X Abarth Punto suspension deportiva roscada coilover kw oferta st suspension espa\u00f1a suspension racing amortiguadores\",\"breadcrumb\":{\"@id\":\"https:\/\/stratocars.com\/tienda\/comprar\/suspension-st-x-abarth-punto\/#breadcrumb\"},\"inLanguage\":\"es\",\"potentialAction\":[{\"@type\":\"ReadAction\",\"target\":[\"https:\/\/stratocars.com\/tienda\/comprar\/suspension-st-x-abarth-punto\/\"]}]},{\"@type\":\"ImageObject\",\"inLanguage\":\"es\",\"@id\":\"https:\/\/stratocars.com\/tienda\/comprar\/suspension-st-x-abarth-punto\/#primaryimage\",\"url\":\"https:\/\/stratocars.com\/tienda\/wp-content\/uploads\/2023\/01\/st-x.jpg\",\"contentUrl\":\"https:\/\/stratocars.com\/tienda\/wp-content\/uploads\/2023\/01\/st-x.jpg\",\"width\":750,\"height\":750},{\"@type\":\"BreadcrumbList\",\"@id\":\"https:\/\/stratocars.com\/tienda\/comprar\/suspension-st-x-abarth-punto\/#breadcrumb\",\"itemListElement\":[{\"@type\":\"ListItem\",\"position\":1,\"name\":\"Portada\",\"item\":\"https:\/\/stratocars.com\/tienda\/\"},{\"@type\":\"ListItem\",\"position\":2,\"name\":\"Parts\",\"item\":\"https:\/\/stratocars.com\/tienda\/parts\/\"},{\"@type\":\"ListItem\",\"position\":3,\"name\":\"Suspension Roscada ST X Abarth Punto\"}]},{\"@type\":\"WebSite\",\"@id\":\"https:\/\/stratocars.com\/tienda\/#website\",\"url\":\"https:\/\/stratocars.com\/tienda\/\",\"name\":\"STRATOCARS | Veh\u00edculos de Importaci\u00f3n y Recambios\",\"description\":\"Veh\u00edculos de Importaci\u00f3n y Recambios al mejor precio\",\"publisher\":{\"@id\":\"https:\/\/stratocars.com\/tienda\/#organization\"},\"potentialAction\":[{\"@type\":\"SearchAction\",\"target\":{\"@type\":\"EntryPoint\",\"urlTemplate\":\"https:\/\/stratocars.com\/tienda\/?s={search_term_string}\"},\"query-input\":{\"@type\":\"PropertyValueSpecification\",\"valueRequired\":true,\"valueName\":\"search_term_string\"}}],\"inLanguage\":\"es\"},{\"@type\":\"Organization\",\"@id\":\"https:\/\/stratocars.com\/tienda\/#organization\",\"name\":\"StratoCars\",\"url\":\"https:\/\/stratocars.com\/tienda\/\",\"logo\":{\"@type\":\"ImageObject\",\"inLanguage\":\"es\",\"@id\":\"https:\/\/stratocars.com\/tienda\/#\/schema\/logo\/image\/\",\"url\":\"https:\/\/stratocars.com\/tienda\/wp-content\/uploads\/2022\/09\/web-logo-strato-cars.png\",\"contentUrl\":\"https:\/\/stratocars.com\/tienda\/wp-content\/uploads\/2022\/09\/web-logo-strato-cars.png\",\"width\":345,\"height\":113,\"caption\":\"StratoCars\"},\"image\":{\"@id\":\"https:\/\/stratocars.com\/tienda\/#\/schema\/logo\/image\/\"}}]}<\/script>\n<!-- \/ Yoast SEO plugin. -->","yoast_head_json":{"title":"Suspension Roscada ST X Abarth Punto","description":"Suspension ST X Abarth Punto suspension deportiva roscada coilover kw oferta st suspension espa\u00f1a suspension racing amortiguadores","robots":{"index":"index","follow":"follow","max-snippet":"max-snippet:-1","max-image-preview":"max-image-preview:large","max-video-preview":"max-video-preview:-1"},"canonical":"https:\/\/stratocars.com\/tienda\/comprar\/suspension-st-x-abarth-punto\/","og_locale":"es_ES","og_type":"article","og_title":"Suspension Roscada ST X Abarth Punto","og_description":"Suspension ST X Abarth Punto suspension deportiva roscada coilover kw oferta st suspension espa\u00f1a suspension racing amortiguadores","og_url":"https:\/\/stratocars.com\/tienda\/comprar\/suspension-st-x-abarth-punto\/","og_site_name":"STRATOCARS | Veh\u00edculos de Importaci\u00f3n y Recambios","article_modified_time":"2023-01-30T12:37:36+00:00","og_image":[{"width":750,"height":750,"url":"https:\/\/stratocars.com\/tienda\/wp-content\/uploads\/2023\/01\/st-x.jpg","type":"image\/jpeg"}],"twitter_card":"summary_large_image","twitter_misc":{"Tiempo de lectura":"1 minuto"},"schema":{"@context":"https:\/\/schema.org","@graph":[{"@type":"WebPage","@id":"https:\/\/stratocars.com\/tienda\/comprar\/suspension-st-x-abarth-punto\/","url":"https:\/\/stratocars.com\/tienda\/comprar\/suspension-st-x-abarth-punto\/","name":"Suspension Roscada ST X Abarth Punto","isPartOf":{"@id":"https:\/\/stratocars.com\/tienda\/#website"},"primaryImageOfPage":{"@id":"https:\/\/stratocars.com\/tienda\/comprar\/suspension-st-x-abarth-punto\/#primaryimage"},"image":{"@id":"https:\/\/stratocars.com\/tienda\/comprar\/suspension-st-x-abarth-punto\/#primaryimage"},"thumbnailUrl":"https:\/\/stratocars.com\/tienda\/wp-content\/uploads\/2023\/01\/st-x.jpg","datePublished":"2023-01-09T12:30:05+00:00","dateModified":"2023-01-30T12:37:36+00:00","description":"Suspension ST X Abarth Punto suspension deportiva roscada coilover kw oferta st suspension espa\u00f1a suspension racing amortiguadores","breadcrumb":{"@id":"https:\/\/stratocars.com\/tienda\/comprar\/suspension-st-x-abarth-punto\/#breadcrumb"},"inLanguage":"es","potentialAction":[{"@type":"ReadAction","target":["https:\/\/stratocars.com\/tienda\/comprar\/suspension-st-x-abarth-punto\/"]}]},{"@type":"ImageObject","inLanguage":"es","@id":"https:\/\/stratocars.com\/tienda\/comprar\/suspension-st-x-abarth-punto\/#primaryimage","url":"https:\/\/stratocars.com\/tienda\/wp-content\/uploads\/2023\/01\/st-x.jpg","contentUrl":"https:\/\/stratocars.com\/tienda\/wp-content\/uploads\/2023\/01\/st-x.jpg","width":750,"height":750},{"@type":"BreadcrumbList","@id":"https:\/\/stratocars.com\/tienda\/comprar\/suspension-st-x-abarth-punto\/#breadcrumb","itemListElement":[{"@type":"ListItem","position":1,"name":"Portada","item":"https:\/\/stratocars.com\/tienda\/"},{"@type":"ListItem","position":2,"name":"Parts","item":"https:\/\/stratocars.com\/tienda\/parts\/"},{"@type":"ListItem","position":3,"name":"Suspension Roscada ST X Abarth Punto"}]},{"@type":"WebSite","@id":"https:\/\/stratocars.com\/tienda\/#website","url":"https:\/\/stratocars.com\/tienda\/","name":"STRATOCARS | Veh\u00edculos de Importaci\u00f3n y Recambios","description":"Veh\u00edculos de Importaci\u00f3n y Recambios al mejor precio","publisher":{"@id":"https:\/\/stratocars.com\/tienda\/#organization"},"potentialAction":[{"@type":"SearchAction","target":{"@type":"EntryPoint","urlTemplate":"https:\/\/stratocars.com\/tienda\/?s={search_term_string}"},"query-input":{"@type":"PropertyValueSpecification","valueRequired":true,"valueName":"search_term_string"}}],"inLanguage":"es"},{"@type":"Organization","@id":"https:\/\/stratocars.com\/tienda\/#organization","name":"StratoCars","url":"https:\/\/stratocars.com\/tienda\/","logo":{"@type":"ImageObject","inLanguage":"es","@id":"https:\/\/stratocars.com\/tienda\/#\/schema\/logo\/image\/","url":"https:\/\/stratocars.com\/tienda\/wp-content\/uploads\/2022\/09\/web-logo-strato-cars.png","contentUrl":"https:\/\/stratocars.com\/tienda\/wp-content\/uploads\/2022\/09\/web-logo-strato-cars.png","width":345,"height":113,"caption":"StratoCars"},"image":{"@id":"https:\/\/stratocars.com\/tienda\/#\/schema\/logo\/image\/"}}]}},"_links":{"self":[{"href":"https:\/\/stratocars.com\/tienda\/wp-json\/wp\/v2\/product\/2783"}],"collection":[{"href":"https:\/\/stratocars.com\/tienda\/wp-json\/wp\/v2\/product"}],"about":[{"href":"https:\/\/stratocars.com\/tienda\/wp-json\/wp\/v2\/types\/product"}],"wp:featuredmedia":[{"embeddable":true,"href":"https:\/\/stratocars.com\/tienda\/wp-json\/wp\/v2\/media\/2780"}],"wp:attachment":[{"href":"https:\/\/stratocars.com\/tienda\/wp-json\/wp\/v2\/media?parent=2783"}],"wp:term":[{"taxonomy":"make_fuel_type","embeddable":true,"href":"https:\/\/stratocars.com\/tienda\/wp-json\/wp\/v2\/make_fuel_type?post=2783"},{"taxonomy":"make_model","embeddable":true,"href":"https:\/\/stratocars.com\/tienda\/wp-json\/wp\/v2\/make_model?post=2783"},{"taxonomy":"make_brand","embeddable":true,"href":"https:\/\/stratocars.com\/tienda\/wp-json\/wp\/v2\/make_brand?post=2783"},{"taxonomy":"make_year","embeddable":true,"href":"https:\/\/stratocars.com\/tienda\/wp-json\/wp\/v2\/make_year?post=2783"},{"taxonomy":"product_cat","embeddable":true,"href":"https:\/\/stratocars.com\/tienda\/wp-json\/wp\/v2\/product_cat?post=2783"},{"taxonomy":"product_tag","embeddable":true,"href":"https:\/\/stratocars.com\/tienda\/wp-json\/wp\/v2\/product_tag?post=2783"}],"curies":[{"name":"wp","href":"https:\/\/api.w.org\/{rel}","templated":true}]}}