{"id":2924,"date":"2023-01-16T15:26:22","date_gmt":"2023-01-16T15:26:22","guid":{"rendered":"https:\/\/stratocars.com\/tienda\/?post_type=product&#038;p=2924"},"modified":"2023-01-31T18:44:53","modified_gmt":"2023-01-31T18:44:53","slug":"suspension-roscada-kw-v4-clubsport-audi-a3-s3-8v-13-50mm","status":"publish","type":"product","link":"https:\/\/stratocars.com\/tienda\/comprar\/suspension-roscada-kw-v4-clubsport-audi-a3-s3-8v-13-50mm\/","title":{"rendered":"Suspension Roscada KW V4 Clubsport  AUDI A3\/S3 (8V) 13+ 50MM"},"content":{"rendered":"<p>Suspension Roscada KW V4 Clubsport  AUDI A3\/S3 (8V) 13+ 50MM<\/p>\n<p>Versi\u00f3n: V4 Clubsport<br \/>\nAjuste de amortiguaci\u00f3n: Amortiguaci\u00f3n de rebote y compresi\u00f3n Ajuste de amortiguaci\u00f3n<br \/>\nMaterial: Acero inoxidable<br \/>\nAjuste FA\/RA Hilo \/ Hilo<br \/>\nDi\u00e1metro del puntal eje delantero (mm) 55<br \/>\nTipo de eje trasero trasero: Eje trasero multibrazo (suspensi\u00f3n de rueda independiente)<br \/>\nAprobaci\u00f3n: Aprobaci\u00f3n de piezas (\u00a719.3)<\/p>\n<p><img decoding=\"async\" class=\"alignnone size-medium wp-image-2184\" src=\"https:\/\/stratocars.com\/tienda\/wp-content\/uploads\/2022\/11\/kw_amortiguador-300x117.png\" alt=\"\" width=\"300\" height=\"117\" srcset=\"https:\/\/stratocars.com\/tienda\/wp-content\/uploads\/2022\/11\/kw_amortiguador-300x117.png 300w, https:\/\/stratocars.com\/tienda\/wp-content\/uploads\/2022\/11\/kw_amortiguador.png 490w\" sizes=\"(max-width: 300px) 100vw, 300px\" \/><img decoding=\"async\" class=\"alignnone size-medium wp-image-2185\" src=\"https:\/\/stratocars.com\/tienda\/wp-content\/uploads\/2022\/11\/kw_gama_suspension-300x117.png\" alt=\"\" width=\"300\" height=\"117\" srcset=\"https:\/\/stratocars.com\/tienda\/wp-content\/uploads\/2022\/11\/kw_gama_suspension-300x117.png 300w, https:\/\/stratocars.com\/tienda\/wp-content\/uploads\/2022\/11\/kw_gama_suspension.png 490w\" sizes=\"(max-width: 300px) 100vw, 300px\" \/><\/p>\n","protected":false},"excerpt":{"rendered":"<p>Suspension Roscada KW V4 Clubsport  AUDI A3\/S3 (8V) 13+ 50MM<\/p>\n","protected":false},"featured_media":2210,"template":"","meta":[],"make_fuel_type":[],"make_model":[200,457],"make_brand":[57],"make_year":[178,179,180,181,182,183,184,185,186],"product_cat":[49,112,134],"product_tag":[864],"class_list":{"0":"post-2924","1":"product","2":"type-product","3":"status-publish","4":"has-post-thumbnail","6":"make_engine-1-0-tfsi","7":"make_engine-1-2-tfsi","8":"make_engine-1-5-tsi-150cv","9":"make_engine-1-6-tdi","10":"make_engine-1-8-t","11":"make_engine-2-0-t","12":"make_engine-2-0-tdi","13":"make_model-a3-8v-mk3","14":"make_model-s3-8v","15":"make_brand-audi","16":"make_year-178","17":"make_year-179","18":"make_year-180","19":"make_year-181","20":"make_year-182","21":"make_year-183","22":"make_year-184","23":"make_year-185","24":"make_year-186","25":"product_cat-chasis","26":"product_cat-suspension","27":"product_cat-suspension-roscada","28":"product_tag-entrega-1-4-semanas","30":"first","31":"instock","32":"sale","33":"sold-individually","34":"taxable","35":"shipping-taxable","36":"purchasable","37":"product-type-simple"},"exclude_global_add_ons":[],"addons":[],"yoast_head":"<!-- This site is optimized with the Yoast SEO plugin v23.4 - https:\/\/yoast.com\/wordpress\/plugins\/seo\/ -->\n<title>Suspension Roscada KW V4 Clubsport AUDI A3\/S3 (8V)<\/title>\n<meta name=\"description\" content=\"Suspension Roscada KW V4 Clubsport AUDI A3\/S3 (8V) 13+ kw v4 clubsport kw v1 kw v2 kw v3 kw v3 variante descuento kw coilover racing ohlins nitron tracK\" \/>\n<meta name=\"robots\" content=\"index, follow, max-snippet:-1, max-image-preview:large, max-video-preview:-1\" \/>\n<link rel=\"canonical\" href=\"https:\/\/stratocars.com\/tienda\/comprar\/suspension-roscada-kw-v4-clubsport-audi-a3-s3-8v-13-50mm\/\" \/>\n<meta property=\"og:locale\" content=\"es_ES\" \/>\n<meta property=\"og:type\" content=\"article\" \/>\n<meta property=\"og:title\" content=\"Suspension Roscada KW V4 Clubsport AUDI A3\/S3 (8V)\" \/>\n<meta property=\"og:description\" content=\"Suspension Roscada KW V4 Clubsport AUDI A3\/S3 (8V) 13+ kw v4 clubsport kw v1 kw v2 kw v3 kw v3 variante descuento kw coilover racing ohlins nitron tracK\" \/>\n<meta property=\"og:url\" content=\"https:\/\/stratocars.com\/tienda\/comprar\/suspension-roscada-kw-v4-clubsport-audi-a3-s3-8v-13-50mm\/\" \/>\n<meta property=\"og:site_name\" content=\"STRATOCARS | Veh\u00edculos de Importaci\u00f3n y Recambios\" \/>\n<meta property=\"article:modified_time\" content=\"2023-01-31T18:44:53+00:00\" \/>\n<meta property=\"og:image\" content=\"https:\/\/stratocars.com\/tienda\/wp-content\/uploads\/2022\/12\/kw-v4-clubsport.jpg\" \/>\n\t<meta property=\"og:image:width\" content=\"750\" \/>\n\t<meta property=\"og:image:height\" content=\"750\" \/>\n\t<meta property=\"og:image:type\" content=\"image\/jpeg\" \/>\n<meta name=\"twitter:card\" content=\"summary_large_image\" \/>\n<meta name=\"twitter:label1\" content=\"Tiempo de lectura\" \/>\n\t<meta name=\"twitter:data1\" content=\"1 minuto\" \/>\n<script type=\"application\/ld+json\" class=\"yoast-schema-graph\">{\"@context\":\"https:\/\/schema.org\",\"@graph\":[{\"@type\":\"WebPage\",\"@id\":\"https:\/\/stratocars.com\/tienda\/comprar\/suspension-roscada-kw-v4-clubsport-audi-a3-s3-8v-13-50mm\/\",\"url\":\"https:\/\/stratocars.com\/tienda\/comprar\/suspension-roscada-kw-v4-clubsport-audi-a3-s3-8v-13-50mm\/\",\"name\":\"Suspension Roscada KW V4 Clubsport AUDI A3\/S3 (8V)\",\"isPartOf\":{\"@id\":\"https:\/\/stratocars.com\/tienda\/#website\"},\"primaryImageOfPage\":{\"@id\":\"https:\/\/stratocars.com\/tienda\/comprar\/suspension-roscada-kw-v4-clubsport-audi-a3-s3-8v-13-50mm\/#primaryimage\"},\"image\":{\"@id\":\"https:\/\/stratocars.com\/tienda\/comprar\/suspension-roscada-kw-v4-clubsport-audi-a3-s3-8v-13-50mm\/#primaryimage\"},\"thumbnailUrl\":\"https:\/\/stratocars.com\/tienda\/wp-content\/uploads\/2022\/12\/kw-v4-clubsport.jpg\",\"datePublished\":\"2023-01-16T15:26:22+00:00\",\"dateModified\":\"2023-01-31T18:44:53+00:00\",\"description\":\"Suspension Roscada KW V4 Clubsport AUDI A3\/S3 (8V) 13+ kw v4 clubsport kw v1 kw v2 kw v3 kw v3 variante descuento kw coilover racing ohlins nitron tracK\",\"breadcrumb\":{\"@id\":\"https:\/\/stratocars.com\/tienda\/comprar\/suspension-roscada-kw-v4-clubsport-audi-a3-s3-8v-13-50mm\/#breadcrumb\"},\"inLanguage\":\"es\",\"potentialAction\":[{\"@type\":\"ReadAction\",\"target\":[\"https:\/\/stratocars.com\/tienda\/comprar\/suspension-roscada-kw-v4-clubsport-audi-a3-s3-8v-13-50mm\/\"]}]},{\"@type\":\"ImageObject\",\"inLanguage\":\"es\",\"@id\":\"https:\/\/stratocars.com\/tienda\/comprar\/suspension-roscada-kw-v4-clubsport-audi-a3-s3-8v-13-50mm\/#primaryimage\",\"url\":\"https:\/\/stratocars.com\/tienda\/wp-content\/uploads\/2022\/12\/kw-v4-clubsport.jpg\",\"contentUrl\":\"https:\/\/stratocars.com\/tienda\/wp-content\/uploads\/2022\/12\/kw-v4-clubsport.jpg\",\"width\":750,\"height\":750},{\"@type\":\"BreadcrumbList\",\"@id\":\"https:\/\/stratocars.com\/tienda\/comprar\/suspension-roscada-kw-v4-clubsport-audi-a3-s3-8v-13-50mm\/#breadcrumb\",\"itemListElement\":[{\"@type\":\"ListItem\",\"position\":1,\"name\":\"Portada\",\"item\":\"https:\/\/stratocars.com\/tienda\/\"},{\"@type\":\"ListItem\",\"position\":2,\"name\":\"Parts\",\"item\":\"https:\/\/stratocars.com\/tienda\/parts\/\"},{\"@type\":\"ListItem\",\"position\":3,\"name\":\"Suspension Roscada KW V4 Clubsport AUDI A3\/S3 (8V) 13+ 50MM\"}]},{\"@type\":\"WebSite\",\"@id\":\"https:\/\/stratocars.com\/tienda\/#website\",\"url\":\"https:\/\/stratocars.com\/tienda\/\",\"name\":\"STRATOCARS | Veh\u00edculos de Importaci\u00f3n y Recambios\",\"description\":\"Veh\u00edculos de Importaci\u00f3n y Recambios al mejor precio\",\"publisher\":{\"@id\":\"https:\/\/stratocars.com\/tienda\/#organization\"},\"potentialAction\":[{\"@type\":\"SearchAction\",\"target\":{\"@type\":\"EntryPoint\",\"urlTemplate\":\"https:\/\/stratocars.com\/tienda\/?s={search_term_string}\"},\"query-input\":{\"@type\":\"PropertyValueSpecification\",\"valueRequired\":true,\"valueName\":\"search_term_string\"}}],\"inLanguage\":\"es\"},{\"@type\":\"Organization\",\"@id\":\"https:\/\/stratocars.com\/tienda\/#organization\",\"name\":\"StratoCars\",\"url\":\"https:\/\/stratocars.com\/tienda\/\",\"logo\":{\"@type\":\"ImageObject\",\"inLanguage\":\"es\",\"@id\":\"https:\/\/stratocars.com\/tienda\/#\/schema\/logo\/image\/\",\"url\":\"https:\/\/stratocars.com\/tienda\/wp-content\/uploads\/2022\/09\/web-logo-strato-cars.png\",\"contentUrl\":\"https:\/\/stratocars.com\/tienda\/wp-content\/uploads\/2022\/09\/web-logo-strato-cars.png\",\"width\":345,\"height\":113,\"caption\":\"StratoCars\"},\"image\":{\"@id\":\"https:\/\/stratocars.com\/tienda\/#\/schema\/logo\/image\/\"}}]}<\/script>\n<!-- \/ Yoast SEO plugin. -->","yoast_head_json":{"title":"Suspension Roscada KW V4 Clubsport AUDI A3\/S3 (8V)","description":"Suspension Roscada KW V4 Clubsport AUDI A3\/S3 (8V) 13+ kw v4 clubsport kw v1 kw v2 kw v3 kw v3 variante descuento kw coilover racing ohlins nitron tracK","robots":{"index":"index","follow":"follow","max-snippet":"max-snippet:-1","max-image-preview":"max-image-preview:large","max-video-preview":"max-video-preview:-1"},"canonical":"https:\/\/stratocars.com\/tienda\/comprar\/suspension-roscada-kw-v4-clubsport-audi-a3-s3-8v-13-50mm\/","og_locale":"es_ES","og_type":"article","og_title":"Suspension Roscada KW V4 Clubsport AUDI A3\/S3 (8V)","og_description":"Suspension Roscada KW V4 Clubsport AUDI A3\/S3 (8V) 13+ kw v4 clubsport kw v1 kw v2 kw v3 kw v3 variante descuento kw coilover racing ohlins nitron tracK","og_url":"https:\/\/stratocars.com\/tienda\/comprar\/suspension-roscada-kw-v4-clubsport-audi-a3-s3-8v-13-50mm\/","og_site_name":"STRATOCARS | Veh\u00edculos de Importaci\u00f3n y Recambios","article_modified_time":"2023-01-31T18:44:53+00:00","og_image":[{"width":750,"height":750,"url":"https:\/\/stratocars.com\/tienda\/wp-content\/uploads\/2022\/12\/kw-v4-clubsport.jpg","type":"image\/jpeg"}],"twitter_card":"summary_large_image","twitter_misc":{"Tiempo de lectura":"1 minuto"},"schema":{"@context":"https:\/\/schema.org","@graph":[{"@type":"WebPage","@id":"https:\/\/stratocars.com\/tienda\/comprar\/suspension-roscada-kw-v4-clubsport-audi-a3-s3-8v-13-50mm\/","url":"https:\/\/stratocars.com\/tienda\/comprar\/suspension-roscada-kw-v4-clubsport-audi-a3-s3-8v-13-50mm\/","name":"Suspension Roscada KW V4 Clubsport AUDI A3\/S3 (8V)","isPartOf":{"@id":"https:\/\/stratocars.com\/tienda\/#website"},"primaryImageOfPage":{"@id":"https:\/\/stratocars.com\/tienda\/comprar\/suspension-roscada-kw-v4-clubsport-audi-a3-s3-8v-13-50mm\/#primaryimage"},"image":{"@id":"https:\/\/stratocars.com\/tienda\/comprar\/suspension-roscada-kw-v4-clubsport-audi-a3-s3-8v-13-50mm\/#primaryimage"},"thumbnailUrl":"https:\/\/stratocars.com\/tienda\/wp-content\/uploads\/2022\/12\/kw-v4-clubsport.jpg","datePublished":"2023-01-16T15:26:22+00:00","dateModified":"2023-01-31T18:44:53+00:00","description":"Suspension Roscada KW V4 Clubsport AUDI A3\/S3 (8V) 13+ kw v4 clubsport kw v1 kw v2 kw v3 kw v3 variante descuento kw coilover racing ohlins nitron tracK","breadcrumb":{"@id":"https:\/\/stratocars.com\/tienda\/comprar\/suspension-roscada-kw-v4-clubsport-audi-a3-s3-8v-13-50mm\/#breadcrumb"},"inLanguage":"es","potentialAction":[{"@type":"ReadAction","target":["https:\/\/stratocars.com\/tienda\/comprar\/suspension-roscada-kw-v4-clubsport-audi-a3-s3-8v-13-50mm\/"]}]},{"@type":"ImageObject","inLanguage":"es","@id":"https:\/\/stratocars.com\/tienda\/comprar\/suspension-roscada-kw-v4-clubsport-audi-a3-s3-8v-13-50mm\/#primaryimage","url":"https:\/\/stratocars.com\/tienda\/wp-content\/uploads\/2022\/12\/kw-v4-clubsport.jpg","contentUrl":"https:\/\/stratocars.com\/tienda\/wp-content\/uploads\/2022\/12\/kw-v4-clubsport.jpg","width":750,"height":750},{"@type":"BreadcrumbList","@id":"https:\/\/stratocars.com\/tienda\/comprar\/suspension-roscada-kw-v4-clubsport-audi-a3-s3-8v-13-50mm\/#breadcrumb","itemListElement":[{"@type":"ListItem","position":1,"name":"Portada","item":"https:\/\/stratocars.com\/tienda\/"},{"@type":"ListItem","position":2,"name":"Parts","item":"https:\/\/stratocars.com\/tienda\/parts\/"},{"@type":"ListItem","position":3,"name":"Suspension Roscada KW V4 Clubsport AUDI A3\/S3 (8V) 13+ 50MM"}]},{"@type":"WebSite","@id":"https:\/\/stratocars.com\/tienda\/#website","url":"https:\/\/stratocars.com\/tienda\/","name":"STRATOCARS | Veh\u00edculos de Importaci\u00f3n y Recambios","description":"Veh\u00edculos de Importaci\u00f3n y Recambios al mejor precio","publisher":{"@id":"https:\/\/stratocars.com\/tienda\/#organization"},"potentialAction":[{"@type":"SearchAction","target":{"@type":"EntryPoint","urlTemplate":"https:\/\/stratocars.com\/tienda\/?s={search_term_string}"},"query-input":{"@type":"PropertyValueSpecification","valueRequired":true,"valueName":"search_term_string"}}],"inLanguage":"es"},{"@type":"Organization","@id":"https:\/\/stratocars.com\/tienda\/#organization","name":"StratoCars","url":"https:\/\/stratocars.com\/tienda\/","logo":{"@type":"ImageObject","inLanguage":"es","@id":"https:\/\/stratocars.com\/tienda\/#\/schema\/logo\/image\/","url":"https:\/\/stratocars.com\/tienda\/wp-content\/uploads\/2022\/09\/web-logo-strato-cars.png","contentUrl":"https:\/\/stratocars.com\/tienda\/wp-content\/uploads\/2022\/09\/web-logo-strato-cars.png","width":345,"height":113,"caption":"StratoCars"},"image":{"@id":"https:\/\/stratocars.com\/tienda\/#\/schema\/logo\/image\/"}}]}},"_links":{"self":[{"href":"https:\/\/stratocars.com\/tienda\/wp-json\/wp\/v2\/product\/2924"}],"collection":[{"href":"https:\/\/stratocars.com\/tienda\/wp-json\/wp\/v2\/product"}],"about":[{"href":"https:\/\/stratocars.com\/tienda\/wp-json\/wp\/v2\/types\/product"}],"wp:featuredmedia":[{"embeddable":true,"href":"https:\/\/stratocars.com\/tienda\/wp-json\/wp\/v2\/media\/2210"}],"wp:attachment":[{"href":"https:\/\/stratocars.com\/tienda\/wp-json\/wp\/v2\/media?parent=2924"}],"wp:term":[{"taxonomy":"make_fuel_type","embeddable":true,"href":"https:\/\/stratocars.com\/tienda\/wp-json\/wp\/v2\/make_fuel_type?post=2924"},{"taxonomy":"make_model","embeddable":true,"href":"https:\/\/stratocars.com\/tienda\/wp-json\/wp\/v2\/make_model?post=2924"},{"taxonomy":"make_brand","embeddable":true,"href":"https:\/\/stratocars.com\/tienda\/wp-json\/wp\/v2\/make_brand?post=2924"},{"taxonomy":"make_year","embeddable":true,"href":"https:\/\/stratocars.com\/tienda\/wp-json\/wp\/v2\/make_year?post=2924"},{"taxonomy":"product_cat","embeddable":true,"href":"https:\/\/stratocars.com\/tienda\/wp-json\/wp\/v2\/product_cat?post=2924"},{"taxonomy":"product_tag","embeddable":true,"href":"https:\/\/stratocars.com\/tienda\/wp-json\/wp\/v2\/product_tag?post=2924"}],"curies":[{"name":"wp","href":"https:\/\/api.w.org\/{rel}","templated":true}]}}