{"id":3381,"date":"2023-04-12T11:17:36","date_gmt":"2023-04-12T11:17:36","guid":{"rendered":"https:\/\/stratocars.com\/tienda\/?post_type=product&#038;p=3381"},"modified":"2023-04-12T11:23:31","modified_gmt":"2023-04-12T11:23:31","slug":"discos-de-freno-delanteros-ebc-usr-abarth-500","status":"publish","type":"product","link":"https:\/\/stratocars.com\/tienda\/comprar\/discos-de-freno-delanteros-ebc-usr-abarth-500\/","title":{"rendered":"Discos de freno delanteros Ebc USR Abarth 500"},"content":{"rendered":"<p>Discos de freno delanteros Ebc USR Abarth 500<\/p>\n","protected":false},"excerpt":{"rendered":"<p>Discos de freno delanteros Ebc USR Abarth 500<\/p>\n","protected":false},"featured_media":3367,"template":"","meta":[],"make_fuel_type":[],"make_model":[189],"make_brand":[52],"make_year":[173,174,175,176,177,178,179,180,181,182,183,184,185,186,187,481],"product_cat":[49,111,120],"product_tag":[864],"class_list":{"0":"post-3381","1":"product","2":"type-product","3":"status-publish","4":"has-post-thumbnail","6":"make_engine-1-4-170cv","7":"make_model-189","8":"make_brand-abarth-fiat","9":"make_year-173","10":"make_year-174","11":"make_year-175","12":"make_year-176","13":"make_year-177","14":"make_year-178","15":"make_year-179","16":"make_year-180","17":"make_year-181","18":"make_year-182","19":"make_year-183","20":"make_year-184","21":"make_year-185","22":"make_year-186","23":"make_year-187","24":"make_year-481","25":"product_cat-chasis","26":"product_cat-frenada","27":"product_cat-discos-de-freno","28":"product_tag-entrega-1-4-semanas","30":"first","31":"instock","32":"sale","33":"sold-individually","34":"taxable","35":"shipping-taxable","36":"purchasable","37":"product-type-simple"},"exclude_global_add_ons":[],"addons":[],"yoast_head":"<!-- This site is optimized with the Yoast SEO plugin v23.4 - https:\/\/yoast.com\/wordpress\/plugins\/seo\/ -->\n<title>Discos de freno delanteros Ebc USR Abarth 500<\/title>\n<meta name=\"description\" content=\"discos de freno racing track rally tandas frenada perforados rayados Discos de freno delanteros Ebc USR Abarth 500\" \/>\n<meta name=\"robots\" content=\"index, follow, max-snippet:-1, max-image-preview:large, max-video-preview:-1\" \/>\n<link rel=\"canonical\" href=\"https:\/\/stratocars.com\/tienda\/comprar\/discos-de-freno-delanteros-ebc-usr-abarth-500\/\" \/>\n<meta property=\"og:locale\" content=\"es_ES\" \/>\n<meta property=\"og:type\" content=\"article\" \/>\n<meta property=\"og:title\" content=\"Discos de freno delanteros Ebc USR Abarth 500\" \/>\n<meta property=\"og:description\" content=\"discos de freno racing track rally tandas frenada perforados rayados Discos de freno delanteros Ebc USR Abarth 500\" \/>\n<meta property=\"og:url\" content=\"https:\/\/stratocars.com\/tienda\/comprar\/discos-de-freno-delanteros-ebc-usr-abarth-500\/\" \/>\n<meta property=\"og:site_name\" content=\"STRATOCARS | Veh\u00edculos de Importaci\u00f3n y Recambios\" \/>\n<meta property=\"article:modified_time\" content=\"2023-04-12T11:23:31+00:00\" \/>\n<meta property=\"og:image\" content=\"https:\/\/stratocars.com\/tienda\/wp-content\/uploads\/2023\/01\/EBC-USR-RAYADO.jpg\" \/>\n\t<meta property=\"og:image:width\" content=\"750\" \/>\n\t<meta property=\"og:image:height\" content=\"750\" \/>\n\t<meta property=\"og:image:type\" content=\"image\/jpeg\" \/>\n<meta name=\"twitter:card\" content=\"summary_large_image\" \/>\n<meta name=\"twitter:label1\" content=\"Tiempo de lectura\" \/>\n\t<meta name=\"twitter:data1\" content=\"1 minuto\" \/>\n<script type=\"application\/ld+json\" class=\"yoast-schema-graph\">{\"@context\":\"https:\/\/schema.org\",\"@graph\":[{\"@type\":\"WebPage\",\"@id\":\"https:\/\/stratocars.com\/tienda\/comprar\/discos-de-freno-delanteros-ebc-usr-abarth-500\/\",\"url\":\"https:\/\/stratocars.com\/tienda\/comprar\/discos-de-freno-delanteros-ebc-usr-abarth-500\/\",\"name\":\"Discos de freno delanteros Ebc USR Abarth 500\",\"isPartOf\":{\"@id\":\"https:\/\/stratocars.com\/tienda\/#website\"},\"primaryImageOfPage\":{\"@id\":\"https:\/\/stratocars.com\/tienda\/comprar\/discos-de-freno-delanteros-ebc-usr-abarth-500\/#primaryimage\"},\"image\":{\"@id\":\"https:\/\/stratocars.com\/tienda\/comprar\/discos-de-freno-delanteros-ebc-usr-abarth-500\/#primaryimage\"},\"thumbnailUrl\":\"https:\/\/stratocars.com\/tienda\/wp-content\/uploads\/2023\/01\/EBC-USR-RAYADO.jpg\",\"datePublished\":\"2023-04-12T11:17:36+00:00\",\"dateModified\":\"2023-04-12T11:23:31+00:00\",\"description\":\"discos de freno racing track rally tandas frenada perforados rayados Discos de freno delanteros Ebc USR Abarth 500\",\"breadcrumb\":{\"@id\":\"https:\/\/stratocars.com\/tienda\/comprar\/discos-de-freno-delanteros-ebc-usr-abarth-500\/#breadcrumb\"},\"inLanguage\":\"es\",\"potentialAction\":[{\"@type\":\"ReadAction\",\"target\":[\"https:\/\/stratocars.com\/tienda\/comprar\/discos-de-freno-delanteros-ebc-usr-abarth-500\/\"]}]},{\"@type\":\"ImageObject\",\"inLanguage\":\"es\",\"@id\":\"https:\/\/stratocars.com\/tienda\/comprar\/discos-de-freno-delanteros-ebc-usr-abarth-500\/#primaryimage\",\"url\":\"https:\/\/stratocars.com\/tienda\/wp-content\/uploads\/2023\/01\/EBC-USR-RAYADO.jpg\",\"contentUrl\":\"https:\/\/stratocars.com\/tienda\/wp-content\/uploads\/2023\/01\/EBC-USR-RAYADO.jpg\",\"width\":750,\"height\":750},{\"@type\":\"BreadcrumbList\",\"@id\":\"https:\/\/stratocars.com\/tienda\/comprar\/discos-de-freno-delanteros-ebc-usr-abarth-500\/#breadcrumb\",\"itemListElement\":[{\"@type\":\"ListItem\",\"position\":1,\"name\":\"Portada\",\"item\":\"https:\/\/stratocars.com\/tienda\/\"},{\"@type\":\"ListItem\",\"position\":2,\"name\":\"Parts\",\"item\":\"https:\/\/stratocars.com\/tienda\/parts\/\"},{\"@type\":\"ListItem\",\"position\":3,\"name\":\"Discos de freno delanteros Ebc USR Abarth 500\"}]},{\"@type\":\"WebSite\",\"@id\":\"https:\/\/stratocars.com\/tienda\/#website\",\"url\":\"https:\/\/stratocars.com\/tienda\/\",\"name\":\"STRATOCARS | Veh\u00edculos de Importaci\u00f3n y Recambios\",\"description\":\"Veh\u00edculos de Importaci\u00f3n y Recambios al mejor precio\",\"publisher\":{\"@id\":\"https:\/\/stratocars.com\/tienda\/#organization\"},\"potentialAction\":[{\"@type\":\"SearchAction\",\"target\":{\"@type\":\"EntryPoint\",\"urlTemplate\":\"https:\/\/stratocars.com\/tienda\/?s={search_term_string}\"},\"query-input\":{\"@type\":\"PropertyValueSpecification\",\"valueRequired\":true,\"valueName\":\"search_term_string\"}}],\"inLanguage\":\"es\"},{\"@type\":\"Organization\",\"@id\":\"https:\/\/stratocars.com\/tienda\/#organization\",\"name\":\"StratoCars\",\"url\":\"https:\/\/stratocars.com\/tienda\/\",\"logo\":{\"@type\":\"ImageObject\",\"inLanguage\":\"es\",\"@id\":\"https:\/\/stratocars.com\/tienda\/#\/schema\/logo\/image\/\",\"url\":\"https:\/\/stratocars.com\/tienda\/wp-content\/uploads\/2022\/09\/web-logo-strato-cars.png\",\"contentUrl\":\"https:\/\/stratocars.com\/tienda\/wp-content\/uploads\/2022\/09\/web-logo-strato-cars.png\",\"width\":345,\"height\":113,\"caption\":\"StratoCars\"},\"image\":{\"@id\":\"https:\/\/stratocars.com\/tienda\/#\/schema\/logo\/image\/\"}}]}<\/script>\n<!-- \/ Yoast SEO plugin. -->","yoast_head_json":{"title":"Discos de freno delanteros Ebc USR Abarth 500","description":"discos de freno racing track rally tandas frenada perforados rayados Discos de freno delanteros Ebc USR Abarth 500","robots":{"index":"index","follow":"follow","max-snippet":"max-snippet:-1","max-image-preview":"max-image-preview:large","max-video-preview":"max-video-preview:-1"},"canonical":"https:\/\/stratocars.com\/tienda\/comprar\/discos-de-freno-delanteros-ebc-usr-abarth-500\/","og_locale":"es_ES","og_type":"article","og_title":"Discos de freno delanteros Ebc USR Abarth 500","og_description":"discos de freno racing track rally tandas frenada perforados rayados Discos de freno delanteros Ebc USR Abarth 500","og_url":"https:\/\/stratocars.com\/tienda\/comprar\/discos-de-freno-delanteros-ebc-usr-abarth-500\/","og_site_name":"STRATOCARS | Veh\u00edculos de Importaci\u00f3n y Recambios","article_modified_time":"2023-04-12T11:23:31+00:00","og_image":[{"width":750,"height":750,"url":"https:\/\/stratocars.com\/tienda\/wp-content\/uploads\/2023\/01\/EBC-USR-RAYADO.jpg","type":"image\/jpeg"}],"twitter_card":"summary_large_image","twitter_misc":{"Tiempo de lectura":"1 minuto"},"schema":{"@context":"https:\/\/schema.org","@graph":[{"@type":"WebPage","@id":"https:\/\/stratocars.com\/tienda\/comprar\/discos-de-freno-delanteros-ebc-usr-abarth-500\/","url":"https:\/\/stratocars.com\/tienda\/comprar\/discos-de-freno-delanteros-ebc-usr-abarth-500\/","name":"Discos de freno delanteros Ebc USR Abarth 500","isPartOf":{"@id":"https:\/\/stratocars.com\/tienda\/#website"},"primaryImageOfPage":{"@id":"https:\/\/stratocars.com\/tienda\/comprar\/discos-de-freno-delanteros-ebc-usr-abarth-500\/#primaryimage"},"image":{"@id":"https:\/\/stratocars.com\/tienda\/comprar\/discos-de-freno-delanteros-ebc-usr-abarth-500\/#primaryimage"},"thumbnailUrl":"https:\/\/stratocars.com\/tienda\/wp-content\/uploads\/2023\/01\/EBC-USR-RAYADO.jpg","datePublished":"2023-04-12T11:17:36+00:00","dateModified":"2023-04-12T11:23:31+00:00","description":"discos de freno racing track rally tandas frenada perforados rayados Discos de freno delanteros Ebc USR Abarth 500","breadcrumb":{"@id":"https:\/\/stratocars.com\/tienda\/comprar\/discos-de-freno-delanteros-ebc-usr-abarth-500\/#breadcrumb"},"inLanguage":"es","potentialAction":[{"@type":"ReadAction","target":["https:\/\/stratocars.com\/tienda\/comprar\/discos-de-freno-delanteros-ebc-usr-abarth-500\/"]}]},{"@type":"ImageObject","inLanguage":"es","@id":"https:\/\/stratocars.com\/tienda\/comprar\/discos-de-freno-delanteros-ebc-usr-abarth-500\/#primaryimage","url":"https:\/\/stratocars.com\/tienda\/wp-content\/uploads\/2023\/01\/EBC-USR-RAYADO.jpg","contentUrl":"https:\/\/stratocars.com\/tienda\/wp-content\/uploads\/2023\/01\/EBC-USR-RAYADO.jpg","width":750,"height":750},{"@type":"BreadcrumbList","@id":"https:\/\/stratocars.com\/tienda\/comprar\/discos-de-freno-delanteros-ebc-usr-abarth-500\/#breadcrumb","itemListElement":[{"@type":"ListItem","position":1,"name":"Portada","item":"https:\/\/stratocars.com\/tienda\/"},{"@type":"ListItem","position":2,"name":"Parts","item":"https:\/\/stratocars.com\/tienda\/parts\/"},{"@type":"ListItem","position":3,"name":"Discos de freno delanteros Ebc USR Abarth 500"}]},{"@type":"WebSite","@id":"https:\/\/stratocars.com\/tienda\/#website","url":"https:\/\/stratocars.com\/tienda\/","name":"STRATOCARS | Veh\u00edculos de Importaci\u00f3n y Recambios","description":"Veh\u00edculos de Importaci\u00f3n y Recambios al mejor precio","publisher":{"@id":"https:\/\/stratocars.com\/tienda\/#organization"},"potentialAction":[{"@type":"SearchAction","target":{"@type":"EntryPoint","urlTemplate":"https:\/\/stratocars.com\/tienda\/?s={search_term_string}"},"query-input":{"@type":"PropertyValueSpecification","valueRequired":true,"valueName":"search_term_string"}}],"inLanguage":"es"},{"@type":"Organization","@id":"https:\/\/stratocars.com\/tienda\/#organization","name":"StratoCars","url":"https:\/\/stratocars.com\/tienda\/","logo":{"@type":"ImageObject","inLanguage":"es","@id":"https:\/\/stratocars.com\/tienda\/#\/schema\/logo\/image\/","url":"https:\/\/stratocars.com\/tienda\/wp-content\/uploads\/2022\/09\/web-logo-strato-cars.png","contentUrl":"https:\/\/stratocars.com\/tienda\/wp-content\/uploads\/2022\/09\/web-logo-strato-cars.png","width":345,"height":113,"caption":"StratoCars"},"image":{"@id":"https:\/\/stratocars.com\/tienda\/#\/schema\/logo\/image\/"}}]}},"_links":{"self":[{"href":"https:\/\/stratocars.com\/tienda\/wp-json\/wp\/v2\/product\/3381"}],"collection":[{"href":"https:\/\/stratocars.com\/tienda\/wp-json\/wp\/v2\/product"}],"about":[{"href":"https:\/\/stratocars.com\/tienda\/wp-json\/wp\/v2\/types\/product"}],"wp:featuredmedia":[{"embeddable":true,"href":"https:\/\/stratocars.com\/tienda\/wp-json\/wp\/v2\/media\/3367"}],"wp:attachment":[{"href":"https:\/\/stratocars.com\/tienda\/wp-json\/wp\/v2\/media?parent=3381"}],"wp:term":[{"taxonomy":"make_fuel_type","embeddable":true,"href":"https:\/\/stratocars.com\/tienda\/wp-json\/wp\/v2\/make_fuel_type?post=3381"},{"taxonomy":"make_model","embeddable":true,"href":"https:\/\/stratocars.com\/tienda\/wp-json\/wp\/v2\/make_model?post=3381"},{"taxonomy":"make_brand","embeddable":true,"href":"https:\/\/stratocars.com\/tienda\/wp-json\/wp\/v2\/make_brand?post=3381"},{"taxonomy":"make_year","embeddable":true,"href":"https:\/\/stratocars.com\/tienda\/wp-json\/wp\/v2\/make_year?post=3381"},{"taxonomy":"product_cat","embeddable":true,"href":"https:\/\/stratocars.com\/tienda\/wp-json\/wp\/v2\/product_cat?post=3381"},{"taxonomy":"product_tag","embeddable":true,"href":"https:\/\/stratocars.com\/tienda\/wp-json\/wp\/v2\/product_tag?post=3381"}],"curies":[{"name":"wp","href":"https:\/\/api.w.org\/{rel}","templated":true}]}}