{"id":3530,"date":"2023-04-14T07:21:07","date_gmt":"2023-04-14T07:21:07","guid":{"rendered":"https:\/\/stratocars.com\/tienda\/?post_type=product&#038;p=3530"},"modified":"2023-04-14T07:23:14","modified_gmt":"2023-04-14T07:23:14","slug":"discos-de-freno-delanteros-ebc-racing-ford-mustang-gt-5-0-brembo-380x34mm","status":"publish","type":"product","link":"https:\/\/stratocars.com\/tienda\/comprar\/discos-de-freno-delanteros-ebc-racing-ford-mustang-gt-5-0-brembo-380x34mm\/","title":{"rendered":"Discos de freno Delanteros Ebc Racing Ford Mustang GT 5.0 (Brembo) 380x34mm"},"content":{"rendered":"<p>Discos de freno Delanteros Ebc Racing Ford Mustang GT 5.0 (Brembo) 380x34mm<\/p>\n","protected":false},"excerpt":{"rendered":"<p>Discos de freno Delanteros Ebc Racing Ford Mustang GT 5.0 (Brembo) 380x34mm<\/p>\n","protected":false},"featured_media":3429,"template":"","meta":[],"make_fuel_type":[],"make_model":[586],"make_brand":[296],"make_year":[180,181,182,183,184,185,186,187,481],"product_cat":[49,111,120],"product_tag":[864],"class_list":{"0":"post-3530","1":"product","2":"type-product","3":"status-publish","4":"has-post-thumbnail","6":"make_engine-2-3-t","7":"make_engine-5-0","8":"make_model-mustang","9":"make_brand-ford","10":"make_year-180","11":"make_year-181","12":"make_year-182","13":"make_year-183","14":"make_year-184","15":"make_year-185","16":"make_year-186","17":"make_year-187","18":"make_year-481","19":"product_cat-chasis","20":"product_cat-frenada","21":"product_cat-discos-de-freno","22":"product_tag-entrega-1-4-semanas","24":"first","25":"instock","26":"sale","27":"sold-individually","28":"taxable","29":"shipping-taxable","30":"purchasable","31":"product-type-simple"},"exclude_global_add_ons":[],"addons":[],"yoast_head":"<!-- This site is optimized with the Yoast SEO plugin v23.4 - https:\/\/yoast.com\/wordpress\/plugins\/seo\/ -->\n<title>Discos freno Delanteros Ebc Racing Mustang GT 5.0 (Brembo)<\/title>\n<meta name=\"description\" content=\"discos de freno racing track rally tandas frenada perforados rayados Discos de freno Delanteros Ebc Racing Ford Mustang GT 5.0 (Brembo) 380x34mm\" \/>\n<meta name=\"robots\" content=\"index, follow, max-snippet:-1, max-image-preview:large, max-video-preview:-1\" \/>\n<link rel=\"canonical\" href=\"https:\/\/stratocars.com\/tienda\/comprar\/discos-de-freno-delanteros-ebc-racing-ford-mustang-gt-5-0-brembo-380x34mm\/\" \/>\n<meta property=\"og:locale\" content=\"es_ES\" \/>\n<meta property=\"og:type\" content=\"article\" \/>\n<meta property=\"og:title\" content=\"Discos freno Delanteros Ebc Racing Mustang GT 5.0 (Brembo)\" \/>\n<meta property=\"og:description\" content=\"discos de freno racing track rally tandas frenada perforados rayados Discos de freno Delanteros Ebc Racing Ford Mustang GT 5.0 (Brembo) 380x34mm\" \/>\n<meta property=\"og:url\" content=\"https:\/\/stratocars.com\/tienda\/comprar\/discos-de-freno-delanteros-ebc-racing-ford-mustang-gt-5-0-brembo-380x34mm\/\" \/>\n<meta property=\"og:site_name\" content=\"STRATOCARS | Veh\u00edculos de Importaci\u00f3n y Recambios\" \/>\n<meta property=\"article:modified_time\" content=\"2023-04-14T07:23:14+00:00\" \/>\n<meta property=\"og:image\" content=\"https:\/\/stratocars.com\/tienda\/wp-content\/uploads\/2023\/04\/EBC-RACING.jpg\" \/>\n\t<meta property=\"og:image:width\" content=\"750\" \/>\n\t<meta property=\"og:image:height\" content=\"750\" \/>\n\t<meta property=\"og:image:type\" content=\"image\/jpeg\" \/>\n<meta name=\"twitter:card\" content=\"summary_large_image\" \/>\n<meta name=\"twitter:label1\" content=\"Tiempo de lectura\" \/>\n\t<meta name=\"twitter:data1\" content=\"1 minuto\" \/>\n<script type=\"application\/ld+json\" class=\"yoast-schema-graph\">{\"@context\":\"https:\/\/schema.org\",\"@graph\":[{\"@type\":\"WebPage\",\"@id\":\"https:\/\/stratocars.com\/tienda\/comprar\/discos-de-freno-delanteros-ebc-racing-ford-mustang-gt-5-0-brembo-380x34mm\/\",\"url\":\"https:\/\/stratocars.com\/tienda\/comprar\/discos-de-freno-delanteros-ebc-racing-ford-mustang-gt-5-0-brembo-380x34mm\/\",\"name\":\"Discos freno Delanteros Ebc Racing Mustang GT 5.0 (Brembo)\",\"isPartOf\":{\"@id\":\"https:\/\/stratocars.com\/tienda\/#website\"},\"primaryImageOfPage\":{\"@id\":\"https:\/\/stratocars.com\/tienda\/comprar\/discos-de-freno-delanteros-ebc-racing-ford-mustang-gt-5-0-brembo-380x34mm\/#primaryimage\"},\"image\":{\"@id\":\"https:\/\/stratocars.com\/tienda\/comprar\/discos-de-freno-delanteros-ebc-racing-ford-mustang-gt-5-0-brembo-380x34mm\/#primaryimage\"},\"thumbnailUrl\":\"https:\/\/stratocars.com\/tienda\/wp-content\/uploads\/2023\/04\/EBC-RACING.jpg\",\"datePublished\":\"2023-04-14T07:21:07+00:00\",\"dateModified\":\"2023-04-14T07:23:14+00:00\",\"description\":\"discos de freno racing track rally tandas frenada perforados rayados Discos de freno Delanteros Ebc Racing Ford Mustang GT 5.0 (Brembo) 380x34mm\",\"breadcrumb\":{\"@id\":\"https:\/\/stratocars.com\/tienda\/comprar\/discos-de-freno-delanteros-ebc-racing-ford-mustang-gt-5-0-brembo-380x34mm\/#breadcrumb\"},\"inLanguage\":\"es\",\"potentialAction\":[{\"@type\":\"ReadAction\",\"target\":[\"https:\/\/stratocars.com\/tienda\/comprar\/discos-de-freno-delanteros-ebc-racing-ford-mustang-gt-5-0-brembo-380x34mm\/\"]}]},{\"@type\":\"ImageObject\",\"inLanguage\":\"es\",\"@id\":\"https:\/\/stratocars.com\/tienda\/comprar\/discos-de-freno-delanteros-ebc-racing-ford-mustang-gt-5-0-brembo-380x34mm\/#primaryimage\",\"url\":\"https:\/\/stratocars.com\/tienda\/wp-content\/uploads\/2023\/04\/EBC-RACING.jpg\",\"contentUrl\":\"https:\/\/stratocars.com\/tienda\/wp-content\/uploads\/2023\/04\/EBC-RACING.jpg\",\"width\":750,\"height\":750},{\"@type\":\"BreadcrumbList\",\"@id\":\"https:\/\/stratocars.com\/tienda\/comprar\/discos-de-freno-delanteros-ebc-racing-ford-mustang-gt-5-0-brembo-380x34mm\/#breadcrumb\",\"itemListElement\":[{\"@type\":\"ListItem\",\"position\":1,\"name\":\"Portada\",\"item\":\"https:\/\/stratocars.com\/tienda\/\"},{\"@type\":\"ListItem\",\"position\":2,\"name\":\"Parts\",\"item\":\"https:\/\/stratocars.com\/tienda\/parts\/\"},{\"@type\":\"ListItem\",\"position\":3,\"name\":\"Discos de freno Delanteros Ebc Racing Ford Mustang GT 5.0 (Brembo) 380x34mm\"}]},{\"@type\":\"WebSite\",\"@id\":\"https:\/\/stratocars.com\/tienda\/#website\",\"url\":\"https:\/\/stratocars.com\/tienda\/\",\"name\":\"STRATOCARS | Veh\u00edculos de Importaci\u00f3n y Recambios\",\"description\":\"Veh\u00edculos de Importaci\u00f3n y Recambios al mejor precio\",\"publisher\":{\"@id\":\"https:\/\/stratocars.com\/tienda\/#organization\"},\"potentialAction\":[{\"@type\":\"SearchAction\",\"target\":{\"@type\":\"EntryPoint\",\"urlTemplate\":\"https:\/\/stratocars.com\/tienda\/?s={search_term_string}\"},\"query-input\":{\"@type\":\"PropertyValueSpecification\",\"valueRequired\":true,\"valueName\":\"search_term_string\"}}],\"inLanguage\":\"es\"},{\"@type\":\"Organization\",\"@id\":\"https:\/\/stratocars.com\/tienda\/#organization\",\"name\":\"StratoCars\",\"url\":\"https:\/\/stratocars.com\/tienda\/\",\"logo\":{\"@type\":\"ImageObject\",\"inLanguage\":\"es\",\"@id\":\"https:\/\/stratocars.com\/tienda\/#\/schema\/logo\/image\/\",\"url\":\"https:\/\/stratocars.com\/tienda\/wp-content\/uploads\/2022\/09\/web-logo-strato-cars.png\",\"contentUrl\":\"https:\/\/stratocars.com\/tienda\/wp-content\/uploads\/2022\/09\/web-logo-strato-cars.png\",\"width\":345,\"height\":113,\"caption\":\"StratoCars\"},\"image\":{\"@id\":\"https:\/\/stratocars.com\/tienda\/#\/schema\/logo\/image\/\"}}]}<\/script>\n<!-- \/ Yoast SEO plugin. -->","yoast_head_json":{"title":"Discos freno Delanteros Ebc Racing Mustang GT 5.0 (Brembo)","description":"discos de freno racing track rally tandas frenada perforados rayados Discos de freno Delanteros Ebc Racing Ford Mustang GT 5.0 (Brembo) 380x34mm","robots":{"index":"index","follow":"follow","max-snippet":"max-snippet:-1","max-image-preview":"max-image-preview:large","max-video-preview":"max-video-preview:-1"},"canonical":"https:\/\/stratocars.com\/tienda\/comprar\/discos-de-freno-delanteros-ebc-racing-ford-mustang-gt-5-0-brembo-380x34mm\/","og_locale":"es_ES","og_type":"article","og_title":"Discos freno Delanteros Ebc Racing Mustang GT 5.0 (Brembo)","og_description":"discos de freno racing track rally tandas frenada perforados rayados Discos de freno Delanteros Ebc Racing Ford Mustang GT 5.0 (Brembo) 380x34mm","og_url":"https:\/\/stratocars.com\/tienda\/comprar\/discos-de-freno-delanteros-ebc-racing-ford-mustang-gt-5-0-brembo-380x34mm\/","og_site_name":"STRATOCARS | Veh\u00edculos de Importaci\u00f3n y Recambios","article_modified_time":"2023-04-14T07:23:14+00:00","og_image":[{"width":750,"height":750,"url":"https:\/\/stratocars.com\/tienda\/wp-content\/uploads\/2023\/04\/EBC-RACING.jpg","type":"image\/jpeg"}],"twitter_card":"summary_large_image","twitter_misc":{"Tiempo de lectura":"1 minuto"},"schema":{"@context":"https:\/\/schema.org","@graph":[{"@type":"WebPage","@id":"https:\/\/stratocars.com\/tienda\/comprar\/discos-de-freno-delanteros-ebc-racing-ford-mustang-gt-5-0-brembo-380x34mm\/","url":"https:\/\/stratocars.com\/tienda\/comprar\/discos-de-freno-delanteros-ebc-racing-ford-mustang-gt-5-0-brembo-380x34mm\/","name":"Discos freno Delanteros Ebc Racing Mustang GT 5.0 (Brembo)","isPartOf":{"@id":"https:\/\/stratocars.com\/tienda\/#website"},"primaryImageOfPage":{"@id":"https:\/\/stratocars.com\/tienda\/comprar\/discos-de-freno-delanteros-ebc-racing-ford-mustang-gt-5-0-brembo-380x34mm\/#primaryimage"},"image":{"@id":"https:\/\/stratocars.com\/tienda\/comprar\/discos-de-freno-delanteros-ebc-racing-ford-mustang-gt-5-0-brembo-380x34mm\/#primaryimage"},"thumbnailUrl":"https:\/\/stratocars.com\/tienda\/wp-content\/uploads\/2023\/04\/EBC-RACING.jpg","datePublished":"2023-04-14T07:21:07+00:00","dateModified":"2023-04-14T07:23:14+00:00","description":"discos de freno racing track rally tandas frenada perforados rayados Discos de freno Delanteros Ebc Racing Ford Mustang GT 5.0 (Brembo) 380x34mm","breadcrumb":{"@id":"https:\/\/stratocars.com\/tienda\/comprar\/discos-de-freno-delanteros-ebc-racing-ford-mustang-gt-5-0-brembo-380x34mm\/#breadcrumb"},"inLanguage":"es","potentialAction":[{"@type":"ReadAction","target":["https:\/\/stratocars.com\/tienda\/comprar\/discos-de-freno-delanteros-ebc-racing-ford-mustang-gt-5-0-brembo-380x34mm\/"]}]},{"@type":"ImageObject","inLanguage":"es","@id":"https:\/\/stratocars.com\/tienda\/comprar\/discos-de-freno-delanteros-ebc-racing-ford-mustang-gt-5-0-brembo-380x34mm\/#primaryimage","url":"https:\/\/stratocars.com\/tienda\/wp-content\/uploads\/2023\/04\/EBC-RACING.jpg","contentUrl":"https:\/\/stratocars.com\/tienda\/wp-content\/uploads\/2023\/04\/EBC-RACING.jpg","width":750,"height":750},{"@type":"BreadcrumbList","@id":"https:\/\/stratocars.com\/tienda\/comprar\/discos-de-freno-delanteros-ebc-racing-ford-mustang-gt-5-0-brembo-380x34mm\/#breadcrumb","itemListElement":[{"@type":"ListItem","position":1,"name":"Portada","item":"https:\/\/stratocars.com\/tienda\/"},{"@type":"ListItem","position":2,"name":"Parts","item":"https:\/\/stratocars.com\/tienda\/parts\/"},{"@type":"ListItem","position":3,"name":"Discos de freno Delanteros Ebc Racing Ford Mustang GT 5.0 (Brembo) 380x34mm"}]},{"@type":"WebSite","@id":"https:\/\/stratocars.com\/tienda\/#website","url":"https:\/\/stratocars.com\/tienda\/","name":"STRATOCARS | Veh\u00edculos de Importaci\u00f3n y Recambios","description":"Veh\u00edculos de Importaci\u00f3n y Recambios al mejor precio","publisher":{"@id":"https:\/\/stratocars.com\/tienda\/#organization"},"potentialAction":[{"@type":"SearchAction","target":{"@type":"EntryPoint","urlTemplate":"https:\/\/stratocars.com\/tienda\/?s={search_term_string}"},"query-input":{"@type":"PropertyValueSpecification","valueRequired":true,"valueName":"search_term_string"}}],"inLanguage":"es"},{"@type":"Organization","@id":"https:\/\/stratocars.com\/tienda\/#organization","name":"StratoCars","url":"https:\/\/stratocars.com\/tienda\/","logo":{"@type":"ImageObject","inLanguage":"es","@id":"https:\/\/stratocars.com\/tienda\/#\/schema\/logo\/image\/","url":"https:\/\/stratocars.com\/tienda\/wp-content\/uploads\/2022\/09\/web-logo-strato-cars.png","contentUrl":"https:\/\/stratocars.com\/tienda\/wp-content\/uploads\/2022\/09\/web-logo-strato-cars.png","width":345,"height":113,"caption":"StratoCars"},"image":{"@id":"https:\/\/stratocars.com\/tienda\/#\/schema\/logo\/image\/"}}]}},"_links":{"self":[{"href":"https:\/\/stratocars.com\/tienda\/wp-json\/wp\/v2\/product\/3530"}],"collection":[{"href":"https:\/\/stratocars.com\/tienda\/wp-json\/wp\/v2\/product"}],"about":[{"href":"https:\/\/stratocars.com\/tienda\/wp-json\/wp\/v2\/types\/product"}],"wp:featuredmedia":[{"embeddable":true,"href":"https:\/\/stratocars.com\/tienda\/wp-json\/wp\/v2\/media\/3429"}],"wp:attachment":[{"href":"https:\/\/stratocars.com\/tienda\/wp-json\/wp\/v2\/media?parent=3530"}],"wp:term":[{"taxonomy":"make_fuel_type","embeddable":true,"href":"https:\/\/stratocars.com\/tienda\/wp-json\/wp\/v2\/make_fuel_type?post=3530"},{"taxonomy":"make_model","embeddable":true,"href":"https:\/\/stratocars.com\/tienda\/wp-json\/wp\/v2\/make_model?post=3530"},{"taxonomy":"make_brand","embeddable":true,"href":"https:\/\/stratocars.com\/tienda\/wp-json\/wp\/v2\/make_brand?post=3530"},{"taxonomy":"make_year","embeddable":true,"href":"https:\/\/stratocars.com\/tienda\/wp-json\/wp\/v2\/make_year?post=3530"},{"taxonomy":"product_cat","embeddable":true,"href":"https:\/\/stratocars.com\/tienda\/wp-json\/wp\/v2\/product_cat?post=3530"},{"taxonomy":"product_tag","embeddable":true,"href":"https:\/\/stratocars.com\/tienda\/wp-json\/wp\/v2\/product_tag?post=3530"}],"curies":[{"name":"wp","href":"https:\/\/api.w.org\/{rel}","templated":true}]}}