{"id":3669,"date":"2023-04-19T10:36:51","date_gmt":"2023-04-19T10:36:51","guid":{"rendered":"https:\/\/stratocars.com\/tienda\/?post_type=product&#038;p=3669"},"modified":"2023-04-19T10:51:14","modified_gmt":"2023-04-19T10:51:14","slug":"llantas-autec-clubracing-plata","status":"publish","type":"product","link":"https:\/\/stratocars.com\/tienda\/comprar\/llantas-autec-clubracing-plata\/","title":{"rendered":"Llantas Autec ClubRacing Plata"},"content":{"rendered":"<p>Llantas Autec ClubRacing Plata<\/p>\n<p>Medidas disponibles:<\/p>\n<p><strong>17 Pulgadas<\/strong><br \/>\n 4&#215;98 17&#215;7,5j et30, 4&#215;100 17&#215;7,5j et25-38, 4&#215;108 17&#215;7,5j et20-38, 5&#215;100 17&#215;7,5j et35, 5&#215;108 17&#215;7,5j et40, 5&#215;110 17&#215;7,5j et33,<br \/>\n 5&#215;112 17&#215;7,5j et35, 5&#215;112 17&#215;7,5j et43, 5&#215;114,3 17&#215;7,5j et40, 5&#215;120 17&#215;7,5j et30, 5&#215;120 17&#215;7,5j et43.<\/p>\n<p><strong>18 Pulgadas<\/strong><br \/>\n 5&#215;100 18&#215;8,5j et35, 5&#215;108 18&#215;8,5j et45, 5&#215;112 18&#215;8,5j et35, 5&#215;112 18&#215;8,5j et46,<br \/>\n 5&#215;114,3 18&#215;8,5j et38,  5&#215;114,3 18&#215;8,5j et45,  5&#215;120 18&#215;8,5j et30, 5&#215;120 18&#215;8,5j et42, 5&#215;120 18&#215;8,5j et46,<\/p>\n<p><strong>19 pulgadas<\/strong><br \/>\n 5&#215;100 19&#215;8,5j et30, 5&#215;112 19&#215;8,5j et30,  5&#215;112 19&#215;8,5j et40,  5&#215;112 19&#215;8,5j et45,  5&#215;114,3 19&#215;8,5j et45, 5&#215;108 19&#215;8,5j et45,<br \/>\n 5&#215;120 19&#215;8,5j et35, 5&#215;120 19&#215;8,5j et42.<\/p>\n<p><strong> Peso desde 7,8 kg<\/strong><\/p>\n","protected":false},"excerpt":{"rendered":"<p>Llantas Autec ClubRacing. Juego de 4 llantas.<\/p>\n","protected":false},"featured_media":3570,"template":"","meta":[],"make_fuel_type":[],"make_model":[],"make_brand":[],"make_year":[],"product_cat":[49,68,130],"product_tag":[874],"class_list":{"0":"post-3669","1":"product","2":"type-product","3":"status-publish","4":"has-post-thumbnail","6":"product_cat-chasis","7":"product_cat-exterior","8":"product_cat-llantas","9":"product_tag-entrega-1-7-dias","11":"first","12":"instock","13":"sale","14":"sold-individually","15":"taxable","16":"shipping-taxable","17":"purchasable","18":"product-type-variable"},"exclude_global_add_ons":[],"addons":[],"yoast_head":"<!-- This site is optimized with the Yoast SEO plugin v23.4 - https:\/\/yoast.com\/wordpress\/plugins\/seo\/ -->\n<title>Llantas Autec ClubRacing Negro<\/title>\n<meta name=\"description\" content=\"Llantas Autec ClubRacing Plata gris 17&quot; 18&quot; 19&quot; 5x100 5x108 5x114,3 5x120 5x112 track tandas wheels rims racing ligeras circuito trackcar tracktool\" \/>\n<meta name=\"robots\" content=\"index, follow, max-snippet:-1, max-image-preview:large, max-video-preview:-1\" \/>\n<link rel=\"canonical\" href=\"https:\/\/stratocars.com\/tienda\/comprar\/llantas-autec-clubracing-plata\/\" \/>\n<meta property=\"og:locale\" content=\"es_ES\" \/>\n<meta property=\"og:type\" content=\"article\" \/>\n<meta property=\"og:title\" content=\"Llantas Autec ClubRacing Negro\" \/>\n<meta property=\"og:description\" content=\"Llantas Autec ClubRacing Plata gris 17&quot; 18&quot; 19&quot; 5x100 5x108 5x114,3 5x120 5x112 track tandas wheels rims racing ligeras circuito trackcar tracktool\" \/>\n<meta property=\"og:url\" content=\"https:\/\/stratocars.com\/tienda\/comprar\/llantas-autec-clubracing-plata\/\" \/>\n<meta property=\"og:site_name\" content=\"STRATOCARS | Veh\u00edculos de Importaci\u00f3n y Recambios\" \/>\n<meta property=\"article:modified_time\" content=\"2023-04-19T10:51:14+00:00\" \/>\n<meta property=\"og:image\" content=\"https:\/\/stratocars.com\/tienda\/wp-content\/uploads\/2023\/04\/clubsport-plata-stratocars-5.jpg\" \/>\n\t<meta property=\"og:image:width\" content=\"750\" \/>\n\t<meta property=\"og:image:height\" content=\"750\" \/>\n\t<meta property=\"og:image:type\" content=\"image\/jpeg\" \/>\n<meta name=\"twitter:card\" content=\"summary_large_image\" \/>\n<meta name=\"twitter:label1\" content=\"Tiempo de lectura\" \/>\n\t<meta name=\"twitter:data1\" content=\"1 minuto\" \/>\n<script type=\"application\/ld+json\" class=\"yoast-schema-graph\">{\"@context\":\"https:\/\/schema.org\",\"@graph\":[{\"@type\":\"WebPage\",\"@id\":\"https:\/\/stratocars.com\/tienda\/comprar\/llantas-autec-clubracing-plata\/\",\"url\":\"https:\/\/stratocars.com\/tienda\/comprar\/llantas-autec-clubracing-plata\/\",\"name\":\"Llantas Autec ClubRacing Negro\",\"isPartOf\":{\"@id\":\"https:\/\/stratocars.com\/tienda\/#website\"},\"primaryImageOfPage\":{\"@id\":\"https:\/\/stratocars.com\/tienda\/comprar\/llantas-autec-clubracing-plata\/#primaryimage\"},\"image\":{\"@id\":\"https:\/\/stratocars.com\/tienda\/comprar\/llantas-autec-clubracing-plata\/#primaryimage\"},\"thumbnailUrl\":\"https:\/\/stratocars.com\/tienda\/wp-content\/uploads\/2023\/04\/clubsport-plata-stratocars-5.jpg\",\"datePublished\":\"2023-04-19T10:36:51+00:00\",\"dateModified\":\"2023-04-19T10:51:14+00:00\",\"description\":\"Llantas Autec ClubRacing Plata gris 17\\\" 18\\\" 19\\\" 5x100 5x108 5x114,3 5x120 5x112 track tandas wheels rims racing ligeras circuito trackcar tracktool\",\"breadcrumb\":{\"@id\":\"https:\/\/stratocars.com\/tienda\/comprar\/llantas-autec-clubracing-plata\/#breadcrumb\"},\"inLanguage\":\"es\",\"potentialAction\":[{\"@type\":\"ReadAction\",\"target\":[\"https:\/\/stratocars.com\/tienda\/comprar\/llantas-autec-clubracing-plata\/\"]}]},{\"@type\":\"ImageObject\",\"inLanguage\":\"es\",\"@id\":\"https:\/\/stratocars.com\/tienda\/comprar\/llantas-autec-clubracing-plata\/#primaryimage\",\"url\":\"https:\/\/stratocars.com\/tienda\/wp-content\/uploads\/2023\/04\/clubsport-plata-stratocars-5.jpg\",\"contentUrl\":\"https:\/\/stratocars.com\/tienda\/wp-content\/uploads\/2023\/04\/clubsport-plata-stratocars-5.jpg\",\"width\":750,\"height\":750},{\"@type\":\"BreadcrumbList\",\"@id\":\"https:\/\/stratocars.com\/tienda\/comprar\/llantas-autec-clubracing-plata\/#breadcrumb\",\"itemListElement\":[{\"@type\":\"ListItem\",\"position\":1,\"name\":\"Portada\",\"item\":\"https:\/\/stratocars.com\/tienda\/\"},{\"@type\":\"ListItem\",\"position\":2,\"name\":\"Parts\",\"item\":\"https:\/\/stratocars.com\/tienda\/parts\/\"},{\"@type\":\"ListItem\",\"position\":3,\"name\":\"Llantas Autec ClubRacing Plata\"}]},{\"@type\":\"WebSite\",\"@id\":\"https:\/\/stratocars.com\/tienda\/#website\",\"url\":\"https:\/\/stratocars.com\/tienda\/\",\"name\":\"STRATOCARS | Veh\u00edculos de Importaci\u00f3n y Recambios\",\"description\":\"Veh\u00edculos de Importaci\u00f3n y Recambios al mejor precio\",\"publisher\":{\"@id\":\"https:\/\/stratocars.com\/tienda\/#organization\"},\"potentialAction\":[{\"@type\":\"SearchAction\",\"target\":{\"@type\":\"EntryPoint\",\"urlTemplate\":\"https:\/\/stratocars.com\/tienda\/?s={search_term_string}\"},\"query-input\":{\"@type\":\"PropertyValueSpecification\",\"valueRequired\":true,\"valueName\":\"search_term_string\"}}],\"inLanguage\":\"es\"},{\"@type\":\"Organization\",\"@id\":\"https:\/\/stratocars.com\/tienda\/#organization\",\"name\":\"StratoCars\",\"url\":\"https:\/\/stratocars.com\/tienda\/\",\"logo\":{\"@type\":\"ImageObject\",\"inLanguage\":\"es\",\"@id\":\"https:\/\/stratocars.com\/tienda\/#\/schema\/logo\/image\/\",\"url\":\"https:\/\/stratocars.com\/tienda\/wp-content\/uploads\/2022\/09\/web-logo-strato-cars.png\",\"contentUrl\":\"https:\/\/stratocars.com\/tienda\/wp-content\/uploads\/2022\/09\/web-logo-strato-cars.png\",\"width\":345,\"height\":113,\"caption\":\"StratoCars\"},\"image\":{\"@id\":\"https:\/\/stratocars.com\/tienda\/#\/schema\/logo\/image\/\"}}]}<\/script>\n<!-- \/ Yoast SEO plugin. -->","yoast_head_json":{"title":"Llantas Autec ClubRacing Negro","description":"Llantas Autec ClubRacing Plata gris 17\" 18\" 19\" 5x100 5x108 5x114,3 5x120 5x112 track tandas wheels rims racing ligeras circuito trackcar tracktool","robots":{"index":"index","follow":"follow","max-snippet":"max-snippet:-1","max-image-preview":"max-image-preview:large","max-video-preview":"max-video-preview:-1"},"canonical":"https:\/\/stratocars.com\/tienda\/comprar\/llantas-autec-clubracing-plata\/","og_locale":"es_ES","og_type":"article","og_title":"Llantas Autec ClubRacing Negro","og_description":"Llantas Autec ClubRacing Plata gris 17\" 18\" 19\" 5x100 5x108 5x114,3 5x120 5x112 track tandas wheels rims racing ligeras circuito trackcar tracktool","og_url":"https:\/\/stratocars.com\/tienda\/comprar\/llantas-autec-clubracing-plata\/","og_site_name":"STRATOCARS | Veh\u00edculos de Importaci\u00f3n y Recambios","article_modified_time":"2023-04-19T10:51:14+00:00","og_image":[{"width":750,"height":750,"url":"https:\/\/stratocars.com\/tienda\/wp-content\/uploads\/2023\/04\/clubsport-plata-stratocars-5.jpg","type":"image\/jpeg"}],"twitter_card":"summary_large_image","twitter_misc":{"Tiempo de lectura":"1 minuto"},"schema":{"@context":"https:\/\/schema.org","@graph":[{"@type":"WebPage","@id":"https:\/\/stratocars.com\/tienda\/comprar\/llantas-autec-clubracing-plata\/","url":"https:\/\/stratocars.com\/tienda\/comprar\/llantas-autec-clubracing-plata\/","name":"Llantas Autec ClubRacing Negro","isPartOf":{"@id":"https:\/\/stratocars.com\/tienda\/#website"},"primaryImageOfPage":{"@id":"https:\/\/stratocars.com\/tienda\/comprar\/llantas-autec-clubracing-plata\/#primaryimage"},"image":{"@id":"https:\/\/stratocars.com\/tienda\/comprar\/llantas-autec-clubracing-plata\/#primaryimage"},"thumbnailUrl":"https:\/\/stratocars.com\/tienda\/wp-content\/uploads\/2023\/04\/clubsport-plata-stratocars-5.jpg","datePublished":"2023-04-19T10:36:51+00:00","dateModified":"2023-04-19T10:51:14+00:00","description":"Llantas Autec ClubRacing Plata gris 17\" 18\" 19\" 5x100 5x108 5x114,3 5x120 5x112 track tandas wheels rims racing ligeras circuito trackcar tracktool","breadcrumb":{"@id":"https:\/\/stratocars.com\/tienda\/comprar\/llantas-autec-clubracing-plata\/#breadcrumb"},"inLanguage":"es","potentialAction":[{"@type":"ReadAction","target":["https:\/\/stratocars.com\/tienda\/comprar\/llantas-autec-clubracing-plata\/"]}]},{"@type":"ImageObject","inLanguage":"es","@id":"https:\/\/stratocars.com\/tienda\/comprar\/llantas-autec-clubracing-plata\/#primaryimage","url":"https:\/\/stratocars.com\/tienda\/wp-content\/uploads\/2023\/04\/clubsport-plata-stratocars-5.jpg","contentUrl":"https:\/\/stratocars.com\/tienda\/wp-content\/uploads\/2023\/04\/clubsport-plata-stratocars-5.jpg","width":750,"height":750},{"@type":"BreadcrumbList","@id":"https:\/\/stratocars.com\/tienda\/comprar\/llantas-autec-clubracing-plata\/#breadcrumb","itemListElement":[{"@type":"ListItem","position":1,"name":"Portada","item":"https:\/\/stratocars.com\/tienda\/"},{"@type":"ListItem","position":2,"name":"Parts","item":"https:\/\/stratocars.com\/tienda\/parts\/"},{"@type":"ListItem","position":3,"name":"Llantas Autec ClubRacing Plata"}]},{"@type":"WebSite","@id":"https:\/\/stratocars.com\/tienda\/#website","url":"https:\/\/stratocars.com\/tienda\/","name":"STRATOCARS | Veh\u00edculos de Importaci\u00f3n y Recambios","description":"Veh\u00edculos de Importaci\u00f3n y Recambios al mejor precio","publisher":{"@id":"https:\/\/stratocars.com\/tienda\/#organization"},"potentialAction":[{"@type":"SearchAction","target":{"@type":"EntryPoint","urlTemplate":"https:\/\/stratocars.com\/tienda\/?s={search_term_string}"},"query-input":{"@type":"PropertyValueSpecification","valueRequired":true,"valueName":"search_term_string"}}],"inLanguage":"es"},{"@type":"Organization","@id":"https:\/\/stratocars.com\/tienda\/#organization","name":"StratoCars","url":"https:\/\/stratocars.com\/tienda\/","logo":{"@type":"ImageObject","inLanguage":"es","@id":"https:\/\/stratocars.com\/tienda\/#\/schema\/logo\/image\/","url":"https:\/\/stratocars.com\/tienda\/wp-content\/uploads\/2022\/09\/web-logo-strato-cars.png","contentUrl":"https:\/\/stratocars.com\/tienda\/wp-content\/uploads\/2022\/09\/web-logo-strato-cars.png","width":345,"height":113,"caption":"StratoCars"},"image":{"@id":"https:\/\/stratocars.com\/tienda\/#\/schema\/logo\/image\/"}}]}},"_links":{"self":[{"href":"https:\/\/stratocars.com\/tienda\/wp-json\/wp\/v2\/product\/3669"}],"collection":[{"href":"https:\/\/stratocars.com\/tienda\/wp-json\/wp\/v2\/product"}],"about":[{"href":"https:\/\/stratocars.com\/tienda\/wp-json\/wp\/v2\/types\/product"}],"wp:featuredmedia":[{"embeddable":true,"href":"https:\/\/stratocars.com\/tienda\/wp-json\/wp\/v2\/media\/3570"}],"wp:attachment":[{"href":"https:\/\/stratocars.com\/tienda\/wp-json\/wp\/v2\/media?parent=3669"}],"wp:term":[{"taxonomy":"make_fuel_type","embeddable":true,"href":"https:\/\/stratocars.com\/tienda\/wp-json\/wp\/v2\/make_fuel_type?post=3669"},{"taxonomy":"make_model","embeddable":true,"href":"https:\/\/stratocars.com\/tienda\/wp-json\/wp\/v2\/make_model?post=3669"},{"taxonomy":"make_brand","embeddable":true,"href":"https:\/\/stratocars.com\/tienda\/wp-json\/wp\/v2\/make_brand?post=3669"},{"taxonomy":"make_year","embeddable":true,"href":"https:\/\/stratocars.com\/tienda\/wp-json\/wp\/v2\/make_year?post=3669"},{"taxonomy":"product_cat","embeddable":true,"href":"https:\/\/stratocars.com\/tienda\/wp-json\/wp\/v2\/product_cat?post=3669"},{"taxonomy":"product_tag","embeddable":true,"href":"https:\/\/stratocars.com\/tienda\/wp-json\/wp\/v2\/product_tag?post=3669"}],"curies":[{"name":"wp","href":"https:\/\/api.w.org\/{rel}","templated":true}]}}