{"id":3899,"date":"2023-05-17T15:24:05","date_gmt":"2023-05-17T15:24:05","guid":{"rendered":"https:\/\/stratocars.com\/tienda\/?post_type=product&#038;p=3899"},"modified":"2023-05-17T16:57:20","modified_gmt":"2023-05-17T16:57:20","slug":"pagid-rsl1-rsl29-bmw-m3-m4-m5-m6-discos-acero","status":"publish","type":"product","link":"https:\/\/stratocars.com\/tienda\/comprar\/pagid-rsl1-rsl29-bmw-m3-m4-m5-m6-discos-acero\/","title":{"rendered":"Pagid Rsl1 Rsl29 Bmw M3 M4 M5 M6 (Discos Acero)"},"content":{"rendered":"<p>Pagid Rsl1 Rsl29 Bmw M3 M4 M5 M6 (Discos Acero) <\/p>\n<p><strong>Veh\u00edculos compatibles:<\/strong><\/p>\n<p>BMW\tM3 [G80] 21+<br \/>\nBMW\tM4 [G82] 21+<br \/>\nBMW\tM5 [F10] 11 &#8211; 16<br \/>\nBMW\tM6 [F13] 12+<\/p>\n<p><strong>RSL 1E y RSL 1<\/strong> son materiales aglomerados con resina de bajo contenido met\u00e1lico que contienen acero y fibras de aramida con una resistencia t\u00e9rmica muy alta. Mantienen un nivel de fricci\u00f3n constante en un amplio rango de temperaturas. Su tasa de desgaste es reducida y su compatibilidad con los discos hacen que estos materiales sean apropiados para las carreras de resistencia. RSL 1E se mejora a\u00fan m\u00e1s en t\u00e9rminos de modulaci\u00f3n y vida \u00fatil de la pastilla, as\u00ed como en la estabilidad de la fricci\u00f3n a altas temperaturas y la vida \u00fatil de la pastilla. Como beneficio, RSL 1E proporciona la tasa de desgaste de pastillas m\u00e1s baja en la cartera de PAGID Racing para aplicaciones de alta carga t\u00e9rmica.<\/p>\n<p><strong>RSL 29<\/strong> presenta muy buenas caracter\u00edsticas de modulaci\u00f3n y liberaci\u00f3n. Es un material aglomerado de resina de bajo contenido met\u00e1lico que contiene acero y fibras de aramida. El nivel de fricci\u00f3n del material se mantiene constante en un nivel bajo-medio. Otra ventaja es el lecho f\u00e1cil en el comportamiento.<\/p>\n","protected":false},"excerpt":{"rendered":"<p>Pagid Rsl1 Rsl29 Bmw M3 M4 M5 M6 (Discos Acero) <\/p>\n","protected":false},"featured_media":2708,"template":"","meta":[],"make_fuel_type":[],"make_model":[611,612,812,758],"make_brand":[65],"make_year":[177,178,179,180,181,182,183,184,185,186,187,481],"product_cat":[49,111,116],"product_tag":[],"class_list":{"0":"post-3899","1":"product","2":"type-product","3":"status-publish","4":"has-post-thumbnail","6":"make_engine-s58","7":"make_engine-s63","8":"make_model-m3-g80","9":"make_model-m4-g82","10":"make_model-m5-f10","11":"make_model-m6-f12-13","12":"make_brand-bmw","13":"make_year-177","14":"make_year-178","15":"make_year-179","16":"make_year-180","17":"make_year-181","18":"make_year-182","19":"make_year-183","20":"make_year-184","21":"make_year-185","22":"make_year-186","23":"make_year-187","24":"make_year-481","25":"product_cat-chasis","26":"product_cat-frenada","27":"product_cat-pastillas-de-freno","29":"first","30":"instock","31":"sale","32":"taxable","33":"shipping-taxable","34":"purchasable","35":"product-type-variable"},"exclude_global_add_ons":[],"addons":[],"yoast_head":"<!-- This site is optimized with the Yoast SEO plugin v23.4 - https:\/\/yoast.com\/wordpress\/plugins\/seo\/ -->\n<title>Pagid Rsl1 Rsl29 Bmw M3 M4 M5 M6 (Discos Acero)<\/title>\n<meta name=\"description\" content=\"oferta pagid tandas track trackday tracktool circuito Pagid Rsl1 Rsl29 Bmw M3 M4 M5 M6 (Discos Acero) ) piezas BMW G82 G80\" \/>\n<meta name=\"robots\" content=\"index, follow, max-snippet:-1, max-image-preview:large, max-video-preview:-1\" \/>\n<link rel=\"canonical\" href=\"https:\/\/stratocars.com\/tienda\/comprar\/pagid-rsl1-rsl29-bmw-m3-m4-m5-m6-discos-acero\/\" \/>\n<meta property=\"og:locale\" content=\"es_ES\" \/>\n<meta property=\"og:type\" content=\"article\" \/>\n<meta property=\"og:title\" content=\"Pagid Rsl1 Rsl29 Bmw M3 M4 M5 M6 (Discos Acero)\" \/>\n<meta property=\"og:description\" content=\"oferta pagid tandas track trackday tracktool circuito Pagid Rsl1 Rsl29 Bmw M3 M4 M5 M6 (Discos Acero) ) piezas BMW G82 G80\" \/>\n<meta property=\"og:url\" content=\"https:\/\/stratocars.com\/tienda\/comprar\/pagid-rsl1-rsl29-bmw-m3-m4-m5-m6-discos-acero\/\" \/>\n<meta property=\"og:site_name\" content=\"STRATOCARS | Veh\u00edculos de Importaci\u00f3n y Recambios\" \/>\n<meta property=\"article:modified_time\" content=\"2023-05-17T16:57:20+00:00\" \/>\n<meta property=\"og:image\" content=\"https:\/\/stratocars.com\/tienda\/wp-content\/uploads\/2022\/12\/rsl2.jpg\" \/>\n\t<meta property=\"og:image:width\" content=\"750\" \/>\n\t<meta property=\"og:image:height\" content=\"750\" \/>\n\t<meta property=\"og:image:type\" content=\"image\/jpeg\" \/>\n<meta name=\"twitter:card\" content=\"summary_large_image\" \/>\n<meta name=\"twitter:label1\" content=\"Tiempo de lectura\" \/>\n\t<meta name=\"twitter:data1\" content=\"2 minutos\" \/>\n<script type=\"application\/ld+json\" class=\"yoast-schema-graph\">{\"@context\":\"https:\/\/schema.org\",\"@graph\":[{\"@type\":\"WebPage\",\"@id\":\"https:\/\/stratocars.com\/tienda\/comprar\/pagid-rsl1-rsl29-bmw-m3-m4-m5-m6-discos-acero\/\",\"url\":\"https:\/\/stratocars.com\/tienda\/comprar\/pagid-rsl1-rsl29-bmw-m3-m4-m5-m6-discos-acero\/\",\"name\":\"Pagid Rsl1 Rsl29 Bmw M3 M4 M5 M6 (Discos Acero)\",\"isPartOf\":{\"@id\":\"https:\/\/stratocars.com\/tienda\/#website\"},\"primaryImageOfPage\":{\"@id\":\"https:\/\/stratocars.com\/tienda\/comprar\/pagid-rsl1-rsl29-bmw-m3-m4-m5-m6-discos-acero\/#primaryimage\"},\"image\":{\"@id\":\"https:\/\/stratocars.com\/tienda\/comprar\/pagid-rsl1-rsl29-bmw-m3-m4-m5-m6-discos-acero\/#primaryimage\"},\"thumbnailUrl\":\"https:\/\/stratocars.com\/tienda\/wp-content\/uploads\/2022\/12\/rsl2.jpg\",\"datePublished\":\"2023-05-17T15:24:05+00:00\",\"dateModified\":\"2023-05-17T16:57:20+00:00\",\"description\":\"oferta pagid tandas track trackday tracktool circuito Pagid Rsl1 Rsl29 Bmw M3 M4 M5 M6 (Discos Acero) ) piezas BMW G82 G80\",\"breadcrumb\":{\"@id\":\"https:\/\/stratocars.com\/tienda\/comprar\/pagid-rsl1-rsl29-bmw-m3-m4-m5-m6-discos-acero\/#breadcrumb\"},\"inLanguage\":\"es\",\"potentialAction\":[{\"@type\":\"ReadAction\",\"target\":[\"https:\/\/stratocars.com\/tienda\/comprar\/pagid-rsl1-rsl29-bmw-m3-m4-m5-m6-discos-acero\/\"]}]},{\"@type\":\"ImageObject\",\"inLanguage\":\"es\",\"@id\":\"https:\/\/stratocars.com\/tienda\/comprar\/pagid-rsl1-rsl29-bmw-m3-m4-m5-m6-discos-acero\/#primaryimage\",\"url\":\"https:\/\/stratocars.com\/tienda\/wp-content\/uploads\/2022\/12\/rsl2.jpg\",\"contentUrl\":\"https:\/\/stratocars.com\/tienda\/wp-content\/uploads\/2022\/12\/rsl2.jpg\",\"width\":750,\"height\":750},{\"@type\":\"BreadcrumbList\",\"@id\":\"https:\/\/stratocars.com\/tienda\/comprar\/pagid-rsl1-rsl29-bmw-m3-m4-m5-m6-discos-acero\/#breadcrumb\",\"itemListElement\":[{\"@type\":\"ListItem\",\"position\":1,\"name\":\"Portada\",\"item\":\"https:\/\/stratocars.com\/tienda\/\"},{\"@type\":\"ListItem\",\"position\":2,\"name\":\"Parts\",\"item\":\"https:\/\/stratocars.com\/tienda\/parts\/\"},{\"@type\":\"ListItem\",\"position\":3,\"name\":\"Pagid Rsl1 Rsl29 Bmw M3 M4 M5 M6 (Discos Acero)\"}]},{\"@type\":\"WebSite\",\"@id\":\"https:\/\/stratocars.com\/tienda\/#website\",\"url\":\"https:\/\/stratocars.com\/tienda\/\",\"name\":\"STRATOCARS | Veh\u00edculos de Importaci\u00f3n y Recambios\",\"description\":\"Veh\u00edculos de Importaci\u00f3n y Recambios al mejor precio\",\"publisher\":{\"@id\":\"https:\/\/stratocars.com\/tienda\/#organization\"},\"potentialAction\":[{\"@type\":\"SearchAction\",\"target\":{\"@type\":\"EntryPoint\",\"urlTemplate\":\"https:\/\/stratocars.com\/tienda\/?s={search_term_string}\"},\"query-input\":{\"@type\":\"PropertyValueSpecification\",\"valueRequired\":true,\"valueName\":\"search_term_string\"}}],\"inLanguage\":\"es\"},{\"@type\":\"Organization\",\"@id\":\"https:\/\/stratocars.com\/tienda\/#organization\",\"name\":\"StratoCars\",\"url\":\"https:\/\/stratocars.com\/tienda\/\",\"logo\":{\"@type\":\"ImageObject\",\"inLanguage\":\"es\",\"@id\":\"https:\/\/stratocars.com\/tienda\/#\/schema\/logo\/image\/\",\"url\":\"https:\/\/stratocars.com\/tienda\/wp-content\/uploads\/2022\/09\/web-logo-strato-cars.png\",\"contentUrl\":\"https:\/\/stratocars.com\/tienda\/wp-content\/uploads\/2022\/09\/web-logo-strato-cars.png\",\"width\":345,\"height\":113,\"caption\":\"StratoCars\"},\"image\":{\"@id\":\"https:\/\/stratocars.com\/tienda\/#\/schema\/logo\/image\/\"}}]}<\/script>\n<!-- \/ Yoast SEO plugin. -->","yoast_head_json":{"title":"Pagid Rsl1 Rsl29 Bmw M3 M4 M5 M6 (Discos Acero)","description":"oferta pagid tandas track trackday tracktool circuito Pagid Rsl1 Rsl29 Bmw M3 M4 M5 M6 (Discos Acero) ) piezas BMW G82 G80","robots":{"index":"index","follow":"follow","max-snippet":"max-snippet:-1","max-image-preview":"max-image-preview:large","max-video-preview":"max-video-preview:-1"},"canonical":"https:\/\/stratocars.com\/tienda\/comprar\/pagid-rsl1-rsl29-bmw-m3-m4-m5-m6-discos-acero\/","og_locale":"es_ES","og_type":"article","og_title":"Pagid Rsl1 Rsl29 Bmw M3 M4 M5 M6 (Discos Acero)","og_description":"oferta pagid tandas track trackday tracktool circuito Pagid Rsl1 Rsl29 Bmw M3 M4 M5 M6 (Discos Acero) ) piezas BMW G82 G80","og_url":"https:\/\/stratocars.com\/tienda\/comprar\/pagid-rsl1-rsl29-bmw-m3-m4-m5-m6-discos-acero\/","og_site_name":"STRATOCARS | Veh\u00edculos de Importaci\u00f3n y Recambios","article_modified_time":"2023-05-17T16:57:20+00:00","og_image":[{"width":750,"height":750,"url":"https:\/\/stratocars.com\/tienda\/wp-content\/uploads\/2022\/12\/rsl2.jpg","type":"image\/jpeg"}],"twitter_card":"summary_large_image","twitter_misc":{"Tiempo de lectura":"2 minutos"},"schema":{"@context":"https:\/\/schema.org","@graph":[{"@type":"WebPage","@id":"https:\/\/stratocars.com\/tienda\/comprar\/pagid-rsl1-rsl29-bmw-m3-m4-m5-m6-discos-acero\/","url":"https:\/\/stratocars.com\/tienda\/comprar\/pagid-rsl1-rsl29-bmw-m3-m4-m5-m6-discos-acero\/","name":"Pagid Rsl1 Rsl29 Bmw M3 M4 M5 M6 (Discos Acero)","isPartOf":{"@id":"https:\/\/stratocars.com\/tienda\/#website"},"primaryImageOfPage":{"@id":"https:\/\/stratocars.com\/tienda\/comprar\/pagid-rsl1-rsl29-bmw-m3-m4-m5-m6-discos-acero\/#primaryimage"},"image":{"@id":"https:\/\/stratocars.com\/tienda\/comprar\/pagid-rsl1-rsl29-bmw-m3-m4-m5-m6-discos-acero\/#primaryimage"},"thumbnailUrl":"https:\/\/stratocars.com\/tienda\/wp-content\/uploads\/2022\/12\/rsl2.jpg","datePublished":"2023-05-17T15:24:05+00:00","dateModified":"2023-05-17T16:57:20+00:00","description":"oferta pagid tandas track trackday tracktool circuito Pagid Rsl1 Rsl29 Bmw M3 M4 M5 M6 (Discos Acero) ) piezas BMW G82 G80","breadcrumb":{"@id":"https:\/\/stratocars.com\/tienda\/comprar\/pagid-rsl1-rsl29-bmw-m3-m4-m5-m6-discos-acero\/#breadcrumb"},"inLanguage":"es","potentialAction":[{"@type":"ReadAction","target":["https:\/\/stratocars.com\/tienda\/comprar\/pagid-rsl1-rsl29-bmw-m3-m4-m5-m6-discos-acero\/"]}]},{"@type":"ImageObject","inLanguage":"es","@id":"https:\/\/stratocars.com\/tienda\/comprar\/pagid-rsl1-rsl29-bmw-m3-m4-m5-m6-discos-acero\/#primaryimage","url":"https:\/\/stratocars.com\/tienda\/wp-content\/uploads\/2022\/12\/rsl2.jpg","contentUrl":"https:\/\/stratocars.com\/tienda\/wp-content\/uploads\/2022\/12\/rsl2.jpg","width":750,"height":750},{"@type":"BreadcrumbList","@id":"https:\/\/stratocars.com\/tienda\/comprar\/pagid-rsl1-rsl29-bmw-m3-m4-m5-m6-discos-acero\/#breadcrumb","itemListElement":[{"@type":"ListItem","position":1,"name":"Portada","item":"https:\/\/stratocars.com\/tienda\/"},{"@type":"ListItem","position":2,"name":"Parts","item":"https:\/\/stratocars.com\/tienda\/parts\/"},{"@type":"ListItem","position":3,"name":"Pagid Rsl1 Rsl29 Bmw M3 M4 M5 M6 (Discos Acero)"}]},{"@type":"WebSite","@id":"https:\/\/stratocars.com\/tienda\/#website","url":"https:\/\/stratocars.com\/tienda\/","name":"STRATOCARS | Veh\u00edculos de Importaci\u00f3n y Recambios","description":"Veh\u00edculos de Importaci\u00f3n y Recambios al mejor precio","publisher":{"@id":"https:\/\/stratocars.com\/tienda\/#organization"},"potentialAction":[{"@type":"SearchAction","target":{"@type":"EntryPoint","urlTemplate":"https:\/\/stratocars.com\/tienda\/?s={search_term_string}"},"query-input":{"@type":"PropertyValueSpecification","valueRequired":true,"valueName":"search_term_string"}}],"inLanguage":"es"},{"@type":"Organization","@id":"https:\/\/stratocars.com\/tienda\/#organization","name":"StratoCars","url":"https:\/\/stratocars.com\/tienda\/","logo":{"@type":"ImageObject","inLanguage":"es","@id":"https:\/\/stratocars.com\/tienda\/#\/schema\/logo\/image\/","url":"https:\/\/stratocars.com\/tienda\/wp-content\/uploads\/2022\/09\/web-logo-strato-cars.png","contentUrl":"https:\/\/stratocars.com\/tienda\/wp-content\/uploads\/2022\/09\/web-logo-strato-cars.png","width":345,"height":113,"caption":"StratoCars"},"image":{"@id":"https:\/\/stratocars.com\/tienda\/#\/schema\/logo\/image\/"}}]}},"_links":{"self":[{"href":"https:\/\/stratocars.com\/tienda\/wp-json\/wp\/v2\/product\/3899"}],"collection":[{"href":"https:\/\/stratocars.com\/tienda\/wp-json\/wp\/v2\/product"}],"about":[{"href":"https:\/\/stratocars.com\/tienda\/wp-json\/wp\/v2\/types\/product"}],"wp:featuredmedia":[{"embeddable":true,"href":"https:\/\/stratocars.com\/tienda\/wp-json\/wp\/v2\/media\/2708"}],"wp:attachment":[{"href":"https:\/\/stratocars.com\/tienda\/wp-json\/wp\/v2\/media?parent=3899"}],"wp:term":[{"taxonomy":"make_fuel_type","embeddable":true,"href":"https:\/\/stratocars.com\/tienda\/wp-json\/wp\/v2\/make_fuel_type?post=3899"},{"taxonomy":"make_model","embeddable":true,"href":"https:\/\/stratocars.com\/tienda\/wp-json\/wp\/v2\/make_model?post=3899"},{"taxonomy":"make_brand","embeddable":true,"href":"https:\/\/stratocars.com\/tienda\/wp-json\/wp\/v2\/make_brand?post=3899"},{"taxonomy":"make_year","embeddable":true,"href":"https:\/\/stratocars.com\/tienda\/wp-json\/wp\/v2\/make_year?post=3899"},{"taxonomy":"product_cat","embeddable":true,"href":"https:\/\/stratocars.com\/tienda\/wp-json\/wp\/v2\/product_cat?post=3899"},{"taxonomy":"product_tag","embeddable":true,"href":"https:\/\/stratocars.com\/tienda\/wp-json\/wp\/v2\/product_tag?post=3899"}],"curies":[{"name":"wp","href":"https:\/\/api.w.org\/{rel}","templated":true}]}}