{"id":3909,"date":"2023-05-17T15:47:47","date_gmt":"2023-05-17T15:47:47","guid":{"rendered":"https:\/\/stratocars.com\/tienda\/?post_type=product&#038;p=3909"},"modified":"2023-05-17T15:54:40","modified_gmt":"2023-05-17T15:54:40","slug":"pagid-traseras-rsc1-rsc2-rsc3-bmw-m2-m3-m4-ceramicos","status":"publish","type":"product","link":"https:\/\/stratocars.com\/tienda\/comprar\/pagid-traseras-rsc1-rsc2-rsc3-bmw-m2-m3-m4-ceramicos\/","title":{"rendered":"Pagid Traseras RSC1 RSC2 RSC3 Bmw M2 M3 M4 (Ceramicos)"},"content":{"rendered":"<p>Pagid Traseras RSC1 RSC2 RSC3 Bmw M2 M3 M4 (Ceramicos) <\/p>\n<p><strong>Veh\u00edculos compatibles:<\/strong><\/p>\n<p>BMW M2 [F87] Competition 18+<br \/>\nBMW M3 [F80] [frenos cer\u00e1micos]<br \/>\nBMW M4 [F82] [frenos cer\u00e1micos] 14+<\/p>\n<p><strong>RSC1<\/strong> RANGO DE APLICACI\u00d3N<\/p>\n<p>Compuesto para el d\u00eda de la carrera y la pista para todos los tipos conocidos de discos de freno cer\u00e1micos.<br \/>\nDESCRIPCI\u00d3N<br \/>\nRSC 1 es un material aglomerado de resina de bajo contenido met\u00e1lico que contiene acero y fibras de aramida. Este material presenta buenas caracter\u00edsticas generales y es adecuado para todo tipo de uso<\/p>\n<p><strong>RC2<\/strong> <\/p>\n<p>Compuesto especial de carreras para discos cer\u00e1micos con alto contenido de fibras en la superficie de fricci\u00f3n para carreras de circuito de sprint y resistencia.<br \/>\nDESCRIPCI\u00d3N<br \/>\nRSC 2 es un material aglomerado de resina de bajo contenido met\u00e1lico que contiene acero y fibras de aramida. Este material est\u00e1 desarrollado espec\u00edficamente para las aplicaciones mencionadas anteriormente.<\/p>\n<p><strong>RSC3<\/strong><\/p>\n<p>Compuesto especial de carrera para discos cer\u00e1micos con bajo contenido de fibras en la superficie de fricci\u00f3n para carreras de circuito de sprint y resistencia.<br \/>\nDESCRIPCI\u00d3N<br \/>\nRSC 3 es un material aglomerado de resina de bajo contenido met\u00e1lico que contiene fibras de acero. Este material est\u00e1 desarrollado espec\u00edficamente para las aplicaciones mencionadas anteriormente.<\/p>\n","protected":false},"excerpt":{"rendered":"<p>Pagid Traseras RSC1 RSC2 RSC3 Bmw M2 M3 M4 (Ceramicos) <\/p>\n","protected":false},"featured_media":3869,"template":"","meta":[],"make_fuel_type":[],"make_model":[332,336,337],"make_brand":[65],"make_year":[179,180,181,182,183,184,185,186,187,481],"product_cat":[49,111,116],"product_tag":[],"class_list":{"0":"post-3909","1":"product","2":"type-product","3":"status-publish","4":"has-post-thumbnail","6":"make_engine-s55","7":"make_model-m2-competition","8":"make_model-m3-f80","9":"make_model-m4-f82-f83","10":"make_brand-bmw","11":"make_year-179","12":"make_year-180","13":"make_year-181","14":"make_year-182","15":"make_year-183","16":"make_year-184","17":"make_year-185","18":"make_year-186","19":"make_year-187","20":"make_year-481","21":"product_cat-chasis","22":"product_cat-frenada","23":"product_cat-pastillas-de-freno","25":"first","26":"instock","27":"sale","28":"taxable","29":"shipping-taxable","30":"purchasable","31":"product-type-variable"},"exclude_global_add_ons":[],"addons":[],"yoast_head":"<!-- This site is optimized with the Yoast SEO plugin v23.4 - https:\/\/yoast.com\/wordpress\/plugins\/seo\/ -->\n<title>Pagid Traseras RSC1 RSC2 RSC3 Bmw M2 M3 M4 (Ceramicos)<\/title>\n<meta name=\"description\" content=\"oferta pagid tandas track trackday tracktool circuito Pagid Traseras RSC1 RSC2 RSC3 Bmw M2 M3 M4 (Ceramicos) piezas bmw m parts\" \/>\n<meta name=\"robots\" content=\"index, follow, max-snippet:-1, max-image-preview:large, max-video-preview:-1\" \/>\n<link rel=\"canonical\" href=\"https:\/\/stratocars.com\/tienda\/comprar\/pagid-traseras-rsc1-rsc2-rsc3-bmw-m2-m3-m4-ceramicos\/\" \/>\n<meta property=\"og:locale\" content=\"es_ES\" \/>\n<meta property=\"og:type\" content=\"article\" \/>\n<meta property=\"og:title\" content=\"Pagid Traseras RSC1 RSC2 RSC3 Bmw M2 M3 M4 (Ceramicos)\" \/>\n<meta property=\"og:description\" content=\"oferta pagid tandas track trackday tracktool circuito Pagid Traseras RSC1 RSC2 RSC3 Bmw M2 M3 M4 (Ceramicos) piezas bmw m parts\" \/>\n<meta property=\"og:url\" content=\"https:\/\/stratocars.com\/tienda\/comprar\/pagid-traseras-rsc1-rsc2-rsc3-bmw-m2-m3-m4-ceramicos\/\" \/>\n<meta property=\"og:site_name\" content=\"STRATOCARS | Veh\u00edculos de Importaci\u00f3n y Recambios\" \/>\n<meta property=\"article:modified_time\" content=\"2023-05-17T15:54:40+00:00\" \/>\n<meta property=\"og:image\" content=\"https:\/\/stratocars.com\/tienda\/wp-content\/uploads\/2023\/05\/rsc.jpg\" \/>\n\t<meta property=\"og:image:width\" content=\"825\" \/>\n\t<meta property=\"og:image:height\" content=\"825\" \/>\n\t<meta property=\"og:image:type\" content=\"image\/jpeg\" \/>\n<meta name=\"twitter:card\" content=\"summary_large_image\" \/>\n<meta name=\"twitter:label1\" content=\"Tiempo de lectura\" \/>\n\t<meta name=\"twitter:data1\" content=\"2 minutos\" \/>\n<script type=\"application\/ld+json\" class=\"yoast-schema-graph\">{\"@context\":\"https:\/\/schema.org\",\"@graph\":[{\"@type\":\"WebPage\",\"@id\":\"https:\/\/stratocars.com\/tienda\/comprar\/pagid-traseras-rsc1-rsc2-rsc3-bmw-m2-m3-m4-ceramicos\/\",\"url\":\"https:\/\/stratocars.com\/tienda\/comprar\/pagid-traseras-rsc1-rsc2-rsc3-bmw-m2-m3-m4-ceramicos\/\",\"name\":\"Pagid Traseras RSC1 RSC2 RSC3 Bmw M2 M3 M4 (Ceramicos)\",\"isPartOf\":{\"@id\":\"https:\/\/stratocars.com\/tienda\/#website\"},\"primaryImageOfPage\":{\"@id\":\"https:\/\/stratocars.com\/tienda\/comprar\/pagid-traseras-rsc1-rsc2-rsc3-bmw-m2-m3-m4-ceramicos\/#primaryimage\"},\"image\":{\"@id\":\"https:\/\/stratocars.com\/tienda\/comprar\/pagid-traseras-rsc1-rsc2-rsc3-bmw-m2-m3-m4-ceramicos\/#primaryimage\"},\"thumbnailUrl\":\"https:\/\/stratocars.com\/tienda\/wp-content\/uploads\/2023\/05\/rsc.jpg\",\"datePublished\":\"2023-05-17T15:47:47+00:00\",\"dateModified\":\"2023-05-17T15:54:40+00:00\",\"description\":\"oferta pagid tandas track trackday tracktool circuito Pagid Traseras RSC1 RSC2 RSC3 Bmw M2 M3 M4 (Ceramicos) piezas bmw m parts\",\"breadcrumb\":{\"@id\":\"https:\/\/stratocars.com\/tienda\/comprar\/pagid-traseras-rsc1-rsc2-rsc3-bmw-m2-m3-m4-ceramicos\/#breadcrumb\"},\"inLanguage\":\"es\",\"potentialAction\":[{\"@type\":\"ReadAction\",\"target\":[\"https:\/\/stratocars.com\/tienda\/comprar\/pagid-traseras-rsc1-rsc2-rsc3-bmw-m2-m3-m4-ceramicos\/\"]}]},{\"@type\":\"ImageObject\",\"inLanguage\":\"es\",\"@id\":\"https:\/\/stratocars.com\/tienda\/comprar\/pagid-traseras-rsc1-rsc2-rsc3-bmw-m2-m3-m4-ceramicos\/#primaryimage\",\"url\":\"https:\/\/stratocars.com\/tienda\/wp-content\/uploads\/2023\/05\/rsc.jpg\",\"contentUrl\":\"https:\/\/stratocars.com\/tienda\/wp-content\/uploads\/2023\/05\/rsc.jpg\",\"width\":825,\"height\":825},{\"@type\":\"BreadcrumbList\",\"@id\":\"https:\/\/stratocars.com\/tienda\/comprar\/pagid-traseras-rsc1-rsc2-rsc3-bmw-m2-m3-m4-ceramicos\/#breadcrumb\",\"itemListElement\":[{\"@type\":\"ListItem\",\"position\":1,\"name\":\"Portada\",\"item\":\"https:\/\/stratocars.com\/tienda\/\"},{\"@type\":\"ListItem\",\"position\":2,\"name\":\"Parts\",\"item\":\"https:\/\/stratocars.com\/tienda\/parts\/\"},{\"@type\":\"ListItem\",\"position\":3,\"name\":\"Pagid Traseras RSC1 RSC2 RSC3 Bmw M2 M3 M4 (Ceramicos)\"}]},{\"@type\":\"WebSite\",\"@id\":\"https:\/\/stratocars.com\/tienda\/#website\",\"url\":\"https:\/\/stratocars.com\/tienda\/\",\"name\":\"STRATOCARS | Veh\u00edculos de Importaci\u00f3n y Recambios\",\"description\":\"Veh\u00edculos de Importaci\u00f3n y Recambios al mejor precio\",\"publisher\":{\"@id\":\"https:\/\/stratocars.com\/tienda\/#organization\"},\"potentialAction\":[{\"@type\":\"SearchAction\",\"target\":{\"@type\":\"EntryPoint\",\"urlTemplate\":\"https:\/\/stratocars.com\/tienda\/?s={search_term_string}\"},\"query-input\":{\"@type\":\"PropertyValueSpecification\",\"valueRequired\":true,\"valueName\":\"search_term_string\"}}],\"inLanguage\":\"es\"},{\"@type\":\"Organization\",\"@id\":\"https:\/\/stratocars.com\/tienda\/#organization\",\"name\":\"StratoCars\",\"url\":\"https:\/\/stratocars.com\/tienda\/\",\"logo\":{\"@type\":\"ImageObject\",\"inLanguage\":\"es\",\"@id\":\"https:\/\/stratocars.com\/tienda\/#\/schema\/logo\/image\/\",\"url\":\"https:\/\/stratocars.com\/tienda\/wp-content\/uploads\/2022\/09\/web-logo-strato-cars.png\",\"contentUrl\":\"https:\/\/stratocars.com\/tienda\/wp-content\/uploads\/2022\/09\/web-logo-strato-cars.png\",\"width\":345,\"height\":113,\"caption\":\"StratoCars\"},\"image\":{\"@id\":\"https:\/\/stratocars.com\/tienda\/#\/schema\/logo\/image\/\"}}]}<\/script>\n<!-- \/ Yoast SEO plugin. -->","yoast_head_json":{"title":"Pagid Traseras RSC1 RSC2 RSC3 Bmw M2 M3 M4 (Ceramicos)","description":"oferta pagid tandas track trackday tracktool circuito Pagid Traseras RSC1 RSC2 RSC3 Bmw M2 M3 M4 (Ceramicos) piezas bmw m parts","robots":{"index":"index","follow":"follow","max-snippet":"max-snippet:-1","max-image-preview":"max-image-preview:large","max-video-preview":"max-video-preview:-1"},"canonical":"https:\/\/stratocars.com\/tienda\/comprar\/pagid-traseras-rsc1-rsc2-rsc3-bmw-m2-m3-m4-ceramicos\/","og_locale":"es_ES","og_type":"article","og_title":"Pagid Traseras RSC1 RSC2 RSC3 Bmw M2 M3 M4 (Ceramicos)","og_description":"oferta pagid tandas track trackday tracktool circuito Pagid Traseras RSC1 RSC2 RSC3 Bmw M2 M3 M4 (Ceramicos) piezas bmw m parts","og_url":"https:\/\/stratocars.com\/tienda\/comprar\/pagid-traseras-rsc1-rsc2-rsc3-bmw-m2-m3-m4-ceramicos\/","og_site_name":"STRATOCARS | Veh\u00edculos de Importaci\u00f3n y Recambios","article_modified_time":"2023-05-17T15:54:40+00:00","og_image":[{"width":825,"height":825,"url":"https:\/\/stratocars.com\/tienda\/wp-content\/uploads\/2023\/05\/rsc.jpg","type":"image\/jpeg"}],"twitter_card":"summary_large_image","twitter_misc":{"Tiempo de lectura":"2 minutos"},"schema":{"@context":"https:\/\/schema.org","@graph":[{"@type":"WebPage","@id":"https:\/\/stratocars.com\/tienda\/comprar\/pagid-traseras-rsc1-rsc2-rsc3-bmw-m2-m3-m4-ceramicos\/","url":"https:\/\/stratocars.com\/tienda\/comprar\/pagid-traseras-rsc1-rsc2-rsc3-bmw-m2-m3-m4-ceramicos\/","name":"Pagid Traseras RSC1 RSC2 RSC3 Bmw M2 M3 M4 (Ceramicos)","isPartOf":{"@id":"https:\/\/stratocars.com\/tienda\/#website"},"primaryImageOfPage":{"@id":"https:\/\/stratocars.com\/tienda\/comprar\/pagid-traseras-rsc1-rsc2-rsc3-bmw-m2-m3-m4-ceramicos\/#primaryimage"},"image":{"@id":"https:\/\/stratocars.com\/tienda\/comprar\/pagid-traseras-rsc1-rsc2-rsc3-bmw-m2-m3-m4-ceramicos\/#primaryimage"},"thumbnailUrl":"https:\/\/stratocars.com\/tienda\/wp-content\/uploads\/2023\/05\/rsc.jpg","datePublished":"2023-05-17T15:47:47+00:00","dateModified":"2023-05-17T15:54:40+00:00","description":"oferta pagid tandas track trackday tracktool circuito Pagid Traseras RSC1 RSC2 RSC3 Bmw M2 M3 M4 (Ceramicos) piezas bmw m parts","breadcrumb":{"@id":"https:\/\/stratocars.com\/tienda\/comprar\/pagid-traseras-rsc1-rsc2-rsc3-bmw-m2-m3-m4-ceramicos\/#breadcrumb"},"inLanguage":"es","potentialAction":[{"@type":"ReadAction","target":["https:\/\/stratocars.com\/tienda\/comprar\/pagid-traseras-rsc1-rsc2-rsc3-bmw-m2-m3-m4-ceramicos\/"]}]},{"@type":"ImageObject","inLanguage":"es","@id":"https:\/\/stratocars.com\/tienda\/comprar\/pagid-traseras-rsc1-rsc2-rsc3-bmw-m2-m3-m4-ceramicos\/#primaryimage","url":"https:\/\/stratocars.com\/tienda\/wp-content\/uploads\/2023\/05\/rsc.jpg","contentUrl":"https:\/\/stratocars.com\/tienda\/wp-content\/uploads\/2023\/05\/rsc.jpg","width":825,"height":825},{"@type":"BreadcrumbList","@id":"https:\/\/stratocars.com\/tienda\/comprar\/pagid-traseras-rsc1-rsc2-rsc3-bmw-m2-m3-m4-ceramicos\/#breadcrumb","itemListElement":[{"@type":"ListItem","position":1,"name":"Portada","item":"https:\/\/stratocars.com\/tienda\/"},{"@type":"ListItem","position":2,"name":"Parts","item":"https:\/\/stratocars.com\/tienda\/parts\/"},{"@type":"ListItem","position":3,"name":"Pagid Traseras RSC1 RSC2 RSC3 Bmw M2 M3 M4 (Ceramicos)"}]},{"@type":"WebSite","@id":"https:\/\/stratocars.com\/tienda\/#website","url":"https:\/\/stratocars.com\/tienda\/","name":"STRATOCARS | Veh\u00edculos de Importaci\u00f3n y Recambios","description":"Veh\u00edculos de Importaci\u00f3n y Recambios al mejor precio","publisher":{"@id":"https:\/\/stratocars.com\/tienda\/#organization"},"potentialAction":[{"@type":"SearchAction","target":{"@type":"EntryPoint","urlTemplate":"https:\/\/stratocars.com\/tienda\/?s={search_term_string}"},"query-input":{"@type":"PropertyValueSpecification","valueRequired":true,"valueName":"search_term_string"}}],"inLanguage":"es"},{"@type":"Organization","@id":"https:\/\/stratocars.com\/tienda\/#organization","name":"StratoCars","url":"https:\/\/stratocars.com\/tienda\/","logo":{"@type":"ImageObject","inLanguage":"es","@id":"https:\/\/stratocars.com\/tienda\/#\/schema\/logo\/image\/","url":"https:\/\/stratocars.com\/tienda\/wp-content\/uploads\/2022\/09\/web-logo-strato-cars.png","contentUrl":"https:\/\/stratocars.com\/tienda\/wp-content\/uploads\/2022\/09\/web-logo-strato-cars.png","width":345,"height":113,"caption":"StratoCars"},"image":{"@id":"https:\/\/stratocars.com\/tienda\/#\/schema\/logo\/image\/"}}]}},"_links":{"self":[{"href":"https:\/\/stratocars.com\/tienda\/wp-json\/wp\/v2\/product\/3909"}],"collection":[{"href":"https:\/\/stratocars.com\/tienda\/wp-json\/wp\/v2\/product"}],"about":[{"href":"https:\/\/stratocars.com\/tienda\/wp-json\/wp\/v2\/types\/product"}],"wp:featuredmedia":[{"embeddable":true,"href":"https:\/\/stratocars.com\/tienda\/wp-json\/wp\/v2\/media\/3869"}],"wp:attachment":[{"href":"https:\/\/stratocars.com\/tienda\/wp-json\/wp\/v2\/media?parent=3909"}],"wp:term":[{"taxonomy":"make_fuel_type","embeddable":true,"href":"https:\/\/stratocars.com\/tienda\/wp-json\/wp\/v2\/make_fuel_type?post=3909"},{"taxonomy":"make_model","embeddable":true,"href":"https:\/\/stratocars.com\/tienda\/wp-json\/wp\/v2\/make_model?post=3909"},{"taxonomy":"make_brand","embeddable":true,"href":"https:\/\/stratocars.com\/tienda\/wp-json\/wp\/v2\/make_brand?post=3909"},{"taxonomy":"make_year","embeddable":true,"href":"https:\/\/stratocars.com\/tienda\/wp-json\/wp\/v2\/make_year?post=3909"},{"taxonomy":"product_cat","embeddable":true,"href":"https:\/\/stratocars.com\/tienda\/wp-json\/wp\/v2\/product_cat?post=3909"},{"taxonomy":"product_tag","embeddable":true,"href":"https:\/\/stratocars.com\/tienda\/wp-json\/wp\/v2\/product_tag?post=3909"}],"curies":[{"name":"wp","href":"https:\/\/api.w.org\/{rel}","templated":true}]}}