{"id":3950,"date":"2023-05-18T16:22:25","date_gmt":"2023-05-18T16:22:25","guid":{"rendered":"https:\/\/stratocars.com\/tienda\/?post_type=product&#038;p=3950"},"modified":"2023-05-18T16:26:46","modified_gmt":"2023-05-18T16:26:46","slug":"akrapovic-slip-on-race-line-titanio-718-cayman-gt4-spyder-s-po-ti-18-1","status":"publish","type":"product","link":"https:\/\/stratocars.com\/tienda\/comprar\/akrapovic-slip-on-race-line-titanio-718-cayman-gt4-spyder-s-po-ti-18-1\/","title":{"rendered":"Akrapovic Slip-On Race Line (Titanio) 718 Cayman GT4 \/ Spyder S-PO\/TI\/18\/1"},"content":{"rendered":"<p>Akrapovic Slip-On Race Line (Titanio) 718 Cayman GT4 \/ Spyder<\/p>\n<p>Se registraron ganancias de potencia de +4,8 kW a 3.000 rpm y un aumento de par de +15,8 Nm a 2.900 rpm en el banco de pruebas de Akrapovi\u010d, usando un Porsche 718 Cayman GT4 con un sistema de escape original para comparar. Esto le da al sistema, que est\u00e1 dise\u00f1ado solo para uso en pistas de carreras y no para uso en la calle, un rendimiento que combina con su apariencia y dise\u00f1o innovador . <\/p>\n<p>Construidos con titanio liviano de alta calidad , con piezas fabricadas en la fundici\u00f3n interna para crear un ajuste perfecto dentro del espacio limitado disponible, los tres silenciadores, dos laterales y uno central, est\u00e1n configurados de una manera \u00fanica, perfectamente dise\u00f1ados por Akrapovi\u010d. tecnicos Se puede elegir entre dos juegos diferentes de tubos de escape redondos de titanio , pulidos con chorro de arena y revestidos, y disponibles en un acabado de titanio natural o negro. El lado interior de los tubos de escape presenta una superficie en relieve din\u00e1mica para aumentar el valor est\u00e9tico . Un logotipo grabado se suma a la presencia visual. <\/p>\n<p>Hay extras opcionales disponibles: hay un juego de tubos Link en titanio para la actualizaci\u00f3n Slip-On Line Race (titanio), y se puede agregar un difusor de fibra de carbono , en mate o alto brillo, para enfatizar el dise\u00f1o de los tubos de escape Akrapovi\u010d. . Para un mayor control sobre el sonido del sistema de escape, el kit de sonido Akrapovi\u010d opcional est\u00e1 disponible para controlar las v\u00e1lvulas de escape en cualquier momento y permitir que el conductor elija la configuraci\u00f3n preferida.<\/p>\n<p>Este sistema se adapta tambi\u00e9n a veh\u00edculos equipados con filtro de part\u00edculas Otto (OPF).<\/p>\n<p>ESTE PRODUCTO NO CUMPLE CON LOS REQUISITOS DE CUMPLIMIENTO DE EMISIONES PARA USO EN CALLES O CARRETERAS.<\/p>\n","protected":false},"excerpt":{"rendered":"<p>Akrapovic Slip-On Race Line (Titanio) 718 Cayman GT4 \/ Spyder S-PO\/TI\/18\/1<\/p>\n","protected":false},"featured_media":3952,"template":"","meta":[],"make_fuel_type":[],"make_model":[625],"make_brand":[310],"make_year":[184,185,186,187,481],"product_cat":[168,141],"product_tag":[],"class_list":{"0":"post-3950","1":"product","2":"type-product","3":"status-publish","4":"has-post-thumbnail","6":"make_engine-4-0","7":"make_model-cayman-718","8":"make_brand-porsche","9":"make_year-184","10":"make_year-185","11":"make_year-186","12":"make_year-187","13":"make_year-481","14":"product_cat-silenciadores","15":"product_cat-escapes","17":"first","18":"instock","19":"sale","20":"taxable","21":"shipping-taxable","22":"purchasable","23":"product-type-variable"},"exclude_global_add_ons":[],"addons":[],"yoast_head":"<!-- This site is optimized with the Yoast SEO plugin v23.4 - https:\/\/yoast.com\/wordpress\/plugins\/seo\/ -->\n<title>Akrapovic Slip-On Race Line (Titanio) 718 Cayman GT4 \/ Spyder<\/title>\n<meta name=\"description\" content=\"Akrapovic Slip-On Race Line (Titanio) 718 Cayman GT4 \/ Spyder Akrapovic espa\u00f1a akrapovic almeria akrapovic porsche akrapovic install akrapovic center\" \/>\n<meta name=\"robots\" content=\"index, follow, max-snippet:-1, max-image-preview:large, max-video-preview:-1\" \/>\n<link rel=\"canonical\" href=\"https:\/\/stratocars.com\/tienda\/comprar\/akrapovic-slip-on-race-line-titanio-718-cayman-gt4-spyder-s-po-ti-18-1\/\" \/>\n<meta property=\"og:locale\" content=\"es_ES\" \/>\n<meta property=\"og:type\" content=\"article\" \/>\n<meta property=\"og:title\" content=\"Akrapovic Slip-On Race Line (Titanio) 718 Cayman GT4 \/ Spyder\" \/>\n<meta property=\"og:description\" content=\"Akrapovic Slip-On Race Line (Titanio) 718 Cayman GT4 \/ Spyder Akrapovic espa\u00f1a akrapovic almeria akrapovic porsche akrapovic install akrapovic center\" \/>\n<meta property=\"og:url\" content=\"https:\/\/stratocars.com\/tienda\/comprar\/akrapovic-slip-on-race-line-titanio-718-cayman-gt4-spyder-s-po-ti-18-1\/\" \/>\n<meta property=\"og:site_name\" content=\"STRATOCARS | Veh\u00edculos de Importaci\u00f3n y Recambios\" \/>\n<meta property=\"article:modified_time\" content=\"2023-05-18T16:26:46+00:00\" \/>\n<meta property=\"og:image\" content=\"https:\/\/stratocars.com\/tienda\/wp-content\/uploads\/2023\/05\/6edb35f3-6684-4498-9806-048a1e0d36bd.png\" \/>\n\t<meta property=\"og:image:width\" content=\"750\" \/>\n\t<meta property=\"og:image:height\" content=\"750\" \/>\n\t<meta property=\"og:image:type\" content=\"image\/png\" \/>\n<meta name=\"twitter:card\" content=\"summary_large_image\" \/>\n<meta name=\"twitter:label1\" content=\"Tiempo de lectura\" \/>\n\t<meta name=\"twitter:data1\" content=\"2 minutos\" \/>\n<script type=\"application\/ld+json\" class=\"yoast-schema-graph\">{\"@context\":\"https:\/\/schema.org\",\"@graph\":[{\"@type\":\"WebPage\",\"@id\":\"https:\/\/stratocars.com\/tienda\/comprar\/akrapovic-slip-on-race-line-titanio-718-cayman-gt4-spyder-s-po-ti-18-1\/\",\"url\":\"https:\/\/stratocars.com\/tienda\/comprar\/akrapovic-slip-on-race-line-titanio-718-cayman-gt4-spyder-s-po-ti-18-1\/\",\"name\":\"Akrapovic Slip-On Race Line (Titanio) 718 Cayman GT4 \/ Spyder\",\"isPartOf\":{\"@id\":\"https:\/\/stratocars.com\/tienda\/#website\"},\"primaryImageOfPage\":{\"@id\":\"https:\/\/stratocars.com\/tienda\/comprar\/akrapovic-slip-on-race-line-titanio-718-cayman-gt4-spyder-s-po-ti-18-1\/#primaryimage\"},\"image\":{\"@id\":\"https:\/\/stratocars.com\/tienda\/comprar\/akrapovic-slip-on-race-line-titanio-718-cayman-gt4-spyder-s-po-ti-18-1\/#primaryimage\"},\"thumbnailUrl\":\"https:\/\/stratocars.com\/tienda\/wp-content\/uploads\/2023\/05\/6edb35f3-6684-4498-9806-048a1e0d36bd.png\",\"datePublished\":\"2023-05-18T16:22:25+00:00\",\"dateModified\":\"2023-05-18T16:26:46+00:00\",\"description\":\"Akrapovic Slip-On Race Line (Titanio) 718 Cayman GT4 \/ Spyder Akrapovic espa\u00f1a akrapovic almeria akrapovic porsche akrapovic install akrapovic center\",\"breadcrumb\":{\"@id\":\"https:\/\/stratocars.com\/tienda\/comprar\/akrapovic-slip-on-race-line-titanio-718-cayman-gt4-spyder-s-po-ti-18-1\/#breadcrumb\"},\"inLanguage\":\"es\",\"potentialAction\":[{\"@type\":\"ReadAction\",\"target\":[\"https:\/\/stratocars.com\/tienda\/comprar\/akrapovic-slip-on-race-line-titanio-718-cayman-gt4-spyder-s-po-ti-18-1\/\"]}]},{\"@type\":\"ImageObject\",\"inLanguage\":\"es\",\"@id\":\"https:\/\/stratocars.com\/tienda\/comprar\/akrapovic-slip-on-race-line-titanio-718-cayman-gt4-spyder-s-po-ti-18-1\/#primaryimage\",\"url\":\"https:\/\/stratocars.com\/tienda\/wp-content\/uploads\/2023\/05\/6edb35f3-6684-4498-9806-048a1e0d36bd.png\",\"contentUrl\":\"https:\/\/stratocars.com\/tienda\/wp-content\/uploads\/2023\/05\/6edb35f3-6684-4498-9806-048a1e0d36bd.png\",\"width\":750,\"height\":750},{\"@type\":\"BreadcrumbList\",\"@id\":\"https:\/\/stratocars.com\/tienda\/comprar\/akrapovic-slip-on-race-line-titanio-718-cayman-gt4-spyder-s-po-ti-18-1\/#breadcrumb\",\"itemListElement\":[{\"@type\":\"ListItem\",\"position\":1,\"name\":\"Portada\",\"item\":\"https:\/\/stratocars.com\/tienda\/\"},{\"@type\":\"ListItem\",\"position\":2,\"name\":\"Parts\",\"item\":\"https:\/\/stratocars.com\/tienda\/parts\/\"},{\"@type\":\"ListItem\",\"position\":3,\"name\":\"Akrapovic Slip-On Race Line (Titanio) 718 Cayman GT4 \/ Spyder S-PO\/TI\/18\/1\"}]},{\"@type\":\"WebSite\",\"@id\":\"https:\/\/stratocars.com\/tienda\/#website\",\"url\":\"https:\/\/stratocars.com\/tienda\/\",\"name\":\"STRATOCARS | Veh\u00edculos de Importaci\u00f3n y Recambios\",\"description\":\"Veh\u00edculos de Importaci\u00f3n y Recambios al mejor precio\",\"publisher\":{\"@id\":\"https:\/\/stratocars.com\/tienda\/#organization\"},\"potentialAction\":[{\"@type\":\"SearchAction\",\"target\":{\"@type\":\"EntryPoint\",\"urlTemplate\":\"https:\/\/stratocars.com\/tienda\/?s={search_term_string}\"},\"query-input\":{\"@type\":\"PropertyValueSpecification\",\"valueRequired\":true,\"valueName\":\"search_term_string\"}}],\"inLanguage\":\"es\"},{\"@type\":\"Organization\",\"@id\":\"https:\/\/stratocars.com\/tienda\/#organization\",\"name\":\"StratoCars\",\"url\":\"https:\/\/stratocars.com\/tienda\/\",\"logo\":{\"@type\":\"ImageObject\",\"inLanguage\":\"es\",\"@id\":\"https:\/\/stratocars.com\/tienda\/#\/schema\/logo\/image\/\",\"url\":\"https:\/\/stratocars.com\/tienda\/wp-content\/uploads\/2022\/09\/web-logo-strato-cars.png\",\"contentUrl\":\"https:\/\/stratocars.com\/tienda\/wp-content\/uploads\/2022\/09\/web-logo-strato-cars.png\",\"width\":345,\"height\":113,\"caption\":\"StratoCars\"},\"image\":{\"@id\":\"https:\/\/stratocars.com\/tienda\/#\/schema\/logo\/image\/\"}}]}<\/script>\n<!-- \/ Yoast SEO plugin. -->","yoast_head_json":{"title":"Akrapovic Slip-On Race Line (Titanio) 718 Cayman GT4 \/ Spyder","description":"Akrapovic Slip-On Race Line (Titanio) 718 Cayman GT4 \/ Spyder Akrapovic espa\u00f1a akrapovic almeria akrapovic porsche akrapovic install akrapovic center","robots":{"index":"index","follow":"follow","max-snippet":"max-snippet:-1","max-image-preview":"max-image-preview:large","max-video-preview":"max-video-preview:-1"},"canonical":"https:\/\/stratocars.com\/tienda\/comprar\/akrapovic-slip-on-race-line-titanio-718-cayman-gt4-spyder-s-po-ti-18-1\/","og_locale":"es_ES","og_type":"article","og_title":"Akrapovic Slip-On Race Line (Titanio) 718 Cayman GT4 \/ Spyder","og_description":"Akrapovic Slip-On Race Line (Titanio) 718 Cayman GT4 \/ Spyder Akrapovic espa\u00f1a akrapovic almeria akrapovic porsche akrapovic install akrapovic center","og_url":"https:\/\/stratocars.com\/tienda\/comprar\/akrapovic-slip-on-race-line-titanio-718-cayman-gt4-spyder-s-po-ti-18-1\/","og_site_name":"STRATOCARS | Veh\u00edculos de Importaci\u00f3n y Recambios","article_modified_time":"2023-05-18T16:26:46+00:00","og_image":[{"width":750,"height":750,"url":"https:\/\/stratocars.com\/tienda\/wp-content\/uploads\/2023\/05\/6edb35f3-6684-4498-9806-048a1e0d36bd.png","type":"image\/png"}],"twitter_card":"summary_large_image","twitter_misc":{"Tiempo de lectura":"2 minutos"},"schema":{"@context":"https:\/\/schema.org","@graph":[{"@type":"WebPage","@id":"https:\/\/stratocars.com\/tienda\/comprar\/akrapovic-slip-on-race-line-titanio-718-cayman-gt4-spyder-s-po-ti-18-1\/","url":"https:\/\/stratocars.com\/tienda\/comprar\/akrapovic-slip-on-race-line-titanio-718-cayman-gt4-spyder-s-po-ti-18-1\/","name":"Akrapovic Slip-On Race Line (Titanio) 718 Cayman GT4 \/ Spyder","isPartOf":{"@id":"https:\/\/stratocars.com\/tienda\/#website"},"primaryImageOfPage":{"@id":"https:\/\/stratocars.com\/tienda\/comprar\/akrapovic-slip-on-race-line-titanio-718-cayman-gt4-spyder-s-po-ti-18-1\/#primaryimage"},"image":{"@id":"https:\/\/stratocars.com\/tienda\/comprar\/akrapovic-slip-on-race-line-titanio-718-cayman-gt4-spyder-s-po-ti-18-1\/#primaryimage"},"thumbnailUrl":"https:\/\/stratocars.com\/tienda\/wp-content\/uploads\/2023\/05\/6edb35f3-6684-4498-9806-048a1e0d36bd.png","datePublished":"2023-05-18T16:22:25+00:00","dateModified":"2023-05-18T16:26:46+00:00","description":"Akrapovic Slip-On Race Line (Titanio) 718 Cayman GT4 \/ Spyder Akrapovic espa\u00f1a akrapovic almeria akrapovic porsche akrapovic install akrapovic center","breadcrumb":{"@id":"https:\/\/stratocars.com\/tienda\/comprar\/akrapovic-slip-on-race-line-titanio-718-cayman-gt4-spyder-s-po-ti-18-1\/#breadcrumb"},"inLanguage":"es","potentialAction":[{"@type":"ReadAction","target":["https:\/\/stratocars.com\/tienda\/comprar\/akrapovic-slip-on-race-line-titanio-718-cayman-gt4-spyder-s-po-ti-18-1\/"]}]},{"@type":"ImageObject","inLanguage":"es","@id":"https:\/\/stratocars.com\/tienda\/comprar\/akrapovic-slip-on-race-line-titanio-718-cayman-gt4-spyder-s-po-ti-18-1\/#primaryimage","url":"https:\/\/stratocars.com\/tienda\/wp-content\/uploads\/2023\/05\/6edb35f3-6684-4498-9806-048a1e0d36bd.png","contentUrl":"https:\/\/stratocars.com\/tienda\/wp-content\/uploads\/2023\/05\/6edb35f3-6684-4498-9806-048a1e0d36bd.png","width":750,"height":750},{"@type":"BreadcrumbList","@id":"https:\/\/stratocars.com\/tienda\/comprar\/akrapovic-slip-on-race-line-titanio-718-cayman-gt4-spyder-s-po-ti-18-1\/#breadcrumb","itemListElement":[{"@type":"ListItem","position":1,"name":"Portada","item":"https:\/\/stratocars.com\/tienda\/"},{"@type":"ListItem","position":2,"name":"Parts","item":"https:\/\/stratocars.com\/tienda\/parts\/"},{"@type":"ListItem","position":3,"name":"Akrapovic Slip-On Race Line (Titanio) 718 Cayman GT4 \/ Spyder S-PO\/TI\/18\/1"}]},{"@type":"WebSite","@id":"https:\/\/stratocars.com\/tienda\/#website","url":"https:\/\/stratocars.com\/tienda\/","name":"STRATOCARS | Veh\u00edculos de Importaci\u00f3n y Recambios","description":"Veh\u00edculos de Importaci\u00f3n y Recambios al mejor precio","publisher":{"@id":"https:\/\/stratocars.com\/tienda\/#organization"},"potentialAction":[{"@type":"SearchAction","target":{"@type":"EntryPoint","urlTemplate":"https:\/\/stratocars.com\/tienda\/?s={search_term_string}"},"query-input":{"@type":"PropertyValueSpecification","valueRequired":true,"valueName":"search_term_string"}}],"inLanguage":"es"},{"@type":"Organization","@id":"https:\/\/stratocars.com\/tienda\/#organization","name":"StratoCars","url":"https:\/\/stratocars.com\/tienda\/","logo":{"@type":"ImageObject","inLanguage":"es","@id":"https:\/\/stratocars.com\/tienda\/#\/schema\/logo\/image\/","url":"https:\/\/stratocars.com\/tienda\/wp-content\/uploads\/2022\/09\/web-logo-strato-cars.png","contentUrl":"https:\/\/stratocars.com\/tienda\/wp-content\/uploads\/2022\/09\/web-logo-strato-cars.png","width":345,"height":113,"caption":"StratoCars"},"image":{"@id":"https:\/\/stratocars.com\/tienda\/#\/schema\/logo\/image\/"}}]}},"_links":{"self":[{"href":"https:\/\/stratocars.com\/tienda\/wp-json\/wp\/v2\/product\/3950"}],"collection":[{"href":"https:\/\/stratocars.com\/tienda\/wp-json\/wp\/v2\/product"}],"about":[{"href":"https:\/\/stratocars.com\/tienda\/wp-json\/wp\/v2\/types\/product"}],"wp:featuredmedia":[{"embeddable":true,"href":"https:\/\/stratocars.com\/tienda\/wp-json\/wp\/v2\/media\/3952"}],"wp:attachment":[{"href":"https:\/\/stratocars.com\/tienda\/wp-json\/wp\/v2\/media?parent=3950"}],"wp:term":[{"taxonomy":"make_fuel_type","embeddable":true,"href":"https:\/\/stratocars.com\/tienda\/wp-json\/wp\/v2\/make_fuel_type?post=3950"},{"taxonomy":"make_model","embeddable":true,"href":"https:\/\/stratocars.com\/tienda\/wp-json\/wp\/v2\/make_model?post=3950"},{"taxonomy":"make_brand","embeddable":true,"href":"https:\/\/stratocars.com\/tienda\/wp-json\/wp\/v2\/make_brand?post=3950"},{"taxonomy":"make_year","embeddable":true,"href":"https:\/\/stratocars.com\/tienda\/wp-json\/wp\/v2\/make_year?post=3950"},{"taxonomy":"product_cat","embeddable":true,"href":"https:\/\/stratocars.com\/tienda\/wp-json\/wp\/v2\/product_cat?post=3950"},{"taxonomy":"product_tag","embeddable":true,"href":"https:\/\/stratocars.com\/tienda\/wp-json\/wp\/v2\/product_tag?post=3950"}],"curies":[{"name":"wp","href":"https:\/\/api.w.org\/{rel}","templated":true}]}}