{"id":3966,"date":"2023-05-18T16:23:10","date_gmt":"2023-05-18T16:23:10","guid":{"rendered":"https:\/\/stratocars.com\/tienda\/?post_type=product&#038;p=3966"},"modified":"2023-05-22T09:46:42","modified_gmt":"2023-05-22T09:46:42","slug":"akrapovic-slip-on-titanio-911-carrera-cabriolet-targa-s-4-4s-gts-991-2-2016-2019-s-po-ti-5h","status":"publish","type":"product","link":"https:\/\/stratocars.com\/tienda\/comprar\/akrapovic-slip-on-titanio-911-carrera-cabriolet-targa-s-4-4s-gts-991-2-2016-2019-s-po-ti-5h\/","title":{"rendered":"Akrapovic Slip-On (Titanio) 911 Carrera \/ Cabriolet \/ Targa \/S\/4\/4S\/GTS (991.2) 2016-2019 S-PO\/TI\/5H"},"content":{"rendered":"<p>Akrapovic Slip-On (Titanio) 911 Carrera \/ Cabriolet \/ Targa \/S\/4\/4S\/GTS (991.2) 2016-2019<\/p>\n<p>S-PO\/TI\/5H<\/p>\n<p>Construido con aleaciones de titanio ultraligeras , resistentes al calor y de alto grado , que se pulen con chorro de arena y se recubren para mayor durabilidad, la l\u00ednea Slip-On es el primer paso en la modificaci\u00f3n del escape. Con un ahorro de peso superior al 35 % con respecto al stock, al tiempo que aumenta el rendimiento , el escape utiliza las \u00faltimas tecnolog\u00edas innovadoras en su construcci\u00f3n, incluidas piezas fundidas en la fundici\u00f3n interna de Akrapovi\u010d. Est\u00e1 perfectamente ajustado para dar un sonido \u00fanico al motor b\u00f3xer turbocargado y est\u00e1 terminado con dos hermosos tubos de escape para agregar placer est\u00e9tico.  <\/p>\n<p>Aviso de montaje: el sistema est\u00e1 dise\u00f1ado para reemplazar el sistema de escape deportivo Porsche. Este sistema no es compatible con veh\u00edculos equipados con filtro de part\u00edculas Otto (OPF)<\/p>\n","protected":false},"excerpt":{"rendered":"<p>Akrapovic Slip-On Race Line (Titanio) 718 Cayman GT4 \/ Spyder S-PO\/TI\/18\/1<\/p>\n","protected":false},"featured_media":3986,"template":"","meta":[],"make_fuel_type":[],"make_model":[375],"make_brand":[310],"make_year":[181,182,183,184],"product_cat":[168,141],"product_tag":[],"class_list":{"0":"post-3966","1":"product","2":"type-product","3":"status-publish","4":"has-post-thumbnail","6":"make_engine-3-8","7":"make_model-911-991","8":"make_brand-porsche","9":"make_year-181","10":"make_year-182","11":"make_year-183","12":"make_year-184","13":"product_cat-silenciadores","14":"product_cat-escapes","16":"first","17":"instock","18":"sale","19":"taxable","20":"shipping-taxable","21":"purchasable","22":"product-type-variable"},"exclude_global_add_ons":[],"addons":[],"yoast_head":"<!-- This site is optimized with the Yoast SEO plugin v23.4 - https:\/\/yoast.com\/wordpress\/plugins\/seo\/ -->\n<title>Akrapovic 911 Carrera \/ Cabriolet \/ Targa \/S\/4\/4S\/GTS (991.2)<\/title>\n<meta name=\"description\" content=\"Akrapovic Slip-On (Titanio) 911 Carrera \/ Cabriolet \/ Targa \/S\/4\/4S\/GTS (991.2) Akrapovic espa\u00f1a akrapovic almeria akrapovic porsche akrapovic center\" \/>\n<meta name=\"robots\" content=\"index, follow, max-snippet:-1, max-image-preview:large, max-video-preview:-1\" \/>\n<link rel=\"canonical\" href=\"https:\/\/stratocars.com\/tienda\/comprar\/akrapovic-slip-on-titanio-911-carrera-cabriolet-targa-s-4-4s-gts-991-2-2016-2019-s-po-ti-5h\/\" \/>\n<meta property=\"og:locale\" content=\"es_ES\" \/>\n<meta property=\"og:type\" content=\"article\" \/>\n<meta property=\"og:title\" content=\"Akrapovic 911 Carrera \/ Cabriolet \/ Targa \/S\/4\/4S\/GTS (991.2)\" \/>\n<meta property=\"og:description\" content=\"Akrapovic Slip-On (Titanio) 911 Carrera \/ Cabriolet \/ Targa \/S\/4\/4S\/GTS (991.2) Akrapovic espa\u00f1a akrapovic almeria akrapovic porsche akrapovic center\" \/>\n<meta property=\"og:url\" content=\"https:\/\/stratocars.com\/tienda\/comprar\/akrapovic-slip-on-titanio-911-carrera-cabriolet-targa-s-4-4s-gts-991-2-2016-2019-s-po-ti-5h\/\" \/>\n<meta property=\"og:site_name\" content=\"STRATOCARS | Veh\u00edculos de Importaci\u00f3n y Recambios\" \/>\n<meta property=\"article:modified_time\" content=\"2023-05-22T09:46:42+00:00\" \/>\n<meta property=\"og:image\" content=\"https:\/\/stratocars.com\/tienda\/wp-content\/uploads\/2023\/05\/S-POTI5H.png\" \/>\n\t<meta property=\"og:image:width\" content=\"750\" \/>\n\t<meta property=\"og:image:height\" content=\"750\" \/>\n\t<meta property=\"og:image:type\" content=\"image\/png\" \/>\n<meta name=\"twitter:card\" content=\"summary_large_image\" \/>\n<meta name=\"twitter:label1\" content=\"Tiempo de lectura\" \/>\n\t<meta name=\"twitter:data1\" content=\"1 minuto\" \/>\n<script type=\"application\/ld+json\" class=\"yoast-schema-graph\">{\"@context\":\"https:\/\/schema.org\",\"@graph\":[{\"@type\":\"WebPage\",\"@id\":\"https:\/\/stratocars.com\/tienda\/comprar\/akrapovic-slip-on-titanio-911-carrera-cabriolet-targa-s-4-4s-gts-991-2-2016-2019-s-po-ti-5h\/\",\"url\":\"https:\/\/stratocars.com\/tienda\/comprar\/akrapovic-slip-on-titanio-911-carrera-cabriolet-targa-s-4-4s-gts-991-2-2016-2019-s-po-ti-5h\/\",\"name\":\"Akrapovic 911 Carrera \/ Cabriolet \/ Targa \/S\/4\/4S\/GTS (991.2)\",\"isPartOf\":{\"@id\":\"https:\/\/stratocars.com\/tienda\/#website\"},\"primaryImageOfPage\":{\"@id\":\"https:\/\/stratocars.com\/tienda\/comprar\/akrapovic-slip-on-titanio-911-carrera-cabriolet-targa-s-4-4s-gts-991-2-2016-2019-s-po-ti-5h\/#primaryimage\"},\"image\":{\"@id\":\"https:\/\/stratocars.com\/tienda\/comprar\/akrapovic-slip-on-titanio-911-carrera-cabriolet-targa-s-4-4s-gts-991-2-2016-2019-s-po-ti-5h\/#primaryimage\"},\"thumbnailUrl\":\"https:\/\/stratocars.com\/tienda\/wp-content\/uploads\/2023\/05\/S-POTI5H.png\",\"datePublished\":\"2023-05-18T16:23:10+00:00\",\"dateModified\":\"2023-05-22T09:46:42+00:00\",\"description\":\"Akrapovic Slip-On (Titanio) 911 Carrera \/ Cabriolet \/ Targa \/S\/4\/4S\/GTS (991.2) Akrapovic espa\u00f1a akrapovic almeria akrapovic porsche akrapovic center\",\"breadcrumb\":{\"@id\":\"https:\/\/stratocars.com\/tienda\/comprar\/akrapovic-slip-on-titanio-911-carrera-cabriolet-targa-s-4-4s-gts-991-2-2016-2019-s-po-ti-5h\/#breadcrumb\"},\"inLanguage\":\"es\",\"potentialAction\":[{\"@type\":\"ReadAction\",\"target\":[\"https:\/\/stratocars.com\/tienda\/comprar\/akrapovic-slip-on-titanio-911-carrera-cabriolet-targa-s-4-4s-gts-991-2-2016-2019-s-po-ti-5h\/\"]}]},{\"@type\":\"ImageObject\",\"inLanguage\":\"es\",\"@id\":\"https:\/\/stratocars.com\/tienda\/comprar\/akrapovic-slip-on-titanio-911-carrera-cabriolet-targa-s-4-4s-gts-991-2-2016-2019-s-po-ti-5h\/#primaryimage\",\"url\":\"https:\/\/stratocars.com\/tienda\/wp-content\/uploads\/2023\/05\/S-POTI5H.png\",\"contentUrl\":\"https:\/\/stratocars.com\/tienda\/wp-content\/uploads\/2023\/05\/S-POTI5H.png\",\"width\":750,\"height\":750},{\"@type\":\"BreadcrumbList\",\"@id\":\"https:\/\/stratocars.com\/tienda\/comprar\/akrapovic-slip-on-titanio-911-carrera-cabriolet-targa-s-4-4s-gts-991-2-2016-2019-s-po-ti-5h\/#breadcrumb\",\"itemListElement\":[{\"@type\":\"ListItem\",\"position\":1,\"name\":\"Portada\",\"item\":\"https:\/\/stratocars.com\/tienda\/\"},{\"@type\":\"ListItem\",\"position\":2,\"name\":\"Parts\",\"item\":\"https:\/\/stratocars.com\/tienda\/parts\/\"},{\"@type\":\"ListItem\",\"position\":3,\"name\":\"Akrapovic Slip-On (Titanio) 911 Carrera \/ Cabriolet \/ Targa \/S\/4\/4S\/GTS (991.2) 2016-2019 S-PO\/TI\/5H\"}]},{\"@type\":\"WebSite\",\"@id\":\"https:\/\/stratocars.com\/tienda\/#website\",\"url\":\"https:\/\/stratocars.com\/tienda\/\",\"name\":\"STRATOCARS | Veh\u00edculos de Importaci\u00f3n y Recambios\",\"description\":\"Veh\u00edculos de Importaci\u00f3n y Recambios al mejor precio\",\"publisher\":{\"@id\":\"https:\/\/stratocars.com\/tienda\/#organization\"},\"potentialAction\":[{\"@type\":\"SearchAction\",\"target\":{\"@type\":\"EntryPoint\",\"urlTemplate\":\"https:\/\/stratocars.com\/tienda\/?s={search_term_string}\"},\"query-input\":{\"@type\":\"PropertyValueSpecification\",\"valueRequired\":true,\"valueName\":\"search_term_string\"}}],\"inLanguage\":\"es\"},{\"@type\":\"Organization\",\"@id\":\"https:\/\/stratocars.com\/tienda\/#organization\",\"name\":\"StratoCars\",\"url\":\"https:\/\/stratocars.com\/tienda\/\",\"logo\":{\"@type\":\"ImageObject\",\"inLanguage\":\"es\",\"@id\":\"https:\/\/stratocars.com\/tienda\/#\/schema\/logo\/image\/\",\"url\":\"https:\/\/stratocars.com\/tienda\/wp-content\/uploads\/2022\/09\/web-logo-strato-cars.png\",\"contentUrl\":\"https:\/\/stratocars.com\/tienda\/wp-content\/uploads\/2022\/09\/web-logo-strato-cars.png\",\"width\":345,\"height\":113,\"caption\":\"StratoCars\"},\"image\":{\"@id\":\"https:\/\/stratocars.com\/tienda\/#\/schema\/logo\/image\/\"}}]}<\/script>\n<!-- \/ Yoast SEO plugin. -->","yoast_head_json":{"title":"Akrapovic 911 Carrera \/ Cabriolet \/ Targa \/S\/4\/4S\/GTS (991.2)","description":"Akrapovic Slip-On (Titanio) 911 Carrera \/ Cabriolet \/ Targa \/S\/4\/4S\/GTS (991.2) Akrapovic espa\u00f1a akrapovic almeria akrapovic porsche akrapovic center","robots":{"index":"index","follow":"follow","max-snippet":"max-snippet:-1","max-image-preview":"max-image-preview:large","max-video-preview":"max-video-preview:-1"},"canonical":"https:\/\/stratocars.com\/tienda\/comprar\/akrapovic-slip-on-titanio-911-carrera-cabriolet-targa-s-4-4s-gts-991-2-2016-2019-s-po-ti-5h\/","og_locale":"es_ES","og_type":"article","og_title":"Akrapovic 911 Carrera \/ Cabriolet \/ Targa \/S\/4\/4S\/GTS (991.2)","og_description":"Akrapovic Slip-On (Titanio) 911 Carrera \/ Cabriolet \/ Targa \/S\/4\/4S\/GTS (991.2) Akrapovic espa\u00f1a akrapovic almeria akrapovic porsche akrapovic center","og_url":"https:\/\/stratocars.com\/tienda\/comprar\/akrapovic-slip-on-titanio-911-carrera-cabriolet-targa-s-4-4s-gts-991-2-2016-2019-s-po-ti-5h\/","og_site_name":"STRATOCARS | Veh\u00edculos de Importaci\u00f3n y Recambios","article_modified_time":"2023-05-22T09:46:42+00:00","og_image":[{"width":750,"height":750,"url":"https:\/\/stratocars.com\/tienda\/wp-content\/uploads\/2023\/05\/S-POTI5H.png","type":"image\/png"}],"twitter_card":"summary_large_image","twitter_misc":{"Tiempo de lectura":"1 minuto"},"schema":{"@context":"https:\/\/schema.org","@graph":[{"@type":"WebPage","@id":"https:\/\/stratocars.com\/tienda\/comprar\/akrapovic-slip-on-titanio-911-carrera-cabriolet-targa-s-4-4s-gts-991-2-2016-2019-s-po-ti-5h\/","url":"https:\/\/stratocars.com\/tienda\/comprar\/akrapovic-slip-on-titanio-911-carrera-cabriolet-targa-s-4-4s-gts-991-2-2016-2019-s-po-ti-5h\/","name":"Akrapovic 911 Carrera \/ Cabriolet \/ Targa \/S\/4\/4S\/GTS (991.2)","isPartOf":{"@id":"https:\/\/stratocars.com\/tienda\/#website"},"primaryImageOfPage":{"@id":"https:\/\/stratocars.com\/tienda\/comprar\/akrapovic-slip-on-titanio-911-carrera-cabriolet-targa-s-4-4s-gts-991-2-2016-2019-s-po-ti-5h\/#primaryimage"},"image":{"@id":"https:\/\/stratocars.com\/tienda\/comprar\/akrapovic-slip-on-titanio-911-carrera-cabriolet-targa-s-4-4s-gts-991-2-2016-2019-s-po-ti-5h\/#primaryimage"},"thumbnailUrl":"https:\/\/stratocars.com\/tienda\/wp-content\/uploads\/2023\/05\/S-POTI5H.png","datePublished":"2023-05-18T16:23:10+00:00","dateModified":"2023-05-22T09:46:42+00:00","description":"Akrapovic Slip-On (Titanio) 911 Carrera \/ Cabriolet \/ Targa \/S\/4\/4S\/GTS (991.2) Akrapovic espa\u00f1a akrapovic almeria akrapovic porsche akrapovic center","breadcrumb":{"@id":"https:\/\/stratocars.com\/tienda\/comprar\/akrapovic-slip-on-titanio-911-carrera-cabriolet-targa-s-4-4s-gts-991-2-2016-2019-s-po-ti-5h\/#breadcrumb"},"inLanguage":"es","potentialAction":[{"@type":"ReadAction","target":["https:\/\/stratocars.com\/tienda\/comprar\/akrapovic-slip-on-titanio-911-carrera-cabriolet-targa-s-4-4s-gts-991-2-2016-2019-s-po-ti-5h\/"]}]},{"@type":"ImageObject","inLanguage":"es","@id":"https:\/\/stratocars.com\/tienda\/comprar\/akrapovic-slip-on-titanio-911-carrera-cabriolet-targa-s-4-4s-gts-991-2-2016-2019-s-po-ti-5h\/#primaryimage","url":"https:\/\/stratocars.com\/tienda\/wp-content\/uploads\/2023\/05\/S-POTI5H.png","contentUrl":"https:\/\/stratocars.com\/tienda\/wp-content\/uploads\/2023\/05\/S-POTI5H.png","width":750,"height":750},{"@type":"BreadcrumbList","@id":"https:\/\/stratocars.com\/tienda\/comprar\/akrapovic-slip-on-titanio-911-carrera-cabriolet-targa-s-4-4s-gts-991-2-2016-2019-s-po-ti-5h\/#breadcrumb","itemListElement":[{"@type":"ListItem","position":1,"name":"Portada","item":"https:\/\/stratocars.com\/tienda\/"},{"@type":"ListItem","position":2,"name":"Parts","item":"https:\/\/stratocars.com\/tienda\/parts\/"},{"@type":"ListItem","position":3,"name":"Akrapovic Slip-On (Titanio) 911 Carrera \/ Cabriolet \/ Targa \/S\/4\/4S\/GTS (991.2) 2016-2019 S-PO\/TI\/5H"}]},{"@type":"WebSite","@id":"https:\/\/stratocars.com\/tienda\/#website","url":"https:\/\/stratocars.com\/tienda\/","name":"STRATOCARS | Veh\u00edculos de Importaci\u00f3n y Recambios","description":"Veh\u00edculos de Importaci\u00f3n y Recambios al mejor precio","publisher":{"@id":"https:\/\/stratocars.com\/tienda\/#organization"},"potentialAction":[{"@type":"SearchAction","target":{"@type":"EntryPoint","urlTemplate":"https:\/\/stratocars.com\/tienda\/?s={search_term_string}"},"query-input":{"@type":"PropertyValueSpecification","valueRequired":true,"valueName":"search_term_string"}}],"inLanguage":"es"},{"@type":"Organization","@id":"https:\/\/stratocars.com\/tienda\/#organization","name":"StratoCars","url":"https:\/\/stratocars.com\/tienda\/","logo":{"@type":"ImageObject","inLanguage":"es","@id":"https:\/\/stratocars.com\/tienda\/#\/schema\/logo\/image\/","url":"https:\/\/stratocars.com\/tienda\/wp-content\/uploads\/2022\/09\/web-logo-strato-cars.png","contentUrl":"https:\/\/stratocars.com\/tienda\/wp-content\/uploads\/2022\/09\/web-logo-strato-cars.png","width":345,"height":113,"caption":"StratoCars"},"image":{"@id":"https:\/\/stratocars.com\/tienda\/#\/schema\/logo\/image\/"}}]}},"_links":{"self":[{"href":"https:\/\/stratocars.com\/tienda\/wp-json\/wp\/v2\/product\/3966"}],"collection":[{"href":"https:\/\/stratocars.com\/tienda\/wp-json\/wp\/v2\/product"}],"about":[{"href":"https:\/\/stratocars.com\/tienda\/wp-json\/wp\/v2\/types\/product"}],"wp:featuredmedia":[{"embeddable":true,"href":"https:\/\/stratocars.com\/tienda\/wp-json\/wp\/v2\/media\/3986"}],"wp:attachment":[{"href":"https:\/\/stratocars.com\/tienda\/wp-json\/wp\/v2\/media?parent=3966"}],"wp:term":[{"taxonomy":"make_fuel_type","embeddable":true,"href":"https:\/\/stratocars.com\/tienda\/wp-json\/wp\/v2\/make_fuel_type?post=3966"},{"taxonomy":"make_model","embeddable":true,"href":"https:\/\/stratocars.com\/tienda\/wp-json\/wp\/v2\/make_model?post=3966"},{"taxonomy":"make_brand","embeddable":true,"href":"https:\/\/stratocars.com\/tienda\/wp-json\/wp\/v2\/make_brand?post=3966"},{"taxonomy":"make_year","embeddable":true,"href":"https:\/\/stratocars.com\/tienda\/wp-json\/wp\/v2\/make_year?post=3966"},{"taxonomy":"product_cat","embeddable":true,"href":"https:\/\/stratocars.com\/tienda\/wp-json\/wp\/v2\/product_cat?post=3966"},{"taxonomy":"product_tag","embeddable":true,"href":"https:\/\/stratocars.com\/tienda\/wp-json\/wp\/v2\/product_tag?post=3966"}],"curies":[{"name":"wp","href":"https:\/\/api.w.org\/{rel}","templated":true}]}}