{"id":4039,"date":"2023-05-23T07:47:20","date_gmt":"2023-05-23T07:47:20","guid":{"rendered":"https:\/\/stratocars.com\/tienda\/?post_type=product&#038;p=4039"},"modified":"2023-05-23T07:53:40","modified_gmt":"2023-05-23T07:53:40","slug":"akrapovic-slip-on-titanio-audi-r8-5-2-fsi-coupe-spyder-2016-2018-s-aur8so3-t","status":"publish","type":"product","link":"https:\/\/stratocars.com\/tienda\/comprar\/akrapovic-slip-on-titanio-audi-r8-5-2-fsi-coupe-spyder-2016-2018-s-aur8so3-t\/","title":{"rendered":"Akrapovic Slip-On ( Titanio) Audi R8 5.2 FSI Coup\u00e9\/Spyder 2016-2018 S-AUR8SO3-T"},"content":{"rendered":"<p>Akrapovic Slip-On ( Titanio) Audi R8 5.2 FSI Coup\u00e9\/Spyder 2016-2018 <\/p>\n<p>S-AUR8SO3-T<\/p>\n<p>El sistema de escape Slip-On Line est\u00e1 fabricado con una aleaci\u00f3n de titanio de alta calidad ultraligera , lo que aumenta la relaci\u00f3n potencia-peso y las caracter\u00edsticas de manejo del R8. La l\u00ednea Slip-On (titanio) ha sido dise\u00f1ada con precisi\u00f3n para mejorar la respuesta del acelerador y aumentar tanto la potencia como la torsi\u00f3n . El sistema de escape de rendimiento est\u00e1 dise\u00f1ado para reducir la contrapresi\u00f3n a casi la mitad de los niveles originales a trav\u00e9s de una combinaci\u00f3n de formas de silenciador especializadas, resonadores secundarios y v\u00e1lvulas de escape de modo dual de titanio. Est\u00e1 acabado con dos tubos de escape de titanio y fibra de carbono exquisitamente hechos a mano que encajan perfectamenteen el difusor original del R8. Est\u00e1 ajustado para realzar la nota deportiva del motor V10 al mismo tiempo que garantiza la m\u00e1xima comodidad y disfrute en la cabina del autom\u00f3vil. El tono pasa de un agradable gru\u00f1ido a bajas revoluciones al exclusivo sonido de carrera de Akrapovi\u010d a medida que aumentan las revoluciones y crece la emoci\u00f3n. El sonido se puede ajustar a\u00fan m\u00e1s con la adici\u00f3n del kit de sonido Akrapovi\u010d opcional .<\/p>\n<p>ESTE PRODUCTO NO CUMPLE CON LOS REQUISITOS DE CUMPLIMIENTO DE EMISIONES PARA USO EN CALLES O CARRETERAS.<\/p>\n","protected":false},"excerpt":{"rendered":"<p>Akrapovic Slip-On ( Titanio) Audi R8 5.2 FSI Coup\u00e9\/Spyder 2016-2018 <\/p>\n<p>S-AUR8SO3-T<\/p>\n","protected":false},"featured_media":4052,"template":"","meta":[],"make_fuel_type":[],"make_model":[207],"make_brand":[57],"make_year":[181,182,183],"product_cat":[168,141],"product_tag":[],"class_list":{"0":"post-4039","1":"product","2":"type-product","3":"status-publish","4":"has-post-thumbnail","6":"make_engine-5-2-fsi-v10-570-620cv","7":"make_model-r8","8":"make_brand-audi","9":"make_year-181","10":"make_year-182","11":"make_year-183","12":"product_cat-silenciadores","13":"product_cat-escapes","15":"first","16":"instock","17":"sale","18":"taxable","19":"shipping-taxable","20":"purchasable","21":"product-type-variable"},"exclude_global_add_ons":[],"addons":[],"yoast_head":"<!-- This site is optimized with the Yoast SEO plugin v23.4 - https:\/\/yoast.com\/wordpress\/plugins\/seo\/ -->\n<title>Akrapovic Slip-On ( Titanio) Audi R8 5.2 FSI Coup\u00e9\/Spyder 16-18<\/title>\n<meta name=\"description\" content=\"Akrapovic Slip-On ( Titanio) Audi R8 5.2 FSI Coup\u00e9\/Spyder 2016-2018 S-AUR8SO3-T Akrapovic espa\u00f1a akrapovic almeria akrapovic porsche akrapovic center\" \/>\n<meta name=\"robots\" content=\"index, follow, max-snippet:-1, max-image-preview:large, max-video-preview:-1\" \/>\n<link rel=\"canonical\" href=\"https:\/\/stratocars.com\/tienda\/comprar\/akrapovic-slip-on-titanio-audi-r8-5-2-fsi-coupe-spyder-2016-2018-s-aur8so3-t\/\" \/>\n<meta property=\"og:locale\" content=\"es_ES\" \/>\n<meta property=\"og:type\" content=\"article\" \/>\n<meta property=\"og:title\" content=\"Akrapovic Slip-On ( Titanio) Audi R8 5.2 FSI Coup\u00e9\/Spyder 16-18\" \/>\n<meta property=\"og:description\" content=\"Akrapovic Slip-On ( Titanio) Audi R8 5.2 FSI Coup\u00e9\/Spyder 2016-2018 S-AUR8SO3-T Akrapovic espa\u00f1a akrapovic almeria akrapovic porsche akrapovic center\" \/>\n<meta property=\"og:url\" content=\"https:\/\/stratocars.com\/tienda\/comprar\/akrapovic-slip-on-titanio-audi-r8-5-2-fsi-coupe-spyder-2016-2018-s-aur8so3-t\/\" \/>\n<meta property=\"og:site_name\" content=\"STRATOCARS | Veh\u00edculos de Importaci\u00f3n y Recambios\" \/>\n<meta property=\"article:modified_time\" content=\"2023-05-23T07:53:40+00:00\" \/>\n<meta property=\"og:image\" content=\"https:\/\/stratocars.com\/tienda\/wp-content\/uploads\/2023\/05\/S-AUR8SO3-T.jpg\" \/>\n\t<meta property=\"og:image:width\" content=\"750\" \/>\n\t<meta property=\"og:image:height\" content=\"750\" \/>\n\t<meta property=\"og:image:type\" content=\"image\/jpeg\" \/>\n<meta name=\"twitter:card\" content=\"summary_large_image\" \/>\n<meta name=\"twitter:label1\" content=\"Tiempo de lectura\" \/>\n\t<meta name=\"twitter:data1\" content=\"1 minuto\" \/>\n<script type=\"application\/ld+json\" class=\"yoast-schema-graph\">{\"@context\":\"https:\/\/schema.org\",\"@graph\":[{\"@type\":\"WebPage\",\"@id\":\"https:\/\/stratocars.com\/tienda\/comprar\/akrapovic-slip-on-titanio-audi-r8-5-2-fsi-coupe-spyder-2016-2018-s-aur8so3-t\/\",\"url\":\"https:\/\/stratocars.com\/tienda\/comprar\/akrapovic-slip-on-titanio-audi-r8-5-2-fsi-coupe-spyder-2016-2018-s-aur8so3-t\/\",\"name\":\"Akrapovic Slip-On ( Titanio) Audi R8 5.2 FSI Coup\u00e9\/Spyder 16-18\",\"isPartOf\":{\"@id\":\"https:\/\/stratocars.com\/tienda\/#website\"},\"primaryImageOfPage\":{\"@id\":\"https:\/\/stratocars.com\/tienda\/comprar\/akrapovic-slip-on-titanio-audi-r8-5-2-fsi-coupe-spyder-2016-2018-s-aur8so3-t\/#primaryimage\"},\"image\":{\"@id\":\"https:\/\/stratocars.com\/tienda\/comprar\/akrapovic-slip-on-titanio-audi-r8-5-2-fsi-coupe-spyder-2016-2018-s-aur8so3-t\/#primaryimage\"},\"thumbnailUrl\":\"https:\/\/stratocars.com\/tienda\/wp-content\/uploads\/2023\/05\/S-AUR8SO3-T.jpg\",\"datePublished\":\"2023-05-23T07:47:20+00:00\",\"dateModified\":\"2023-05-23T07:53:40+00:00\",\"description\":\"Akrapovic Slip-On ( Titanio) Audi R8 5.2 FSI Coup\u00e9\/Spyder 2016-2018 S-AUR8SO3-T Akrapovic espa\u00f1a akrapovic almeria akrapovic porsche akrapovic center\",\"breadcrumb\":{\"@id\":\"https:\/\/stratocars.com\/tienda\/comprar\/akrapovic-slip-on-titanio-audi-r8-5-2-fsi-coupe-spyder-2016-2018-s-aur8so3-t\/#breadcrumb\"},\"inLanguage\":\"es\",\"potentialAction\":[{\"@type\":\"ReadAction\",\"target\":[\"https:\/\/stratocars.com\/tienda\/comprar\/akrapovic-slip-on-titanio-audi-r8-5-2-fsi-coupe-spyder-2016-2018-s-aur8so3-t\/\"]}]},{\"@type\":\"ImageObject\",\"inLanguage\":\"es\",\"@id\":\"https:\/\/stratocars.com\/tienda\/comprar\/akrapovic-slip-on-titanio-audi-r8-5-2-fsi-coupe-spyder-2016-2018-s-aur8so3-t\/#primaryimage\",\"url\":\"https:\/\/stratocars.com\/tienda\/wp-content\/uploads\/2023\/05\/S-AUR8SO3-T.jpg\",\"contentUrl\":\"https:\/\/stratocars.com\/tienda\/wp-content\/uploads\/2023\/05\/S-AUR8SO3-T.jpg\",\"width\":750,\"height\":750},{\"@type\":\"BreadcrumbList\",\"@id\":\"https:\/\/stratocars.com\/tienda\/comprar\/akrapovic-slip-on-titanio-audi-r8-5-2-fsi-coupe-spyder-2016-2018-s-aur8so3-t\/#breadcrumb\",\"itemListElement\":[{\"@type\":\"ListItem\",\"position\":1,\"name\":\"Portada\",\"item\":\"https:\/\/stratocars.com\/tienda\/\"},{\"@type\":\"ListItem\",\"position\":2,\"name\":\"Parts\",\"item\":\"https:\/\/stratocars.com\/tienda\/parts\/\"},{\"@type\":\"ListItem\",\"position\":3,\"name\":\"Akrapovic Slip-On ( Titanio) Audi R8 5.2 FSI Coup\u00e9\/Spyder 2016-2018 S-AUR8SO3-T\"}]},{\"@type\":\"WebSite\",\"@id\":\"https:\/\/stratocars.com\/tienda\/#website\",\"url\":\"https:\/\/stratocars.com\/tienda\/\",\"name\":\"STRATOCARS | Veh\u00edculos de Importaci\u00f3n y Recambios\",\"description\":\"Veh\u00edculos de Importaci\u00f3n y Recambios al mejor precio\",\"publisher\":{\"@id\":\"https:\/\/stratocars.com\/tienda\/#organization\"},\"potentialAction\":[{\"@type\":\"SearchAction\",\"target\":{\"@type\":\"EntryPoint\",\"urlTemplate\":\"https:\/\/stratocars.com\/tienda\/?s={search_term_string}\"},\"query-input\":{\"@type\":\"PropertyValueSpecification\",\"valueRequired\":true,\"valueName\":\"search_term_string\"}}],\"inLanguage\":\"es\"},{\"@type\":\"Organization\",\"@id\":\"https:\/\/stratocars.com\/tienda\/#organization\",\"name\":\"StratoCars\",\"url\":\"https:\/\/stratocars.com\/tienda\/\",\"logo\":{\"@type\":\"ImageObject\",\"inLanguage\":\"es\",\"@id\":\"https:\/\/stratocars.com\/tienda\/#\/schema\/logo\/image\/\",\"url\":\"https:\/\/stratocars.com\/tienda\/wp-content\/uploads\/2022\/09\/web-logo-strato-cars.png\",\"contentUrl\":\"https:\/\/stratocars.com\/tienda\/wp-content\/uploads\/2022\/09\/web-logo-strato-cars.png\",\"width\":345,\"height\":113,\"caption\":\"StratoCars\"},\"image\":{\"@id\":\"https:\/\/stratocars.com\/tienda\/#\/schema\/logo\/image\/\"}}]}<\/script>\n<!-- \/ Yoast SEO plugin. -->","yoast_head_json":{"title":"Akrapovic Slip-On ( Titanio) Audi R8 5.2 FSI Coup\u00e9\/Spyder 16-18","description":"Akrapovic Slip-On ( Titanio) Audi R8 5.2 FSI Coup\u00e9\/Spyder 2016-2018 S-AUR8SO3-T Akrapovic espa\u00f1a akrapovic almeria akrapovic porsche akrapovic center","robots":{"index":"index","follow":"follow","max-snippet":"max-snippet:-1","max-image-preview":"max-image-preview:large","max-video-preview":"max-video-preview:-1"},"canonical":"https:\/\/stratocars.com\/tienda\/comprar\/akrapovic-slip-on-titanio-audi-r8-5-2-fsi-coupe-spyder-2016-2018-s-aur8so3-t\/","og_locale":"es_ES","og_type":"article","og_title":"Akrapovic Slip-On ( Titanio) Audi R8 5.2 FSI Coup\u00e9\/Spyder 16-18","og_description":"Akrapovic Slip-On ( Titanio) Audi R8 5.2 FSI Coup\u00e9\/Spyder 2016-2018 S-AUR8SO3-T Akrapovic espa\u00f1a akrapovic almeria akrapovic porsche akrapovic center","og_url":"https:\/\/stratocars.com\/tienda\/comprar\/akrapovic-slip-on-titanio-audi-r8-5-2-fsi-coupe-spyder-2016-2018-s-aur8so3-t\/","og_site_name":"STRATOCARS | Veh\u00edculos de Importaci\u00f3n y Recambios","article_modified_time":"2023-05-23T07:53:40+00:00","og_image":[{"width":750,"height":750,"url":"https:\/\/stratocars.com\/tienda\/wp-content\/uploads\/2023\/05\/S-AUR8SO3-T.jpg","type":"image\/jpeg"}],"twitter_card":"summary_large_image","twitter_misc":{"Tiempo de lectura":"1 minuto"},"schema":{"@context":"https:\/\/schema.org","@graph":[{"@type":"WebPage","@id":"https:\/\/stratocars.com\/tienda\/comprar\/akrapovic-slip-on-titanio-audi-r8-5-2-fsi-coupe-spyder-2016-2018-s-aur8so3-t\/","url":"https:\/\/stratocars.com\/tienda\/comprar\/akrapovic-slip-on-titanio-audi-r8-5-2-fsi-coupe-spyder-2016-2018-s-aur8so3-t\/","name":"Akrapovic Slip-On ( Titanio) Audi R8 5.2 FSI Coup\u00e9\/Spyder 16-18","isPartOf":{"@id":"https:\/\/stratocars.com\/tienda\/#website"},"primaryImageOfPage":{"@id":"https:\/\/stratocars.com\/tienda\/comprar\/akrapovic-slip-on-titanio-audi-r8-5-2-fsi-coupe-spyder-2016-2018-s-aur8so3-t\/#primaryimage"},"image":{"@id":"https:\/\/stratocars.com\/tienda\/comprar\/akrapovic-slip-on-titanio-audi-r8-5-2-fsi-coupe-spyder-2016-2018-s-aur8so3-t\/#primaryimage"},"thumbnailUrl":"https:\/\/stratocars.com\/tienda\/wp-content\/uploads\/2023\/05\/S-AUR8SO3-T.jpg","datePublished":"2023-05-23T07:47:20+00:00","dateModified":"2023-05-23T07:53:40+00:00","description":"Akrapovic Slip-On ( Titanio) Audi R8 5.2 FSI Coup\u00e9\/Spyder 2016-2018 S-AUR8SO3-T Akrapovic espa\u00f1a akrapovic almeria akrapovic porsche akrapovic center","breadcrumb":{"@id":"https:\/\/stratocars.com\/tienda\/comprar\/akrapovic-slip-on-titanio-audi-r8-5-2-fsi-coupe-spyder-2016-2018-s-aur8so3-t\/#breadcrumb"},"inLanguage":"es","potentialAction":[{"@type":"ReadAction","target":["https:\/\/stratocars.com\/tienda\/comprar\/akrapovic-slip-on-titanio-audi-r8-5-2-fsi-coupe-spyder-2016-2018-s-aur8so3-t\/"]}]},{"@type":"ImageObject","inLanguage":"es","@id":"https:\/\/stratocars.com\/tienda\/comprar\/akrapovic-slip-on-titanio-audi-r8-5-2-fsi-coupe-spyder-2016-2018-s-aur8so3-t\/#primaryimage","url":"https:\/\/stratocars.com\/tienda\/wp-content\/uploads\/2023\/05\/S-AUR8SO3-T.jpg","contentUrl":"https:\/\/stratocars.com\/tienda\/wp-content\/uploads\/2023\/05\/S-AUR8SO3-T.jpg","width":750,"height":750},{"@type":"BreadcrumbList","@id":"https:\/\/stratocars.com\/tienda\/comprar\/akrapovic-slip-on-titanio-audi-r8-5-2-fsi-coupe-spyder-2016-2018-s-aur8so3-t\/#breadcrumb","itemListElement":[{"@type":"ListItem","position":1,"name":"Portada","item":"https:\/\/stratocars.com\/tienda\/"},{"@type":"ListItem","position":2,"name":"Parts","item":"https:\/\/stratocars.com\/tienda\/parts\/"},{"@type":"ListItem","position":3,"name":"Akrapovic Slip-On ( Titanio) Audi R8 5.2 FSI Coup\u00e9\/Spyder 2016-2018 S-AUR8SO3-T"}]},{"@type":"WebSite","@id":"https:\/\/stratocars.com\/tienda\/#website","url":"https:\/\/stratocars.com\/tienda\/","name":"STRATOCARS | Veh\u00edculos de Importaci\u00f3n y Recambios","description":"Veh\u00edculos de Importaci\u00f3n y Recambios al mejor precio","publisher":{"@id":"https:\/\/stratocars.com\/tienda\/#organization"},"potentialAction":[{"@type":"SearchAction","target":{"@type":"EntryPoint","urlTemplate":"https:\/\/stratocars.com\/tienda\/?s={search_term_string}"},"query-input":{"@type":"PropertyValueSpecification","valueRequired":true,"valueName":"search_term_string"}}],"inLanguage":"es"},{"@type":"Organization","@id":"https:\/\/stratocars.com\/tienda\/#organization","name":"StratoCars","url":"https:\/\/stratocars.com\/tienda\/","logo":{"@type":"ImageObject","inLanguage":"es","@id":"https:\/\/stratocars.com\/tienda\/#\/schema\/logo\/image\/","url":"https:\/\/stratocars.com\/tienda\/wp-content\/uploads\/2022\/09\/web-logo-strato-cars.png","contentUrl":"https:\/\/stratocars.com\/tienda\/wp-content\/uploads\/2022\/09\/web-logo-strato-cars.png","width":345,"height":113,"caption":"StratoCars"},"image":{"@id":"https:\/\/stratocars.com\/tienda\/#\/schema\/logo\/image\/"}}]}},"_links":{"self":[{"href":"https:\/\/stratocars.com\/tienda\/wp-json\/wp\/v2\/product\/4039"}],"collection":[{"href":"https:\/\/stratocars.com\/tienda\/wp-json\/wp\/v2\/product"}],"about":[{"href":"https:\/\/stratocars.com\/tienda\/wp-json\/wp\/v2\/types\/product"}],"wp:featuredmedia":[{"embeddable":true,"href":"https:\/\/stratocars.com\/tienda\/wp-json\/wp\/v2\/media\/4052"}],"wp:attachment":[{"href":"https:\/\/stratocars.com\/tienda\/wp-json\/wp\/v2\/media?parent=4039"}],"wp:term":[{"taxonomy":"make_fuel_type","embeddable":true,"href":"https:\/\/stratocars.com\/tienda\/wp-json\/wp\/v2\/make_fuel_type?post=4039"},{"taxonomy":"make_model","embeddable":true,"href":"https:\/\/stratocars.com\/tienda\/wp-json\/wp\/v2\/make_model?post=4039"},{"taxonomy":"make_brand","embeddable":true,"href":"https:\/\/stratocars.com\/tienda\/wp-json\/wp\/v2\/make_brand?post=4039"},{"taxonomy":"make_year","embeddable":true,"href":"https:\/\/stratocars.com\/tienda\/wp-json\/wp\/v2\/make_year?post=4039"},{"taxonomy":"product_cat","embeddable":true,"href":"https:\/\/stratocars.com\/tienda\/wp-json\/wp\/v2\/product_cat?post=4039"},{"taxonomy":"product_tag","embeddable":true,"href":"https:\/\/stratocars.com\/tienda\/wp-json\/wp\/v2\/product_tag?post=4039"}],"curies":[{"name":"wp","href":"https:\/\/api.w.org\/{rel}","templated":true}]}}