{"id":4053,"date":"2023-05-23T07:53:45","date_gmt":"2023-05-23T07:53:45","guid":{"rendered":"https:\/\/stratocars.com\/tienda\/?post_type=product&#038;p=4053"},"modified":"2023-05-23T08:14:29","modified_gmt":"2023-05-23T08:14:29","slug":"akrapovic-evolution-line-titanio-audi-rs-3-8y-opf-gpf-s-au-ti-23h","status":"publish","type":"product","link":"https:\/\/stratocars.com\/tienda\/comprar\/akrapovic-evolution-line-titanio-audi-rs-3-8y-opf-gpf-s-au-ti-23h\/","title":{"rendered":"Akrapovic Evolution Line (Titanio) Audi RS 3 (8Y) &#8211; OPF\/GPF S-AU\/TI\/23H"},"content":{"rendered":"<p>Akrapovic Evolution Line (Titanio) Audi RS 3 (8Y) &#8211; OPF\/GPF <\/p>\n<p>S-AU\/TI\/23H<\/p>\n<p>Con un peso un 44,1 % m\u00e1s ligero que la configuraci\u00f3n est\u00e1ndar, este sistema proporciona ganancias de potencia de 7,5 kW (10,2 hp) a 5450 rpm y aumentos de par de 8,8 Nm a 3900 rpm (cuando se prueba en el banco de pruebas Akrapovi\u010d contra un Audi RS 3 con un est\u00e1ndar escape de serie).<\/p>\n<p>Este producto est\u00e1 construido con tubos de titanio de alta calidad y un silenciador, que se unen a los tubos de bajada originales del autom\u00f3vil con un tubo de enlace de acero inoxidable de alta calidad y se terminan con tubos de escape de fibra de carbono hechos a mano y una funda interior de titanio.<\/p>\n<p>La fundici\u00f3n interna funde las carcasas de las dos v\u00e1lvulas de escape, una para cada lado del silenciador para adaptar el sonido. Los tonos distintivos del motor de cinco cilindros brindan un ronroneo relajado y placentero en el modo de confort, con un elegante recordatorio del potencial del autom\u00f3vil cuando viaja en modo din\u00e1mico, y luego se brinda la experiencia de sonido completa mientras acelera y alcanza el l\u00edmite. Un difusor trasero de fibra de carbono hecho a mano de alto brillo est\u00e1 disponible como un extra opcional, al igual que el kit de sonido Akrapovi\u010d opcional para ofrecer un control total sobre los tonos del escape.<\/p>\n<p>*Si se monta el kit de sonido Akrapovi\u010d, el certificado de homologaci\u00f3n ECE de Evolution Line (titanio) no es v\u00e1lido.<\/p>\n<p>El sistema de escape tiene homologaci\u00f3n ECE para veh\u00edculos equipados con filtro de part\u00edculas Otto\/gasolina.<\/p>\n","protected":false},"excerpt":{"rendered":"<p>Akrapovic Evolution Line (Titanio) Audi RS 3 (8Y) &#8211; OPF\/GPF <\/p>\n<p>S-AU\/TI\/23H<\/p>\n","protected":false},"featured_media":4059,"template":"","meta":[],"make_fuel_type":[],"make_model":[213],"make_brand":[57],"make_year":[187,481,879],"product_cat":[167,168,141],"product_tag":[],"class_list":{"0":"post-4053","1":"product","2":"type-product","3":"status-publish","4":"has-post-thumbnail","6":"make_engine-2-5-tfsi","7":"make_model-rs3-8y-mk4","8":"make_brand-audi","9":"make_year-187","10":"make_year-481","11":"make_year-879","12":"product_cat-catback","13":"product_cat-silenciadores","14":"product_cat-escapes","16":"first","17":"instock","18":"sale","19":"taxable","20":"shipping-taxable","21":"purchasable","22":"product-type-variable"},"exclude_global_add_ons":[],"addons":[],"yoast_head":"<!-- This site is optimized with the Yoast SEO plugin v23.4 - https:\/\/yoast.com\/wordpress\/plugins\/seo\/ -->\n<title>Akrapovic Evolution Line (Titanio) Audi RS 3 (8Y) S-AU\/TI\/23H<\/title>\n<meta name=\"description\" content=\"Akrapovic Evolution Line ( Titanio) Audi RS 3 (8Y) - OPF\/GPF S-AU\/TI\/23H Akrapovic espa\u00f1a akrapovic almeria akrapovic porsche akrapovic center\" \/>\n<meta name=\"robots\" content=\"index, follow, max-snippet:-1, max-image-preview:large, max-video-preview:-1\" \/>\n<link rel=\"canonical\" href=\"https:\/\/stratocars.com\/tienda\/comprar\/akrapovic-evolution-line-titanio-audi-rs-3-8y-opf-gpf-s-au-ti-23h\/\" \/>\n<meta property=\"og:locale\" content=\"es_ES\" \/>\n<meta property=\"og:type\" content=\"article\" \/>\n<meta property=\"og:title\" content=\"Akrapovic Evolution Line (Titanio) Audi RS 3 (8Y) S-AU\/TI\/23H\" \/>\n<meta property=\"og:description\" content=\"Akrapovic Evolution Line ( Titanio) Audi RS 3 (8Y) - OPF\/GPF S-AU\/TI\/23H Akrapovic espa\u00f1a akrapovic almeria akrapovic porsche akrapovic center\" \/>\n<meta property=\"og:url\" content=\"https:\/\/stratocars.com\/tienda\/comprar\/akrapovic-evolution-line-titanio-audi-rs-3-8y-opf-gpf-s-au-ti-23h\/\" \/>\n<meta property=\"og:site_name\" content=\"STRATOCARS | Veh\u00edculos de Importaci\u00f3n y Recambios\" \/>\n<meta property=\"article:modified_time\" content=\"2023-05-23T08:14:29+00:00\" \/>\n<meta property=\"og:image\" content=\"https:\/\/stratocars.com\/tienda\/wp-content\/uploads\/2023\/05\/rs-3-8-y-4.jpg\" \/>\n\t<meta property=\"og:image:width\" content=\"750\" \/>\n\t<meta property=\"og:image:height\" content=\"750\" \/>\n\t<meta property=\"og:image:type\" content=\"image\/jpeg\" \/>\n<meta name=\"twitter:card\" content=\"summary_large_image\" \/>\n<meta name=\"twitter:label1\" content=\"Tiempo de lectura\" \/>\n\t<meta name=\"twitter:data1\" content=\"1 minuto\" \/>\n<script type=\"application\/ld+json\" class=\"yoast-schema-graph\">{\"@context\":\"https:\/\/schema.org\",\"@graph\":[{\"@type\":\"WebPage\",\"@id\":\"https:\/\/stratocars.com\/tienda\/comprar\/akrapovic-evolution-line-titanio-audi-rs-3-8y-opf-gpf-s-au-ti-23h\/\",\"url\":\"https:\/\/stratocars.com\/tienda\/comprar\/akrapovic-evolution-line-titanio-audi-rs-3-8y-opf-gpf-s-au-ti-23h\/\",\"name\":\"Akrapovic Evolution Line (Titanio) Audi RS 3 (8Y) S-AU\/TI\/23H\",\"isPartOf\":{\"@id\":\"https:\/\/stratocars.com\/tienda\/#website\"},\"primaryImageOfPage\":{\"@id\":\"https:\/\/stratocars.com\/tienda\/comprar\/akrapovic-evolution-line-titanio-audi-rs-3-8y-opf-gpf-s-au-ti-23h\/#primaryimage\"},\"image\":{\"@id\":\"https:\/\/stratocars.com\/tienda\/comprar\/akrapovic-evolution-line-titanio-audi-rs-3-8y-opf-gpf-s-au-ti-23h\/#primaryimage\"},\"thumbnailUrl\":\"https:\/\/stratocars.com\/tienda\/wp-content\/uploads\/2023\/05\/rs-3-8-y-4.jpg\",\"datePublished\":\"2023-05-23T07:53:45+00:00\",\"dateModified\":\"2023-05-23T08:14:29+00:00\",\"description\":\"Akrapovic Evolution Line ( Titanio) Audi RS 3 (8Y) - OPF\/GPF S-AU\/TI\/23H Akrapovic espa\u00f1a akrapovic almeria akrapovic porsche akrapovic center\",\"breadcrumb\":{\"@id\":\"https:\/\/stratocars.com\/tienda\/comprar\/akrapovic-evolution-line-titanio-audi-rs-3-8y-opf-gpf-s-au-ti-23h\/#breadcrumb\"},\"inLanguage\":\"es\",\"potentialAction\":[{\"@type\":\"ReadAction\",\"target\":[\"https:\/\/stratocars.com\/tienda\/comprar\/akrapovic-evolution-line-titanio-audi-rs-3-8y-opf-gpf-s-au-ti-23h\/\"]}]},{\"@type\":\"ImageObject\",\"inLanguage\":\"es\",\"@id\":\"https:\/\/stratocars.com\/tienda\/comprar\/akrapovic-evolution-line-titanio-audi-rs-3-8y-opf-gpf-s-au-ti-23h\/#primaryimage\",\"url\":\"https:\/\/stratocars.com\/tienda\/wp-content\/uploads\/2023\/05\/rs-3-8-y-4.jpg\",\"contentUrl\":\"https:\/\/stratocars.com\/tienda\/wp-content\/uploads\/2023\/05\/rs-3-8-y-4.jpg\",\"width\":750,\"height\":750},{\"@type\":\"BreadcrumbList\",\"@id\":\"https:\/\/stratocars.com\/tienda\/comprar\/akrapovic-evolution-line-titanio-audi-rs-3-8y-opf-gpf-s-au-ti-23h\/#breadcrumb\",\"itemListElement\":[{\"@type\":\"ListItem\",\"position\":1,\"name\":\"Portada\",\"item\":\"https:\/\/stratocars.com\/tienda\/\"},{\"@type\":\"ListItem\",\"position\":2,\"name\":\"Parts\",\"item\":\"https:\/\/stratocars.com\/tienda\/parts\/\"},{\"@type\":\"ListItem\",\"position\":3,\"name\":\"Akrapovic Evolution Line (Titanio) Audi RS 3 (8Y) &#8211; OPF\/GPF S-AU\/TI\/23H\"}]},{\"@type\":\"WebSite\",\"@id\":\"https:\/\/stratocars.com\/tienda\/#website\",\"url\":\"https:\/\/stratocars.com\/tienda\/\",\"name\":\"STRATOCARS | Veh\u00edculos de Importaci\u00f3n y Recambios\",\"description\":\"Veh\u00edculos de Importaci\u00f3n y Recambios al mejor precio\",\"publisher\":{\"@id\":\"https:\/\/stratocars.com\/tienda\/#organization\"},\"potentialAction\":[{\"@type\":\"SearchAction\",\"target\":{\"@type\":\"EntryPoint\",\"urlTemplate\":\"https:\/\/stratocars.com\/tienda\/?s={search_term_string}\"},\"query-input\":{\"@type\":\"PropertyValueSpecification\",\"valueRequired\":true,\"valueName\":\"search_term_string\"}}],\"inLanguage\":\"es\"},{\"@type\":\"Organization\",\"@id\":\"https:\/\/stratocars.com\/tienda\/#organization\",\"name\":\"StratoCars\",\"url\":\"https:\/\/stratocars.com\/tienda\/\",\"logo\":{\"@type\":\"ImageObject\",\"inLanguage\":\"es\",\"@id\":\"https:\/\/stratocars.com\/tienda\/#\/schema\/logo\/image\/\",\"url\":\"https:\/\/stratocars.com\/tienda\/wp-content\/uploads\/2022\/09\/web-logo-strato-cars.png\",\"contentUrl\":\"https:\/\/stratocars.com\/tienda\/wp-content\/uploads\/2022\/09\/web-logo-strato-cars.png\",\"width\":345,\"height\":113,\"caption\":\"StratoCars\"},\"image\":{\"@id\":\"https:\/\/stratocars.com\/tienda\/#\/schema\/logo\/image\/\"}}]}<\/script>\n<!-- \/ Yoast SEO plugin. -->","yoast_head_json":{"title":"Akrapovic Evolution Line (Titanio) Audi RS 3 (8Y) S-AU\/TI\/23H","description":"Akrapovic Evolution Line ( Titanio) Audi RS 3 (8Y) - OPF\/GPF S-AU\/TI\/23H Akrapovic espa\u00f1a akrapovic almeria akrapovic porsche akrapovic center","robots":{"index":"index","follow":"follow","max-snippet":"max-snippet:-1","max-image-preview":"max-image-preview:large","max-video-preview":"max-video-preview:-1"},"canonical":"https:\/\/stratocars.com\/tienda\/comprar\/akrapovic-evolution-line-titanio-audi-rs-3-8y-opf-gpf-s-au-ti-23h\/","og_locale":"es_ES","og_type":"article","og_title":"Akrapovic Evolution Line (Titanio) Audi RS 3 (8Y) S-AU\/TI\/23H","og_description":"Akrapovic Evolution Line ( Titanio) Audi RS 3 (8Y) - OPF\/GPF S-AU\/TI\/23H Akrapovic espa\u00f1a akrapovic almeria akrapovic porsche akrapovic center","og_url":"https:\/\/stratocars.com\/tienda\/comprar\/akrapovic-evolution-line-titanio-audi-rs-3-8y-opf-gpf-s-au-ti-23h\/","og_site_name":"STRATOCARS | Veh\u00edculos de Importaci\u00f3n y Recambios","article_modified_time":"2023-05-23T08:14:29+00:00","og_image":[{"width":750,"height":750,"url":"https:\/\/stratocars.com\/tienda\/wp-content\/uploads\/2023\/05\/rs-3-8-y-4.jpg","type":"image\/jpeg"}],"twitter_card":"summary_large_image","twitter_misc":{"Tiempo de lectura":"1 minuto"},"schema":{"@context":"https:\/\/schema.org","@graph":[{"@type":"WebPage","@id":"https:\/\/stratocars.com\/tienda\/comprar\/akrapovic-evolution-line-titanio-audi-rs-3-8y-opf-gpf-s-au-ti-23h\/","url":"https:\/\/stratocars.com\/tienda\/comprar\/akrapovic-evolution-line-titanio-audi-rs-3-8y-opf-gpf-s-au-ti-23h\/","name":"Akrapovic Evolution Line (Titanio) Audi RS 3 (8Y) S-AU\/TI\/23H","isPartOf":{"@id":"https:\/\/stratocars.com\/tienda\/#website"},"primaryImageOfPage":{"@id":"https:\/\/stratocars.com\/tienda\/comprar\/akrapovic-evolution-line-titanio-audi-rs-3-8y-opf-gpf-s-au-ti-23h\/#primaryimage"},"image":{"@id":"https:\/\/stratocars.com\/tienda\/comprar\/akrapovic-evolution-line-titanio-audi-rs-3-8y-opf-gpf-s-au-ti-23h\/#primaryimage"},"thumbnailUrl":"https:\/\/stratocars.com\/tienda\/wp-content\/uploads\/2023\/05\/rs-3-8-y-4.jpg","datePublished":"2023-05-23T07:53:45+00:00","dateModified":"2023-05-23T08:14:29+00:00","description":"Akrapovic Evolution Line ( Titanio) Audi RS 3 (8Y) - OPF\/GPF S-AU\/TI\/23H Akrapovic espa\u00f1a akrapovic almeria akrapovic porsche akrapovic center","breadcrumb":{"@id":"https:\/\/stratocars.com\/tienda\/comprar\/akrapovic-evolution-line-titanio-audi-rs-3-8y-opf-gpf-s-au-ti-23h\/#breadcrumb"},"inLanguage":"es","potentialAction":[{"@type":"ReadAction","target":["https:\/\/stratocars.com\/tienda\/comprar\/akrapovic-evolution-line-titanio-audi-rs-3-8y-opf-gpf-s-au-ti-23h\/"]}]},{"@type":"ImageObject","inLanguage":"es","@id":"https:\/\/stratocars.com\/tienda\/comprar\/akrapovic-evolution-line-titanio-audi-rs-3-8y-opf-gpf-s-au-ti-23h\/#primaryimage","url":"https:\/\/stratocars.com\/tienda\/wp-content\/uploads\/2023\/05\/rs-3-8-y-4.jpg","contentUrl":"https:\/\/stratocars.com\/tienda\/wp-content\/uploads\/2023\/05\/rs-3-8-y-4.jpg","width":750,"height":750},{"@type":"BreadcrumbList","@id":"https:\/\/stratocars.com\/tienda\/comprar\/akrapovic-evolution-line-titanio-audi-rs-3-8y-opf-gpf-s-au-ti-23h\/#breadcrumb","itemListElement":[{"@type":"ListItem","position":1,"name":"Portada","item":"https:\/\/stratocars.com\/tienda\/"},{"@type":"ListItem","position":2,"name":"Parts","item":"https:\/\/stratocars.com\/tienda\/parts\/"},{"@type":"ListItem","position":3,"name":"Akrapovic Evolution Line (Titanio) Audi RS 3 (8Y) &#8211; OPF\/GPF S-AU\/TI\/23H"}]},{"@type":"WebSite","@id":"https:\/\/stratocars.com\/tienda\/#website","url":"https:\/\/stratocars.com\/tienda\/","name":"STRATOCARS | Veh\u00edculos de Importaci\u00f3n y Recambios","description":"Veh\u00edculos de Importaci\u00f3n y Recambios al mejor precio","publisher":{"@id":"https:\/\/stratocars.com\/tienda\/#organization"},"potentialAction":[{"@type":"SearchAction","target":{"@type":"EntryPoint","urlTemplate":"https:\/\/stratocars.com\/tienda\/?s={search_term_string}"},"query-input":{"@type":"PropertyValueSpecification","valueRequired":true,"valueName":"search_term_string"}}],"inLanguage":"es"},{"@type":"Organization","@id":"https:\/\/stratocars.com\/tienda\/#organization","name":"StratoCars","url":"https:\/\/stratocars.com\/tienda\/","logo":{"@type":"ImageObject","inLanguage":"es","@id":"https:\/\/stratocars.com\/tienda\/#\/schema\/logo\/image\/","url":"https:\/\/stratocars.com\/tienda\/wp-content\/uploads\/2022\/09\/web-logo-strato-cars.png","contentUrl":"https:\/\/stratocars.com\/tienda\/wp-content\/uploads\/2022\/09\/web-logo-strato-cars.png","width":345,"height":113,"caption":"StratoCars"},"image":{"@id":"https:\/\/stratocars.com\/tienda\/#\/schema\/logo\/image\/"}}]}},"_links":{"self":[{"href":"https:\/\/stratocars.com\/tienda\/wp-json\/wp\/v2\/product\/4053"}],"collection":[{"href":"https:\/\/stratocars.com\/tienda\/wp-json\/wp\/v2\/product"}],"about":[{"href":"https:\/\/stratocars.com\/tienda\/wp-json\/wp\/v2\/types\/product"}],"wp:featuredmedia":[{"embeddable":true,"href":"https:\/\/stratocars.com\/tienda\/wp-json\/wp\/v2\/media\/4059"}],"wp:attachment":[{"href":"https:\/\/stratocars.com\/tienda\/wp-json\/wp\/v2\/media?parent=4053"}],"wp:term":[{"taxonomy":"make_fuel_type","embeddable":true,"href":"https:\/\/stratocars.com\/tienda\/wp-json\/wp\/v2\/make_fuel_type?post=4053"},{"taxonomy":"make_model","embeddable":true,"href":"https:\/\/stratocars.com\/tienda\/wp-json\/wp\/v2\/make_model?post=4053"},{"taxonomy":"make_brand","embeddable":true,"href":"https:\/\/stratocars.com\/tienda\/wp-json\/wp\/v2\/make_brand?post=4053"},{"taxonomy":"make_year","embeddable":true,"href":"https:\/\/stratocars.com\/tienda\/wp-json\/wp\/v2\/make_year?post=4053"},{"taxonomy":"product_cat","embeddable":true,"href":"https:\/\/stratocars.com\/tienda\/wp-json\/wp\/v2\/product_cat?post=4053"},{"taxonomy":"product_tag","embeddable":true,"href":"https:\/\/stratocars.com\/tienda\/wp-json\/wp\/v2\/product_tag?post=4053"}],"curies":[{"name":"wp","href":"https:\/\/api.w.org\/{rel}","templated":true}]}}