{"id":4065,"date":"2023-05-23T08:14:34","date_gmt":"2023-05-23T08:14:34","guid":{"rendered":"https:\/\/stratocars.com\/tienda\/?post_type=product&#038;p=4065"},"modified":"2023-05-23T08:54:04","modified_gmt":"2023-05-23T08:54:04","slug":"akrapovic-evolution-line-titanio-cupra-formentor-s-cu-ti-1h","status":"publish","type":"product","link":"https:\/\/stratocars.com\/tienda\/comprar\/akrapovic-evolution-line-titanio-cupra-formentor-s-cu-ti-1h\/","title":{"rendered":"Akrapovic Evolution Line (Titanio) Cupra Formentor S-CU\/TI\/1H"},"content":{"rendered":"<p>Akrapovic Evolution Line (Titanio) Cupra Formentor <\/p>\n<p>S-CU\/TI\/1H<\/p>\n<p>Construido con materiales probados en carreras , los tubos de escape de fibra de carbono hechos a mano con carcasas internas de titanio, el silenciador de titanio de alta calidad pulido con chorro de arena y el tubo de conexi\u00f3n de acero inoxidable de alta calidad le dan al escape un incre\u00edble ahorro de peso del 49,6% en comparaci\u00f3n con el sistema de stock est\u00e1ndar.<\/p>\n<p>Cada lado del silenciador contiene una v\u00e1lvula de escape , con carcasas hechas en la fundici\u00f3n interna de Akrapovi\u010d, dise\u00f1ada para adaptar el sonido. Estas v\u00e1lvulas brindan un tono n\u00edtido, distintivo y bien definido al motor y brindan una diferencia entre los modos de conducci\u00f3n del autom\u00f3vil. Cuando se elige el Confort, el escape ofrece una nota relajante, ideal para viajes largos. El tono cambia en el modo Sport para ofrecer una fuerte sugerencia del potencial del motor, y en el modo Cupra se eleva a un gratificante rugido deportivo cuando se lo lleva al l\u00edmite. El sistema tambi\u00e9n viene con un kit de control especialmente desarrollado , que ofrece a los pasajeros la experiencia de sonido completa de un escape Akrapovi\u010d Evolution Line (titanio).<\/p>\n<p>Se registr\u00f3 una ganancia de potencia de 7,8 kW (10,6 hp) a 2800 rpm y un aumento de par de 27,3 Nm a 2750 rpm cuando se prob\u00f3 en el banco de pruebas Akrapovi\u010d contra un Cupra Formentor VZ5 con un escape est\u00e1ndar. No se necesita reasignaci\u00f3n para la configuraci\u00f3n, y la aprobaci\u00f3n de tipo ECE es v\u00e1lida para autom\u00f3viles equipados con un OPF (filtro de part\u00edculas Otto). Tambi\u00e9n est\u00e1 disponible un kit de sonido Akrapovi\u010d opcional. Cuando se instala esta pieza, la aprobaci\u00f3n de tipo ECE de Evolution Line (titanio) deja de ser v\u00e1lida. La aprobaci\u00f3n de tipo ECE es v\u00e1lida para autom\u00f3viles equipados con un OPF (filtro de part\u00edculas Otto).<\/p>\n","protected":false},"excerpt":{"rendered":"<p>Akrapovic Evolution Line (Titanio) Cupra Formentor <\/p>\n<p>S-CU\/TI\/1H<\/p>\n","protected":false},"featured_media":4077,"template":"","meta":[],"make_fuel_type":[],"make_model":[429],"make_brand":[295],"make_year":[187,481,879],"product_cat":[167,168,141],"product_tag":[],"class_list":{"0":"post-4065","1":"product","2":"type-product","3":"status-publish","4":"has-post-thumbnail","6":"make_engine-2-0-t","7":"make_model-formentor","8":"make_brand-cupra","9":"make_year-187","10":"make_year-481","11":"make_year-879","12":"product_cat-catback","13":"product_cat-silenciadores","14":"product_cat-escapes","16":"first","17":"instock","18":"sale","19":"taxable","20":"shipping-taxable","21":"purchasable","22":"product-type-variable"},"exclude_global_add_ons":[],"addons":[],"yoast_head":"<!-- This site is optimized with the Yoast SEO plugin v23.4 - https:\/\/yoast.com\/wordpress\/plugins\/seo\/ -->\n<title>Akrapovic Evolution Line (Titanio) Cupra Formentor S-CU\/TI\/1H<\/title>\n<meta name=\"description\" content=\"Akrapovic Evolution Line (Titanio) Cupra Formentor S-CU\/TI\/1H Akrapovic espa\u00f1a akrapovic almeria akrapovic porsche akrapovic center\" \/>\n<meta name=\"robots\" content=\"index, follow, max-snippet:-1, max-image-preview:large, max-video-preview:-1\" \/>\n<link rel=\"canonical\" href=\"https:\/\/stratocars.com\/tienda\/comprar\/akrapovic-evolution-line-titanio-cupra-formentor-s-cu-ti-1h\/\" \/>\n<meta property=\"og:locale\" content=\"es_ES\" \/>\n<meta property=\"og:type\" content=\"article\" \/>\n<meta property=\"og:title\" content=\"Akrapovic Evolution Line (Titanio) Cupra Formentor S-CU\/TI\/1H\" \/>\n<meta property=\"og:description\" content=\"Akrapovic Evolution Line (Titanio) Cupra Formentor S-CU\/TI\/1H Akrapovic espa\u00f1a akrapovic almeria akrapovic porsche akrapovic center\" \/>\n<meta property=\"og:url\" content=\"https:\/\/stratocars.com\/tienda\/comprar\/akrapovic-evolution-line-titanio-cupra-formentor-s-cu-ti-1h\/\" \/>\n<meta property=\"og:site_name\" content=\"STRATOCARS | Veh\u00edculos de Importaci\u00f3n y Recambios\" \/>\n<meta property=\"article:modified_time\" content=\"2023-05-23T08:54:04+00:00\" \/>\n<meta property=\"og:image\" content=\"https:\/\/stratocars.com\/tienda\/wp-content\/uploads\/2023\/05\/akrapovic-cupra-stratocars.jpg\" \/>\n\t<meta property=\"og:image:width\" content=\"750\" \/>\n\t<meta property=\"og:image:height\" content=\"750\" \/>\n\t<meta property=\"og:image:type\" content=\"image\/jpeg\" \/>\n<meta name=\"twitter:card\" content=\"summary_large_image\" \/>\n<meta name=\"twitter:label1\" content=\"Tiempo de lectura\" \/>\n\t<meta name=\"twitter:data1\" content=\"2 minutos\" \/>\n<script type=\"application\/ld+json\" class=\"yoast-schema-graph\">{\"@context\":\"https:\/\/schema.org\",\"@graph\":[{\"@type\":\"WebPage\",\"@id\":\"https:\/\/stratocars.com\/tienda\/comprar\/akrapovic-evolution-line-titanio-cupra-formentor-s-cu-ti-1h\/\",\"url\":\"https:\/\/stratocars.com\/tienda\/comprar\/akrapovic-evolution-line-titanio-cupra-formentor-s-cu-ti-1h\/\",\"name\":\"Akrapovic Evolution Line (Titanio) Cupra Formentor S-CU\/TI\/1H\",\"isPartOf\":{\"@id\":\"https:\/\/stratocars.com\/tienda\/#website\"},\"primaryImageOfPage\":{\"@id\":\"https:\/\/stratocars.com\/tienda\/comprar\/akrapovic-evolution-line-titanio-cupra-formentor-s-cu-ti-1h\/#primaryimage\"},\"image\":{\"@id\":\"https:\/\/stratocars.com\/tienda\/comprar\/akrapovic-evolution-line-titanio-cupra-formentor-s-cu-ti-1h\/#primaryimage\"},\"thumbnailUrl\":\"https:\/\/stratocars.com\/tienda\/wp-content\/uploads\/2023\/05\/akrapovic-cupra-stratocars.jpg\",\"datePublished\":\"2023-05-23T08:14:34+00:00\",\"dateModified\":\"2023-05-23T08:54:04+00:00\",\"description\":\"Akrapovic Evolution Line (Titanio) Cupra Formentor S-CU\/TI\/1H Akrapovic espa\u00f1a akrapovic almeria akrapovic porsche akrapovic center\",\"breadcrumb\":{\"@id\":\"https:\/\/stratocars.com\/tienda\/comprar\/akrapovic-evolution-line-titanio-cupra-formentor-s-cu-ti-1h\/#breadcrumb\"},\"inLanguage\":\"es\",\"potentialAction\":[{\"@type\":\"ReadAction\",\"target\":[\"https:\/\/stratocars.com\/tienda\/comprar\/akrapovic-evolution-line-titanio-cupra-formentor-s-cu-ti-1h\/\"]}]},{\"@type\":\"ImageObject\",\"inLanguage\":\"es\",\"@id\":\"https:\/\/stratocars.com\/tienda\/comprar\/akrapovic-evolution-line-titanio-cupra-formentor-s-cu-ti-1h\/#primaryimage\",\"url\":\"https:\/\/stratocars.com\/tienda\/wp-content\/uploads\/2023\/05\/akrapovic-cupra-stratocars.jpg\",\"contentUrl\":\"https:\/\/stratocars.com\/tienda\/wp-content\/uploads\/2023\/05\/akrapovic-cupra-stratocars.jpg\",\"width\":750,\"height\":750},{\"@type\":\"BreadcrumbList\",\"@id\":\"https:\/\/stratocars.com\/tienda\/comprar\/akrapovic-evolution-line-titanio-cupra-formentor-s-cu-ti-1h\/#breadcrumb\",\"itemListElement\":[{\"@type\":\"ListItem\",\"position\":1,\"name\":\"Portada\",\"item\":\"https:\/\/stratocars.com\/tienda\/\"},{\"@type\":\"ListItem\",\"position\":2,\"name\":\"Parts\",\"item\":\"https:\/\/stratocars.com\/tienda\/parts\/\"},{\"@type\":\"ListItem\",\"position\":3,\"name\":\"Akrapovic Evolution Line (Titanio) Cupra Formentor S-CU\/TI\/1H\"}]},{\"@type\":\"WebSite\",\"@id\":\"https:\/\/stratocars.com\/tienda\/#website\",\"url\":\"https:\/\/stratocars.com\/tienda\/\",\"name\":\"STRATOCARS | Veh\u00edculos de Importaci\u00f3n y Recambios\",\"description\":\"Veh\u00edculos de Importaci\u00f3n y Recambios al mejor precio\",\"publisher\":{\"@id\":\"https:\/\/stratocars.com\/tienda\/#organization\"},\"potentialAction\":[{\"@type\":\"SearchAction\",\"target\":{\"@type\":\"EntryPoint\",\"urlTemplate\":\"https:\/\/stratocars.com\/tienda\/?s={search_term_string}\"},\"query-input\":{\"@type\":\"PropertyValueSpecification\",\"valueRequired\":true,\"valueName\":\"search_term_string\"}}],\"inLanguage\":\"es\"},{\"@type\":\"Organization\",\"@id\":\"https:\/\/stratocars.com\/tienda\/#organization\",\"name\":\"StratoCars\",\"url\":\"https:\/\/stratocars.com\/tienda\/\",\"logo\":{\"@type\":\"ImageObject\",\"inLanguage\":\"es\",\"@id\":\"https:\/\/stratocars.com\/tienda\/#\/schema\/logo\/image\/\",\"url\":\"https:\/\/stratocars.com\/tienda\/wp-content\/uploads\/2022\/09\/web-logo-strato-cars.png\",\"contentUrl\":\"https:\/\/stratocars.com\/tienda\/wp-content\/uploads\/2022\/09\/web-logo-strato-cars.png\",\"width\":345,\"height\":113,\"caption\":\"StratoCars\"},\"image\":{\"@id\":\"https:\/\/stratocars.com\/tienda\/#\/schema\/logo\/image\/\"}}]}<\/script>\n<!-- \/ Yoast SEO plugin. -->","yoast_head_json":{"title":"Akrapovic Evolution Line (Titanio) Cupra Formentor S-CU\/TI\/1H","description":"Akrapovic Evolution Line (Titanio) Cupra Formentor S-CU\/TI\/1H Akrapovic espa\u00f1a akrapovic almeria akrapovic porsche akrapovic center","robots":{"index":"index","follow":"follow","max-snippet":"max-snippet:-1","max-image-preview":"max-image-preview:large","max-video-preview":"max-video-preview:-1"},"canonical":"https:\/\/stratocars.com\/tienda\/comprar\/akrapovic-evolution-line-titanio-cupra-formentor-s-cu-ti-1h\/","og_locale":"es_ES","og_type":"article","og_title":"Akrapovic Evolution Line (Titanio) Cupra Formentor S-CU\/TI\/1H","og_description":"Akrapovic Evolution Line (Titanio) Cupra Formentor S-CU\/TI\/1H Akrapovic espa\u00f1a akrapovic almeria akrapovic porsche akrapovic center","og_url":"https:\/\/stratocars.com\/tienda\/comprar\/akrapovic-evolution-line-titanio-cupra-formentor-s-cu-ti-1h\/","og_site_name":"STRATOCARS | Veh\u00edculos de Importaci\u00f3n y Recambios","article_modified_time":"2023-05-23T08:54:04+00:00","og_image":[{"width":750,"height":750,"url":"https:\/\/stratocars.com\/tienda\/wp-content\/uploads\/2023\/05\/akrapovic-cupra-stratocars.jpg","type":"image\/jpeg"}],"twitter_card":"summary_large_image","twitter_misc":{"Tiempo de lectura":"2 minutos"},"schema":{"@context":"https:\/\/schema.org","@graph":[{"@type":"WebPage","@id":"https:\/\/stratocars.com\/tienda\/comprar\/akrapovic-evolution-line-titanio-cupra-formentor-s-cu-ti-1h\/","url":"https:\/\/stratocars.com\/tienda\/comprar\/akrapovic-evolution-line-titanio-cupra-formentor-s-cu-ti-1h\/","name":"Akrapovic Evolution Line (Titanio) Cupra Formentor S-CU\/TI\/1H","isPartOf":{"@id":"https:\/\/stratocars.com\/tienda\/#website"},"primaryImageOfPage":{"@id":"https:\/\/stratocars.com\/tienda\/comprar\/akrapovic-evolution-line-titanio-cupra-formentor-s-cu-ti-1h\/#primaryimage"},"image":{"@id":"https:\/\/stratocars.com\/tienda\/comprar\/akrapovic-evolution-line-titanio-cupra-formentor-s-cu-ti-1h\/#primaryimage"},"thumbnailUrl":"https:\/\/stratocars.com\/tienda\/wp-content\/uploads\/2023\/05\/akrapovic-cupra-stratocars.jpg","datePublished":"2023-05-23T08:14:34+00:00","dateModified":"2023-05-23T08:54:04+00:00","description":"Akrapovic Evolution Line (Titanio) Cupra Formentor S-CU\/TI\/1H Akrapovic espa\u00f1a akrapovic almeria akrapovic porsche akrapovic center","breadcrumb":{"@id":"https:\/\/stratocars.com\/tienda\/comprar\/akrapovic-evolution-line-titanio-cupra-formentor-s-cu-ti-1h\/#breadcrumb"},"inLanguage":"es","potentialAction":[{"@type":"ReadAction","target":["https:\/\/stratocars.com\/tienda\/comprar\/akrapovic-evolution-line-titanio-cupra-formentor-s-cu-ti-1h\/"]}]},{"@type":"ImageObject","inLanguage":"es","@id":"https:\/\/stratocars.com\/tienda\/comprar\/akrapovic-evolution-line-titanio-cupra-formentor-s-cu-ti-1h\/#primaryimage","url":"https:\/\/stratocars.com\/tienda\/wp-content\/uploads\/2023\/05\/akrapovic-cupra-stratocars.jpg","contentUrl":"https:\/\/stratocars.com\/tienda\/wp-content\/uploads\/2023\/05\/akrapovic-cupra-stratocars.jpg","width":750,"height":750},{"@type":"BreadcrumbList","@id":"https:\/\/stratocars.com\/tienda\/comprar\/akrapovic-evolution-line-titanio-cupra-formentor-s-cu-ti-1h\/#breadcrumb","itemListElement":[{"@type":"ListItem","position":1,"name":"Portada","item":"https:\/\/stratocars.com\/tienda\/"},{"@type":"ListItem","position":2,"name":"Parts","item":"https:\/\/stratocars.com\/tienda\/parts\/"},{"@type":"ListItem","position":3,"name":"Akrapovic Evolution Line (Titanio) Cupra Formentor S-CU\/TI\/1H"}]},{"@type":"WebSite","@id":"https:\/\/stratocars.com\/tienda\/#website","url":"https:\/\/stratocars.com\/tienda\/","name":"STRATOCARS | Veh\u00edculos de Importaci\u00f3n y Recambios","description":"Veh\u00edculos de Importaci\u00f3n y Recambios al mejor precio","publisher":{"@id":"https:\/\/stratocars.com\/tienda\/#organization"},"potentialAction":[{"@type":"SearchAction","target":{"@type":"EntryPoint","urlTemplate":"https:\/\/stratocars.com\/tienda\/?s={search_term_string}"},"query-input":{"@type":"PropertyValueSpecification","valueRequired":true,"valueName":"search_term_string"}}],"inLanguage":"es"},{"@type":"Organization","@id":"https:\/\/stratocars.com\/tienda\/#organization","name":"StratoCars","url":"https:\/\/stratocars.com\/tienda\/","logo":{"@type":"ImageObject","inLanguage":"es","@id":"https:\/\/stratocars.com\/tienda\/#\/schema\/logo\/image\/","url":"https:\/\/stratocars.com\/tienda\/wp-content\/uploads\/2022\/09\/web-logo-strato-cars.png","contentUrl":"https:\/\/stratocars.com\/tienda\/wp-content\/uploads\/2022\/09\/web-logo-strato-cars.png","width":345,"height":113,"caption":"StratoCars"},"image":{"@id":"https:\/\/stratocars.com\/tienda\/#\/schema\/logo\/image\/"}}]}},"_links":{"self":[{"href":"https:\/\/stratocars.com\/tienda\/wp-json\/wp\/v2\/product\/4065"}],"collection":[{"href":"https:\/\/stratocars.com\/tienda\/wp-json\/wp\/v2\/product"}],"about":[{"href":"https:\/\/stratocars.com\/tienda\/wp-json\/wp\/v2\/types\/product"}],"wp:featuredmedia":[{"embeddable":true,"href":"https:\/\/stratocars.com\/tienda\/wp-json\/wp\/v2\/media\/4077"}],"wp:attachment":[{"href":"https:\/\/stratocars.com\/tienda\/wp-json\/wp\/v2\/media?parent=4065"}],"wp:term":[{"taxonomy":"make_fuel_type","embeddable":true,"href":"https:\/\/stratocars.com\/tienda\/wp-json\/wp\/v2\/make_fuel_type?post=4065"},{"taxonomy":"make_model","embeddable":true,"href":"https:\/\/stratocars.com\/tienda\/wp-json\/wp\/v2\/make_model?post=4065"},{"taxonomy":"make_brand","embeddable":true,"href":"https:\/\/stratocars.com\/tienda\/wp-json\/wp\/v2\/make_brand?post=4065"},{"taxonomy":"make_year","embeddable":true,"href":"https:\/\/stratocars.com\/tienda\/wp-json\/wp\/v2\/make_year?post=4065"},{"taxonomy":"product_cat","embeddable":true,"href":"https:\/\/stratocars.com\/tienda\/wp-json\/wp\/v2\/product_cat?post=4065"},{"taxonomy":"product_tag","embeddable":true,"href":"https:\/\/stratocars.com\/tienda\/wp-json\/wp\/v2\/product_tag?post=4065"}],"curies":[{"name":"wp","href":"https:\/\/api.w.org\/{rel}","templated":true}]}}