{"id":4092,"date":"2023-11-07T10:18:40","date_gmt":"2023-11-07T10:18:40","guid":{"rendered":"https:\/\/stratocars.com\/tienda\/?post_type=product&#038;p=4092"},"modified":"2023-11-07T10:45:23","modified_gmt":"2023-11-07T10:45:23","slug":"pfc-discos-2-piezas-clio-3-rs-megane-2-rs","status":"publish","type":"product","link":"https:\/\/stratocars.com\/tienda\/comprar\/pfc-discos-2-piezas-clio-3-rs-megane-2-rs\/","title":{"rendered":"PFC Discos 2 piezas Clio 3 RS Megane 2 RS"},"content":{"rendered":"<p>PFC Discos 2 piezas Clio 3 RS Megane 2 RS<\/p>\n<p>Conjunto de disco V3 ranurado delantero de 330 mm<\/p>\n<p>Actualizaci\u00f3n del disco delantero V3 ranurado Direct Drive flotante de dos piezas Megane-2 Clio 3<\/p>\n<p>Se incluyen tornillos y espaciadores de pinza con cada par de conjuntos para actualizar de discos de 312 mm de di\u00e1metro a discos de 330 mm de di\u00e1metro.<\/p>\n<p>Esta conversi\u00f3n encajar\u00e1 dentro del perfil de rueda OE. Es posible que sea necesario reubicar algunos contrapesos de las ruedas si hay un problema de espacio libre<\/p>\n","protected":false},"excerpt":{"rendered":"<p>PFC Discos 2 piezas Clio 3 RS Megane 2 RS<\/p>\n","protected":false},"featured_media":4094,"template":"","meta":[],"make_fuel_type":[],"make_model":[800,802],"make_brand":[311],"make_year":[31,32,33,34,35,36,171,172,173,174,175,176,177,178],"product_cat":[49,111,120],"product_tag":[],"class_list":{"0":"post-4092","1":"product","2":"type-product","3":"status-publish","4":"has-post-thumbnail","6":"make_engine-2-0","7":"make_engine-2-0-t","8":"make_model-clio-3-rs","9":"make_model-megane-2-rs","10":"make_brand-renault","11":"make_year-31","12":"make_year-32","13":"make_year-33","14":"make_year-34","15":"make_year-35","16":"make_year-36","17":"make_year-171","18":"make_year-172","19":"make_year-173","20":"make_year-174","21":"make_year-175","22":"make_year-176","23":"make_year-177","24":"make_year-178","25":"product_cat-chasis","26":"product_cat-frenada","27":"product_cat-discos-de-freno","29":"first","30":"instock","31":"sale","32":"taxable","33":"shipping-taxable","34":"purchasable","35":"product-type-simple"},"exclude_global_add_ons":[],"addons":[],"yoast_head":"<!-- This site is optimized with the Yoast SEO plugin v23.4 - https:\/\/yoast.com\/wordpress\/plugins\/seo\/ -->\n<title>PFC Discos 2 piezas Clio 3 RS Megane 2 RS<\/title>\n<meta name=\"description\" content=\"oferta pfc flotantes pagid tandas track trackday tracktool circuito PFC Discos 2 piezas Clio 3 RS Megane 2 RS clio rs megane r26\" \/>\n<meta name=\"robots\" content=\"index, follow, max-snippet:-1, max-image-preview:large, max-video-preview:-1\" \/>\n<link rel=\"canonical\" href=\"https:\/\/stratocars.com\/tienda\/comprar\/pfc-discos-2-piezas-clio-3-rs-megane-2-rs\/\" \/>\n<meta property=\"og:locale\" content=\"es_ES\" \/>\n<meta property=\"og:type\" content=\"article\" \/>\n<meta property=\"og:title\" content=\"PFC Discos 2 piezas Clio 3 RS Megane 2 RS\" \/>\n<meta property=\"og:description\" content=\"oferta pfc flotantes pagid tandas track trackday tracktool circuito PFC Discos 2 piezas Clio 3 RS Megane 2 RS clio rs megane r26\" \/>\n<meta property=\"og:url\" content=\"https:\/\/stratocars.com\/tienda\/comprar\/pfc-discos-2-piezas-clio-3-rs-megane-2-rs\/\" \/>\n<meta property=\"og:site_name\" content=\"STRATOCARS | Veh\u00edculos de Importaci\u00f3n y Recambios\" \/>\n<meta property=\"article:modified_time\" content=\"2023-11-07T10:45:23+00:00\" \/>\n<meta property=\"og:image\" content=\"https:\/\/stratocars.com\/tienda\/wp-content\/uploads\/2023\/11\/pfc-disco-1.jpg\" \/>\n\t<meta property=\"og:image:width\" content=\"750\" \/>\n\t<meta property=\"og:image:height\" content=\"750\" \/>\n\t<meta property=\"og:image:type\" content=\"image\/jpeg\" \/>\n<meta name=\"twitter:card\" content=\"summary_large_image\" \/>\n<meta name=\"twitter:label1\" content=\"Tiempo de lectura\" \/>\n\t<meta name=\"twitter:data1\" content=\"2 minutos\" \/>\n<script type=\"application\/ld+json\" class=\"yoast-schema-graph\">{\"@context\":\"https:\/\/schema.org\",\"@graph\":[{\"@type\":\"WebPage\",\"@id\":\"https:\/\/stratocars.com\/tienda\/comprar\/pfc-discos-2-piezas-clio-3-rs-megane-2-rs\/\",\"url\":\"https:\/\/stratocars.com\/tienda\/comprar\/pfc-discos-2-piezas-clio-3-rs-megane-2-rs\/\",\"name\":\"PFC Discos 2 piezas Clio 3 RS Megane 2 RS\",\"isPartOf\":{\"@id\":\"https:\/\/stratocars.com\/tienda\/#website\"},\"primaryImageOfPage\":{\"@id\":\"https:\/\/stratocars.com\/tienda\/comprar\/pfc-discos-2-piezas-clio-3-rs-megane-2-rs\/#primaryimage\"},\"image\":{\"@id\":\"https:\/\/stratocars.com\/tienda\/comprar\/pfc-discos-2-piezas-clio-3-rs-megane-2-rs\/#primaryimage\"},\"thumbnailUrl\":\"https:\/\/stratocars.com\/tienda\/wp-content\/uploads\/2023\/11\/pfc-disco-1.jpg\",\"datePublished\":\"2023-11-07T10:18:40+00:00\",\"dateModified\":\"2023-11-07T10:45:23+00:00\",\"description\":\"oferta pfc flotantes pagid tandas track trackday tracktool circuito PFC Discos 2 piezas Clio 3 RS Megane 2 RS clio rs megane r26\",\"breadcrumb\":{\"@id\":\"https:\/\/stratocars.com\/tienda\/comprar\/pfc-discos-2-piezas-clio-3-rs-megane-2-rs\/#breadcrumb\"},\"inLanguage\":\"es\",\"potentialAction\":[{\"@type\":\"ReadAction\",\"target\":[\"https:\/\/stratocars.com\/tienda\/comprar\/pfc-discos-2-piezas-clio-3-rs-megane-2-rs\/\"]}]},{\"@type\":\"ImageObject\",\"inLanguage\":\"es\",\"@id\":\"https:\/\/stratocars.com\/tienda\/comprar\/pfc-discos-2-piezas-clio-3-rs-megane-2-rs\/#primaryimage\",\"url\":\"https:\/\/stratocars.com\/tienda\/wp-content\/uploads\/2023\/11\/pfc-disco-1.jpg\",\"contentUrl\":\"https:\/\/stratocars.com\/tienda\/wp-content\/uploads\/2023\/11\/pfc-disco-1.jpg\",\"width\":750,\"height\":750},{\"@type\":\"BreadcrumbList\",\"@id\":\"https:\/\/stratocars.com\/tienda\/comprar\/pfc-discos-2-piezas-clio-3-rs-megane-2-rs\/#breadcrumb\",\"itemListElement\":[{\"@type\":\"ListItem\",\"position\":1,\"name\":\"Portada\",\"item\":\"https:\/\/stratocars.com\/tienda\/\"},{\"@type\":\"ListItem\",\"position\":2,\"name\":\"Parts\",\"item\":\"https:\/\/stratocars.com\/tienda\/parts\/\"},{\"@type\":\"ListItem\",\"position\":3,\"name\":\"PFC Discos 2 piezas Clio 3 RS Megane 2 RS\"}]},{\"@type\":\"WebSite\",\"@id\":\"https:\/\/stratocars.com\/tienda\/#website\",\"url\":\"https:\/\/stratocars.com\/tienda\/\",\"name\":\"STRATOCARS | Veh\u00edculos de Importaci\u00f3n y Recambios\",\"description\":\"Veh\u00edculos de Importaci\u00f3n y Recambios al mejor precio\",\"publisher\":{\"@id\":\"https:\/\/stratocars.com\/tienda\/#organization\"},\"potentialAction\":[{\"@type\":\"SearchAction\",\"target\":{\"@type\":\"EntryPoint\",\"urlTemplate\":\"https:\/\/stratocars.com\/tienda\/?s={search_term_string}\"},\"query-input\":{\"@type\":\"PropertyValueSpecification\",\"valueRequired\":true,\"valueName\":\"search_term_string\"}}],\"inLanguage\":\"es\"},{\"@type\":\"Organization\",\"@id\":\"https:\/\/stratocars.com\/tienda\/#organization\",\"name\":\"StratoCars\",\"url\":\"https:\/\/stratocars.com\/tienda\/\",\"logo\":{\"@type\":\"ImageObject\",\"inLanguage\":\"es\",\"@id\":\"https:\/\/stratocars.com\/tienda\/#\/schema\/logo\/image\/\",\"url\":\"https:\/\/stratocars.com\/tienda\/wp-content\/uploads\/2022\/09\/web-logo-strato-cars.png\",\"contentUrl\":\"https:\/\/stratocars.com\/tienda\/wp-content\/uploads\/2022\/09\/web-logo-strato-cars.png\",\"width\":345,\"height\":113,\"caption\":\"StratoCars\"},\"image\":{\"@id\":\"https:\/\/stratocars.com\/tienda\/#\/schema\/logo\/image\/\"}}]}<\/script>\n<!-- \/ Yoast SEO plugin. -->","yoast_head_json":{"title":"PFC Discos 2 piezas Clio 3 RS Megane 2 RS","description":"oferta pfc flotantes pagid tandas track trackday tracktool circuito PFC Discos 2 piezas Clio 3 RS Megane 2 RS clio rs megane r26","robots":{"index":"index","follow":"follow","max-snippet":"max-snippet:-1","max-image-preview":"max-image-preview:large","max-video-preview":"max-video-preview:-1"},"canonical":"https:\/\/stratocars.com\/tienda\/comprar\/pfc-discos-2-piezas-clio-3-rs-megane-2-rs\/","og_locale":"es_ES","og_type":"article","og_title":"PFC Discos 2 piezas Clio 3 RS Megane 2 RS","og_description":"oferta pfc flotantes pagid tandas track trackday tracktool circuito PFC Discos 2 piezas Clio 3 RS Megane 2 RS clio rs megane r26","og_url":"https:\/\/stratocars.com\/tienda\/comprar\/pfc-discos-2-piezas-clio-3-rs-megane-2-rs\/","og_site_name":"STRATOCARS | Veh\u00edculos de Importaci\u00f3n y Recambios","article_modified_time":"2023-11-07T10:45:23+00:00","og_image":[{"width":750,"height":750,"url":"https:\/\/stratocars.com\/tienda\/wp-content\/uploads\/2023\/11\/pfc-disco-1.jpg","type":"image\/jpeg"}],"twitter_card":"summary_large_image","twitter_misc":{"Tiempo de lectura":"2 minutos"},"schema":{"@context":"https:\/\/schema.org","@graph":[{"@type":"WebPage","@id":"https:\/\/stratocars.com\/tienda\/comprar\/pfc-discos-2-piezas-clio-3-rs-megane-2-rs\/","url":"https:\/\/stratocars.com\/tienda\/comprar\/pfc-discos-2-piezas-clio-3-rs-megane-2-rs\/","name":"PFC Discos 2 piezas Clio 3 RS Megane 2 RS","isPartOf":{"@id":"https:\/\/stratocars.com\/tienda\/#website"},"primaryImageOfPage":{"@id":"https:\/\/stratocars.com\/tienda\/comprar\/pfc-discos-2-piezas-clio-3-rs-megane-2-rs\/#primaryimage"},"image":{"@id":"https:\/\/stratocars.com\/tienda\/comprar\/pfc-discos-2-piezas-clio-3-rs-megane-2-rs\/#primaryimage"},"thumbnailUrl":"https:\/\/stratocars.com\/tienda\/wp-content\/uploads\/2023\/11\/pfc-disco-1.jpg","datePublished":"2023-11-07T10:18:40+00:00","dateModified":"2023-11-07T10:45:23+00:00","description":"oferta pfc flotantes pagid tandas track trackday tracktool circuito PFC Discos 2 piezas Clio 3 RS Megane 2 RS clio rs megane r26","breadcrumb":{"@id":"https:\/\/stratocars.com\/tienda\/comprar\/pfc-discos-2-piezas-clio-3-rs-megane-2-rs\/#breadcrumb"},"inLanguage":"es","potentialAction":[{"@type":"ReadAction","target":["https:\/\/stratocars.com\/tienda\/comprar\/pfc-discos-2-piezas-clio-3-rs-megane-2-rs\/"]}]},{"@type":"ImageObject","inLanguage":"es","@id":"https:\/\/stratocars.com\/tienda\/comprar\/pfc-discos-2-piezas-clio-3-rs-megane-2-rs\/#primaryimage","url":"https:\/\/stratocars.com\/tienda\/wp-content\/uploads\/2023\/11\/pfc-disco-1.jpg","contentUrl":"https:\/\/stratocars.com\/tienda\/wp-content\/uploads\/2023\/11\/pfc-disco-1.jpg","width":750,"height":750},{"@type":"BreadcrumbList","@id":"https:\/\/stratocars.com\/tienda\/comprar\/pfc-discos-2-piezas-clio-3-rs-megane-2-rs\/#breadcrumb","itemListElement":[{"@type":"ListItem","position":1,"name":"Portada","item":"https:\/\/stratocars.com\/tienda\/"},{"@type":"ListItem","position":2,"name":"Parts","item":"https:\/\/stratocars.com\/tienda\/parts\/"},{"@type":"ListItem","position":3,"name":"PFC Discos 2 piezas Clio 3 RS Megane 2 RS"}]},{"@type":"WebSite","@id":"https:\/\/stratocars.com\/tienda\/#website","url":"https:\/\/stratocars.com\/tienda\/","name":"STRATOCARS | Veh\u00edculos de Importaci\u00f3n y Recambios","description":"Veh\u00edculos de Importaci\u00f3n y Recambios al mejor precio","publisher":{"@id":"https:\/\/stratocars.com\/tienda\/#organization"},"potentialAction":[{"@type":"SearchAction","target":{"@type":"EntryPoint","urlTemplate":"https:\/\/stratocars.com\/tienda\/?s={search_term_string}"},"query-input":{"@type":"PropertyValueSpecification","valueRequired":true,"valueName":"search_term_string"}}],"inLanguage":"es"},{"@type":"Organization","@id":"https:\/\/stratocars.com\/tienda\/#organization","name":"StratoCars","url":"https:\/\/stratocars.com\/tienda\/","logo":{"@type":"ImageObject","inLanguage":"es","@id":"https:\/\/stratocars.com\/tienda\/#\/schema\/logo\/image\/","url":"https:\/\/stratocars.com\/tienda\/wp-content\/uploads\/2022\/09\/web-logo-strato-cars.png","contentUrl":"https:\/\/stratocars.com\/tienda\/wp-content\/uploads\/2022\/09\/web-logo-strato-cars.png","width":345,"height":113,"caption":"StratoCars"},"image":{"@id":"https:\/\/stratocars.com\/tienda\/#\/schema\/logo\/image\/"}}]}},"_links":{"self":[{"href":"https:\/\/stratocars.com\/tienda\/wp-json\/wp\/v2\/product\/4092"}],"collection":[{"href":"https:\/\/stratocars.com\/tienda\/wp-json\/wp\/v2\/product"}],"about":[{"href":"https:\/\/stratocars.com\/tienda\/wp-json\/wp\/v2\/types\/product"}],"wp:featuredmedia":[{"embeddable":true,"href":"https:\/\/stratocars.com\/tienda\/wp-json\/wp\/v2\/media\/4094"}],"wp:attachment":[{"href":"https:\/\/stratocars.com\/tienda\/wp-json\/wp\/v2\/media?parent=4092"}],"wp:term":[{"taxonomy":"make_fuel_type","embeddable":true,"href":"https:\/\/stratocars.com\/tienda\/wp-json\/wp\/v2\/make_fuel_type?post=4092"},{"taxonomy":"make_model","embeddable":true,"href":"https:\/\/stratocars.com\/tienda\/wp-json\/wp\/v2\/make_model?post=4092"},{"taxonomy":"make_brand","embeddable":true,"href":"https:\/\/stratocars.com\/tienda\/wp-json\/wp\/v2\/make_brand?post=4092"},{"taxonomy":"make_year","embeddable":true,"href":"https:\/\/stratocars.com\/tienda\/wp-json\/wp\/v2\/make_year?post=4092"},{"taxonomy":"product_cat","embeddable":true,"href":"https:\/\/stratocars.com\/tienda\/wp-json\/wp\/v2\/product_cat?post=4092"},{"taxonomy":"product_tag","embeddable":true,"href":"https:\/\/stratocars.com\/tienda\/wp-json\/wp\/v2\/product_tag?post=4092"}],"curies":[{"name":"wp","href":"https:\/\/api.w.org\/{rel}","templated":true}]}}